{"id":9675,"date":"2019-01-24T15:19:14","date_gmt":"2019-01-24T18:19:14","guid":{"rendered":"https:\/\/barcanew.capabiliaserver.com\/?post_type=product&#038;p=9675"},"modified":"2022-10-19T12:44:54","modified_gmt":"2022-10-19T15:44:54","slug":"certificado-em-comunicacao-em-organizacoes-desportivas","status":"publish","type":"product","link":"https:\/\/barcanew.capabiliaserver.com\/pt\/product\/certificado-em-comunicacao-em-organizacoes-desportivas\/","title":{"rendered":"Certificado em Comunica\u00e7\u00e3o em Organiza\u00e7\u00f5es Desportivas"},"content":{"rendered":"","protected":false},"excerpt":{"rendered":"","protected":false},"author":1,"featured_media":0,"comment_status":"open","ping_status":"closed","template":"","meta":{"_acf_changed":false,"footnotes":""},"categories":[113,109],"acf":{"external_id":"1363","header_image":134540,"column_title":"","titulo_incentivo":"Certificado em Comunica\u00e7\u00e3o em Organiza\u00e7\u00f5es Desportivas","precio":"625","precio_en_cuotas":"4 pagamentos mensais de 156,25 euros","precio_de_lista":"","mostrar_form":false,"promocion_vigente":"","duracion_del_curso":"4 meses","nivel_del_curso":"introdut\u00f3rio","modalidad_cursado":"Online","impartido_en":"Portugues","contenido":"<p>Neste curso, dirigido tanto a gerentes novos quanto aos que j\u00e1 se encontram em exerc\u00edcio, Jimmy Sanderson e Sean D. Williams ensinar\u00e3o as habilidades essenciais para gerenciar as tarefas de comunica\u00e7\u00e3o externa mais relevantes de suas organiza\u00e7\u00f5es esportivas, de maneira a poder comunicar-se de maneira eficaz com suas diversas audi\u00eancias e obter resultados bem-sucedidos.<\/p>\n","ocultar_video":false,"avalado_por":false,"pdf_brochure":"https:\/\/static.capabiliaserver.com\/frontend\/clients\/barca\/wp_prod\/wp-content\/uploads\/2019\/01\/43554ec4-certificate-in-communication-in-sports-organizations-1.pdf","cursos_que_lo_componen":[{"nombre_del_curso":"Quest\u00f5es de Comunica\u00e7\u00e3o em Organiza\u00e7\u00f5es Desportivas","descripcion_del_curso":"<p>M\u00d3DULO 1: Descri\u00e7\u00e3o do papel da comunica\u00e7\u00e3o nas organiza\u00e7\u00f5es esportivas<br \/>\nM\u00d3DULO 2: Explica\u00e7\u00e3o da evolu\u00e7\u00e3o da comunica\u00e7\u00e3o nos esportes e de uma colabora\u00e7\u00e3o efetiva com jornalistas<br \/>\nM\u00d3DULO 3: Elabora\u00e7\u00e3o de mensagens para m\u00eddias tradicionais e digitais<br \/>\nM\u00d3DULO 4: Cria\u00e7\u00e3o de uma estrat\u00e9gia de comunica\u00e7\u00e3o para maximizar o impacto<\/p>\n"},{"nombre_del_curso":"Estrat\u00e9gias de M\u00eddias Sociais em Organiza\u00e7\u00f5es Desportivas","descripcion_del_curso":"<p>M\u00d3DULO 1: M\u00eddias sociais e o ambiente corporativo<br \/>\nM\u00d3DULO 2: Conte\u00fado de m\u00eddias sociais e envolvimento das audi\u00eancias<br \/>\nM\u00d3DULO 3: M\u00eddias sociais e governan\u00e7a corporativa<br \/>\nM\u00d3DULO 4: Estrat\u00e9gias de m\u00eddias sociais<\/p>\n"},{"nombre_del_curso":"Rela\u00e7\u00f5es P\u00fablicas em Organiza\u00e7\u00f5es Desportivas","descripcion_del_curso":"<p>M\u00d3DULO 1: Princ\u00edpios b\u00e1sicos de Rela\u00e7\u00f5es P\u00fablicas no esporte<br \/>\nM\u00d3DULO 2: O cen\u00e1rio em mudan\u00e7a nas Rela\u00e7\u00f5es P\u00fablicas no esporte: de um modelo de informa\u00e7\u00f5es esportivas a um modelo de comunica\u00e7\u00e3o ativa<br \/>\nM\u00d3DULO 3: Rela\u00e7\u00f5es P\u00fablicas e comunica\u00e7\u00e3o de crises no esporte<br \/>\nM\u00d3DULO 4: Rela\u00e7\u00f5es P\u00fablicas e m\u00eddias sociais e digitais no esporte<\/p>\n"},{"nombre_del_curso":"Marketing em Organiza\u00e7\u00f5es Desportivas","descripcion_del_curso":"<p>M\u00d3DULO 1:  Marketing e branding no esporte<br \/>\nM\u00d3DULO 2: Marketing e m\u00eddias digitais e sociais no esporte<br \/>\nM\u00d3DULO 3: Patroc\u00ednio e vendas<br \/>\nM\u00d3DULO 4: Criando um plano de marketing bem sucedido<\/p>\n"}],"preguntas_frecuentes":false,"contenidistas":false,"docentes_expertos":[{"foto":"https:\/\/barcanew.capabiliaserver.com\/wp-content\/uploads\/2016\/12\/Jimmy_Sanderson.jpg","nombre_del_docente":"Jimmy Sanderson","descripcion_del_docente":"Professor Assistente no Departamento de Cinesiologia e Gest\u00e3o Desportiva da Texas Tech University. Investiga ativamente a influ\u00eancia das redes sociais no desporto e \u00e9 consultor de organiza\u00e7\u00f5es desportivas na \u00e1rea de gest\u00e3o de redes sociais.","enlace":""},{"foto":"https:\/\/barcanew.capabiliaserver.com\/wp-content\/uploads\/2018\/06\/Sean_D_Williams-150x150.jpg","nombre_del_docente":"Sean D. Williams","descripcion_del_docente":"Ph.D., professor e membro do Spiro Institute for Entrepreneurial Leadership da Universidad de Clemson.","enlace":""}],"hubspot_product_id":"11967694","url_video":"https:\/\/www.youtube.com\/embed\/ZS7efp0qHaE","aprende_a":[{"item_aprende_a":"Completar sozinho e de modo eficaz as tarefas de comunica\u00e7\u00e3o mais fundamentais quando n\u00e3o existir uma equipe de comunica\u00e7\u00f5es exclusiva."},{"item_aprende_a":"Administrar com sucesso o trabalho de equipes de comunica\u00e7\u00e3o quando a empresa conta com profissionais de comunica\u00e7\u00e3o."}],"fecha_de_inicio":"10062021","imagen_destacada":"https:\/\/barcanew.capabiliaserver.com\/wp-content\/uploads\/2019\/01\/3dc2f8b0-certificate-in-communication-in-sports-organizations_-2.jpg","id_magento":"220","producto_path":false,"titulo_seccion_testimonios":"","slider_testimonios":false,"imagen_de_fondo_testimonios":false,"color_de_fondo_testimonios":"","activar_banner_1":false,"banner_1":false,"activar_banner_2":false,"banner_2":false,"activar_banner_3":false,"banner_3":false,"segunda_fecha_de_inicio":"","zona_horaria":"Europe\/Madrid","activar_nuevos_banners":false,"mostrar_banner_1":false,"crear_banner_1":{"utilizar_imagen_unica_para_banner":false,"asignar_imagen_unica_para_banner":false,"mostrar_titulo_banner":false,"titulo_para_banner":"","mostrar_subtitulo_banner":false,"subtitulo_del_banner":"","mostrar_cta_banner":false,"texto_cta_banner":"","url_cta_banner":"","fondo_de_color_banner":"","fondo_de_imagen_banner":false,"mostrar_imagen_izquierda_banner":false,"asignar_imagen_izquierda_banner":false},"mostrar_banner_2":false,"crear_banner_2":{"utilizar_imagen_unica_para_banner":false,"asignar_imagen_unica_para_banner":false,"mostrar_titulo_banner":false,"titulo_para_banner":"","mostrar_subtitulo_banner":false,"subtitulo_del_banner":"","mostrar_cta_banner":false,"texto_cta_banner":"","url_cta_banner":"","fondo_de_color_banner":"","fondo_de_imagen_banner":false,"mostrar_imagen_izquierda_banner":false,"asignar_imagen_izquierda_banner":false},"mostrar_banner_3":false,"crear_banner_3":{"utilizar_imagen_unica_para_banner":false,"asignar_imagen_unica_para_banner":false,"mostrar_titulo_banner":false,"titulo_para_banner":"","mostrar_subtitulo_banner":false,"subtitulo_del_banner":"","mostrar_cta_banner":false,"texto_cta_banner":"","url_cta_banner":"","fondo_de_color_banner":"","fondo_de_imagen_banner":false,"mostrar_imagen_izquierda_banner":false,"asignar_imagen_izquierda_banner":false},"activar_hero_video":false,"video_texto":"","video_header":false,"pdf_brochure_link_drive":"https:\/\/drive.google.com\/uc?id=1_XvJx5aGBszWFh3IFLCQk7GIrD5HCr33&export=download"},"idiomas":{"en":9623,"es":9653,"ar":9675,"ca":9701,"ru":9675,"pt":9675},"_links":{"self":[{"href":"https:\/\/barcanew.capabiliaserver.com\/pt\/wp-json\/wp\/v2\/products\/9675"}],"collection":[{"href":"https:\/\/barcanew.capabiliaserver.com\/pt\/wp-json\/wp\/v2\/products"}],"about":[{"href":"https:\/\/barcanew.capabiliaserver.com\/pt\/wp-json\/wp\/v2\/types\/product"}],"author":[{"embeddable":true,"href":"https:\/\/barcanew.capabiliaserver.com\/pt\/wp-json\/wp\/v2\/users\/1"}],"replies":[{"embeddable":true,"href":"https:\/\/barcanew.capabiliaserver.com\/pt\/wp-json\/wp\/v2\/comments?post=9675"}],"version-history":[{"count":5,"href":"https:\/\/barcanew.capabiliaserver.com\/pt\/wp-json\/wp\/v2\/products\/9675\/revisions"}],"predecessor-version":[{"id":134545,"href":"https:\/\/barcanew.capabiliaserver.com\/pt\/wp-json\/wp\/v2\/products\/9675\/revisions\/134545"}],"wp:attachment":[{"href":"https:\/\/barcanew.capabiliaserver.com\/pt\/wp-json\/wp\/v2\/media?parent=9675"}],"wp:term":[{"taxonomy":"category","embeddable":true,"href":"https:\/\/barcanew.capabiliaserver.com\/pt\/wp-json\/wp\/v2\/categories?post=9675"}],"curies":[{"name":"wp","href":"https:\/\/api.w.org\/{rel}","templated":true}]}}