{"id":87813,"date":"2021-04-11T01:49:47","date_gmt":"2021-04-11T04:49:47","guid":{"rendered":"https:\/\/barcanew.capabiliaserver.com\/?post_type=product&#038;p=87813"},"modified":"2022-11-04T11:26:12","modified_gmt":"2022-11-04T14:26:12","slug":"professional-diploma-team-sports-physician","status":"publish","type":"product","link":"https:\/\/barcanew.capabiliaserver.com\/pt\/product\/professional-diploma-team-sports-physician\/","title":{"rendered":"Especializa\u00e7\u00e3o em Medicina Esportiva para Equipes"},"content":{"rendered":"<p>contenido<\/p>\n","protected":false},"excerpt":{"rendered":"<p>excerpt<\/p>\n","protected":false},"author":16,"featured_media":0,"comment_status":"open","ping_status":"closed","template":"","meta":{"_acf_changed":false,"footnotes":""},"categories":[113],"acf":{"external_id":"1836","titulo_curso":"Diplomado en Medicina en Deportes de Equipo - Carrusel","precio":"960","impartido_en":"English","producto_path":false,"hubspot_product_id":"703356703","id_magento":"390","header_image":134646,"column_title":"","titulo_incentivo":"Professional Diploma in Team Sports Physician","fecha_de_inicio":"06\/10\/2021","precio_en_cuotas":"7 pagamentos de 137 euros","precio_de_lista":"","mostrar_form":false,"promocion_vigente":"","duracion_del_curso":"8 meses","nivel_del_curso":"avan\u00e7ado","modalidad_cursado":"Online","contenido":"<div class=\"FFpbKc\"><\/div>\n<h2 id=\"c10\" class=\"oBOnKe\"><strong><span class=\"JLqJ4b ChMk0b\" style=\"font-size: 16px;\" data-language-for-alternatives=\"pt\" data-language-to-translate-into=\"en\" data-phrase-index=\"0\">IMPORTANTE:<\/span><\/strong><\/h2>\n<p class=\"oBOnKe\"><span class=\"JLqJ4b ChMk0b\" style=\"font-size: 16px;\" data-language-for-alternatives=\"pt\" data-language-to-translate-into=\"en\" data-phrase-index=\"2\">Se \u00e9 ou j\u00e1 participou de um programa online do Bar\u00e7a Innovation Hub Universitas e est\u00e1 interessado em inscrever-se neste Diploma Profissional, contacte-nos atrav\u00e9s do CHAT para o orientar no processo de compra.<\/span><\/p>\n","ocultar_video":true,"url_video":"","avalado_por":false,"pdf_brochure":"https:\/\/static.capabiliaserver.com\/frontend\/clients\/barca\/wp_prod\/wp-content\/uploads\/2021\/04\/2ab4f2a2-especializacao-em-medicina-esportiva-para-equipes.pdf","cursos_que_lo_componen":[{"nombre_del_curso":"O m\u00e9dico da equipe e a administra\u00e7\u00e3o de dados","descripcion_del_curso":"<p>M\u00d3DULO 1: o papel do m\u00e9dico da equipe<br \/>\nM\u00d3DULO 2: administra\u00e7\u00e3o de dados e metodologia<br \/>\nM\u00d3DULO 3: les\u00f5es esportivas em outras popula\u00e7\u00f5es<br \/>\nM\u00d3DULO 4: monitoramento da carga de trabalho<\/p>\n"},{"nombre_del_curso":"Les\u00f5es e esportes de equipe","descripcion_del_curso":"<p>M\u00d3DULO 1: preven\u00e7\u00e3o e readapta\u00e7\u00e3o de les\u00f5es<br \/>\nM\u00d3DULO 2: gest\u00e3o de les\u00f5es musculares e tendinopatia<br \/>\nM\u00d3DULO 3: gest\u00e3o de les\u00f5es articulares e \u00f3sseas<br \/>\nM\u00d3DULO 4: tomada de decis\u00f5es e retorno aos campeonatos<\/p>\n"},{"nombre_del_curso":"Patologias em esportes de equipe","descripcion_del_curso":"<p>M\u00d3DULO 1: gerenciamento de patologias m\u00e9dicas 1<br \/>\nM\u00d3DULO 2: gerenciamento de patologias m\u00e9dicas 2<br \/>\nM\u00d3DULO 3: patologias espec\u00edficas por esporte<br \/>\nM\u00d3DULO 4: esportes e campeonatos especializados<\/p>\n"},{"nombre_del_curso":"Aspectos peculiares ao m\u00e9dico da equipe","descripcion_del_curso":"<p>M\u00d3DULO 1: Diagn\u00f3stico por imagem: o uso da ultrassonografia como ferramenta b\u00e1sica do m\u00e9dico de equipes<br \/>\nM\u00d3DULO 2: nutri\u00e7\u00e3o e recursos ergog\u00eanicos<br \/>\nM\u00d3DULO 3: Batalha antidoping<br \/>\nM\u00d3DULO 4: comunica\u00e7\u00e3o, lideran\u00e7a e gest\u00e3o de equipe<\/p>\n"},{"nombre_del_curso":"For\u00e7a e pot\u00eancia muscular como qualidade essencial no processo de readapta\u00e7\u00e3o das les\u00f5es esportivas","descripcion_del_curso":"<p>M\u00d3DULO 1: estudos sobre les\u00f5es no esporte - mecanismos que geram les\u00f5es e fatores associados ao risco<br \/>\nUnidade 1: biomec\u00e2nica dos processos de les\u00e3o e envolvimento da for\u00e7a na recupera\u00e7\u00e3o de habilidades esportivas.<br \/>\nUnidade 2: fatores de risco associados \u00e0 debilidade.<\/p>\n<p>M\u00d3DULO 2: les\u00f5es esportivas e sua rela\u00e7\u00e3o com a qualidade da for\u00e7a<br \/>\nUnidade 1: les\u00f5es das estruturas musculares e tendinosas.<br \/>\nUnidade 2: les\u00f5es articulares.<\/p>\n<p>M\u00d3DULO 3: manifesta\u00e7\u00f5es da for\u00e7a e pot\u00eancia muscular durante o processo de readapta\u00e7\u00e3o p\u00f3s-les\u00e3o<br \/>\nUnidade 1: for\u00e7a e suas diferentes manifesta\u00e7\u00f5es, de acordo com a carga externa e velocidade de execu\u00e7\u00e3o.<br \/>\nUnidade 2: programa\u00e7\u00e3o do trabalho de for\u00e7a nas les\u00f5es esportivas.<\/p>\n<p>M\u00d3DULO 4: novos prot\u00f3tipos no treinamento de for\u00e7a - muscula\u00e7\u00e3o mediante oclus\u00e3o vascular<br \/>\nUnidade 1: fundamentos para a muscula\u00e7\u00e3o tradicional versus a muscula\u00e7\u00e3o por oclus\u00e3o vascular ou Blood Flow Restriction (BRF).<br \/>\nUnidade 2: programa\u00e7\u00e3o de treinamentos, mediante oclus\u00e3o vascular - vari\u00e1veis essenciais para a prescri\u00e7\u00e3o ideal.<\/p>\n"},{"nombre_del_curso":"Ferramentas e vari\u00e1veis para a monitora\u00e7\u00e3o da carga de treinamento","descripcion_del_curso":"<p>M\u00d3DULO 1: Introdu\u00e7\u00e3o ao controle da carga de treinamento<br \/>\nMO\u0301DULO 2: O ciclo de planejar-intervir-avaliar no processo de treinamento<br \/>\nMO\u0301DULO 3: Ferramentas de controle de carga interna e suas vari\u00e1veis<br \/>\nMO\u0301DULO 4: Ferramentas de controle de carga externa e suas vari\u00e1veis<\/p>\n"},{"nombre_del_curso":"Nutri\u00e7\u00e3o, recupera\u00e7\u00e3o e adapta\u00e7\u00f5es no treinamento","descripcion_del_curso":"<p>M\u00d3DULO 1: exerc\u00edcio e fadiga<br \/>\nUnidade 1: O que \u00e9 fadiga?<br \/>\nUnidade 2: Retardar a fadiga<\/p>\n<p>M\u00d3DULO 2: recupera\u00e7\u00e3o e adapta\u00e7\u00e3o<br \/>\nUnidade 1: Recupera\u00e7\u00e3o<br \/>\nUnidade 2: Adapta\u00e7\u00e3o<\/p>\n<p>M\u00d3DULO 3: otimizar recupera\u00e7\u00e3o e adapta\u00e7\u00e3o<br \/>\nUnidade 1: otimizar recupera\u00e7\u00e3o e nutri\u00e7\u00e3o<br \/>\nUnidade 2: otimizar adapta\u00e7\u00e3o com nutri\u00e7\u00e3o adapta\u00e7\u00e3o<\/p>\n<p>M\u00d3DULO 4: recupera\u00e7\u00e3o de les\u00f5es<br \/>\nUnidade 1: diferentes fases de uma les\u00e3o<br \/>\nUnidade 2: estrat\u00e9gias.<\/p>\n"},{"nombre_del_curso":"A rotina no esporte","descripcion_del_curso":"<p>M\u00d3DULO 1: gest\u00e3o de atletas lesionados<br \/>\nM\u00d3DULO 2: possibilitadores de dual-career<br \/>\nM\u00d3DULO 3: gest\u00e3o das dificuldades I<br \/>\nM\u00d3DULO 4: gest\u00e3o da dificuldade II<\/p>\n"}],"aprende_a":[{"item_aprende_a":"Administrar e gerenciar os dados obtidos das avalia\u00e7\u00f5es e monitoramento de desempenho e les\u00f5es da equipe, em compara\u00e7\u00e3o com os dados provenientes da ci\u00eancia e do treinamento."},{"item_aprende_a":"Conhecer as caracter\u00edsticas fundamentais tanto de estrat\u00e9gias de preven\u00e7\u00e3o e reabilita\u00e7\u00e3o de les\u00f5es como dos diferentes mecanismos lesivos em esportes de equipe.\r\n"},{"item_aprende_a":"Administrar patologias e les\u00f5es diferenciadas pelo esporte.\r\n"},{"item_aprende_a":"Dominar tem\u00e1ticas complementares, peculiares ao m\u00e9dico da equipe."},{"item_aprende_a":"Aplicar metodologias adequadas ao projeto durante o processo de readapta\u00e7\u00e3o p\u00f3s-les\u00e3o em patologias que necessitam de desenvolvimento da for\u00e7a e que ela seja parte importante do processo."},{"item_aprende_a":"Analisar os dados sobre o monitoramento das cargas de trabalho com o objetivo de orientar processos de treinamento para prevenir les\u00f5es e o consequente aumento do desempenho esportivo."},{"item_aprende_a":"Otimizar a recupera\u00e7\u00e3o intensa e a adapta\u00e7\u00e3o ao treinamento com suporte de nutri\u00e7\u00e3o."},{"item_aprende_a":"Adquirir estrat\u00e9gias pr\u00f3prias para a solu\u00e7\u00e3o de situa\u00e7\u00f5es espec\u00edficas que ocorrem no dia-a-dia do contexto esportivo."}],"preguntas_frecuentes":false,"contenidistas":false,"docentes_expertos":[{"foto":"https:\/\/static.capabiliaserver.com\/frontend\/clients\/barca\/wp_prod\/wp-content\/uploads\/2021\/04\/a2db0e56-gil_rodas_font_bis.jpg","nombre_del_docente":"Gil Rodas Font","descripcion_del_docente":"Doutor em medicina e cirurgia. Especialista em educa\u00e7\u00e3o f\u00edsica e medicina do esporte. Respons\u00e1vel pela \u00e1rea de servi\u00e7os m\u00e9dicos do Bar\u00e7a Innovation Hub.","enlace":""},{"foto":"https:\/\/static.capabiliaserver.com\/frontend\/clients\/barca\/wp_prod\/wp-content\/uploads\/2021\/04\/d70b12f8-dani_romero.png","nombre_del_docente":"Daniel Romero Rodriguez","descripcion_del_docente":"Preparador f\u00edsico de for\u00e7a do juvenil A do FC Barcelona.","enlace":""},{"foto":"https:\/\/barcanew.capabiliaserver.com\/wp-content\/uploads\/2020\/02\/9c4adc5b-francesc-cos-2.jpg","nombre_del_docente":"Francesc Cos","descripcion_del_docente":"Ex-Chefe do Treino de For\u00e7a da primeira equipa de futebol do FC Barcelona (2004-2016). Ex-Diretor da \u00e1rea de Rendimento Desportivo do Bar\u00e7a Innovation Hub (2016-2018). Atualmente Treinador F\u00edsico do Manchester City.","enlace":""},{"foto":"https:\/\/barcanew.capabiliaserver.com\/wp-content\/uploads\/2019\/01\/469f2a42-david-casamichana.jpg","nombre_del_docente":"David Casamichana G\u00f3mez","descripcion_del_docente":"Doutor em Ci\u00eancias da Atividade F\u00edsica e do Esporte. Preparador f\u00edsico de futebol. Professor universit\u00e1rio e pesquisador.","enlace":""},{"foto":"https:\/\/static.capabiliaserver.com\/frontend\/clients\/barca\/wp_prod\/wp-content\/uploads\/2021\/04\/43630949-asker_jeukendrup.jpg","nombre_del_docente":"Asker Jeukendrup","descripcion_del_docente":"Cientista em nutri\u00e7\u00e3o esportiva. Professor de metabolismo do exerc\u00edcio. Consultor de rendimento no esporte de elite. Empreendedor. Triatleta de Ironman.","enlace":""},{"foto":"https:\/\/static.capabiliaserver.com\/frontend\/clients\/barca\/wp_prod\/wp-content\/uploads\/2021\/04\/2e8378f3-ana_merayo.png","nombre_del_docente":"Ana Merayo Garc\u00eda","descripcion_del_docente":"Psic\u00f3loga esportiva. Professora. Coordenadora do Servi\u00e7o de atendimento integral ao atleta (SAIE) da Masia 360, FC Barcelona.","enlace":""}],"imagen_destacada":"https:\/\/static.capabiliaserver.com\/frontend\/clients\/barca\/wp_prod\/wp-content\/uploads\/2021\/04\/455dcabc-professional-diploma-in-team-sports-physician_-2.jpg","slidebox":false,"titulo_seccion_testimonios":"","activar_banner_1":false,"banner_1":false,"activar_banner_2":false,"banner_2":false,"activar_banner_3":false,"banner_3":false,"segunda_fecha_de_inicio":"","zona_horaria":"Europe\/Madrid","activar_nuevos_banners":false,"mostrar_banner_1":false,"crear_banner_1":{"utilizar_imagen_unica_para_banner":false,"asignar_imagen_unica_para_banner":false,"mostrar_titulo_banner":false,"titulo_para_banner":"","mostrar_subtitulo_banner":false,"subtitulo_del_banner":"","mostrar_cta_banner":false,"texto_cta_banner":"","url_cta_banner":"","fondo_de_color_banner":"","fondo_de_imagen_banner":false,"mostrar_imagen_izquierda_banner":false,"asignar_imagen_izquierda_banner":false},"mostrar_banner_2":false,"crear_banner_2":{"utilizar_imagen_unica_para_banner":false,"asignar_imagen_unica_para_banner":false,"mostrar_titulo_banner":false,"titulo_para_banner":"","mostrar_subtitulo_banner":false,"subtitulo_del_banner":"","mostrar_cta_banner":false,"texto_cta_banner":"","url_cta_banner":"","fondo_de_color_banner":"","fondo_de_imagen_banner":false,"mostrar_imagen_izquierda_banner":false,"asignar_imagen_izquierda_banner":false},"mostrar_banner_3":false,"crear_banner_3":{"utilizar_imagen_unica_para_banner":false,"asignar_imagen_unica_para_banner":false,"mostrar_titulo_banner":false,"titulo_para_banner":"","mostrar_subtitulo_banner":false,"subtitulo_del_banner":"","mostrar_cta_banner":false,"texto_cta_banner":"","url_cta_banner":"","fondo_de_color_banner":"","fondo_de_imagen_banner":false,"mostrar_imagen_izquierda_banner":false,"asignar_imagen_izquierda_banner":false},"activar_hero_video":false,"video_texto":"","pdf_brochure_link_drive":"https:\/\/drive.google.com\/uc?id=1wEe-nheeKXg8Tp_UFUYUPOi95z_4uqYq&export=download"},"idiomas":{"en":87810,"es":87815,"ar":87811,"ca":87812,"ru":87814,"pt":87813},"_links":{"self":[{"href":"https:\/\/barcanew.capabiliaserver.com\/pt\/wp-json\/wp\/v2\/products\/87813"}],"collection":[{"href":"https:\/\/barcanew.capabiliaserver.com\/pt\/wp-json\/wp\/v2\/products"}],"about":[{"href":"https:\/\/barcanew.capabiliaserver.com\/pt\/wp-json\/wp\/v2\/types\/product"}],"author":[{"embeddable":true,"href":"https:\/\/barcanew.capabiliaserver.com\/pt\/wp-json\/wp\/v2\/users\/16"}],"replies":[{"embeddable":true,"href":"https:\/\/barcanew.capabiliaserver.com\/pt\/wp-json\/wp\/v2\/comments?post=87813"}],"version-history":[{"count":5,"href":"https:\/\/barcanew.capabiliaserver.com\/pt\/wp-json\/wp\/v2\/products\/87813\/revisions"}],"predecessor-version":[{"id":135196,"href":"https:\/\/barcanew.capabiliaserver.com\/pt\/wp-json\/wp\/v2\/products\/87813\/revisions\/135196"}],"wp:attachment":[{"href":"https:\/\/barcanew.capabiliaserver.com\/pt\/wp-json\/wp\/v2\/media?parent=87813"}],"wp:term":[{"taxonomy":"category","embeddable":true,"href":"https:\/\/barcanew.capabiliaserver.com\/pt\/wp-json\/wp\/v2\/categories?post=87813"}],"curies":[{"name":"wp","href":"https:\/\/api.w.org\/{rel}","templated":true}]}}