{"id":87801,"date":"2021-04-19T13:29:51","date_gmt":"2021-04-19T16:29:51","guid":{"rendered":"https:\/\/barcanew.capabiliaserver.com\/?post_type=product&#038;p=87801"},"modified":"2022-11-04T12:11:22","modified_gmt":"2022-11-04T15:11:22","slug":"professional-diploma-in-injury-management-for-team-sports","status":"publish","type":"product","link":"https:\/\/barcanew.capabiliaserver.com\/pt\/product\/professional-diploma-in-injury-management-for-team-sports\/","title":{"rendered":"Especializa\u00e7\u00e3o em Gest\u00e3o de Les\u00f5es em Esportes de Equipe"},"content":{"rendered":"<p>contenido<\/p>\n","protected":false},"excerpt":{"rendered":"<p>excerpt<\/p>\n","protected":false},"author":16,"featured_media":0,"comment_status":"open","ping_status":"closed","template":"","meta":{"_acf_changed":false,"footnotes":""},"categories":[113],"acf":{"external_id":"1824","titulo_curso":"Diplomado en Gesti\u00f3n de Lesiones en Deportes de Equipo  - Carrusel","precio":"990","impartido_en":"English","producto_path":false,"hubspot_product_id":"703356701","id_magento":"388","header_image":134430,"column_title":"","titulo_incentivo":"Professional Diploma in Injury Management for Team Sports","fecha_de_inicio":"10082021","precio_en_cuotas":"8 pagamentos mensais de 123,75 euros","precio_de_lista":"","mostrar_form":false,"promocion_vigente":"","duracion_del_curso":"9 meses","nivel_del_curso":"avan\u00e7ado","modalidad_cursado":"Online","contenido":"<p><strong>IMPORTANTE:<\/strong><\/p>\n<p>Se voc\u00ea \u00e9 ou j\u00e1 participou de um programa online do Bar\u00e7a Innovation Hub Universitas e est\u00e1 interessado em se inscrever neste Diploma Profissional, entre em contato conosco atrav\u00e9s do CHAT para orient\u00e1-lo no processo de compra.<\/p>\n","ocultar_video":true,"url_video":"","avalado_por":false,"pdf_brochure":"https:\/\/static.capabiliaserver.com\/frontend\/clients\/barca\/wp_prod\/wp-content\/uploads\/2021\/04\/3220501c-especializacao-em-gestao-de-lesoes-em-esportes-de-equipe.pdf","cursos_que_lo_componen":[{"nombre_del_curso":"Preven\u00e7\u00e3o de les\u00f5es","descripcion_del_curso":"<p>M\u00d3DULO 1: CONCEITOS B\u00c1SICOS EM EPIDEMIOLOGIA E PREVEN\u00c7\u00c3O DE LES\u00d5ES<br \/>\nUnidade 1: conceitos b\u00e1sicos em preven\u00e7\u00e3o de les\u00f5es<br \/>\nUnidade 2: epidemiologia em esportes de conjunto<\/p>\n<p>M\u00d3DULO 2: PREVEN\u00c7\u00c3O DE LES\u00d5ES MUSCULARES<br \/>\nUnidade 1: preven\u00e7\u00e3o de les\u00f5es musculares mais frequentes (isquiotibiais)<br \/>\nUnidade 2: abordagem preventiva para evitar les\u00f5es musculares<\/p>\n<p>M\u00d3DULO 3: PREVEN\u00c7\u00c3O DE LES\u00d5ES MUSCULARES<br \/>\nUnidade 1: preven\u00e7\u00e3o de les\u00f5es articulares mais frequentes de MMII (les\u00e3o de LCA)<br \/>\nUnidade 2: preven\u00e7\u00e3o de les\u00f5es articulares mais frequentes de MMSS (les\u00f5es de ombros)<\/p>\n<p>M\u00d3DULO 4: M\u00d3DULO INTEGRADOR<\/p>\n"},{"nombre_del_curso":"Patologias em esportes de equipe","descripcion_del_curso":"<p>M\u00d3DULO 1: gerenciamento de patologias m\u00e9dicas 1<br \/>\nM\u00d3DULO 2: gerenciamento de patologias m\u00e9dicas 2<br \/>\nM\u00d3DULO 3: patologias espec\u00edficas por esporte<br \/>\nM\u00d3DULO 4: esportes e campeonatos especializados<\/p>\n"},{"nombre_del_curso":"Bases neuromusculares no treinamento de for\u00e7a","descripcion_del_curso":"<p>M\u00d3DULO 1: caracter\u00edsticas do sistema musculoesquel\u00e9tico<br \/>\nUnidade 1: Considera\u00e7\u00f5es sobre o movimento desde o sistema nervoso central.<br \/>\nUnidade 2: funcionalidade musculoesquel\u00e9tica.<\/p>\n<p>M\u00d3DULO 2: as a\u00e7\u00f5es musculares e sua rela\u00e7\u00e3o com o esporte<br \/>\nUnidade 1: tipos de a\u00e7\u00f5es musculares.<br \/>\nUnidade 2: Inter-rela\u00e7\u00e3o das a\u00e7\u00f5es musculares no movimento e a manuten\u00e7\u00e3o da posi\u00e7\u00e3o.<\/p>\n<p>M\u00d3DULO 3: mudan\u00e7as sist\u00eamicas durante a falta de treinamento e imobiliza\u00e7\u00e3o<br \/>\nUnidade 1: limita\u00e7\u00f5es de treinamento relacionados ao musculoesquel\u00e9tico.<br \/>\nUnidade 2: hipertrofia muscular.<\/p>\n<p>M\u00d3DULO 4: a an\u00e1lise das propriedades musculares relacionadas ao esporte.<br \/>\nUnidade 1: eletromiografia de superf\u00edcie.<br \/>\nUnidade 2: A tensiomiografia (TMG).<\/p>\n"},{"nombre_del_curso":"Metodologia para o treinamento de for\u00e7a: aplica\u00e7\u00e3o no aprimoramento do desempenho esportivo e na reabilita\u00e7\u00e3o p\u00f3s-les\u00e3o ao campeonato","descripcion_del_curso":"<p>M\u00d3DULO 1: contextualiza\u00e7\u00e3o: como adaptar o treinamento da for\u00e7a aos esportes de equipe?<br \/>\nM\u00d3DULO 2: metodologia do trabalho de for\u00e7a no esporte situacional<br \/>\nM\u00d3DULO 3: integra\u00e7\u00e3o do trabalho de for\u00e7a durante o processo de planejamento e programa\u00e7\u00e3o dos esportes sazonais<br \/>\nM\u00d3DULO 4: for\u00e7a no projeto de tarefas espec\u00edficas do esporte com exemplifica\u00e7\u00e3o no futebol<\/p>\n"},{"nombre_del_curso":"For\u00e7a e pot\u00eancia muscular como qualidade essencial no processo de readapta\u00e7\u00e3o das les\u00f5es esportivas","descripcion_del_curso":"<p>M\u00d3DULO 1: estudos sobre les\u00f5es no esporte - mecanismos que geram les\u00f5es e fatores associados ao risco<br \/>\nM\u00d3DULO 2: les\u00f5es esportivas e sua rela\u00e7\u00e3o com a qualidade da for\u00e7a<br \/>\nM\u00d3DULO 3: manifesta\u00e7\u00f5es da for\u00e7a e pot\u00eancia muscular durante o processo de readapta\u00e7\u00e3o p\u00f3s-les\u00e3o<br \/>\nM\u00d3DULO 4: novos prot\u00f3tipos no treinamento de for\u00e7a - muscula\u00e7\u00e3o mediante oclus\u00e3o vascular<\/p>\n"},{"nombre_del_curso":"Indicadores para a Gest\u00e3o da Carga de Treinamento","descripcion_del_curso":"<p>M\u00d3DULO 1: Mudan\u00e7as semanais<br \/>\nMO\u0301DULO 2: Coeficiente de carga aguda cr\u00f4nica: conceito e procedimento de c\u00e1lculo<br \/>\nMO\u0301DULO 3: Coeficiente de carga aguda cr\u00f4nica: aplica\u00e7\u00f5es e limita\u00e7\u00f5es<br \/>\nMO\u0301DULO 4: Moderadores e mediadores da carga de treinamento<\/p>\n"},{"nombre_del_curso":"Escolha de Vari\u00e1veis: Estamos Repetindo Informa\u00e7\u00e3o ou Fornecendo Informa\u00e7\u00e3o Adicional?","descripcion_del_curso":"<p>M\u00d3DULO 1: Rela\u00e7\u00e3o entre vari\u00e1veis de carga interna entre si o com vari\u00e1veis de carga externa<br \/>\nMO\u0301DULO 2: Rela\u00e7\u00e3o entre vari\u00e1veis de carga externa<br \/>\nMO\u0301DULO 3: Integra\u00e7\u00e3o de medidas. I\u0301ndice de efici\u00eancia<br \/>\nMO\u0301DULO 4: Escolha de vari\u00e1veis<\/p>\n"},{"nombre_del_curso":"Nutri\u00e7\u00e3o, recupera\u00e7\u00e3o e adapta\u00e7\u00f5es no treinamento","descripcion_del_curso":"<p>M\u00d3DULO 1: exerc\u00edcio e fadiga<br \/>\nUnidade 1: O que \u00e9 fadiga?<br \/>\nUnidade 2: Retardar a fadiga<\/p>\n<p>M\u00d3DULO 2: recupera\u00e7\u00e3o e adapta\u00e7\u00e3o<br \/>\nUnidade 1: Recupera\u00e7\u00e3o<br \/>\nUnidade 2: Adapta\u00e7\u00e3o<\/p>\n<p>M\u00d3DULO 3: otimizar recupera\u00e7\u00e3o e adapta\u00e7\u00e3o<br \/>\nUnidade 1: otimizar recupera\u00e7\u00e3o e nutri\u00e7\u00e3o<br \/>\nUnidade 2: otimizar adapta\u00e7\u00e3o com nutri\u00e7\u00e3o adapta\u00e7\u00e3o<\/p>\n<p>M\u00d3DULO 4: recupera\u00e7\u00e3o de les\u00f5es<br \/>\nUnidade 1: diferentes fases de uma les\u00e3o<br \/>\nUnidade 2: estrat\u00e9gias.<\/p>\n"},{"nombre_del_curso":"A rotina no esporte","descripcion_del_curso":"<p>M\u00d3DULO 1: Gest\u00e3o de atletas lesionados<br \/>\nM\u00d3DULO 2: possibilitadores de dual-career<br \/>\nM\u00d3DULO 3: gest\u00e3o das dificuldades I<br \/>\nM\u00d3DULO 4: gest\u00e3o da dificuldade II<\/p>\n"}],"aprende_a":[{"item_aprende_a":"Propor estrat\u00e9gias preventivas eficientes baseadas em um processo fundamentado em evid\u00eancias cient\u00edficas."},{"item_aprende_a":"Administrar patologias e les\u00f5es diferenciadas pelo esporte.\r\n"},{"item_aprende_a":"Melhorar a an\u00e1lise cr\u00edtica ao realizar um programa de treinamento nos diferentes papeis profissionais relacionados \u00e0 ci\u00eancias do esporte e da sa\u00fade.\r\n"},{"item_aprende_a":"Otimizar o desempenho esportivo e preven\u00e7\u00e3o de les\u00f5es, a partir do amplo conhecimento sobre metodologias que dever\u00e3o ser aplicadas nos programas de treinamento de for\u00e7a e pot\u00eancia muscular.\r\n"},{"item_aprende_a":"Aplicar metodologias adequadas ao projeto durante o processo de readapta\u00e7\u00e3o p\u00f3s-les\u00e3o em patologias que necessitam de desenvolvimento da for\u00e7a e que ela seja parte importante do processo.\r\n"},{"item_aprende_a":"Analisar os dados sobre o monitoramento das cargas de trabalho com o objetivo de orientar processos de treinamento para prevenir les\u00f5es e o consequente aumento do desempenho esportivo.\r\n"},{"item_aprende_a":"Otimizar a recupera\u00e7\u00e3o intensa e a adapta\u00e7\u00e3o ao treinamento com suporte de nutri\u00e7\u00e3o.\r\n"},{"item_aprende_a":"Adquirir estrat\u00e9gias pr\u00f3prias para a solu\u00e7\u00e3o de situa\u00e7\u00f5es espec\u00edficas que ocorrem no dia-a-dia do contexto esportivo."}],"preguntas_frecuentes":false,"contenidistas":false,"docentes_expertos":[{"foto":"https:\/\/static.capabiliaserver.com\/frontend\/clients\/barca\/wp_prod\/wp-content\/uploads\/2021\/04\/6ca11a55-paco-seirul-lo-1.jpg","nombre_del_docente":"Paco Seirul\u00b7lo Vargas","descripcion_del_docente":"Respons\u00e1vel pela \u00e1rea de metodologias do FC Barcelona.","enlace":""},{"foto":"https:\/\/static.capabiliaserver.com\/frontend\/clients\/barca\/wp_prod\/wp-content\/uploads\/2021\/04\/9b3acf97-gil_rodas_font_bis.jpg","nombre_del_docente":"Gil Rodas Font","descripcion_del_docente":"Doutor em medicina e cirurgia. Especialista em educa\u00e7\u00e3o f\u00edsica e medicina do esporte. Respons\u00e1vel pela \u00e1rea de servi\u00e7os m\u00e9dicos do Bar\u00e7a Innovation Hub.","enlace":""},{"foto":"https:\/\/static.capabiliaserver.com\/frontend\/clients\/barca\/wp_prod\/wp-content\/uploads\/2021\/04\/d70b12f8-dani_romero.png","nombre_del_docente":"Daniel Romero Rodriguez","descripcion_del_docente":"Preparador f\u00edsico de for\u00e7a do juvenil A do FC Barcelona.","enlace":""},{"foto":"https:\/\/barcanew.capabiliaserver.com\/wp-content\/uploads\/2020\/02\/9c4adc5b-francesc-cos-2.jpg","nombre_del_docente":"Francesc Cos","descripcion_del_docente":"Ex-Chefe do Treino de For\u00e7a da primeira equipa de futebol do FC Barcelona (2004-2016). Ex-Diretor da \u00e1rea de Rendimento Desportivo do Bar\u00e7a Innovation Hub (2016-2018). Atualmente Treinador F\u00edsico do Manchester City.","enlace":""},{"foto":"https:\/\/static.capabiliaserver.com\/frontend\/clients\/barca\/wp_prod\/wp-content\/uploads\/2021\/04\/43630949-asker_jeukendrup.jpg","nombre_del_docente":"Asker Jeukendrup","descripcion_del_docente":"Cientista em nutri\u00e7\u00e3o esportiva. Professor de metabolismo do exerc\u00edcio. Consultor de rendimento no esporte de elite. Empreendedor. Triatleta de Ironman.","enlace":""},{"foto":"https:\/\/static.capabiliaserver.com\/frontend\/clients\/barca\/wp_prod\/wp-content\/uploads\/2021\/04\/2e8378f3-ana_merayo.png","nombre_del_docente":"Ana Merayo Garc\u00eda","descripcion_del_docente":"Psic\u00f3loga esportiva. Professora. Coordenadora do Servi\u00e7o de atendimento integral ao atleta (SAIE) da Masia 360, FC Barcelona.","enlace":""},{"foto":"https:\/\/barcanew.capabiliaserver.com\/wp-content\/uploads\/2019\/01\/469f2a42-david-casamichana.jpg","nombre_del_docente":"David Casamichana G\u00f3mez","descripcion_del_docente":"Doutor em Ci\u00eancias da Atividade F\u00edsica e do Esporte. Preparador f\u00edsico de futebol. Professor universit\u00e1rio e pesquisador.","enlace":""}],"imagen_destacada":"https:\/\/barcanew.capabiliaserver.com\/wp-content\/uploads\/2021\/04\/b03c3236-professional-diploma-in-injury-management-for-team-sports_-1.jpg","slidebox":false,"titulo_seccion_testimonios":"","slider_testimonios":false,"imagen_de_fondo_testimonios":false,"color_de_fondo_testimonios":"","activar_banner_1":false,"banner_1":false,"activar_banner_2":false,"banner_2":false,"activar_banner_3":false,"banner_3":false,"segunda_fecha_de_inicio":"","zona_horaria":"Europe\/Madrid","activar_nuevos_banners":false,"mostrar_banner_1":false,"crear_banner_1":{"utilizar_imagen_unica_para_banner":false,"asignar_imagen_unica_para_banner":false,"mostrar_titulo_banner":false,"titulo_para_banner":"","mostrar_subtitulo_banner":false,"subtitulo_del_banner":"","mostrar_cta_banner":false,"texto_cta_banner":"","url_cta_banner":"","fondo_de_color_banner":"","fondo_de_imagen_banner":false,"mostrar_imagen_izquierda_banner":false,"asignar_imagen_izquierda_banner":false},"mostrar_banner_2":false,"crear_banner_2":{"utilizar_imagen_unica_para_banner":false,"asignar_imagen_unica_para_banner":false,"mostrar_titulo_banner":false,"titulo_para_banner":"","mostrar_subtitulo_banner":false,"subtitulo_del_banner":"","mostrar_cta_banner":false,"texto_cta_banner":"","url_cta_banner":"","fondo_de_color_banner":"","fondo_de_imagen_banner":false,"mostrar_imagen_izquierda_banner":false,"asignar_imagen_izquierda_banner":false},"mostrar_banner_3":false,"crear_banner_3":{"utilizar_imagen_unica_para_banner":false,"asignar_imagen_unica_para_banner":false,"mostrar_titulo_banner":false,"titulo_para_banner":"","mostrar_subtitulo_banner":false,"subtitulo_del_banner":"","mostrar_cta_banner":false,"texto_cta_banner":"","url_cta_banner":"","fondo_de_color_banner":"","fondo_de_imagen_banner":false,"mostrar_imagen_izquierda_banner":false,"asignar_imagen_izquierda_banner":false},"activar_hero_video":false,"video_texto":"","video_header":false,"pdf_brochure_link_drive":"https:\/\/drive.google.com\/uc?id=1XYNviBGMGdIpZT4uwsIgwKV_wiFvzAol&export=download"},"idiomas":{"en":87798,"es":87803,"ar":87799,"ca":87800,"ru":87802,"pt":87801},"_links":{"self":[{"href":"https:\/\/barcanew.capabiliaserver.com\/pt\/wp-json\/wp\/v2\/products\/87801"}],"collection":[{"href":"https:\/\/barcanew.capabiliaserver.com\/pt\/wp-json\/wp\/v2\/products"}],"about":[{"href":"https:\/\/barcanew.capabiliaserver.com\/pt\/wp-json\/wp\/v2\/types\/product"}],"author":[{"embeddable":true,"href":"https:\/\/barcanew.capabiliaserver.com\/pt\/wp-json\/wp\/v2\/users\/16"}],"replies":[{"embeddable":true,"href":"https:\/\/barcanew.capabiliaserver.com\/pt\/wp-json\/wp\/v2\/comments?post=87801"}],"version-history":[{"count":5,"href":"https:\/\/barcanew.capabiliaserver.com\/pt\/wp-json\/wp\/v2\/products\/87801\/revisions"}],"predecessor-version":[{"id":135201,"href":"https:\/\/barcanew.capabiliaserver.com\/pt\/wp-json\/wp\/v2\/products\/87801\/revisions\/135201"}],"wp:attachment":[{"href":"https:\/\/barcanew.capabiliaserver.com\/pt\/wp-json\/wp\/v2\/media?parent=87801"}],"wp:term":[{"taxonomy":"category","embeddable":true,"href":"https:\/\/barcanew.capabiliaserver.com\/pt\/wp-json\/wp\/v2\/categories?post=87801"}],"curies":[{"name":"wp","href":"https:\/\/api.w.org\/{rel}","templated":true}]}}