{"id":87783,"date":"2021-04-11T03:18:03","date_gmt":"2021-04-11T06:18:03","guid":{"rendered":"https:\/\/barcanew.capabiliaserver.com\/?post_type=product&#038;p=87783"},"modified":"2022-11-04T13:04:56","modified_gmt":"2022-11-04T16:04:56","slug":"professional-diploma-workload-management","status":"publish","type":"product","link":"https:\/\/barcanew.capabiliaserver.com\/pt\/product\/professional-diploma-workload-management\/","title":{"rendered":"Especializa\u00e7\u00e3o em Gest\u00e3o da Carga de Trabalho"},"content":{"rendered":"<p>contenido<\/p>\n","protected":false},"excerpt":{"rendered":"<p>excerpt<\/p>\n","protected":false},"author":16,"featured_media":0,"comment_status":"open","ping_status":"closed","template":"","meta":{"_acf_changed":false,"footnotes":""},"categories":[113],"acf":{"external_id":"1837","titulo_curso":"Diplomado en Gesti\u00f3n de la Carga de Trabajo - Carrusel","precio":"990","impartido_en":"English","producto_path":false,"hubspot_product_id":"703356711","id_magento":"385","header_image":134283,"column_title":"","titulo_incentivo":"Professional Diploma in Workload Management","fecha_de_inicio":"10062021","precio_en_cuotas":"8 pagamentos mensais de 123,75 euros","precio_de_lista":"","mostrar_form":false,"promocion_vigente":"","duracion_del_curso":"9 months","nivel_del_curso":"introdut\u00f3rio","modalidad_cursado":"","contenido":"<p><strong>IMPORTANTE:<\/strong><\/p>\n<p>Se voc\u00ea \u00e9 ou j\u00e1 participou de um programa online do Bar\u00e7a Innovation Hub Universitas e est\u00e1 interessado em se inscrever neste Diploma Profissional, entre em contato conosco atrav\u00e9s do CHAT para orient\u00e1-lo no processo de compra.<\/p>\n","ocultar_video":true,"url_video":"","avalado_por":false,"pdf_brochure":"https:\/\/static.capabiliaserver.com\/frontend\/clients\/barca\/wp_prod\/wp-content\/uploads\/2021\/04\/ad0c3bb4-especializacao-em-gestao-da-carga-de-trabalho.pdf","cursos_que_lo_componen":[{"nombre_del_curso":"Ferramentas e vari\u00e1veis no monitoramento da carga de treinamento","descripcion_del_curso":"<p>MO\u0301DULO 1: introdu\u00e7\u00e3o ao monitoramento da carga de treinamento<br \/>\nM\u00d3DULO 2: a etapa de planejar, interferir e avaliar no processo de treinamento<br \/>\nM\u00d3DULO 3: ferramentas de monitoramento de carga interna e suas vari\u00e1veis<br \/>\nM\u00d3DULO 4: ferramentas de monitoramento de carga externa e suas vari\u00e1veis<\/p>\n"},{"nombre_del_curso":"Sele\u00e7\u00e3o de vari\u00e1veis: repetimos informa\u00e7\u00f5es ou contribu\u00edmos com novos conhecimentos?","descripcion_del_curso":"<p>MO\u0301DULO 1: rela\u00e7\u00e3o entre vari\u00e1veis de carga interna entre si e com vari\u00e1veis da carga externa<br \/>\nMO\u0301DULO 2: rela\u00e7\u00e3o entre vari\u00e1veis de carga externa<br \/>\nM\u00d3DULO 3: integra\u00e7\u00e3o de crit\u00e9rios. \u00cdndice de efici\u00eancia<br \/>\nM\u00d3DULO 4: Sele\u00e7\u00e3o de vari\u00e1veis<\/p>\n"},{"nombre_del_curso":"Avalia\u00e7\u00e3o de treinamento e gest\u00e3o da carga de treinamento","descripcion_del_curso":"<p>MO\u0301DULO 1: an\u00e1lise das atividades de treinamento<br \/>\nM\u00d3DULO 2: an\u00e1lise da sess\u00e3o de treinamento<br \/>\nM\u00d3DULO 3: an\u00e1lise do microciclo de treinamento<br \/>\nMO\u0301DULO 4: An\u00e1lise do mesociclo e fases temporais mais amplas de treinamento<\/p>\n"},{"nombre_del_curso":"Indicadores para a gest\u00e3o da carga de treinamento","descripcion_del_curso":"<p>MO\u0301DULO 1: Modifica\u00e7\u00f5es semanais<br \/>\nM\u00d3DULO 2: indicadores m\u00e9dios da carga aguda:cr\u00f4nica - conceito e procedimento de c\u00e1lculo<br \/>\nM\u00d3DULO 3: indicadores m\u00e9dios de carga aguda:cr\u00f4nica - aplica\u00e7\u00f5es e limita\u00e7\u00f5es<br \/>\nMO\u0301DULO 4: moderadores e mediadores da carga de treinamento<\/p>\n"},{"nombre_del_curso":"Programa\u00e7\u00e3o de treinamento e perfil fisiol\u00f3gico em esportes de equipe","descripcion_del_curso":"<p>M\u00d3DULO 1: PERIODIZA\u00c7\u00c3O, PLANEJAMENTO E METODOLOGIAS TEORIAS E NOVOS PARADIGMAS<br \/>\nM\u00d3DULO 2: TEMPORADA ESPORTIVA<br \/>\nM\u00d3DULO 3: CARACTERIZA\u00c7\u00c3O DOS ESPORTES DE EQUIPE COM FOCO NO FUTEBOL AN\u00c1LISE DE DEMANDAS F\u00cdSICAS<br \/>\nM\u00d3DULO 4: M\u00d3DULO INTEGRADOR<\/p>\n"},{"nombre_del_curso":"Metodologia para o treinamento de for\u00e7a: aplica\u00e7\u00e3o no aprimoramento do desempenho esportivo e na reabilita\u00e7\u00e3o p\u00f3s-les\u00e3o ao campeonato","descripcion_del_curso":"<p>M\u00d3DULO 1: contextualiza\u00e7\u00e3o: como adaptar o treinamento da for\u00e7a aos esportes de equipe?<br \/>\nUnidade 1: a qualidade da for\u00e7a e sua rela\u00e7\u00e3o com as exig\u00eancias coordenativas e cognitivas nos esportes de equipe.<br \/>\nUnidade 2: a evolu\u00e7\u00e3o na dificuldade do trabalho de for\u00e7a em rela\u00e7\u00e3o \u00e0 especificidade do esporte.<\/p>\n<p>M\u00d3DULO 2: metodologia do trabalho de for\u00e7a no esporte situacional<br \/>\nUnidade 1: o treinamento da for\u00e7a e necessidades de trabalhar com sobrecarga.<br \/>\nUnidade 2: integra\u00e7\u00e3o do trabalho de for\u00e7a com as demais habilidades.<\/p>\n<p>M\u00d3DULO 3: integra\u00e7\u00e3o do trabalho de for\u00e7a durante o processo de planejamento e programa\u00e7\u00e3o dos esportes sazonais<br \/>\nUnidade 1: for\u00e7a no treinamento integrado em uma programa\u00e7\u00e3o de categoria regular de longa dura\u00e7\u00e3o com exemplifica\u00e7\u00e3o fundamentada no futebol.<br \/>\nUnidade 2: for\u00e7a no treinamento integrado em uma programa\u00e7\u00e3o com blocos de prepara\u00e7\u00e3o - campeonato com exemplifica\u00e7\u00e3o fundamentada no t\u00eanis.<\/p>\n<p>M\u00d3DULO 4: for\u00e7a no projeto de tarefas espec\u00edficas do esporte com exemplifica\u00e7\u00e3o no futebol<br \/>\nUnidade 1: os small-sided games (SSG) e suas caracter\u00edsticas para o projeto e sua rela\u00e7\u00e3o com o desenvolvimento de habilidades esportivas.<br \/>\nUnidade 2: os SSG e sua rela\u00e7\u00e3o com o trabalho de for\u00e7a.<\/p>\n"},{"nombre_del_curso":"For\u00e7a e pot\u00eancia muscular como qualidade essencial no processo de readapta\u00e7\u00e3o das les\u00f5es esportivas","descripcion_del_curso":"<p>M\u00d3DULO 1: estudos sobre les\u00f5es no esporte - mecanismos que geram les\u00f5es e fatores associados ao risco<br \/>\nUnidade 1: biomec\u00e2nica dos processos de les\u00e3o e envolvimento da for\u00e7a na recupera\u00e7\u00e3o de habilidades esportivas.<br \/>\nUnidade 2: fatores de risco associados \u00e0 debilidade.<\/p>\n<p>M\u00d3DULO 2: les\u00f5es esportivas e sua rela\u00e7\u00e3o com a qualidade da for\u00e7a<br \/>\nUnidade 1: les\u00f5es das estruturas musculares e tendinosas.<br \/>\nUnidade 2: les\u00f5es articulares.<\/p>\n<p>M\u00d3DULO 3: manifesta\u00e7\u00f5es da for\u00e7a e pot\u00eancia muscular durante o processo de readapta\u00e7\u00e3o p\u00f3s-les\u00e3o<br \/>\nUnidade 1: for\u00e7a e suas diferentes manifesta\u00e7\u00f5es, de acordo com a carga externa e velocidade de execu\u00e7\u00e3o.<br \/>\nUnidade 2: programa\u00e7\u00e3o do trabalho de for\u00e7a nas les\u00f5es esportivas.<\/p>\n<p>M\u00d3DULO 4: novos prot\u00f3tipos no treinamento de for\u00e7a - muscula\u00e7\u00e3o mediante oclus\u00e3o vascular<br \/>\nUnidade 1: fundamentos para a muscula\u00e7\u00e3o tradicional versus a muscula\u00e7\u00e3o por oclus\u00e3o vascular ou Blood Flow Restriction (BRF).<br \/>\nUnidade 2: programa\u00e7\u00e3o de treinamentos, mediante oclus\u00e3o vascular - vari\u00e1veis essenciais para a prescri\u00e7\u00e3o ideal.<\/p>\n"},{"nombre_del_curso":"Nutri\u00e7\u00e3o periodizada","descripcion_del_curso":"<p>M\u00d3DULO 1: Teoria<br \/>\nUnidade 1: qual o significado de nutri\u00e7\u00e3o periodizada?<br \/>\nUnidade 2: as ferramentas de um nutricionista esportivo<\/p>\n<p>M\u00d3DULO 2: treinar os intestinos<br \/>\nUnidade 1: podemos treinar nosso intestino<br \/>\nUnidade 2: a teoria na pr\u00e1tica<\/p>\n<p>M\u00d3DULO 3: treino baixo<br \/>\nUnidade 1: Teoria<br \/>\nUnidade 2: dieta reduzida em carboidratos versus treinamento com uma reserva reduzida de carboidratos<\/p>\n<p>M\u00d3DULO 4: da teoria \u00e0 pr\u00e1tica<br \/>\nUnidade 1: como implementar a nutri\u00e7\u00e3o periodizada<br \/>\nUnidade 2: desafios e solu\u00e7\u00f5es.<\/p>\n"},{"nombre_del_curso":"Preven\u00e7\u00e3o de les\u00f5es","descripcion_del_curso":"<p>M\u00d3DULO 1: CONCEITOS B\u00c1SICOS EM EPIDEMIOLOGIA E PREVEN\u00c7\u00c3O DE LES\u00d5ES<br \/>\nM\u00d3DULO 2: PREVEN\u00c7\u00c3O DE LES\u00d5ES MUSCULARES<br \/>\nM\u00d3DULO 3: PREVEN\u00c7\u00c3O DE LES\u00d5ES MUSCULARES<br \/>\nM\u00d3DULO 4: M\u00d3DULO INTEGRADOR<\/p>\n"}],"aprende_a":[{"item_aprende_a":"Gerenciar as in\u00fameras ferramentas e vari\u00e1veis de monitoramento de treinamento.\r\n"},{"item_aprende_a":"Selecionar as vari\u00e1veis mais indicadas em fun\u00e7\u00e3o dos diferentes objetivos propostos dentro do controle da carga de treinamento e competi\u00e7\u00f5es\r\n"},{"item_aprende_a":"Utilizar as informa\u00e7\u00f5es obtidas para o controle da carga, avaliar e gerenciar o processo.\r\n"},{"item_aprende_a":"Identificar e utilizar de maneira adequada os indicadores mais importantes da carga de treinamento.\r\n"},{"item_aprende_a":"Analisar os dados sobre o monitoramento das cargas de trabalho com o objetivo de orientar processos de treinamento para prevenir les\u00f5es e o consequente aumento do desempenho esportivo.\r\n"},{"item_aprende_a":"Otimizar o desempenho esportivo e preven\u00e7\u00e3o de les\u00f5es, a partir do amplo conhecimento sobre metodologias que dever\u00e3o ser aplicadas nos programas de treinamento de for\u00e7a e pot\u00eancia muscular.\r\n"},{"item_aprende_a":"Aplicar metodologias adequadas ao projeto durante o processo de readapta\u00e7\u00e3o p\u00f3s-les\u00e3o em patologias que necessitam de desenvolvimento da for\u00e7a e que ela seja parte importante do processo.\r\n"},{"item_aprende_a":"Entender a base te\u00f3rica para a periodiza\u00e7\u00e3o da nutri\u00e7\u00e3o."}],"preguntas_frecuentes":false,"contenidistas":false,"docentes_expertos":[{"foto":"https:\/\/static.capabiliaserver.com\/frontend\/clients\/barca\/wp_prod\/wp-content\/uploads\/2021\/04\/e65e5e11-david-casamichana.jpg","nombre_del_docente":"David Casamichana G\u00f3mez","descripcion_del_docente":"Doutor em Ci\u00eancias da atividade f\u00edsica e do esporte. Preparador f\u00edsico de futebol. Professor universit\u00e1rio e pesquisador.","enlace":""},{"foto":"https:\/\/static.capabiliaserver.com\/frontend\/clients\/barca\/wp\/wp-content\/uploads\/2018\/12\/Francisco_Paco_Seirul-lo_Vargas-150x150.jpg","nombre_del_docente":"Paco Seirul\u00b7lo Vargas","descripcion_del_docente":"Respons\u00e1vel pela \u00e1rea de metodologias do FC Barcelona.","enlace":""},{"foto":"https:\/\/static.capabiliaserver.com\/frontend\/clients\/barca\/wp_prod\/wp-content\/uploads\/2021\/04\/d70b12f8-dani_romero.png","nombre_del_docente":"Daniel Romero Rodriguez","descripcion_del_docente":"Preparador f\u00edsico de for\u00e7a do juvenil A do FC Barcelona.","enlace":""},{"foto":"https:\/\/barcanew.capabiliaserver.com\/wp-content\/uploads\/2020\/02\/9c4adc5b-francesc-cos-2.jpg","nombre_del_docente":"Francesc Cos","descripcion_del_docente":"Ex-Chefe do Treino de For\u00e7a da primeira equipa de futebol do FC Barcelona (2004-2016). Ex-Diretor da \u00e1rea de Rendimento Desportivo do Bar\u00e7a Innovation Hub (2016-2018). Atualmente Treinador F\u00edsico do Manchester City.","enlace":""},{"foto":"https:\/\/static.capabiliaserver.com\/frontend\/clients\/barca\/wp_prod\/wp-content\/uploads\/2021\/04\/43630949-asker_jeukendrup.jpg","nombre_del_docente":"Asker Jeukendrup","descripcion_del_docente":"Cientista em nutri\u00e7\u00e3o esportiva. Professor de metabolismo do exerc\u00edcio. Consultor de rendimento no esporte de elite. Empreendedor. Triatleta de Ironman.","enlace":""}],"imagen_destacada":"https:\/\/barcanew.capabiliaserver.com\/wp-content\/uploads\/2021\/04\/3bcb55ba-professional-diploma-in-strength-and-conditioning_.jpg","slidebox":false,"titulo_seccion_testimonios":"","slider_testimonios":false,"imagen_de_fondo_testimonios":false,"color_de_fondo_testimonios":"","activar_banner_1":false,"banner_1":false,"activar_banner_2":false,"banner_2":false,"activar_banner_3":false,"banner_3":false,"segunda_fecha_de_inicio":"","zona_horaria":"Europe\/Madrid","activar_nuevos_banners":false,"mostrar_banner_1":false,"crear_banner_1":{"utilizar_imagen_unica_para_banner":false,"asignar_imagen_unica_para_banner":false,"mostrar_titulo_banner":false,"titulo_para_banner":"","mostrar_subtitulo_banner":false,"subtitulo_del_banner":"","mostrar_cta_banner":false,"texto_cta_banner":"","url_cta_banner":"","fondo_de_color_banner":"","fondo_de_imagen_banner":false,"mostrar_imagen_izquierda_banner":false,"asignar_imagen_izquierda_banner":false},"mostrar_banner_2":false,"crear_banner_2":{"utilizar_imagen_unica_para_banner":false,"asignar_imagen_unica_para_banner":false,"mostrar_titulo_banner":false,"titulo_para_banner":"","mostrar_subtitulo_banner":false,"subtitulo_del_banner":"","mostrar_cta_banner":false,"texto_cta_banner":"","url_cta_banner":"","fondo_de_color_banner":"","fondo_de_imagen_banner":false,"mostrar_imagen_izquierda_banner":false,"asignar_imagen_izquierda_banner":false},"mostrar_banner_3":false,"crear_banner_3":{"utilizar_imagen_unica_para_banner":false,"asignar_imagen_unica_para_banner":false,"mostrar_titulo_banner":false,"titulo_para_banner":"","mostrar_subtitulo_banner":false,"subtitulo_del_banner":"","mostrar_cta_banner":false,"texto_cta_banner":"","url_cta_banner":"","fondo_de_color_banner":"","fondo_de_imagen_banner":false,"mostrar_imagen_izquierda_banner":false,"asignar_imagen_izquierda_banner":false},"activar_hero_video":false,"video_texto":"","video_header":false,"pdf_brochure_link_drive":"https:\/\/drive.google.com\/uc?id=1Wi_VRjyft06fYsugoSgv2aRCRlDdfCxI&export=download"},"idiomas":{"en":87780,"es":87785,"ar":87781,"ca":87782,"ru":87784,"pt":87783},"_links":{"self":[{"href":"https:\/\/barcanew.capabiliaserver.com\/pt\/wp-json\/wp\/v2\/products\/87783"}],"collection":[{"href":"https:\/\/barcanew.capabiliaserver.com\/pt\/wp-json\/wp\/v2\/products"}],"about":[{"href":"https:\/\/barcanew.capabiliaserver.com\/pt\/wp-json\/wp\/v2\/types\/product"}],"author":[{"embeddable":true,"href":"https:\/\/barcanew.capabiliaserver.com\/pt\/wp-json\/wp\/v2\/users\/16"}],"replies":[{"embeddable":true,"href":"https:\/\/barcanew.capabiliaserver.com\/pt\/wp-json\/wp\/v2\/comments?post=87783"}],"version-history":[{"count":5,"href":"https:\/\/barcanew.capabiliaserver.com\/pt\/wp-json\/wp\/v2\/products\/87783\/revisions"}],"predecessor-version":[{"id":135216,"href":"https:\/\/barcanew.capabiliaserver.com\/pt\/wp-json\/wp\/v2\/products\/87783\/revisions\/135216"}],"wp:attachment":[{"href":"https:\/\/barcanew.capabiliaserver.com\/pt\/wp-json\/wp\/v2\/media?parent=87783"}],"wp:term":[{"taxonomy":"category","embeddable":true,"href":"https:\/\/barcanew.capabiliaserver.com\/pt\/wp-json\/wp\/v2\/categories?post=87783"}],"curies":[{"name":"wp","href":"https:\/\/api.w.org\/{rel}","templated":true}]}}