{"id":87771,"date":"2021-04-11T04:28:06","date_gmt":"2021-04-11T07:28:06","guid":{"rendered":"https:\/\/barcanew.capabiliaserver.com\/?post_type=product&#038;p=87771"},"modified":"2022-10-20T10:31:41","modified_gmt":"2022-10-20T13:31:41","slug":"professional-diploma-digital-marketing-sponsorship-communication-sports","status":"publish","type":"product","link":"https:\/\/barcanew.capabiliaserver.com\/pt\/product\/professional-diploma-digital-marketing-sponsorship-communication-sports\/","title":{"rendered":"Especializa\u00e7\u00e3o Em Marketing Digital Patroc\u00ednio e Comunica\u00e7\u00e3o no Esporte"},"content":{"rendered":"<p>contenido<\/p>\n","protected":false},"excerpt":{"rendered":"<p>excerpt<\/p>\n","protected":false},"author":16,"featured_media":0,"comment_status":"open","ping_status":"closed","template":"","meta":{"_acf_changed":false,"footnotes":""},"categories":[113],"acf":{"titulo_incentivo":"Especializa\u00e7\u00e3o Em Marketing Digital Patroc\u00ednio e Comunica\u00e7\u00e3o no Esporte","fecha_de_inicio":"10092021","contenido":"<p><strong>IMPORTANT:<\/strong><\/p>\n<p>If you are or have been a participant in an online program of Bar\u00e7a Innovation Hub Universitas and you are interested in enrolling in this Professional Diploma, contact us via CHAT to guide you in the purchase process.<\/p>\n","cursos_que_lo_componen":[{"nombre_del_curso":"","descripcion_del_curso":""},{"nombre_del_curso":"","descripcion_del_curso":""},{"nombre_del_curso":"","descripcion_del_curso":""},{"nombre_del_curso":"","descripcion_del_curso":""},{"nombre_del_curso":"","descripcion_del_curso":""},{"nombre_del_curso":"","descripcion_del_curso":""},{"nombre_del_curso":"","descripcion_del_curso":""},{"nombre_del_curso":"","descripcion_del_curso":""}],"aprende_a":[{"item_aprende_a":""},{"item_aprende_a":""},{"item_aprende_a":""},{"item_aprende_a":""},{"item_aprende_a":""},{"item_aprende_a":""},{"item_aprende_a":""},{"item_aprende_a":""},{"item_aprende_a":""}],"preguntas_frecuentes":false,"contenidistas":false,"docentes_expertos":[{"foto":false,"nombre_del_docente":"","descripcion_del_docente":"","enlace":""},{"foto":false,"nombre_del_docente":"","descripcion_del_docente":"","enlace":""},{"foto":false,"nombre_del_docente":"","descripcion_del_docente":"","enlace":""},{"foto":false,"nombre_del_docente":"","descripcion_del_docente":"","enlace":""}],"slider_testimonios":false,"zona_horaria":"Europe\/Madrid","external_id":"1416","titulo_curso":"Diplomado en Marketing Digital, Patrocinio y Comunicaci\u00f3n en el Deporte - Carrusel","precio":"960","impartido_en":"English","producto_path":false,"hubspot_product_id":"703324486","id_magento":"383","header_image":134637,"column_title":"","precio_en_cuotas":"7 pagamentos mensais de 137 euros","precio_de_lista":"","mostrar_form":false,"promocion_vigente":"","duracion_del_curso":"8 months","nivel_del_curso":"introdut\u00f3rio","modalidad_cursado":"","ocultar_video":true,"url_video":"","avalado_por":false,"pdf_brochure":"https:\/\/barcanew.capabiliaserver.com\/wp-content\/uploads\/2021\/04\/589dfb9e-diplomado-en-marketing-digital-patrocinio-y-comunicacion-en-el-deporte.pdf","imagen_destacada":false,"slidebox":false,"titulo_seccion_testimonios":"","imagen_de_fondo_testimonios":false,"color_de_fondo_testimonios":"","activar_banner_1":false,"banner_1":false,"activar_banner_2":false,"banner_2":false,"activar_banner_3":false,"banner_3":false,"segunda_fecha_de_inicio":"25092021","activar_nuevos_banners":false,"mostrar_banner_1":false,"crear_banner_1":{"utilizar_imagen_unica_para_banner":false,"asignar_imagen_unica_para_banner":false,"mostrar_titulo_banner":false,"titulo_para_banner":"","mostrar_subtitulo_banner":false,"subtitulo_del_banner":"","mostrar_cta_banner":false,"texto_cta_banner":"","url_cta_banner":"","fondo_de_color_banner":"","fondo_de_imagen_banner":false,"mostrar_imagen_izquierda_banner":false,"asignar_imagen_izquierda_banner":false},"mostrar_banner_2":false,"crear_banner_2":{"utilizar_imagen_unica_para_banner":false,"asignar_imagen_unica_para_banner":false,"mostrar_titulo_banner":false,"titulo_para_banner":"","mostrar_subtitulo_banner":false,"subtitulo_del_banner":"","mostrar_cta_banner":false,"texto_cta_banner":"","url_cta_banner":"","fondo_de_color_banner":"","fondo_de_imagen_banner":false,"mostrar_imagen_izquierda_banner":false,"asignar_imagen_izquierda_banner":false},"mostrar_banner_3":false,"crear_banner_3":{"utilizar_imagen_unica_para_banner":false,"asignar_imagen_unica_para_banner":false,"mostrar_titulo_banner":false,"titulo_para_banner":"","mostrar_subtitulo_banner":false,"subtitulo_del_banner":"","mostrar_cta_banner":false,"texto_cta_banner":"","url_cta_banner":"","fondo_de_color_banner":"","fondo_de_imagen_banner":false,"mostrar_imagen_izquierda_banner":false,"asignar_imagen_izquierda_banner":false},"activar_hero_video":false,"video_texto":"","video_header":false,"pdf_brochure_link_drive":"https:\/\/drive.google.com\/uc?id=1qQHCJLho9nw1-ozu3gIVcdFGlZ45NTLD&export=download"},"idiomas":{"en":87768,"es":87773,"ar":87769,"ca":87770,"ru":87772,"pt":87771},"_links":{"self":[{"href":"https:\/\/barcanew.capabiliaserver.com\/pt\/wp-json\/wp\/v2\/products\/87771"}],"collection":[{"href":"https:\/\/barcanew.capabiliaserver.com\/pt\/wp-json\/wp\/v2\/products"}],"about":[{"href":"https:\/\/barcanew.capabiliaserver.com\/pt\/wp-json\/wp\/v2\/types\/product"}],"author":[{"embeddable":true,"href":"https:\/\/barcanew.capabiliaserver.com\/pt\/wp-json\/wp\/v2\/users\/16"}],"replies":[{"embeddable":true,"href":"https:\/\/barcanew.capabiliaserver.com\/pt\/wp-json\/wp\/v2\/comments?post=87771"}],"version-history":[{"count":4,"href":"https:\/\/barcanew.capabiliaserver.com\/pt\/wp-json\/wp\/v2\/products\/87771\/revisions"}],"predecessor-version":[{"id":134645,"href":"https:\/\/barcanew.capabiliaserver.com\/pt\/wp-json\/wp\/v2\/products\/87771\/revisions\/134645"}],"wp:attachment":[{"href":"https:\/\/barcanew.capabiliaserver.com\/pt\/wp-json\/wp\/v2\/media?parent=87771"}],"wp:term":[{"taxonomy":"category","embeddable":true,"href":"https:\/\/barcanew.capabiliaserver.com\/pt\/wp-json\/wp\/v2\/categories?post=87771"}],"curies":[{"name":"wp","href":"https:\/\/api.w.org\/{rel}","templated":true}]}}