{"id":87759,"date":"2021-04-20T17:11:10","date_gmt":"2021-04-20T20:11:10","guid":{"rendered":"https:\/\/barcanew.capabiliaserver.com\/?post_type=product&#038;p=87759"},"modified":"2022-11-04T13:10:50","modified_gmt":"2022-11-04T16:10:50","slug":"professional-diploma-training-team-sports","status":"publish","type":"product","link":"https:\/\/barcanew.capabiliaserver.com\/pt\/product\/professional-diploma-training-team-sports\/","title":{"rendered":"Especializa\u00e7\u00e3o em Treinamento de Esportes de Equipe"},"content":{"rendered":"<p>contenido<\/p>\n","protected":false},"excerpt":{"rendered":"<p>excerpt<\/p>\n","protected":false},"author":16,"featured_media":0,"comment_status":"open","ping_status":"closed","template":"","meta":{"_acf_changed":false,"footnotes":""},"categories":[113],"acf":{"external_id":"1835","titulo_curso":"Diplomado en Entrenamiento en Deportes de Equipo - Carrusel","precio":"990","impartido_en":"English","producto_path":false,"hubspot_product_id":"703324477","id_magento":"381","header_image":134271,"column_title":"","titulo_incentivo":"Professional Diploma in Training for Team Sports ","fecha_de_inicio":"10062021","precio_en_cuotas":"8 pagamentos mensais de 123,75 euros","precio_de_lista":"","mostrar_form":false,"promocion_vigente":"","duracion_del_curso":"9 meses","nivel_del_curso":"avan\u00e7ado","modalidad_cursado":"Online","contenido":"<p><strong>IMPORTANTE:<\/strong><\/p>\n<p>Se voc\u00ea \u00e9 ou j\u00e1 participou de um programa online do Bar\u00e7a Innovation Hub Universitas e est\u00e1 interessado em se inscrever neste Diploma Profissional, entre em contato conosco atrav\u00e9s do CHAT para orient\u00e1-lo no processo de compra.<\/p>\n","ocultar_video":true,"url_video":"","avalado_por":false,"pdf_brochure":"https:\/\/static.capabiliaserver.com\/frontend\/clients\/barca\/wp_prod\/wp-content\/uploads\/2021\/04\/6b20d7c3-especializacao-em-treinamento-de-esportes-de-equipe.pdf","cursos_que_lo_componen":[{"nombre_del_curso":"Avalia\u00e7\u00e3o esportiva","descripcion_del_curso":"<p>M\u00d3DULO 1: AVALIA\u00c7\u00c3O DE FOR\u00c7A EM ESPORTES DE EQUIPE<br \/>\nUnidade 1: valorizar a for\u00e7a em esportes de equipe<br \/>\nUnidade 2: avalia\u00e7\u00e3o da for\u00e7a em diferentes demonstra\u00e7\u00f5es<\/p>\n<p>M\u00d3DULO 2: AVALIA\u00c7\u00c3O DE VELOCIDADE E AGILIDADE<br \/>\nUnidade 1: valorizar velocidade e agilidade no esporte de equipe<br \/>\nUnidade 2: ensaios de campo em velocidade e agilidade<\/p>\n<p>M\u00d3DULO 3: AVALIA\u00c7\u00c3O DE RESIST\u00caNCIA EM ESPORTES AC\u00cdCLICOS<br \/>\nUnidade 1: valorizar a condi\u00e7\u00e3o f\u00edsica aer\u00f3bica e anaer\u00f3bica em atletas<br \/>\nUnidade 2: ensaios de campo em resist\u00eancia na estrutura esportiva<\/p>\n<p>M\u00d3DULO 4: M\u00d3DULO INTEGRADOR<\/p>\n"},{"nombre_del_curso":"Treinamento de for\u00e7a em esportes de equipe","descripcion_del_curso":"<p>M\u00d3DULO 1: INTRODU\u00c7\u00c3O \u00c0 FOR\u00c7A EM ESPORTES COLETIVOS NOSSO PARADIGMA<br \/>\nUnidade 1: No\u00e7\u00f5es b\u00e1sicas de for\u00e7a em esportes de equipe<br \/>\nUnidade 2: o papel da for\u00e7a, da teoria \u00e0 pr\u00e1tica<\/p>\n<p>M\u00d3DULO 2: PERIODIZA\u00c7\u00c3O E M\u00c9TODOS DE TREINAMENTO<br \/>\nUnidade 1: o processo de treinamento<br \/>\nUnidade 2: m\u00e9todos de treinamento<\/p>\n<p>M\u00d3DULO 3: PROGRAMA\u00c7\u00c3O DE UMA SESS\u00c3O<br \/>\nUnidade 1: an\u00e1lise das vari\u00e1veis que interferem na programa\u00e7\u00e3o de uma sess\u00e3o<br \/>\nUnidade 2: controle dos treinamentos<\/p>\n<p>M\u00d3DULO 4: M\u00d3DULO INTEGRADOR<\/p>\n"},{"nombre_del_curso":"Preven\u00e7\u00e3o de les\u00f5es","descripcion_del_curso":"<p>M\u00d3DULO 1: CONCEITOS B\u00c1SICOS EM EPIDEMIOLOGIA E PREVEN\u00c7\u00c3O DE LES\u00d5ES<br \/>\nUnidade 1: conceitos b\u00e1sicos em preven\u00e7\u00e3o de les\u00f5es<br \/>\nUnidade 2: epidemiologia em esportes de conjunto<\/p>\n<p>M\u00d3DULO 2: PREVEN\u00c7\u00c3O DE LES\u00d5ES MUSCULARES<br \/>\nUnidade 1: preven\u00e7\u00e3o de les\u00f5es musculares mais frequentes (isquiotibiais)<br \/>\nUnidade 2: abordagem preventiva para evitar les\u00f5es musculares<\/p>\n<p>M\u00d3DULO 3: PREVEN\u00c7\u00c3O DE LES\u00d5ES MUSCULARES<br \/>\nUnidade 1: preven\u00e7\u00e3o de les\u00f5es articulares mais frequentes de MMII (les\u00e3o de LCA)<br \/>\nUnidade 2: preven\u00e7\u00e3o de les\u00f5es articulares mais frequentes de MMSS (les\u00f5es de ombros)<\/p>\n<p>M\u00d3DULO 4: M\u00d3DULO INTEGRADOR<\/p>\n"},{"nombre_del_curso":"Programa\u00e7\u00e3o de treinamento e perfil fisiol\u00f3gico em esportes de equipe","descripcion_del_curso":"<p>M\u00d3DULO 1: PERIODIZA\u00c7\u00c3O, PLANEJAMENTO E METODOLOGIAS TEORIAS E NOVOS PARADIGMAS<br \/>\nUnidade 1: estrutura te\u00f3rica e metodologias tradicionais<br \/>\nUnidade 2: Novas metodologias de programa\u00e7\u00e3o de treinamento<\/p>\n<p>M\u00d3DULO 2: TEMPORADA ESPORTIVA<br \/>\nUnidade 1: momentos da temporada<br \/>\nUnidade 2: desenvolvimento de capacidades e qualidades f\u00edsicas<\/p>\n<p>M\u00d3DULO 3: CARACTERIZA\u00c7\u00c3O DOS ESPORTES DE EQUIPE COM FOCO NO FUTEBOL AN\u00c1LISE DE DEMANDAS F\u00cdSICAS<br \/>\nUnidade 1: an\u00e1lise de esporte ac\u00edclico<br \/>\nUnidade 2: an\u00e1lise de demandas f\u00edsicas em habilidades e treinamento<\/p>\n<p>M\u00d3DULO 4: M\u00d3DULO INTEGRADOR<\/p>\n"},{"nombre_del_curso":"FERRAMENTAS E VARI\u00c1VEIS NO MONITORAMENTO DA CARGA DE TREINAMENTO","descripcion_del_curso":"<p>MO\u0301DULO 1: introdu\u00e7\u00e3o ao monitoramento da carga de treinamento<br \/>\nM\u00d3DULO 2: a etapa de planejar, interferir e avaliar no processo de treinamento<br \/>\nM\u00d3DULO 3: ferramentas de monitoramento de carga interna e suas vari\u00e1veis<br \/>\nM\u00d3DULO 4: ferramentas de monitoramento de carga externa e suas vari\u00e1veis<\/p>\n"},{"nombre_del_curso":"A vida do atleta de alto rendimento","descripcion_del_curso":"<p>M\u00d3DULO 1: modelo sist\u00eamico<br \/>\nM\u00d3DULO 2: modelo de carreira esportiva I e II<br \/>\nM\u00d3DULO 3: carreira dual<br \/>\nM\u00d3DULO 4: Exemplos de interfer\u00eancia nas etapas de transi\u00e7\u00e3o na vida do atleta<\/p>\n"},{"nombre_del_curso":"Suplementa\u00e7\u00e3o e recursos ergog\u00eanicos no esporte","descripcion_del_curso":"<p>M\u00d3DULO 1: CONCEITOS INTRODUT\u00d3RIOS<br \/>\nUnidade 1: classifica\u00e7\u00e3o dos suplementos nutricionais.<br \/>\nUnidade 2: nutrientes<\/p>\n<p>M\u00d3DULO 2: ALIMENTOS ESPORTIVOS<br \/>\nUnidade 1: alimenta\u00e7\u00e3o esportiva de utiliza\u00e7\u00e3o aguda<br \/>\nUnidade 2: alimenta\u00e7\u00e3o esportiva de utiliza\u00e7\u00e3o cr\u00f4nica<\/p>\n<p>M\u00d3DULO 3: CONTRIBUI\u00c7\u00d5ES ERGOG\u00caNICAS<br \/>\nUnidade 1: contribui\u00e7\u00f5es ergog\u00eanicos de efeito agudo ou instant\u00e2neo<br \/>\nUnidade 2: contribui\u00e7\u00f5es ergog\u00eanicos de efeito cr\u00f4nico<\/p>\n<p>M\u00d3DULO 4: M\u00d3DULO INTEGRADOR<\/p>\n"},{"nombre_del_curso":"Indicadores para a Gest\u00e3o da Carga de Treinamento","descripcion_del_curso":"<p>M\u00d3DULO 1: Mudan\u00e7as semanais<br \/>\nMO\u0301DULO 2: Coeficiente de carga aguda cr\u00f4nica: conceito e procedimento de c\u00e1lculo<br \/>\nMO\u0301DULO 3: Coeficiente de carga aguda cr\u00f4nica: aplica\u00e7\u00f5es e limita\u00e7\u00f5es<br \/>\nMO\u0301DULO 4: Moderadores e mediadores da carga de treinamento<\/p>\n"},{"nombre_del_curso":"Bases neuromusculares no treinamento de for\u00e7a","descripcion_del_curso":"<p>M\u00d3DULO 1: caracter\u00edsticas do sistema musculoesquel\u00e9tico<br \/>\nUnidade 1: Considera\u00e7\u00f5es sobre o movimento desde o sistema nervoso central.<br \/>\nUnidade 2: funcionalidade musculoesquel\u00e9tica.<\/p>\n<p>M\u00d3DULO 2: as a\u00e7\u00f5es musculares e sua rela\u00e7\u00e3o com o esporte<br \/>\nUnidade 1: tipos de a\u00e7\u00f5es musculares.<br \/>\nUnidade 2: Inter-rela\u00e7\u00e3o das a\u00e7\u00f5es musculares no movimento e a manuten\u00e7\u00e3o da posi\u00e7\u00e3o.<\/p>\n<p>M\u00d3DULO 3: mudan\u00e7as sist\u00eamicas durante a falta de treinamento e imobiliza\u00e7\u00e3o<br \/>\nUnidade 1: limita\u00e7\u00f5es de treinamento relacionados ao musculoesquel\u00e9tico.<br \/>\nUnidade 2: hipertrofia muscular.<\/p>\n<p>M\u00d3DULO 4: a an\u00e1lise das propriedades musculares relacionadas ao esporte.<br \/>\nUnidade 1: eletromiografia de superf\u00edcie.<br \/>\nUnidade 2: A tensiomiografia (TMG).<\/p>\n"}],"aprende_a":[{"item_aprende_a":"Planejar a avalia\u00e7\u00e3o, analisando v\u00e1rias habilidades motoras e obtendo crit\u00e9rios que ser\u00e3o considerados no contexto do processo de treinamento.\r\n"},{"item_aprende_a":"Desenvolver e analisar programas de treinamento de for\u00e7a em esportes de equipe.\r\n"},{"item_aprende_a":"Propor estrat\u00e9gias preventivas eficientes baseadas em um processo fundamentado em evid\u00eancias cient\u00edficas.\r\n"},{"item_aprende_a":"Desenvolver processos de treinamento em esportes de equipe, aplicando as metodologias propostas e com base nas exig\u00eancias f\u00edsicas e fisiol\u00f3gicas da modalidade de esporte escolhida.\r\n"},{"item_aprende_a":"Gerenciar as in\u00fameras ferramentas e vari\u00e1veis de monitoramento de treinamento.\r\n"},{"item_aprende_a":"Obter uma vis\u00e3o hol\u00edstica do mundo do esporte com o objetivo de trabalhar na preven\u00e7\u00e3o de situa\u00e7\u00f5es de risco, atrav\u00e9s do conhecimento do contexto e de astros das diferentes \u00e1reas do esporte.\r\n"},{"item_aprende_a":"Utilizar o conhecimento da nutri\u00e7\u00e3o esportiva de acordo com as exig\u00eancias e necessidades das diferentes formas de atividade f\u00edsica.\r\n"},{"item_aprende_a":"Analisar os dados sobre o monitoramento das cargas de trabalho com o objetivo de orientar processos de treinamento para prevenir les\u00f5es e o consequente aumento do desempenho esportivo.\r\n"},{"item_aprende_a":"Melhorar a an\u00e1lise cr\u00edtica ao realizar um programa de treinamento nos diferentes papeis profissionais relacionados \u00e0 ci\u00eancias do esporte e da sa\u00fade."}],"preguntas_frecuentes":false,"contenidistas":false,"docentes_expertos":[{"foto":"https:\/\/static.capabiliaserver.com\/frontend\/clients\/barca\/wp_prod\/wp-content\/uploads\/2021\/04\/6ca11a55-paco-seirul-lo-1.jpg","nombre_del_docente":"Paco Seirul\u00b7lo Vargas","descripcion_del_docente":"Respons\u00e1vel pela \u00e1rea de metodologias do FC Barcelona.","enlace":""},{"foto":"https:\/\/static.capabiliaserver.com\/frontend\/clients\/barca\/wp_prod\/wp-content\/uploads\/2021\/04\/e65e5e11-david-casamichana.jpg","nombre_del_docente":"David Casamichana G\u00f3mez","descripcion_del_docente":"Doutor em Ci\u00eancias da atividade f\u00edsica e do esporte. Preparador f\u00edsico de futebol. Professor universit\u00e1rio e pesquisador.","enlace":""},{"foto":"https:\/\/static.capabiliaserver.com\/frontend\/clients\/barca\/wp_prod\/wp-content\/uploads\/2021\/04\/2e8378f3-ana_merayo.png","nombre_del_docente":"Ana Merayo Garc\u00eda","descripcion_del_docente":"Psic\u00f3loga esportiva. Professora. Coordenadora do Servi\u00e7o de atendimento integral ao atleta (SAIE) da Masia 360, FC Barcelona.","enlace":""},{"foto":"https:\/\/static.capabiliaserver.com\/frontend\/clients\/barca\/wp_prod\/wp-content\/uploads\/2021\/04\/379a7fdf-antonia-lizarraga.png","nombre_del_docente":"Antonia Lizarraga","descripcion_del_docente":"Respons\u00e1vel pela \u00e1rea de nutri\u00e7\u00e3o esportiva do FC Barcelona.","enlace":""},{"foto":"https:\/\/static.capabiliaserver.com\/frontend\/clients\/barca\/wp_prod\/wp-content\/uploads\/2021\/04\/d70b12f8-dani_romero.png","nombre_del_docente":"Daniel Romero Rodriguez","descripcion_del_docente":"Preparador f\u00edsico de for\u00e7a do juvenil A do FC Barcelona.","enlace":""},{"foto":"https:\/\/barcanew.capabiliaserver.com\/wp-content\/uploads\/2020\/02\/9c4adc5b-francesc-cos-2.jpg","nombre_del_docente":"Francesc Cos","descripcion_del_docente":"Ex-Chefe do Treino de For\u00e7a da primeira equipa de futebol do FC Barcelona (2004-2016). Ex-Diretor da \u00e1rea de Rendimento Desportivo do Bar\u00e7a Innovation Hub (2016-2018). Atualmente Treinador F\u00edsico do Manchester City.","enlace":""}],"imagen_destacada":"https:\/\/barcanew.capabiliaserver.com\/wp-content\/uploads\/2021\/04\/e69805c5-professional-diploma-in-training-for-team-sports_-2.jpg","slidebox":false,"titulo_seccion_testimonios":"","slider_testimonios":false,"imagen_de_fondo_testimonios":false,"color_de_fondo_testimonios":"","activar_banner_1":false,"banner_1":false,"activar_banner_2":false,"banner_2":false,"activar_banner_3":false,"banner_3":false,"segunda_fecha_de_inicio":"","zona_horaria":"Europe\/Madrid","activar_nuevos_banners":false,"mostrar_banner_1":false,"crear_banner_1":{"utilizar_imagen_unica_para_banner":false,"asignar_imagen_unica_para_banner":false,"mostrar_titulo_banner":false,"titulo_para_banner":"","mostrar_subtitulo_banner":false,"subtitulo_del_banner":"","mostrar_cta_banner":false,"texto_cta_banner":"","url_cta_banner":"","fondo_de_color_banner":"","fondo_de_imagen_banner":false,"mostrar_imagen_izquierda_banner":false,"asignar_imagen_izquierda_banner":false},"mostrar_banner_2":false,"crear_banner_2":{"utilizar_imagen_unica_para_banner":false,"asignar_imagen_unica_para_banner":false,"mostrar_titulo_banner":false,"titulo_para_banner":"","mostrar_subtitulo_banner":false,"subtitulo_del_banner":"","mostrar_cta_banner":false,"texto_cta_banner":"","url_cta_banner":"","fondo_de_color_banner":"","fondo_de_imagen_banner":false,"mostrar_imagen_izquierda_banner":false,"asignar_imagen_izquierda_banner":false},"mostrar_banner_3":false,"crear_banner_3":{"utilizar_imagen_unica_para_banner":false,"asignar_imagen_unica_para_banner":false,"mostrar_titulo_banner":false,"titulo_para_banner":"","mostrar_subtitulo_banner":false,"subtitulo_del_banner":"","mostrar_cta_banner":false,"texto_cta_banner":"","url_cta_banner":"","fondo_de_color_banner":"","fondo_de_imagen_banner":false,"mostrar_imagen_izquierda_banner":false,"asignar_imagen_izquierda_banner":false},"activar_hero_video":false,"video_texto":"","video_header":false,"pdf_brochure_link_drive":"https:\/\/drive.google.com\/uc?id=1AhXP1yTbCxPI3uScXxg4Y6nAhbWIGhG9&export=download"},"idiomas":{"en":87756,"es":87761,"ar":87757,"ca":87758,"ru":87760,"pt":87759},"_links":{"self":[{"href":"https:\/\/barcanew.capabiliaserver.com\/pt\/wp-json\/wp\/v2\/products\/87759"}],"collection":[{"href":"https:\/\/barcanew.capabiliaserver.com\/pt\/wp-json\/wp\/v2\/products"}],"about":[{"href":"https:\/\/barcanew.capabiliaserver.com\/pt\/wp-json\/wp\/v2\/types\/product"}],"author":[{"embeddable":true,"href":"https:\/\/barcanew.capabiliaserver.com\/pt\/wp-json\/wp\/v2\/users\/16"}],"replies":[{"embeddable":true,"href":"https:\/\/barcanew.capabiliaserver.com\/pt\/wp-json\/wp\/v2\/comments?post=87759"}],"version-history":[{"count":5,"href":"https:\/\/barcanew.capabiliaserver.com\/pt\/wp-json\/wp\/v2\/products\/87759\/revisions"}],"predecessor-version":[{"id":135224,"href":"https:\/\/barcanew.capabiliaserver.com\/pt\/wp-json\/wp\/v2\/products\/87759\/revisions\/135224"}],"wp:attachment":[{"href":"https:\/\/barcanew.capabiliaserver.com\/pt\/wp-json\/wp\/v2\/media?parent=87759"}],"wp:term":[{"taxonomy":"category","embeddable":true,"href":"https:\/\/barcanew.capabiliaserver.com\/pt\/wp-json\/wp\/v2\/categories?post=87759"}],"curies":[{"name":"wp","href":"https:\/\/api.w.org\/{rel}","templated":true}]}}