{"id":87737,"date":"2021-04-10T20:44:41","date_gmt":"2021-04-10T23:44:41","guid":{"rendered":"https:\/\/barcanew.capabiliaserver.com\/?post_type=product&#038;p=87737"},"modified":"2022-10-14T14:56:58","modified_gmt":"2022-10-14T17:56:58","slug":"programa-especializado-em-lesoes-em-esportes-coletivos","status":"publish","type":"product","link":"https:\/\/barcanew.capabiliaserver.com\/pt\/product\/programa-especializado-em-lesoes-em-esportes-coletivos\/","title":{"rendered":"Programa Especializado em Les\u00f5es em Esportes Coletivos"},"content":{"rendered":"<p>contenido<\/p>\n","protected":false},"excerpt":{"rendered":"<p>excerpt<\/p>\n","protected":false},"author":16,"featured_media":0,"comment_status":"open","ping_status":"closed","template":"","meta":{"_acf_changed":false,"footnotes":""},"categories":[113],"acf":{"titulo_incentivo":"Programa Especializado em Les\u00f5es em Esportes Coletivos","fecha_de_inicio":"10062021","contenido":"<p>Este programa permite aprofundar sobre o papel do treino de for\u00e7a tanto no rendimento quanto na redu\u00e7\u00e3o do risco de les\u00e3o, incluindo a abordagem e compreens\u00e3o do processamento central do movimento volunt\u00e1rio no atleta.<\/p>\n","cursos_que_lo_componen":[{"nombre_del_curso":"Preven\u00e7ao de Les\u00f5es","descripcion_del_curso":"<p>M\u00d3DULO 1: CONCEITOS B\u00c1SICOS EM EPIDEMIOLOGIA E PREVEN\u00c7\u00c3O DE LES\u00d5ES<br \/>\nM\u00d3DULO 2: PREVEN\u00c7\u00c3O DE LES\u00d5ES MUSCULARES<br \/>\nM\u00d3DULO 3: PREVEN\u00c7\u00c3O DE LES\u00d5ES ARTICULAT\u00d3RIAS<br \/>\nM\u00d3DULO 4: LEITURA INTEGRATIVA<\/p>\n"},{"nombre_del_curso":"Patologias em Esportes Colectivos","descripcion_del_curso":"<p>M\u00d3DULO 1: Gest\u00e3o da patologia m\u00e9dica 1<br \/>\nM\u00d3DULO 2: Gest\u00e3o da patologia m\u00e9dica 2<br \/>\nM\u00d3DULO 3: Patologias espec\u00edficas por esporte<br \/>\nM\u00d3DULO 4: Esportes e competi\u00e7\u00f5es especiais<\/p>\n"},{"nombre_del_curso":"Bases neuromusculares no treinamento da for\u00e7a","descripcion_del_curso":"<p>M\u00d3DULO 1: Caracter\u00edsticas do sistema m\u00fasculo-esquel\u00e9tico.<br \/>\nM\u00d3DULO 2: As a\u00e7\u00f5es musculares e sua rela\u00e7\u00e3o com o esporte.<br \/>\nM\u00d3DULO 3: Mudan\u00e7as sist\u00eamicas no destreinamento e na imobiliza\u00e7\u00e3o.<br \/>\nM\u00d3DULO 4: A avalia\u00e7\u00e3o das propriedades musculares com rela\u00e7\u00e3o ao esporte. <\/p>\n"},{"nombre_del_curso":"Processamento Central do Movimento Volunt\u00e1rio","descripcion_del_curso":"<p>M\u00d3DULO 1: A l\u00f3gica das fun\u00e7\u00f5es motoras e da tomada de decis\u00e3o<br \/>\nM\u00d3DULO 2: Treinamento em decis\u00e3o<br \/>\nM\u00d3DULO 3: Programa\u00e7\u00e3o neuromotora<br \/>\nM\u00d3DULO 4: Leitura integrativa<\/p>\n"},{"nombre_del_curso":"A for\u00e7a e a pot\u00eancia muscular como qualidade chave na readapta\u00e7\u00e3o das les\u00f5es esportivas","descripcion_del_curso":"<p>M\u00d3DULO 1: Estudo da les\u00e3o no esporte: os mecanismos lesivos e os fatores de risco de les\u00e3o associados.<br \/>\nM\u00d3DULO 2: As les\u00f5es esportivas e sua rela\u00e7\u00e3o com a qualidade de for\u00e7a.<br \/>\nM\u00d3DULO 3: Manifesta\u00e7\u00f5es da for\u00e7a e da pot\u00eancia muscular no processo de readapta\u00e7\u00e3o p\u00f3s-les\u00e3o.<br \/>\nM\u00d3DULO 4: Novos paradigmas no treinamento da for\u00e7a: muscula\u00e7\u00e3o mediante oclus\u00e3o vascular. <\/p>\n"}],"aprende_a":[{"item_aprende_a":"Apresentar estrat\u00e9gias preventivas efetivas baseadas em um processo sustentado na evid\u00eancia cient\u00edfica."},{"item_aprende_a":"Controlar as patologias e les\u00f5es diferenciadas por esporte."},{"item_aprende_a":"Melhorar a an\u00e1lise cr\u00edtica ao realizar um programa de treinamento nos diferentes pap\u00e9is profissionais relacionados \u00e0s ci\u00eancias do esporte e da sa\u00fade."},{"item_aprende_a":"Determinar de que maneira o sistema nervoso central influi no movimento humano e como a capacidade de tomar decis\u00f5es pode ser moldada para o movimento."},{"item_aprende_a":"Aplicar a metodologia adequada na elabora\u00e7\u00e3o do processo de readapta\u00e7\u00e3o p\u00f3s-les\u00e3o naquelas afec\u00e7\u00f5es em que o desenvolvimento da for\u00e7a tiver um marcado protagonismo."}],"preguntas_frecuentes":false,"contenidistas":false,"docentes_expertos":[{"foto":"https:\/\/static.capabiliaserver.com\/frontend\/clients\/barca\/wp_prod\/wp-content\/uploads\/2021\/12\/dd9b8a1f-paco-seirul-lo.jpg","nombre_del_docente":"Paco Seirul\u00b7lo Vargas","descripcion_del_docente":"Respons\u00e1vel pela \u00e1rea de metodologia do FC Barcelona.","enlace":""},{"foto":"https:\/\/barcanew.capabiliaserver.com\/wp-content\/uploads\/2020\/02\/9c4adc5b-francesc-cos-2.jpg","nombre_del_docente":"Francesc Cos","descripcion_del_docente":"Ex-Chefe do Treino de For\u00e7a da primeira equipa de futebol do FC Barcelona (2004-2016). Ex-Diretor da \u00e1rea de Rendimento Desportivo do Bar\u00e7a Innovation Hub (2016-2018). Atualmente Treinador F\u00edsico do Manchester City.","enlace":""},{"foto":"https:\/\/static.capabiliaserver.com\/frontend\/clients\/barca\/wp_prod\/wp-content\/uploads\/2021\/12\/7d6d5083-gil_rodas_font_bis.jpg","nombre_del_docente":"Gil Rodas Font","descripcion_del_docente":"Doutor em Medicina e Cirurgia. Especialista em Medicina da Educa\u00e7\u00e3o F\u00edsica e do Esporte. Respons\u00e1vel pela \u00e1rea de Servi\u00e7os M\u00e9dicos do Bar\u00e7a Innovation Hub.","enlace":""},{"foto":"https:\/\/static.capabiliaserver.com\/frontend\/clients\/barca\/wp_prod\/wp-content\/uploads\/2022\/06\/20128f91-dani_romero.png","nombre_del_docente":"Daniel Romero Rodriguez","descripcion_del_docente":"Preparador f\u00edsico do primeiro time de futebol do FC Barcelona.","enlace":""}],"slider_testimonios":false,"segunda_fecha_de_inicio":"","zona_horaria":"Europe\/Madrid","external_id":"1413","precio":"750","hubspot_product_id":"703324474","imagen_destacada":"https:\/\/barcanew.capabiliaserver.com\/wp-content\/uploads\/2021\/04\/87a1be13-specialized-program-in-team-sports-injuries_.jpg","titulo_curso":"Programa Especializado en Lesiones en Deportes de Equipo - Carrusel","impartido_en":"Portugues","producto_path":false,"id_magento":"380","header_image":133450,"column_title":"","precio_en_cuotas":"5 pagamentos mensais de 150 euros","precio_de_lista":"","mostrar_form":false,"promocion_vigente":"","duracion_del_curso":"5 meses","nivel_del_curso":"introdut\u00f3rio","modalidad_cursado":"Online","ocultar_video":true,"url_video":"","avalado_por":false,"pdf_brochure":"https:\/\/static.capabiliaserver.com\/frontend\/clients\/barca\/wp_prod\/wp-content\/uploads\/2021\/04\/5247deab-programa-especializado-em-lesoes-em-esportes-coletivos.pdf","slidebox":false,"titulo_seccion_testimonios":"","imagen_de_fondo_testimonios":false,"color_de_fondo_testimonios":"","crear_banner_3":{"utilizar_imagen_unica_para_banner":false,"asignar_imagen_unica_para_banner":false,"mostrar_titulo_banner":false,"titulo_para_banner":"","mostrar_subtitulo_banner":false,"subtitulo_del_banner":"","mostrar_cta_banner":false,"texto_cta_banner":"","url_cta_banner":"","fondo_de_color_banner":"","fondo_de_imagen_banner":false,"mostrar_imagen_izquierda_banner":false,"asignar_imagen_izquierda_banner":false},"activar_banner_1":false,"banner_1":false,"activar_banner_2":false,"banner_2":false,"activar_banner_3":false,"banner_3":false,"activar_nuevos_banners":false,"mostrar_banner_1":false,"crear_banner_1":{"utilizar_imagen_unica_para_banner":false,"asignar_imagen_unica_para_banner":false,"mostrar_titulo_banner":false,"titulo_para_banner":"","mostrar_subtitulo_banner":false,"subtitulo_del_banner":"","mostrar_cta_banner":false,"texto_cta_banner":"","url_cta_banner":"","fondo_de_color_banner":"","fondo_de_imagen_banner":false,"mostrar_imagen_izquierda_banner":false,"asignar_imagen_izquierda_banner":false},"mostrar_banner_2":false,"crear_banner_2":{"utilizar_imagen_unica_para_banner":false,"asignar_imagen_unica_para_banner":false,"mostrar_titulo_banner":false,"titulo_para_banner":"","mostrar_subtitulo_banner":false,"subtitulo_del_banner":"","mostrar_cta_banner":false,"texto_cta_banner":"","url_cta_banner":"","fondo_de_color_banner":"","fondo_de_imagen_banner":false,"mostrar_imagen_izquierda_banner":false,"asignar_imagen_izquierda_banner":false},"mostrar_banner_3":false,"activar_hero_video":false,"video_texto":"","video_header":false,"url_cursado_webinar":"","pdf_brochure_link_drive":"https:\/\/drive.google.com\/uc?id=1IlSQauoRIRPFL0tdWV7__PGSM1x5jZsH&export=download"},"idiomas":{"en":87734,"es":87739,"ar":87735,"ca":87736,"ru":87738,"pt":87737},"_links":{"self":[{"href":"https:\/\/barcanew.capabiliaserver.com\/pt\/wp-json\/wp\/v2\/products\/87737"}],"collection":[{"href":"https:\/\/barcanew.capabiliaserver.com\/pt\/wp-json\/wp\/v2\/products"}],"about":[{"href":"https:\/\/barcanew.capabiliaserver.com\/pt\/wp-json\/wp\/v2\/types\/product"}],"author":[{"embeddable":true,"href":"https:\/\/barcanew.capabiliaserver.com\/pt\/wp-json\/wp\/v2\/users\/16"}],"replies":[{"embeddable":true,"href":"https:\/\/barcanew.capabiliaserver.com\/pt\/wp-json\/wp\/v2\/comments?post=87737"}],"version-history":[{"count":5,"href":"https:\/\/barcanew.capabiliaserver.com\/pt\/wp-json\/wp\/v2\/products\/87737\/revisions"}],"predecessor-version":[{"id":133789,"href":"https:\/\/barcanew.capabiliaserver.com\/pt\/wp-json\/wp\/v2\/products\/87737\/revisions\/133789"}],"wp:attachment":[{"href":"https:\/\/barcanew.capabiliaserver.com\/pt\/wp-json\/wp\/v2\/media?parent=87737"}],"wp:term":[{"taxonomy":"category","embeddable":true,"href":"https:\/\/barcanew.capabiliaserver.com\/pt\/wp-json\/wp\/v2\/categories?post=87737"}],"curies":[{"name":"wp","href":"https:\/\/api.w.org\/{rel}","templated":true}]}}