{"id":87712,"date":"2021-04-09T19:16:22","date_gmt":"2021-04-09T22:16:22","guid":{"rendered":"https:\/\/barcanew.capabiliaserver.com\/?post_type=product&#038;p=87712"},"modified":"2022-11-04T11:18:05","modified_gmt":"2022-11-04T14:18:05","slug":"programa-avancado-em-gestao-de-lesoes-em-esportes-coletivos","status":"publish","type":"product","link":"https:\/\/barcanew.capabiliaserver.com\/pt\/product\/programa-avancado-em-gestao-de-lesoes-em-esportes-coletivos\/","title":{"rendered":"Programa Avan\u00e7ado em Gest\u00e3o de Les\u00f5es em Esportes Coletivos"},"content":{"rendered":"<p>contenido<\/p>\n\n\n<p><\/p>\n","protected":false},"excerpt":{"rendered":"<p>excerpt<\/p>\n","protected":false},"author":16,"featured_media":0,"comment_status":"open","ping_status":"closed","template":"","meta":{"_acf_changed":false,"footnotes":""},"categories":[113],"acf":{"titulo_incentivo":"Programa Avan\u00e7ado em Gest\u00e3o de Les\u00f5es em Esportes Coletivos","fecha_de_inicio":"10072022","contenido":"<p><span data-sheets-value=\"{&quot;1&quot;:2,&quot;2&quot;:&quot;Atrav\u00e9s do entendimento do controle de carga e preven\u00e7\u00e3o de les\u00f5es, este programa aborda de forma\\nabrangente os fundamentos que sustentam a for\u00e7a como qualidade para reduzir o risco de les\u00e3o, e a\\npartir da\u00ed gerenciar o uso correto da carga de treino no campo.&quot;}\" data-sheets-userformat=\"{&quot;2&quot;:899,&quot;3&quot;:{&quot;1&quot;:0},&quot;4&quot;:{&quot;1&quot;:2,&quot;2&quot;:16776960},&quot;10&quot;:0,&quot;11&quot;:4,&quot;12&quot;:0}\">Atrav\u00e9s do entendimento do controle de carga e preven\u00e7\u00e3o de les\u00f5es, este programa aborda de forma abrangente os fundamentos que sustentam a for\u00e7a como qualidade para reduzir o risco de les\u00e3o, e a partir da\u00ed gerenciar o uso correto da carga de treino no campo.<\/span><\/p>\n","cursos_que_lo_componen":[{"nombre_del_curso":"Preven\u00e7\u00e3o de les\u00f5es","descripcion_del_curso":"<p>M\u00f3dulo 1: Conceitos b\u00e1sicos em epidemiologia e preven\u00e7\u00e3o de les\u00f5es<br \/>\nM\u00f3dulo 2: Preven\u00e7\u00e3o de les\u00f5es musculares<br \/>\nM\u00f3dulo 3: Preven\u00e7\u00e3o de les\u00f5es articulat\u00f3rias<br \/>\nM\u00f3dulo 4: Leitura integrativa<\/p>\n"},{"nombre_del_curso":"Patologia em Esportes Coletivos","descripcion_del_curso":"<p>M\u00f3dulo 1: Gest\u00e3o da patologia m\u00e9dica 1<br \/>\nM\u00f3dulo 2: Gest\u00e3o da patologia m\u00e9dica 2<br \/>\nM\u00f3dulo 3: Patologias espec\u00edficas por esporte<br \/>\nM\u00f3dulo 4: Esportes individuais e competi\u00e7\u00f5es especiais <\/p>\n"},{"nombre_del_curso":"Bases neuromusculares no treinamento da for\u00e7a","descripcion_del_curso":"<p>M\u00f3dulo 1: Caracter\u00edsticas do sistema m\u00fasculo-esquel\u00e9tico.<br \/>\nM\u00f3dulo 2: As a\u00e7\u00f5es musculares e sua rela\u00e7\u00e3o com o esporte.<br \/>\nM\u00f3dulo 3: Mudan\u00e7as sist\u00eamicas no destreinamento e na imobiliza\u00e7\u00e3o.<br \/>\nM\u00f3dulo 4: A avalia\u00e7\u00e3o das propriedades musculares com rela\u00e7\u00e3o ao esporte. <\/p>\n"},{"nombre_del_curso":"Metodologia do treinamento da for\u00e7a: aplica\u00e7\u00e3o na melhoria do desempenho esportivo e na readapta\u00e7\u00e3o p\u00f3s-les\u00e3o para a competi\u00e7\u00e3o","descripcion_del_curso":"<p>M\u00f3dulo 1: Contextualiza\u00e7\u00e3o: como adaptamos o treinamento de for\u00e7a aos esportes coletivos?<br \/>\nM\u00f3dulo 2: Metodologia do trabalho de for\u00e7a no esporte de situa\u00e7\u00e3o.<br \/>\nM\u00f3dulo 3: Integra\u00e7\u00e3o do trabalho de for\u00e7a no planejamento e na programa\u00e7\u00e3o dos esportes de situa\u00e7\u00e3o.<br \/>\nM\u00f3dulo 4: A for\u00e7a na elabora\u00e7\u00e3o de tarefas espec\u00edficas do esporte. exemplifica\u00e7\u00e3o no futebol. <\/p>\n"},{"nombre_del_curso":"A for\u00e7a e a pot\u00eancia muscular como qualidade chave na readapta\u00e7\u00e3o das les\u00f5es esportivas","descripcion_del_curso":"<p>M\u00f3dulo 1: Estudo da les\u00e3o no esporte: os mecanismos lesivos e os fatores de risco de les\u00e3o associados.<br \/>\nM\u00f3dulo 2: As les\u00f5es esportivas e sua rela\u00e7\u00e3o com a qualidade de for\u00e7a.<br \/>\nM\u00f3dulo 3: Manifesta\u00e7\u00f5es da for\u00e7a e da pot\u00eancia muscular no processo de readapta\u00e7\u00e3o p\u00f3s-les\u00e3o.<br \/>\nM\u00f3dulo 4: novos paradigmas no treinamento da for\u00e7a: muscula\u00e7\u00e3o mediante oclus\u00e3o vascular. <\/p>\n"},{"nombre_del_curso":"Indicadores para a Gest\u00e3o da Carga de Treinamento","descripcion_del_curso":"<p>M\u00d3DULO 1: Mudan\u00e7as semanais<br \/>\nMO\u0301DULO 2: Coeficiente de carga aguda cr\u00f4nica: conceito e procedimento de c\u00e1lculo<br \/>\nMO\u0301DULO 3: Coeficiente de carga aguda cr\u00f4nica: aplica\u00e7\u00f5es e limita\u00e7\u00f5es<br \/>\nMO\u0301DULO 4: Moderadores e mediadores da carga de treinamento<\/p>\n"},{"nombre_del_curso":"Escolha de Vari\u00e1veis: Estamos repetindo informa\u00e7\u00e3o ou fornecendo informa\u00e7\u00e3o adicional?","descripcion_del_curso":"<p>M\u00d3DULO 1: Rela\u00e7\u00e3o entre vari\u00e1veis de carga interna entre si o com vari\u00e1veis de carga externa<br \/>\nMO\u0301DULO 2: Rela\u00e7\u00e3o entre vari\u00e1veis de carga externa<br \/>\nMO\u0301DULO 3: Integra\u00e7\u00e3o de medidas. I\u0301ndice de efici\u00eancia<br \/>\nMO\u0301DULO 4: Escolha de vari\u00e1veis<\/p>\n"}],"aprende_a":[{"item_aprende_a":"Apresentar estrat\u00e9gias preventivas efetivas baseadas em um processo sustentado na evid\u00eancia cient\u00edfica."},{"item_aprende_a":"Controlar as patologias e les\u00f5es diferenciadas por esporte."},{"item_aprende_a":"Melhorar a an\u00e1lise cr\u00edtica ao realizar um programa de treinamento nos diferentes pap\u00e9is profissionais relacionados \u00e0s ci\u00eancias do esporte e da sa\u00fade."},{"item_aprende_a":"Melhorar o desempenho esportivo e a preven\u00e7\u00e3o de les\u00f5es a partir de um conhecimento profundo sobre a metodologia a ser aplicada nos programas de treinamento da for\u00e7a e da pot\u00eancia muscular."},{"item_aprende_a":"Aplicar a metodologia adequada na elabora\u00e7\u00e3o do processo de readapta\u00e7\u00e3o p\u00f3s-les\u00e3o naquelas afec\u00e7\u00f5es em que o desenvolvimento da for\u00e7a tiver um marcado protagonismo."},{"item_aprende_a":"Analisar os dados de monitoriza\u00e7\u00e3o da carga de trabalho para orientar o processo de treino em dire\u00e7\u00e3o \u00e0 preven\u00e7\u00e3o de les\u00f5es e consequente aumento do desempenho desportivo."}],"preguntas_frecuentes":false,"contenidistas":false,"docentes_expertos":[{"foto":"https:\/\/static.capabiliaserver.com\/frontend\/clients\/barca\/wp_prod\/wp-content\/uploads\/2021\/12\/dd9b8a1f-paco-seirul-lo.jpg","nombre_del_docente":"Paco Seirul\u00b7lo Vargas","descripcion_del_docente":"Respons\u00e1vel pela \u00e1rea de metodologia do FC Barcelona.","enlace":""},{"foto":"https:\/\/static.capabiliaserver.com\/frontend\/clients\/barca\/wp_prod\/wp-content\/uploads\/2021\/12\/7d6d5083-gil_rodas_font_bis.jpg","nombre_del_docente":"Gil Rodas Font","descripcion_del_docente":"Doutor em Medicina e Cirurgia. Especialista em Medicina da Educa\u00e7\u00e3o F\u00edsica e do Esporte. Respons\u00e1vel pela \u00e1rea de Servi\u00e7os M\u00e9dicos do Bar\u00e7a Innovation Hub.","enlace":""},{"foto":"https:\/\/static.capabiliaserver.com\/frontend\/clients\/barca\/wp_prod\/wp-content\/uploads\/2022\/06\/20128f91-dani_romero.png","nombre_del_docente":"Daniel Romero Rodriguez","descripcion_del_docente":"Preparador f\u00edsico do primeiro time de futebol do FC Barcelona.","enlace":""},{"foto":"https:\/\/barcanew.capabiliaserver.com\/wp-content\/uploads\/2020\/02\/9c4adc5b-francesc-cos-2.jpg","nombre_del_docente":"Francesc Cos","descripcion_del_docente":"Ex-Chefe do Treino de For\u00e7a da primeira equipa de futebol do FC Barcelona (2004-2016). Ex-Diretor da \u00e1rea de Rendimento Desportivo do Bar\u00e7a Innovation Hub (2016-2018). Atualmente Treinador F\u00edsico do Manchester City.","enlace":""},{"foto":"https:\/\/barcanew.capabiliaserver.com\/wp-content\/uploads\/2019\/01\/469f2a42-david-casamichana.jpg","nombre_del_docente":"David Casamichana G\u00f3mez","descripcion_del_docente":"Doutor em Ci\u00eancias da Atividade F\u00edsica e do Esporte. Preparador f\u00edsico de futebol. Professor universit\u00e1rio e pesquisador.","enlace":""}],"slider_testimonios":false,"segunda_fecha_de_inicio":"","zona_horaria":"Europe\/Madrid","external_id":"1832","precio":"910","hubspot_product_id":"703324468","imagen_destacada":"https:\/\/barcanew.capabiliaserver.com\/wp-content\/uploads\/2021\/04\/19def8bd-advanced-program-in-injury-management-for-team-sports_.jpg","titulo_curso":"Programa Avanzado en Gesti\u00f3n de Lesiones en Deportes de Equipo - Carrusel","impartido_en":"English","producto_path":false,"id_magento":"379","header_image":134013,"column_title":"","precio_en_cuotas":"7 pagamentos mensais de 130 euros","precio_de_lista":"","mostrar_form":false,"promocion_vigente":"","duracion_del_curso":"7 meses","nivel_del_curso":"introdut\u00f3rio","modalidad_cursado":"Online","ocultar_video":true,"url_video":"","avalado_por":false,"pdf_brochure":"https:\/\/static.capabiliaserver.com\/frontend\/clients\/barca\/wp_prod\/wp-content\/uploads\/2021\/04\/1a30ae54-programa-avancado-em-gestao-de-lesoes-em-esportes-coletivos.pdf","slidebox":false,"titulo_seccion_testimonios":"","imagen_de_fondo_testimonios":false,"color_de_fondo_testimonios":"","crear_banner_3":{"utilizar_imagen_unica_para_banner":false,"asignar_imagen_unica_para_banner":false,"mostrar_titulo_banner":false,"titulo_para_banner":"","mostrar_subtitulo_banner":false,"subtitulo_del_banner":"","mostrar_cta_banner":false,"texto_cta_banner":"","url_cta_banner":"","fondo_de_color_banner":"","fondo_de_imagen_banner":false,"mostrar_imagen_izquierda_banner":false,"asignar_imagen_izquierda_banner":false},"activar_banner_1":false,"banner_1":false,"activar_banner_2":false,"banner_2":false,"activar_banner_3":false,"banner_3":false,"activar_nuevos_banners":false,"mostrar_banner_1":false,"crear_banner_1":{"utilizar_imagen_unica_para_banner":false,"asignar_imagen_unica_para_banner":false,"mostrar_titulo_banner":false,"titulo_para_banner":"","mostrar_subtitulo_banner":false,"subtitulo_del_banner":"","mostrar_cta_banner":false,"texto_cta_banner":"","url_cta_banner":"","fondo_de_color_banner":"","fondo_de_imagen_banner":false,"mostrar_imagen_izquierda_banner":false,"asignar_imagen_izquierda_banner":false},"mostrar_banner_2":false,"crear_banner_2":{"utilizar_imagen_unica_para_banner":false,"asignar_imagen_unica_para_banner":false,"mostrar_titulo_banner":false,"titulo_para_banner":"","mostrar_subtitulo_banner":false,"subtitulo_del_banner":"","mostrar_cta_banner":false,"texto_cta_banner":"","url_cta_banner":"","fondo_de_color_banner":"","fondo_de_imagen_banner":false,"mostrar_imagen_izquierda_banner":false,"asignar_imagen_izquierda_banner":false},"mostrar_banner_3":false,"activar_hero_video":false,"video_texto":"","video_header":false,"pdf_brochure_link_drive":"https:\/\/drive.google.com\/uc?id=15BVhdNZ4rNC06Dmx84Uu_JBXVKnFUbbD&export=download"},"idiomas":{"en":87709,"es":87714,"ar":87710,"ca":87711,"ru":87713,"pt":87712},"_links":{"self":[{"href":"https:\/\/barcanew.capabiliaserver.com\/pt\/wp-json\/wp\/v2\/products\/87712"}],"collection":[{"href":"https:\/\/barcanew.capabiliaserver.com\/pt\/wp-json\/wp\/v2\/products"}],"about":[{"href":"https:\/\/barcanew.capabiliaserver.com\/pt\/wp-json\/wp\/v2\/types\/product"}],"author":[{"embeddable":true,"href":"https:\/\/barcanew.capabiliaserver.com\/pt\/wp-json\/wp\/v2\/users\/16"}],"replies":[{"embeddable":true,"href":"https:\/\/barcanew.capabiliaserver.com\/pt\/wp-json\/wp\/v2\/comments?post=87712"}],"version-history":[{"count":5,"href":"https:\/\/barcanew.capabiliaserver.com\/pt\/wp-json\/wp\/v2\/products\/87712\/revisions"}],"predecessor-version":[{"id":135190,"href":"https:\/\/barcanew.capabiliaserver.com\/pt\/wp-json\/wp\/v2\/products\/87712\/revisions\/135190"}],"wp:attachment":[{"href":"https:\/\/barcanew.capabiliaserver.com\/pt\/wp-json\/wp\/v2\/media?parent=87712"}],"wp:term":[{"taxonomy":"category","embeddable":true,"href":"https:\/\/barcanew.capabiliaserver.com\/pt\/wp-json\/wp\/v2\/categories?post=87712"}],"curies":[{"name":"wp","href":"https:\/\/api.w.org\/{rel}","templated":true}]}}