{"id":87634,"date":"2021-04-10T19:43:51","date_gmt":"2021-04-10T22:43:51","guid":{"rendered":"https:\/\/barcanew.capabiliaserver.com\/?post_type=product&#038;p=87634"},"modified":"2022-11-04T12:14:45","modified_gmt":"2022-11-04T15:14:45","slug":"programa-especializado-em-gestao-da-carga-de-trabalho","status":"publish","type":"product","link":"https:\/\/barcanew.capabiliaserver.com\/pt\/product\/programa-especializado-em-gestao-da-carga-de-trabalho\/","title":{"rendered":"Programa Especializado em Gest\u00e3o da Carga de Trabalho"},"content":{"rendered":"<p>contenido<\/p>\n","protected":false},"excerpt":{"rendered":"<p>excerpt<\/p>\n","protected":false},"author":16,"featured_media":0,"comment_status":"open","ping_status":"closed","template":"","meta":{"_acf_changed":false,"footnotes":""},"categories":[113],"acf":{"titulo_incentivo":"Programa Especializado em Gest\u00e3o da Carga de Trabalho","fecha_de_inicio":"10062021","contenido":"<p>Este programa aprofunda os conceitos relacionados \u00e0 gest\u00e3o da carga de trabalho em esportes coletivos com foco no futebol, fornecendo ferramentas que permitem aos profissionais abordar seu trabalho com profissionalismo.<\/p>\n","cursos_que_lo_componen":[{"nombre_del_curso":"Ferramentas e Vari\u00e1veis para a Monitora\u00e7\u00e3o da Carga de Treinamento","descripcion_del_curso":"<p>M\u00d3DULO 1: Introdu\u00e7\u00e3o ao controle da carga de treinamento<br \/>\nMO\u0301DULO 2: O ciclo de planejar-intervir-avaliar no processo de treinamento<br \/>\nMO\u0301DULO 3: Ferramentas de controle de carga interna e suas vari\u00e1veis<br \/>\nMO\u0301DULO 4: Ferramentas de controle de carga externa e suas vari\u00e1veis<\/p>\n"},{"nombre_del_curso":"Escolha de Vari\u00e1veis: Estamos Repetindo Informa\u00e7\u00e3o ou Fornecendo Informa\u00e7\u00e3o Adicional? ","descripcion_del_curso":"<p>M\u00d3DULO 1: Rela\u00e7\u00e3o entre vari\u00e1veis de carga externa e interna<br \/>\nMO\u0301DULO 2: Rela\u00e7\u00e3o entre vari\u00e1veis de carga externa<br \/>\nMO\u0301DULO 3: Integra\u00e7\u00e3o de medidas. I\u0301ndice de efici\u00eancia<br \/>\nMO\u0301DULO 4: Escolha de vari\u00e1veis <\/p>\n"},{"nombre_del_curso":"Avalia\u00e7\u00e3o do Treinamento e Gest\u00e3o da Carga de Treinamento ","descripcion_del_curso":"<p>M\u00d3DULO 1: Ana\u0301lise da tarefa de treinamento<br \/>\nMO\u0301DULO 2: Ana\u0301lise da sess\u00e3o e do microciclo de treinamento<br \/>\nMO\u0301DULO 3: Ana\u0301lise do mesociclo de treinamento<br \/>\nMO\u0301DULO 4: Ana\u0301lise de fases temporais amplas de treinamento<\/p>\n"},{"nombre_del_curso":"Indicadores para a Gest\u00e3o da Carga de Treinamento ","descripcion_del_curso":"<p>M\u00d3DULO 1: Mudan\u00e7as semanais<br \/>\nMO\u0301DULO 2: Coeficiente de carga aguda: cr\u00f4nica tradicional<br \/>\nMO\u0301DULO 3: Coeficiente de carga aguda: cr\u00f4nica exponencial<br \/>\nMO\u0301DULO 4: Moduladores e mediadores da carga de treinamento<\/p>\n"},{"nombre_del_curso":"Programa\u00e7\u00e3o de Treinamento e Perfil Fisiol\u00f3gico de Esportes colectivos","descripcion_del_curso":"<p>M\u00d3DULO 1: PERIODIZA\u00c7\u00c3O, PLANIFICA\u00c7\u00c3O E METODOLOGIAS. TEORIAS E NOVOS PARADIGMAS<br \/>\nM\u00d3DULO 2: TEMPORADA ESPORTIVA<br \/>\nM\u00d3DULO 3: CARACTERIZA\u00c7\u00c3O DOS ESPORTES COLETIVOS COM ENFOQUE NO FUTEBOL. AN\u00c1LISE DE DEMANDAS F\u00cdSICAS<br \/>\nM\u00d3DULO 4: M\u00d3DULO INTEGRADOR<\/p>\n"}],"aprende_a":[{"item_aprende_a":"Usar as diferentes ferramentas e vari\u00e1veis da monitora\u00e7\u00e3o do treinamento."},{"item_aprende_a":"Selecionar as vari\u00e1veis adequadas em fun\u00e7\u00e3o dos diferentes objetivos desejados dentro do controle de carga de treinamento e competi\u00e7\u00e3o."},{"item_aprende_a":"Utilizar os dados fornecidos pelo controle da carga para avaliar e gerenciar o processo."},{"item_aprende_a":"Detectar e utilizar de maneira adequada os indicadores mais relevantes da carga de treinamento."},{"item_aprende_a":"Analisar os dados de monitoriza\u00e7\u00e3o da carga de trabalho para orientar o processo de treino em dire\u00e7\u00e3o \u00e0 preven\u00e7\u00e3o de les\u00f5es e consequente aumento do desempenho desportivo."}],"preguntas_frecuentes":false,"contenidistas":false,"docentes_expertos":[{"foto":"https:\/\/static.capabiliaserver.com\/frontend\/clients\/barca\/wp_prod\/wp-content\/uploads\/2021\/04\/e65e5e11-david-casamichana.jpg","nombre_del_docente":"David Casamichana G\u00f3mez","descripcion_del_docente":"Doutor em Ci\u00eancias da Atividade F\u00edsica e do Esporte. Preparador f\u00edsico de futebol. Professor universit\u00e1rio e pesquisador","enlace":""},{"foto":"https:\/\/static.capabiliaserver.com\/frontend\/clients\/barca\/wp\/wp-content\/uploads\/2018\/12\/Francisco_Paco_Seirul-lo_Vargas-150x150.jpg","nombre_del_docente":"Paco Seirul\u00b7lo Vargas","descripcion_del_docente":"Respons\u00e1vel pela \u00e1rea de metodologia do FC Barcelona.","enlace":""}],"slider_testimonios":false,"segunda_fecha_de_inicio":"","zona_horaria":"Europe\/Madrid","external_id":"1823","precio":"750","imagen_destacada":"https:\/\/barcanew.capabiliaserver.com\/wp-content\/uploads\/2021\/04\/ba42eef5-professional-diploma-in-workload-management_-2.jpg","hubspot_product_id":"703254426","activar_banner_1":false,"banner_1":false,"activar_banner_2":false,"banner_2":false,"activar_banner_3":false,"banner_3":false,"titulo_curso":"Programa Especializado en Gesti\u00f3n de la Carga de Trabajo - Carrusel","impartido_en":"Portugues","producto_path":false,"id_magento":"378","header_image":134495,"column_title":"","precio_en_cuotas":"150","precio_de_lista":"","mostrar_form":false,"promocion_vigente":"","duracion_del_curso":"5 meses","nivel_del_curso":"introdut\u00f3rio","modalidad_cursado":"Online","ocultar_video":true,"url_video":"","avalado_por":false,"pdf_brochure":"https:\/\/static.capabiliaserver.com\/frontend\/clients\/barca\/wp_prod\/wp-content\/uploads\/2021\/04\/5cd6d4a5-especializacao-em-gestao-da-carga-de-trabalho.pdf","slidebox":false,"titulo_seccion_testimonios":"","imagen_de_fondo_testimonios":false,"color_de_fondo_testimonios":"","crear_banner_3":{"utilizar_imagen_unica_para_banner":false,"asignar_imagen_unica_para_banner":false,"mostrar_titulo_banner":false,"titulo_para_banner":"","mostrar_subtitulo_banner":false,"subtitulo_del_banner":"","mostrar_cta_banner":false,"texto_cta_banner":"","url_cta_banner":"","fondo_de_color_banner":"","fondo_de_imagen_banner":false,"mostrar_imagen_izquierda_banner":false,"asignar_imagen_izquierda_banner":false},"activar_nuevos_banners":false,"mostrar_banner_1":false,"crear_banner_1":{"utilizar_imagen_unica_para_banner":false,"asignar_imagen_unica_para_banner":false,"mostrar_titulo_banner":false,"titulo_para_banner":"","mostrar_subtitulo_banner":false,"subtitulo_del_banner":"","mostrar_cta_banner":false,"texto_cta_banner":"","url_cta_banner":"","fondo_de_color_banner":"","fondo_de_imagen_banner":false,"mostrar_imagen_izquierda_banner":false,"asignar_imagen_izquierda_banner":false},"mostrar_banner_2":false,"crear_banner_2":{"utilizar_imagen_unica_para_banner":false,"asignar_imagen_unica_para_banner":false,"mostrar_titulo_banner":false,"titulo_para_banner":"","mostrar_subtitulo_banner":false,"subtitulo_del_banner":"","mostrar_cta_banner":false,"texto_cta_banner":"","url_cta_banner":"","fondo_de_color_banner":"","fondo_de_imagen_banner":false,"mostrar_imagen_izquierda_banner":false,"asignar_imagen_izquierda_banner":false},"mostrar_banner_3":false,"activar_hero_video":false,"video_texto":"","video_header":false,"pdf_brochure_link_drive":"https:\/\/drive.google.com\/uc?id=1Tbd-Km7LX14PHk5CU6g7gZEI-JhBsSKu&export=download"},"idiomas":{"en":87631,"es":87636,"ar":87632,"ca":87633,"ru":87635,"pt":87634},"_links":{"self":[{"href":"https:\/\/barcanew.capabiliaserver.com\/pt\/wp-json\/wp\/v2\/products\/87634"}],"collection":[{"href":"https:\/\/barcanew.capabiliaserver.com\/pt\/wp-json\/wp\/v2\/products"}],"about":[{"href":"https:\/\/barcanew.capabiliaserver.com\/pt\/wp-json\/wp\/v2\/types\/product"}],"author":[{"embeddable":true,"href":"https:\/\/barcanew.capabiliaserver.com\/pt\/wp-json\/wp\/v2\/users\/16"}],"replies":[{"embeddable":true,"href":"https:\/\/barcanew.capabiliaserver.com\/pt\/wp-json\/wp\/v2\/comments?post=87634"}],"version-history":[{"count":5,"href":"https:\/\/barcanew.capabiliaserver.com\/pt\/wp-json\/wp\/v2\/products\/87634\/revisions"}],"predecessor-version":[{"id":135205,"href":"https:\/\/barcanew.capabiliaserver.com\/pt\/wp-json\/wp\/v2\/products\/87634\/revisions\/135205"}],"wp:attachment":[{"href":"https:\/\/barcanew.capabiliaserver.com\/pt\/wp-json\/wp\/v2\/media?parent=87634"}],"wp:term":[{"taxonomy":"category","embeddable":true,"href":"https:\/\/barcanew.capabiliaserver.com\/pt\/wp-json\/wp\/v2\/categories?post=87634"}],"curies":[{"name":"wp","href":"https:\/\/api.w.org\/{rel}","templated":true}]}}