{"id":87613,"date":"2021-04-10T11:13:24","date_gmt":"2021-04-10T14:13:24","guid":{"rendered":"https:\/\/barcanew.capabiliaserver.com\/?post_type=product&#038;p=87613"},"modified":"2022-10-17T11:07:08","modified_gmt":"2022-10-17T14:07:08","slug":"programa-avancado-em-preparacao-fisica","status":"publish","type":"product","link":"https:\/\/barcanew.capabiliaserver.com\/pt\/product\/programa-avancado-em-preparacao-fisica\/","title":{"rendered":"Programa Avan\u00e7ado em Prepara\u00e7\u00e3o F\u00edsica"},"content":{"rendered":"<p>contenido<\/p>\n\n\n<p><\/p>\n","protected":false},"excerpt":{"rendered":"<p>excerpt<\/p>\n","protected":false},"author":16,"featured_media":0,"comment_status":"open","ping_status":"closed","template":"","meta":{"_acf_changed":false,"footnotes":""},"categories":[113],"acf":{"titulo_incentivo":"Programa Avan\u00e7ado em Prepara\u00e7\u00e3o F\u00edsica","fecha_de_inicio":"10062021","contenido":"<p>Este programa Permite aprofundar sobre o papel do treino de for\u00e7a tanto no rendimento quanto na redu\u00e7\u00e3o do risco de les\u00e3o, incluindo a abordagem das novas tecnologias que acompanham o alto rendimento nos esportes, patologias espec\u00edficas para esportes coletivos e competi\u00e7\u00f5es psicol\u00f3gicas que um treinador tem que considerar para ter sua pr\u00e1tica.<\/p>\n<p>&nbsp;<\/p>\n<p><strong>IMPORTANT:<\/strong><\/p>\n<p>If you are or have been a participant in an online program of Bar\u00e7a Innovation Hub Universitas and you are interested in enrolling in this Advanced Program, contact us via CHAT to guide you in the purchase process.<\/p>\n","cursos_que_lo_componen":[{"nombre_del_curso":"Bases neuromusculares no treinamento da for\u00e7a","descripcion_del_curso":"<p>M\u00d3DULO 1: Caracter\u00edsticas do sistema m\u00fasculo-esquel\u00e9tico.<br \/>\nM\u00d3DULO 2: As a\u00e7\u00f5es musculares e sua rela\u00e7\u00e3o com o esporte.<br \/>\nM\u00d3DULO 3: Mudan\u00e7as sist\u00eamicas no destreinamento e na imobiliza\u00e7\u00e3o.<br \/>\nM\u00d3DULO 4: A avalia\u00e7\u00e3o das propriedades musculares com rela\u00e7\u00e3o ao esporte. <\/p>\n"},{"nombre_del_curso":"Metodologia do treinamento da for\u00e7a: aplica\u00e7\u00e3o na melhoria do desempenho esportivo e na readapta\u00e7\u00e3o p\u00f3s-les\u00e3o para a competi\u00e7\u00e3o","descripcion_del_curso":"<p>M\u00d3DULO 1: Contextualiza\u00e7\u00e3o: Como adaptamos o treinamento de for\u00e7a aos esportes coletivos?<br \/>\nM\u00d3DULO 2: Metodologia do trabalho de for\u00e7a no esporte de situa\u00e7\u00e3o.<br \/>\nM\u00d3DULO 3: Integra\u00e7\u00e3o do trabalho de for\u00e7a no planejamento e na programa\u00e7\u00e3o dos esportes de situa\u00e7\u00e3o.<br \/>\nM\u00d3DULO 4: A for\u00e7a na elabora\u00e7\u00e3o de tarefas espec\u00edficas do esporte. Exemplifica\u00e7\u00e3o no futebol. <\/p>\n"},{"nombre_del_curso":"A for\u00e7a e a pot\u00eancia muscular como qualidade chave na readapta\u00e7\u00e3o das les\u00f5es esportivas","descripcion_del_curso":"<p>M\u00d3DULO 1: Estudo da les\u00e3o no esporte: os mecanismos lesivos e os fatores de risco de les\u00e3o associados.<br \/>\nM\u00d3DULO 2: As les\u00f5es esportivas e sua rela\u00e7\u00e3o com a qualidade de for\u00e7a.<br \/>\nM\u00d3DULO 3: Manifesta\u00e7\u00f5es da for\u00e7a e da pot\u00eancia muscular no processo de readapta\u00e7\u00e3o p\u00f3s-les\u00e3o.<br \/>\nM\u00d3DULO 4: Novos paradigmas no treinamento da for\u00e7a: muscula\u00e7\u00e3o mediante oclus\u00e3o vascular. <\/p>\n"},{"nombre_del_curso":"Tecnologia e treinamento da for\u00e7a e da pot\u00eancia muscular","descripcion_del_curso":"<p>M\u00d3DULO 1: Tecnologia, equipamento e treinamento da for\u00e7a de car\u00e1ter geral.<br \/>\nM\u00d3DULO 2: Tecnologia, equipamento e treinamento da for\u00e7a de car\u00e1ter espec\u00edfico com rela\u00e7\u00e3o ao esporte.<br \/>\nM\u00d3DULO 3: Tecnologia na avalia\u00e7\u00e3o da for\u00e7a e da pot\u00eancia muscular.<br \/>\nM\u00d3DULO 4: Tecnologia interativa e treinamento da for\u00e7a. <\/p>\n"},{"nombre_del_curso":"Les\u00f5es e Esportes Coletivos","descripcion_del_curso":"<p>M\u00d3DULO 1: PREVEN\u00c7\u00c3O E REABILITA\u00c7\u00c3O DE LES\u00d5ES<br \/>\nM\u00d3DULO 2: GEST\u00c3O DA LES\u00c3O MUSCULAR E TENDINOPATIA<br \/>\nM\u00d3DULO 3: GEST\u00c3O DA LES\u00c3O ARTICULAR E \u00d3SSEA<br \/>\nM\u00d3DULO 4: TOMADA DE DECIS\u00d5ES E RETORNO \u00c0 COMPETI\u00c7\u00c3O <\/p>\n"},{"nombre_del_curso":"Patologia em Esportes Coletivos","descripcion_del_curso":"<p>M\u00d3DULO 1: GEST\u00c3O DA PATOLOGIA M\u00c9DICA 1<br \/>\nM\u00d3DULO 2: GEST\u00c3O DA PATOLOGIA M\u00c9DICA 2<br \/>\nM\u00d3DULO 3: PATOLOGIAS ESPEC\u00cdFICAS POR ESPORTE<br \/>\nM\u00d3DULO 4: ESPORTES INDIVIDUAIS E COMPETI\u00c7\u00d5ES ESPECIAIS <\/p>\n"},{"nombre_del_curso":"Compet\u00eancias b\u00e1sicas de um treinador","descripcion_del_curso":"<p>M\u00d3DULO 1: Lideran\u00e7a<br \/>\nM\u00d3DULO 2: Ferramentas de comunica\u00e7\u00e3o<br \/>\nM\u00d3DULO 3: Climas motivacionais<br \/>\nM\u00d3DULO 4: O treinador e seu entorno<\/p>\n"}],"aprende_a":[{"item_aprende_a":"Melhorar a an\u00e1lise cr\u00edtica ao realizar um programa de treinamento nos diferentes pap\u00e9is profissionais relacionados \u00e0s ci\u00eancias do esporte e da sa\u00fade. "},{"item_aprende_a":"Melhorar o desempenho esportivo e a preven\u00e7\u00e3o de les\u00f5es a partir de um conhecimento profundo sobre a metodologia a ser aplicada nos programas de treinamento da for\u00e7a e da pot\u00eancia muscular. "},{"item_aprende_a":"Aplicar a metodologia adequada na elabora\u00e7\u00e3o do processo de readapta\u00e7\u00e3o p\u00f3s-les\u00e3o naquelas afec\u00e7\u00f5es em que o desenvolvimento da for\u00e7a tiver um marcado protagonismo. "},{"item_aprende_a":"Conhecer, de maneira transversal, as metodologias emergentes no treinamento da for\u00e7a para poder fazer um aprofundamento a partir de uma base contrastada a partir da ci\u00eancia."},{"item_aprende_a":"Controlar as patologias e les\u00f5es diferenciadas por esporte."},{"item_aprende_a":"Usar as ferramentas apropriadas para o desenvolvimento de uma lideran\u00e7a eficaz na gest\u00e3o de grupos e indiv\u00edduos."},{"item_aprende_a":"Conhecer as caracter\u00edsticas fundamentais tanto de estrat\u00e9gias de preven\u00e7\u00e3o e reabilita\u00e7\u00e3o de les\u00f5es quanto dos diferentes mecanismos lesivos em esportes coletivos."}],"preguntas_frecuentes":false,"contenidistas":false,"docentes_expertos":[{"foto":"https:\/\/static.capabiliaserver.com\/frontend\/clients\/barca\/wp_prod\/wp-content\/uploads\/2021\/12\/b07284de-dani_romero.png","nombre_del_docente":"Daniel Romero Rodriguez","descripcion_del_docente":"Preparador f\u00edsico do primeiro time de futebol do FC Barcelona. ","enlace":""},{"foto":"https:\/\/barcanew.capabiliaserver.com\/wp-content\/uploads\/2020\/02\/9c4adc5b-francesc-cos-2.jpg","nombre_del_docente":"Francesc Cos","descripcion_del_docente":"Ex-Chefe do Treino de For\u00e7a da primeira equipa de futebol do FC Barcelona (2004-2016). Ex-Diretor da \u00e1rea de Rendimento Desportivo do Bar\u00e7a Innovation Hub (2016-2018). Atualmente Treinador F\u00edsico do Manchester City.","enlace":""},{"foto":"https:\/\/static.capabiliaserver.com\/frontend\/clients\/barca\/wp_prod\/wp-content\/uploads\/2021\/04\/a2db0e56-gil_rodas_font_bis.jpg","nombre_del_docente":"Gil Rodas Font","descripcion_del_docente":"Doutor em Medicina e Cirurgia. Especialista em Medicina da Educa\u00e7\u00e3o F\u00edsica e do Esporte. Respons\u00e1vel pela \u00e1rea de Servi\u00e7os M\u00e9dicos do Bar\u00e7a Innovation Hub","enlace":""},{"foto":"https:\/\/static.capabiliaserver.com\/frontend\/clients\/barca\/wp_prod\/wp-content\/uploads\/2021\/12\/fe7bc511-ana_merayo.png","nombre_del_docente":"Ana Merayo Garc\u00eda","descripcion_del_docente":"Psic\u00f3loga esportiva. Professora Coordenadora do SAIE (Servi\u00e7o de Aten\u00e7\u00e3o Integral ao Atleta) de Masia 360, FC Barcelona.","enlace":""}],"slider_testimonios":false,"segunda_fecha_de_inicio":"","zona_horaria":"Europe\/Madrid","external_id":"1410","precio":"910","hubspot_product_id":"703254199","titulo_curso":"Programa Avanzado en Preparaci\u00f3n F\u00edsica - Carrusel","impartido_en":"Portugues","producto_path":false,"id_magento":"377","header_image":134039,"column_title":"","precio_en_cuotas":"7 pagamentos mensais de 130 euros","precio_de_lista":"","mostrar_form":false,"promocion_vigente":"","duracion_del_curso":"7 meses","nivel_del_curso":"introdut\u00f3rio","modalidad_cursado":"Online","ocultar_video":true,"url_video":"","avalado_por":false,"pdf_brochure":"https:\/\/static.capabiliaserver.com\/frontend\/clients\/barca\/wp_prod\/wp-content\/uploads\/2021\/04\/ba28f353-programa-avancado-em-preparacao-fisica-1.pdf","slidebox":false,"titulo_seccion_testimonios":"","imagen_de_fondo_testimonios":false,"color_de_fondo_testimonios":"","crear_banner_3":{"utilizar_imagen_unica_para_banner":false,"asignar_imagen_unica_para_banner":false,"mostrar_titulo_banner":false,"titulo_para_banner":"","mostrar_subtitulo_banner":false,"subtitulo_del_banner":"","mostrar_cta_banner":false,"texto_cta_banner":"","url_cta_banner":"","fondo_de_color_banner":"","fondo_de_imagen_banner":false,"mostrar_imagen_izquierda_banner":false,"asignar_imagen_izquierda_banner":false},"activar_banner_1":false,"banner_1":false,"activar_banner_2":false,"banner_2":false,"activar_banner_3":false,"banner_3":false,"activar_nuevos_banners":false,"mostrar_banner_1":false,"crear_banner_1":{"utilizar_imagen_unica_para_banner":false,"asignar_imagen_unica_para_banner":false,"mostrar_titulo_banner":false,"titulo_para_banner":"","mostrar_subtitulo_banner":false,"subtitulo_del_banner":"","mostrar_cta_banner":false,"texto_cta_banner":"","url_cta_banner":"","fondo_de_color_banner":"","fondo_de_imagen_banner":false,"mostrar_imagen_izquierda_banner":false,"asignar_imagen_izquierda_banner":false},"mostrar_banner_2":false,"crear_banner_2":{"utilizar_imagen_unica_para_banner":false,"asignar_imagen_unica_para_banner":false,"mostrar_titulo_banner":false,"titulo_para_banner":"","mostrar_subtitulo_banner":false,"subtitulo_del_banner":"","mostrar_cta_banner":false,"texto_cta_banner":"","url_cta_banner":"","fondo_de_color_banner":"","fondo_de_imagen_banner":false,"mostrar_imagen_izquierda_banner":false,"asignar_imagen_izquierda_banner":false},"mostrar_banner_3":false,"activar_hero_video":false,"video_texto":"","video_header":false,"imagen_destacada":"https:\/\/barcanew.capabiliaserver.com\/wp-content\/uploads\/2021\/04\/ae9fcea3-advanced-program-in-strength-and-conditioning_.jpg","pdf_brochure_link_drive":"https:\/\/drive.google.com\/uc?id=1R_EJe2flj1YfV2foSuKKiwvIPRRqEEMk&export=download"},"idiomas":{"en":87610,"es":87615,"ar":87611,"ca":87612,"ru":87614,"pt":87613},"_links":{"self":[{"href":"https:\/\/barcanew.capabiliaserver.com\/pt\/wp-json\/wp\/v2\/products\/87613"}],"collection":[{"href":"https:\/\/barcanew.capabiliaserver.com\/pt\/wp-json\/wp\/v2\/products"}],"about":[{"href":"https:\/\/barcanew.capabiliaserver.com\/pt\/wp-json\/wp\/v2\/types\/product"}],"author":[{"embeddable":true,"href":"https:\/\/barcanew.capabiliaserver.com\/pt\/wp-json\/wp\/v2\/users\/16"}],"replies":[{"embeddable":true,"href":"https:\/\/barcanew.capabiliaserver.com\/pt\/wp-json\/wp\/v2\/comments?post=87613"}],"version-history":[{"count":5,"href":"https:\/\/barcanew.capabiliaserver.com\/pt\/wp-json\/wp\/v2\/products\/87613\/revisions"}],"predecessor-version":[{"id":134049,"href":"https:\/\/barcanew.capabiliaserver.com\/pt\/wp-json\/wp\/v2\/products\/87613\/revisions\/134049"}],"wp:attachment":[{"href":"https:\/\/barcanew.capabiliaserver.com\/pt\/wp-json\/wp\/v2\/media?parent=87613"}],"wp:term":[{"taxonomy":"category","embeddable":true,"href":"https:\/\/barcanew.capabiliaserver.com\/pt\/wp-json\/wp\/v2\/categories?post=87613"}],"curies":[{"name":"wp","href":"https:\/\/api.w.org\/{rel}","templated":true}]}}