{"id":87598,"date":"2021-04-10T21:59:52","date_gmt":"2021-04-11T00:59:52","guid":{"rendered":"https:\/\/barcanew.capabiliaserver.com\/?post_type=product&#038;p=87598"},"modified":"2022-10-17T10:37:07","modified_gmt":"2022-10-17T13:37:07","slug":"programa-especializado-em-preparacao-fisica","status":"publish","type":"product","link":"https:\/\/barcanew.capabiliaserver.com\/pt\/product\/programa-especializado-em-preparacao-fisica\/","title":{"rendered":"Programa Especializado em Prepara\u00e7\u00e3o F\u00edsica"},"content":{"rendered":"<p>contenido<\/p>\n","protected":false},"excerpt":{"rendered":"<p>excerpt<\/p>\n","protected":false},"author":16,"featured_media":0,"comment_status":"open","ping_status":"closed","template":"","meta":{"_acf_changed":false,"footnotes":""},"categories":[113],"acf":{"titulo_incentivo":"Programa Especializado em Prepara\u00e7\u00e3o F\u00edsica","fecha_de_inicio":"10072022","contenido":"<p><span data-sheets-value=\"{&quot;1&quot;:2,&quot;2&quot;:&quot;Este programa Permite aprofundar sobre o papel do treino de for\u00e7a tanto no rendimento quanto na redu\u00e7\u00e3o do risco de les\u00e3o, incluindo a abordagem das novas tecnologias que acompanham o alto rendimento nos esportes.&quot;}\" data-sheets-userformat=\"{&quot;2&quot;:897,&quot;3&quot;:{&quot;1&quot;:0},&quot;10&quot;:0,&quot;11&quot;:4,&quot;12&quot;:0}\">Este programa Permite aprofundar sobre o papel do treino de for\u00e7a tanto no rendimento quanto na redu\u00e7\u00e3o do risco de les\u00e3o, incluindo a abordagem das novas tecnologias que acompanham o alto rendimento nos esportes.<\/span><\/p>\n<p>&nbsp;<\/p>\n<p><strong>IMPORTANT:<\/strong><\/p>\n<p>If you are or have been a participant in an online program of Bar\u00e7a Innovation Hub Universitas and you are interested in enrolling in this Specialized Program, contact us via CHAT to guide you in the purchase process.<\/p>\n","cursos_que_lo_componen":[{"nombre_del_curso":"Bases neuromusculares no treinamento da for\u00e7a","descripcion_del_curso":"<p>M\u00d3DULO 1: Caracter\u00edsticas do sistema m\u00fasculo-esquel\u00e9tico.<br \/>\nM\u00d3DULO 2: As a\u00e7\u00f5es musculares e sua rela\u00e7\u00e3o com o esporte.<br \/>\nM\u00d3DULO 3: Mudan\u00e7as sist\u00eamicas no destreinamento e na imobiliza\u00e7\u00e3o.<br \/>\nM\u00d3DULO 4: A avalia\u00e7\u00e3o das propriedades musculares com rela\u00e7\u00e3o ao esporte. <\/p>\n"},{"nombre_del_curso":"Metodologia do treinamento da for\u00e7a: aplica\u00e7\u00e3o na melhoria do desempenho esportivo e na readapta\u00e7\u00e3o p\u00f3s-les\u00e3o para a competi\u00e7\u00e3o","descripcion_del_curso":"<p>M\u00d3DULO 1: Contextualiza\u00e7\u00e3o: Como adaptamos o treinamento de for\u00e7a aos esportes coletivos?<br \/>\nM\u00d3DULO 2: Metodologia do trabalho de for\u00e7a no esporte de situa\u00e7\u00e3o.<br \/>\nM\u00d3DULO 3: Integra\u00e7\u00e3o do trabalho de for\u00e7a no planejamento e na programa\u00e7\u00e3o dos esportes de situa\u00e7\u00e3o.<br \/>\nM\u00d3DULO 4: A for\u00e7a na elabora\u00e7\u00e3o de tarefas espec\u00edficas do esporte. Exemplifica\u00e7\u00e3o no futebol. <\/p>\n"},{"nombre_del_curso":"A for\u00e7a e a pot\u00eancia muscular como qualidade chave na readapta\u00e7\u00e3o das les\u00f5es esportivas","descripcion_del_curso":"<p>M\u00d3DULO 1: Estudo da les\u00e3o no esporte: os mecanismos lesivos e os fatores de risco de les\u00e3o associados.<br \/>\nM\u00d3DULO 2: As les\u00f5es esportivas e sua rela\u00e7\u00e3o com a qualidade de for\u00e7a.<br \/>\nM\u00d3DULO 3: Manifesta\u00e7\u00f5es da for\u00e7a e da pot\u00eancia muscular no processo de readapta\u00e7\u00e3o p\u00f3s-les\u00e3o.<br \/>\nM\u00d3DULO 4: Novos paradigmas no treinamento da for\u00e7a: muscula\u00e7\u00e3o mediante oclus\u00e3o vascular. <\/p>\n"},{"nombre_del_curso":"Tecnologia e treinamento da for\u00e7a e da pot\u00eancia muscular","descripcion_del_curso":"<p>M\u00d3DULO 1: Tecnologia, equipamento e treinamento da for\u00e7a de car\u00e1ter geral.<br \/>\nM\u00d3DULO 2: Tecnologia, equipamento e treinamento da for\u00e7a de car\u00e1ter espec\u00edfico com rela\u00e7\u00e3o ao esporte.<br \/>\nM\u00d3DULO 3: Tecnologia na avalia\u00e7\u00e3o da for\u00e7a e da pot\u00eancia muscular.<br \/>\nM\u00d3DULO 4: Tecnologia interativa e treinamento da for\u00e7a. <\/p>\n"},{"nombre_del_curso":"Preven\u00e7\u00e3o de les\u00f5es","descripcion_del_curso":"<p>M\u00d3DULO 1: conceitos b\u00e1sicos em epidemiologia e preven\u00e7\u00e3o de les\u00f5es<br \/>\nM\u00d3DULO 2: preven\u00e7\u00e3o de les\u00f5es musculares<br \/>\nM\u00d3DULO 3: preven\u00e7\u00e3o de les\u00f5es articulat\u00f3rias<br \/>\nM\u00d3DULO 4: leitura integrativa<\/p>\n"}],"aprende_a":[{"item_aprende_a":"Melhorar a an\u00e1lise cr\u00edtica ao realizar um programa de treinamento nos diferentes pap\u00e9is profissionais relacionados \u00e0s ci\u00eancias do esporte e da sa\u00fade. "},{"item_aprende_a":"Melhorar o desempenho esportivo e a preven\u00e7\u00e3o de les\u00f5es a partir de um conhecimento profundo sobre a metodologia a ser aplicada nos programas de treinamento da for\u00e7a e da pot\u00eancia muscular."},{"item_aprende_a":"Aplicar a metodologia adequada na elabora\u00e7\u00e3o do processo de readapta\u00e7\u00e3o p\u00f3s-les\u00e3o naquelas afec\u00e7\u00f5es em que o desenvolvimento da for\u00e7a tiver um marcado protagonismo. \r\n"},{"item_aprende_a":"Conhecer, de maneira transversal, as metodologias emergentes no treinamento da for\u00e7a para poder fazer um aprofundamento a partir de uma base contrastada a partir da ci\u00eancia."},{"item_aprende_a":"Apresentar estrat\u00e9gias preventivas efetivas baseadas em um processo sustentado na evid\u00eancia cient\u00edfica."}],"preguntas_frecuentes":false,"contenidistas":false,"docentes_expertos":[{"foto":"https:\/\/static.capabiliaserver.com\/frontend\/clients\/barca\/wp_prod\/wp-content\/uploads\/2022\/06\/20128f91-dani_romero.png","nombre_del_docente":"Daniel Romero Rodriguez","descripcion_del_docente":"Preparador f\u00edsico do primeiro time de futebol do FC Barcelona.","enlace":""},{"foto":"https:\/\/barcanew.capabiliaserver.com\/wp-content\/uploads\/2020\/02\/9c4adc5b-francesc-cos-2.jpg","nombre_del_docente":"Francesc Cos","descripcion_del_docente":"Ex-Chefe do Treino de For\u00e7a da primeira equipa de futebol do FC Barcelona (2004-2016). Ex-Diretor da \u00e1rea de Rendimento Desportivo do Bar\u00e7a Innovation Hub (2016-2018). Atualmente Treinador F\u00edsico do Manchester City.","enlace":""},{"foto":"https:\/\/static.capabiliaserver.com\/frontend\/clients\/barca\/wp_prod\/wp-content\/uploads\/2021\/12\/dd9b8a1f-paco-seirul-lo.jpg","nombre_del_docente":"Paco Seirul\u00b7lo Vargas","descripcion_del_docente":"Respons\u00e1vel pela \u00e1rea de metodologia do FC Barcelona.","enlace":""}],"slider_testimonios":false,"segunda_fecha_de_inicio":"","zona_horaria":"Europe\/Madrid","external_id":"1407","precio":"750","imagen_destacada":"https:\/\/barcanew.capabiliaserver.com\/wp-content\/uploads\/2021\/04\/4636cfdf-specialized-program-in-strength-and-conditioning_.jpg","hubspot_product_id":"703214227","activar_banner_1":false,"banner_1":false,"activar_banner_2":false,"banner_2":false,"activar_banner_3":false,"banner_3":false,"activar_nuevos_banners":false,"mostrar_banner_1":false,"crear_banner_1":{"utilizar_imagen_unica_para_banner":false,"asignar_imagen_unica_para_banner":false,"mostrar_titulo_banner":false,"titulo_para_banner":"","mostrar_subtitulo_banner":false,"subtitulo_del_banner":"","mostrar_cta_banner":false,"texto_cta_banner":"","url_cta_banner":"","fondo_de_color_banner":"","fondo_de_imagen_banner":false,"mostrar_imagen_izquierda_banner":false,"asignar_imagen_izquierda_banner":false},"mostrar_banner_2":false,"crear_banner_2":{"utilizar_imagen_unica_para_banner":false,"asignar_imagen_unica_para_banner":false,"mostrar_titulo_banner":false,"titulo_para_banner":"","mostrar_subtitulo_banner":false,"subtitulo_del_banner":"","mostrar_cta_banner":false,"texto_cta_banner":"","url_cta_banner":"","fondo_de_color_banner":"","fondo_de_imagen_banner":false,"mostrar_imagen_izquierda_banner":false,"asignar_imagen_izquierda_banner":false},"mostrar_banner_3":false,"titulo_curso":"Programa Especializado en Preparaci\u00f3n F\u00edsica - Carrusel","impartido_en":"Portugues","producto_path":false,"id_magento":"376","header_image":134023,"column_title":"","precio_en_cuotas":"5 pagamentos mensais de 150 euros","precio_de_lista":"","mostrar_form":true,"promocion_vigente":"","duracion_del_curso":"5 meses","nivel_del_curso":"introdut\u00f3rio","modalidad_cursado":"Online","ocultar_video":true,"url_video":"","avalado_por":false,"pdf_brochure":"https:\/\/static.capabiliaserver.com\/frontend\/clients\/barca\/wp_prod\/wp-content\/uploads\/2021\/04\/28a5b2ce-programa-especializado-em-preparacao-fisica.pdf","slidebox":false,"titulo_seccion_testimonios":"","imagen_de_fondo_testimonios":false,"color_de_fondo_testimonios":"","crear_banner_3":{"utilizar_imagen_unica_para_banner":false,"asignar_imagen_unica_para_banner":false,"mostrar_titulo_banner":false,"titulo_para_banner":"","mostrar_subtitulo_banner":false,"subtitulo_del_banner":"","mostrar_cta_banner":false,"texto_cta_banner":"","url_cta_banner":"","fondo_de_color_banner":"","fondo_de_imagen_banner":false,"mostrar_imagen_izquierda_banner":false,"asignar_imagen_izquierda_banner":false},"activar_hero_video":false,"video_texto":"","video_header":false,"pdf_brochure_link_drive":"https:\/\/drive.google.com\/uc?id=1kBY5LtUBfz8bpoK6haMIpjh1pkPmGcxO&export=download"},"idiomas":{"en":87595,"es":87600,"ar":87596,"ca":87597,"ru":87599,"pt":87598},"_links":{"self":[{"href":"https:\/\/barcanew.capabiliaserver.com\/pt\/wp-json\/wp\/v2\/products\/87598"}],"collection":[{"href":"https:\/\/barcanew.capabiliaserver.com\/pt\/wp-json\/wp\/v2\/products"}],"about":[{"href":"https:\/\/barcanew.capabiliaserver.com\/pt\/wp-json\/wp\/v2\/types\/product"}],"author":[{"embeddable":true,"href":"https:\/\/barcanew.capabiliaserver.com\/pt\/wp-json\/wp\/v2\/users\/16"}],"replies":[{"embeddable":true,"href":"https:\/\/barcanew.capabiliaserver.com\/pt\/wp-json\/wp\/v2\/comments?post=87598"}],"version-history":[{"count":5,"href":"https:\/\/barcanew.capabiliaserver.com\/pt\/wp-json\/wp\/v2\/products\/87598\/revisions"}],"predecessor-version":[{"id":134027,"href":"https:\/\/barcanew.capabiliaserver.com\/pt\/wp-json\/wp\/v2\/products\/87598\/revisions\/134027"}],"wp:attachment":[{"href":"https:\/\/barcanew.capabiliaserver.com\/pt\/wp-json\/wp\/v2\/media?parent=87598"}],"wp:term":[{"taxonomy":"category","embeddable":true,"href":"https:\/\/barcanew.capabiliaserver.com\/pt\/wp-json\/wp\/v2\/categories?post=87598"}],"curies":[{"name":"wp","href":"https:\/\/api.w.org\/{rel}","templated":true}]}}