{"id":58772,"date":"2020-10-19T22:29:04","date_gmt":"2020-10-20T01:29:04","guid":{"rendered":"https:\/\/barcanew.capabiliaserver.com\/?post_type=product&#038;p=58772"},"modified":"2023-01-13T11:23:50","modified_gmt":"2023-01-13T14:23:50","slug":"sports-entrepreneurship-program","status":"publish","type":"product","link":"https:\/\/barcanew.capabiliaserver.com\/pt\/product\/sports-entrepreneurship-program\/","title":{"rendered":"Sport Entrepreneurship Program: transformando ideias em neg\u00f3cios"},"content":{"rendered":"<p>contenido<\/p>\n","protected":false},"excerpt":{"rendered":"<p>excerpt<\/p>\n","protected":false},"author":16,"featured_media":0,"comment_status":"open","ping_status":"closed","template":"","meta":{"_acf_changed":false,"footnotes":""},"categories":[113],"acf":{"external_id":"1403","titulo_curso":"CER0031","precio":"1000","impartido_en":"English","producto_path":false,"hubspot_product_id":"99194754","id_magento":"350","header_image":74754,"column_title":"","titulo_incentivo":"Sport Entrepreneurship Program: transformando ideias em neg\u00f3cios","fecha_de_inicio":"10022022","precio_en_cuotas":"","precio_de_lista":"","mostrar_form":false,"promocion_vigente":"","duracion_del_curso":"6 meses","nivel_del_curso":"introdut\u00f3rio","modalidad_cursado":"Online","contenido":"<p><strong>Voc\u00ea tem uma ideia concreta de como melhorar a ind\u00fastria do esporte?<\/strong><br \/>\n<strong>Identificou algum problema, necessidade ou frustra\u00e7\u00e3o que gostaria de resolver?<\/strong><br \/>\n<strong>Quer ser o protagonista das mudan\u00e7as que est\u00e3o rompendo com os padr\u00f5es no mundo dos esportes?<\/strong><\/p>\n<p>O Sport Entrepreneurship Program da BIHUB \u00e9 o primeiro programa internacional e on-line sobre empreendedorismo, desenvolvido por especialistas da ind\u00fastria do esporte.<\/p>\n<p>Este curso tem como objetivo oferecer orienta\u00e7\u00e3o, acompanhamento e todos os recursos necess\u00e1rios para os empreendedores que est\u00e3o no est\u00e1gio de preliminar ou inicial do projeto, de forma a desenvolver com sucesso sua ideia empreendedora dentro da ind\u00fastria do esporte.<\/p>\n<p>Trata-se de um programa de introdu\u00e7\u00e3o que revisa os conceitos fundamentais sobre inova\u00e7\u00e3o e empreendedorismo. Est\u00e1 especificamente projetado para oferecer conhecimentos e habilidades necess\u00e1rias para:<\/p>\n<ul>\n<li>identificar oportunidades<\/li>\n<li>projetar solu\u00e7\u00f5es com proposta de valores tanto criativos quanto diferenciais<\/li>\n<li>criar e validar modelos de neg\u00f3cios<\/li>\n<li>preparar sua valida\u00e7\u00e3o com usu\u00e1rios<\/li>\n<li>identificar e conquistar todas as oportunidades de crescimento<\/li>\n<\/ul>\n<p>Ao concluir o curso integralmente, obter\u00e1 ferramentas concretas para aumentar a chance de sucesso dos seus projetos, legitimando a proposta com o mercado do setor esportivo, adaptando-a \u00e0s suas necessidades.<\/p>\n","ocultar_video":true,"url_video":"","avalado_por":false,"pdf_brochure":"https:\/\/static.capabiliaserver.com\/frontend\/clients\/barca\/wp_prod\/wp-content\/uploads\/2020\/10\/c02fead5-sports-entrepreneurship-program_turning-ideas-into-business_.pdf","cursos_que_lo_componen":[{"nombre_del_curso":"VIS\u00c3O \/ EQUIPE \/ PAPEIS","descripcion_del_curso":"<p>M\u00d3DULO 1. A atividade empreendedora<br \/>\nM\u00d3DULO 2. A defini\u00e7\u00e3o da vis\u00e3o<br \/>\nM\u00d3DULO 3. A equipe de trabalho<br \/>\nM\u00d3DULO 4. Metodologias \u00e1geis<\/p>\n"},{"nombre_del_curso":"PROPOSTA DE VALOR","descripcion_del_curso":"<p>M\u00d3DULO 1. A proposta de valor: Disposi\u00e7\u00e3o do problema - solu\u00e7\u00e3o<br \/>\nM\u00d3DULO 2. O segmento de clientes<br \/>\nM\u00d3DULO 3. Desenvolvimento de clientes<br \/>\nM\u00d3DULO 4. Empatia com o cliente<\/p>\n"},{"nombre_del_curso":"VALIDA\u00c7\u00c3O DA PROPOSTA DE VALOR","descripcion_del_curso":"<p>M\u00d3DULO 1. A proposta de valor e a disposi\u00e7\u00e3o do problema - solu\u00e7\u00e3o<br \/>\nM\u00d3DULO 2. Testes e experimentos para a valida\u00e7\u00e3o<br \/>\nM\u00d3DULO 3. Produto vi\u00e1vel m\u00ednimo<br \/>\nM\u00d3DULO 4. Dimens\u00f5es e tipos de mercado<\/p>\n"},{"nombre_del_curso":"MODELOS DE NEG\u00d3CIOS","descripcion_del_curso":"<p>M\u00d3DULO 1. Introdu\u00e7\u00e3o ao modelo de neg\u00f3cios<br \/>\nM\u00d3DULO 2. Infraestrutura<br \/>\nM\u00d3DULO 3. Estruturas de investimento<br \/>\nM\u00d3DULO 4. Modelo de monetiza\u00e7\u00e3o<\/p>\n"},{"nombre_del_curso":"DISPOSI\u00c7\u00c3O DO PRODUTO - MERCADO","descripcion_del_curso":"<p>M\u00d3DULO 1. Padr\u00f5es de modelos de neg\u00f3cios<br \/>\nM\u00d3DULO 2. M\u00e9tricas essenciais de crescimento<br \/>\nM\u00d3DULO 3. As sociedades<br \/>\nM\u00d3DULO 4. Avalia\u00e7\u00e3o da disposi\u00e7\u00e3o do produto - mercado (Product Market Fit)<\/p>\n"},{"nombre_del_curso":"CRESCIMENTO EXPRESSIVO","descripcion_del_curso":"<p>M\u00d3DULO 1. Desenvolvimento da estrat\u00e9gia de vendas<br \/>\nM\u00d3DULO 2. Fontes de financiamento<br \/>\nM\u00d3DULO 3. Apresenta\u00e7\u00e3o do empreendimento<br \/>\nM\u00d3DULO 4. Organiza\u00e7\u00f5es significativas<\/p>\n"}],"aprende_a":[{"item_aprende_a":"Regularizar o problema ou a necessidade que demanda aten\u00e7\u00e3o. "},{"item_aprende_a":"Descobrir early adopters do produto ou servi\u00e7o. "},{"item_aprende_a":"Encontrar o encaixe entre o produto e o mercado. "},{"item_aprende_a":"Validar a solu\u00e7\u00e3o atrav\u00e9s do desenvolvimento de um Produto m\u00ednimo vi\u00e1vel."},{"item_aprende_a":"Construir diferentes vers\u00f5es do modelo de neg\u00f3cio atrav\u00e9s de intera\u00e7\u00f5es emp\u00edricas."},{"item_aprende_a":"Projetar estrat\u00e9gias de desenvolvimento para os clientes."}],"preguntas_frecuentes":false,"contenidistas":false,"docentes_expertos":false,"imagen_destacada":false,"slidebox":false,"titulo_seccion_testimonios":"","slider_testimonios":false,"imagen_de_fondo_testimonios":false,"color_de_fondo_testimonios":"","segunda_fecha_de_inicio":"","zona_horaria":"Europe\/Madrid","activar_banner_1":false,"banner_1":false,"activar_banner_2":false,"banner_2":false,"activar_banner_3":false,"banner_3":false,"activar_nuevos_banners":false,"mostrar_banner_1":false,"crear_banner_1":{"utilizar_imagen_unica_para_banner":false,"asignar_imagen_unica_para_banner":false,"mostrar_titulo_banner":false,"titulo_para_banner":"","mostrar_subtitulo_banner":false,"subtitulo_del_banner":"","mostrar_cta_banner":false,"texto_cta_banner":"","url_cta_banner":"","fondo_de_color_banner":"","fondo_de_imagen_banner":false,"mostrar_imagen_izquierda_banner":false,"asignar_imagen_izquierda_banner":false},"mostrar_banner_2":false,"crear_banner_2":{"utilizar_imagen_unica_para_banner":false,"asignar_imagen_unica_para_banner":false,"mostrar_titulo_banner":false,"titulo_para_banner":"","mostrar_subtitulo_banner":false,"subtitulo_del_banner":"","mostrar_cta_banner":false,"texto_cta_banner":"","url_cta_banner":"","fondo_de_color_banner":"","fondo_de_imagen_banner":false,"mostrar_imagen_izquierda_banner":false,"asignar_imagen_izquierda_banner":false},"mostrar_banner_3":false,"crear_banner_3":{"utilizar_imagen_unica_para_banner":false,"asignar_imagen_unica_para_banner":false,"mostrar_titulo_banner":false,"titulo_para_banner":"","mostrar_subtitulo_banner":false,"subtitulo_del_banner":"","mostrar_cta_banner":false,"texto_cta_banner":"","url_cta_banner":"","fondo_de_color_banner":"","fondo_de_imagen_banner":false,"mostrar_imagen_izquierda_banner":false,"asignar_imagen_izquierda_banner":false},"pdf_brochure_link_drive":"https:\/\/drive.google.com\/uc?id=1caSz0OnJCLznXNXCAZaRdvAgI63Khmqv&export=download","activar_hero_video":false,"video_texto":"","video_header":false},"idiomas":{"en":58770,"es":58773,"ar":58772,"ca":58771,"ru":58772,"pt":58772},"_links":{"self":[{"href":"https:\/\/barcanew.capabiliaserver.com\/pt\/wp-json\/wp\/v2\/products\/58772"}],"collection":[{"href":"https:\/\/barcanew.capabiliaserver.com\/pt\/wp-json\/wp\/v2\/products"}],"about":[{"href":"https:\/\/barcanew.capabiliaserver.com\/pt\/wp-json\/wp\/v2\/types\/product"}],"author":[{"embeddable":true,"href":"https:\/\/barcanew.capabiliaserver.com\/pt\/wp-json\/wp\/v2\/users\/16"}],"replies":[{"embeddable":true,"href":"https:\/\/barcanew.capabiliaserver.com\/pt\/wp-json\/wp\/v2\/comments?post=58772"}],"version-history":[{"count":5,"href":"https:\/\/barcanew.capabiliaserver.com\/pt\/wp-json\/wp\/v2\/products\/58772\/revisions"}],"predecessor-version":[{"id":136722,"href":"https:\/\/barcanew.capabiliaserver.com\/pt\/wp-json\/wp\/v2\/products\/58772\/revisions\/136722"}],"wp:attachment":[{"href":"https:\/\/barcanew.capabiliaserver.com\/pt\/wp-json\/wp\/v2\/media?parent=58772"}],"wp:term":[{"taxonomy":"category","embeddable":true,"href":"https:\/\/barcanew.capabiliaserver.com\/pt\/wp-json\/wp\/v2\/categories?post=58772"}],"curies":[{"name":"wp","href":"https:\/\/api.w.org\/{rel}","templated":true}]}}