{"id":58351,"date":"2020-04-29T11:00:26","date_gmt":"2020-04-29T14:00:26","guid":{"rendered":"https:\/\/barcanew.capabiliaserver.com\/?post_type=product&#038;p=58351"},"modified":"2023-01-12T10:39:34","modified_gmt":"2023-01-12T13:39:34","slug":"certificado-neurobiologia-rendimento-esportivo","status":"publish","type":"product","link":"https:\/\/barcanew.capabiliaserver.com\/pt\/product\/certificado-neurobiologia-rendimento-esportivo\/","title":{"rendered":"Certificado em Neurobiologia e Rendimento Esportivo"},"content":{"rendered":"<p>contenido<\/p>\n","protected":false},"excerpt":{"rendered":"<p>excerpt<\/p>\n","protected":false},"author":16,"featured_media":0,"comment_status":"open","ping_status":"closed","template":"","meta":{"_acf_changed":false,"footnotes":""},"categories":[113],"acf":{"external_id":"1401","titulo_curso":"Certificado en Neurobiolog\u00eda y Rendimiento Deportivo","precio":"625","impartido_en":"Portugues","producto_path":false,"hubspot_product_id":"97772939","id_magento":"348","header_image":134145,"column_title":"","titulo_incentivo":"Certificado em Neurobiologia e Rendimento Esportivo","fecha_de_inicio":"10072021","precio_en_cuotas":" 4 pagamentos mensais de 156,25 euros","precio_de_lista":"","mostrar_form":false,"promocion_vigente":"","duracion_del_curso":"4 meses","nivel_del_curso":"introdut\u00f3rio","modalidad_cursado":"Online","contenido":"<p>O estudo do movimento humano, a partir de uma perspectiva neuromec\u00e2nica, n\u00e3o se desenvolveu nem foi abordado de maneira sistem\u00e1tica em programas estruturados de forma\u00e7\u00e3o, tanto a partir da educa\u00e7\u00e3o f\u00edsica quanto a partir da fisioterapia. A educa\u00e7\u00e3o f\u00edsica escolar e os sistemas de treinamento n\u00e3o chegam a satisfazer a demanda de alfabetiza\u00e7\u00e3o motora. Da\u00ed a necessidade de estudar o movimento humano em sua rela\u00e7\u00e3o com o sistema nervoso e suas diferentes fun\u00e7\u00f5es.<\/p>\n<p>Neste certificado, oferecemos a voc\u00ea as ferramentas e os conhecimentos necess\u00e1rios para desenvolver atletas com maior consci\u00eancia motriz e melhores capacidades para tomar decis\u00f5es. Para isso, percorremos todos os aspectos que envolvem o movimento, desde a percep\u00e7\u00e3o do est\u00edmulo, passando pelo processamento da informa\u00e7\u00e3o, at\u00e9 finalmente chegar o momento de tomar decis\u00f5es e de execut\u00e1-lo. Sem d\u00favida, o desenvolvimento estruturado desta tem\u00e1tica construir\u00e1 um marco para chegar a t\u00e3o ambicioso prop\u00f3sito.<\/p>\n<p>&nbsp;<\/p>\n<p><strong><em>AVISO LEGAL: &#8220;Certificado em Neurobiologia e Rendimento Esportivo&#8221; \u00e9 o novo nome do antigo &#8220;Certificado em Neuroci\u00eancia e Treinamento&#8221;.<\/em><\/strong><\/p>\n","ocultar_video":true,"url_video":"","avalado_por":false,"pdf_brochure":"https:\/\/static.capabiliaserver.com\/frontend\/clients\/barca\/wp_prod\/wp-content\/uploads\/2020\/04\/40f52f4f-certificate-in-neurobiology-and-sports-performance.pdf","cursos_que_lo_componen":[{"nombre_del_curso":"Organiza\u00e7\u00e3o Aferente do Movimento Humano","descripcion_del_curso":"<p>M\u00d3DULO 1: Sistemas sensoriais<br \/>\nM\u00d3DULO 2: Observa\u00e7\u00e3o e percep\u00e7\u00e3o motora<br \/>\nM\u00d3DULO 3: Representa\u00e7\u00e3o ideomotora<br \/>\nM\u00d3DULO 4: Leitura integrativa<\/p>\n"},{"nombre_del_curso":"Processamento Central do Movimento Volunt\u00e1rio","descripcion_del_curso":"<p>M\u00d3DULO 1: A l\u00f3gica das fun\u00e7\u00f5es motoras e da tomada de decis\u00e3o<br \/>\nM\u00d3DULO 2: Treinamento em decis\u00e3o<br \/>\nM\u00d3DULO 3: Programa\u00e7\u00e3o neuromotora<br \/>\nM\u00d3DULO 4: Leitura integrativa<\/p>\n"},{"nombre_del_curso":"Organiza\u00e7\u00e3o Eferente do Movimento Humano","descripcion_del_curso":"<p>M\u00d3DULO 1: C\u00f3rtex motor e via corticoespinhal<br \/>\nM\u00d3DULO 2: Papel do cerebelo e dos g\u00e2nglios da base<br \/>\nM\u00d3DULO 3: Retroalimenta\u00e7\u00e3o e ajuste motor<br \/>\nM\u00d3DULO 4: Leitura integrativa<\/p>\n"},{"nombre_del_curso":"A Dificuldade e o Ambiente na Motricidade Humana","descripcion_del_curso":"<p>M\u00d3DULO 1: Falhas motoras<br \/>\nM\u00d3DULO 2: Did\u00e1tica especial para a corre\u00e7\u00e3o de falhas<br \/>\nM\u00d3DULO 3: Transfer\u00eancia e interfer\u00eancia<br \/>\nM\u00d3DULO 4: Leitura integrativa<\/p>\n"}],"aprende_a":[{"item_aprende_a":"Detectar as \u00e1reas que participam na sensopercep\u00e7\u00e3o motriz e de que maneira \u00e9 poss\u00edvel influir nela."},{"item_aprende_a":"Determinar de que maneira o sistema nervoso central influi no movimento humano e como a capacidade de tomar decis\u00f5es pode ser moldada para o movimento."},{"item_aprende_a":"Detectar que \u00e1reas participam no ajuste e no controle do movimento e de que maneira."},{"item_aprende_a":"Detectar falhas motoras e determinar de que maneira preveni-las ou corrigi-las."}],"preguntas_frecuentes":false,"contenidistas":[{"contenidista":"Prof. Mario Di Santo","descripcion_contenidista":"Professor de Educa\u00e7\u00e3o F\u00edsica  Sa\u00fade e neurobiologia do controle e da aprendizagem motora."}],"docentes_expertos":[{"foto":"https:\/\/barcanew.capabiliaserver.com\/wp-content\/uploads\/2020\/02\/9c4adc5b-francesc-cos-2.jpg","nombre_del_docente":"Francesc Cos","descripcion_del_docente":"Ex-Chefe do Treino de For\u00e7a da primeira equipa de futebol do FC Barcelona (2004-2016). Ex-Diretor da \u00e1rea de Rendimento Desportivo do Bar\u00e7a Innovation Hub (2016-2018). Atualmente Treinador F\u00edsico do Manchester City.","enlace":""}],"imagen_destacada":"https:\/\/barcanew.capabiliaserver.com\/wp-content\/uploads\/2020\/04\/e8f335e6-certificate-in-neurobiology-and-sports-performance_.jpg","slidebox":false,"titulo_seccion_testimonios":"","slider_testimonios":false,"imagen_de_fondo_testimonios":false,"color_de_fondo_testimonios":"","segunda_fecha_de_inicio":"25072021","zona_horaria":"Europe\/Madrid","activar_banner_1":false,"banner_1":false,"activar_banner_2":false,"banner_2":false,"activar_banner_3":false,"banner_3":false,"activar_nuevos_banners":false,"mostrar_banner_1":false,"crear_banner_1":{"utilizar_imagen_unica_para_banner":false,"asignar_imagen_unica_para_banner":false,"mostrar_titulo_banner":false,"titulo_para_banner":"","mostrar_subtitulo_banner":false,"subtitulo_del_banner":"","mostrar_cta_banner":false,"texto_cta_banner":"","url_cta_banner":"","fondo_de_color_banner":"","fondo_de_imagen_banner":false,"mostrar_imagen_izquierda_banner":false,"asignar_imagen_izquierda_banner":false},"mostrar_banner_2":false,"crear_banner_2":{"utilizar_imagen_unica_para_banner":false,"asignar_imagen_unica_para_banner":false,"mostrar_titulo_banner":false,"titulo_para_banner":"","mostrar_subtitulo_banner":false,"subtitulo_del_banner":"","mostrar_cta_banner":false,"texto_cta_banner":"","url_cta_banner":"","fondo_de_color_banner":"","fondo_de_imagen_banner":false,"mostrar_imagen_izquierda_banner":false,"asignar_imagen_izquierda_banner":false},"mostrar_banner_3":false,"crear_banner_3":{"utilizar_imagen_unica_para_banner":false,"asignar_imagen_unica_para_banner":false,"mostrar_titulo_banner":false,"titulo_para_banner":"","mostrar_subtitulo_banner":false,"subtitulo_del_banner":"","mostrar_cta_banner":false,"texto_cta_banner":"","url_cta_banner":"","fondo_de_color_banner":"","fondo_de_imagen_banner":false,"mostrar_imagen_izquierda_banner":false,"asignar_imagen_izquierda_banner":false},"activar_hero_video":false,"video_texto":"","video_header":false,"pdf_brochure_link_drive":"https:\/\/drive.google.com\/uc?id=1wsxEU0wBolqyVZkcjGI6fWsyRAjOASoU&export=download"},"idiomas":{"en":58349,"es":58352,"ar":58351,"ca":58350,"ru":58351,"pt":58351},"_links":{"self":[{"href":"https:\/\/barcanew.capabiliaserver.com\/pt\/wp-json\/wp\/v2\/products\/58351"}],"collection":[{"href":"https:\/\/barcanew.capabiliaserver.com\/pt\/wp-json\/wp\/v2\/products"}],"about":[{"href":"https:\/\/barcanew.capabiliaserver.com\/pt\/wp-json\/wp\/v2\/types\/product"}],"author":[{"embeddable":true,"href":"https:\/\/barcanew.capabiliaserver.com\/pt\/wp-json\/wp\/v2\/users\/16"}],"replies":[{"embeddable":true,"href":"https:\/\/barcanew.capabiliaserver.com\/pt\/wp-json\/wp\/v2\/comments?post=58351"}],"version-history":[{"count":5,"href":"https:\/\/barcanew.capabiliaserver.com\/pt\/wp-json\/wp\/v2\/products\/58351\/revisions"}],"predecessor-version":[{"id":136595,"href":"https:\/\/barcanew.capabiliaserver.com\/pt\/wp-json\/wp\/v2\/products\/58351\/revisions\/136595"}],"wp:attachment":[{"href":"https:\/\/barcanew.capabiliaserver.com\/pt\/wp-json\/wp\/v2\/media?parent=58351"}],"wp:term":[{"taxonomy":"category","embeddable":true,"href":"https:\/\/barcanew.capabiliaserver.com\/pt\/wp-json\/wp\/v2\/categories?post=58351"}],"curies":[{"name":"wp","href":"https:\/\/api.w.org\/{rel}","templated":true}]}}