{"id":57335,"date":"2020-04-06T11:08:56","date_gmt":"2020-04-06T14:08:56","guid":{"rendered":"https:\/\/barcanew.capabiliaserver.com\/?post_type=product&#038;p=57335"},"modified":"2022-10-20T10:21:56","modified_gmt":"2022-10-20T13:21:56","slug":"sports-ticketing","status":"publish","type":"product","link":"https:\/\/barcanew.capabiliaserver.com\/pt\/product\/sports-ticketing\/","title":{"rendered":"Sports Ticketing"},"content":{"rendered":"<p>contenido<\/p>\n","protected":false},"excerpt":{"rendered":"<p>excerpt<\/p>\n","protected":false},"author":16,"featured_media":0,"comment_status":"open","ping_status":"closed","template":"","meta":{"_acf_changed":false,"footnotes":""},"categories":[120],"acf":{"external_id":"1400","titulo_curso":"Sports Ticketing","precio":"450","impartido_en":"English","producto_path":false,"hubspot_product_id":"95420209","id_magento":"347","header_image":133426,"column_title":"","titulo_incentivo":"Sports Ticketing","fecha_de_inicio":"10062021","precio_en_cuotas":"2 pagamentos mensais de 225 euros","precio_de_lista":"","mostrar_form":false,"promocion_vigente":"","duracion_del_curso":"2 meses","nivel_del_curso":"introdut\u00f3rio","modalidad_cursado":"Online","contenido":"<p>Sports Ticketing \u00e9 um programa criado para administrar o controle de receitas e opera\u00e7\u00f5es nas instala\u00e7\u00f5es (venues) de um clube, especialmente na ind\u00fastria do futebol.<\/p>\n<p>O programa \u00e9 destinado a profissionais da ind\u00fastria do futebol que queiram iniciar ou aprimorar seus conhecimentos na \u00e1rea comercial dentro da ind\u00fastria do futebol. Ao finalizar os 2 cursos, os participantes estar\u00e3o aptos a influenciar e liderar as mudan\u00e7as em termos de receita e transforma\u00e7\u00e3o digital no contexto da explora\u00e7\u00e3o de espa\u00e7os dentro da ind\u00fastria do futebol.<\/p>\n<p>A grade curricular tem como objetivo incluir os seguintes temas:<br \/>\n\u2022 Introdu\u00e7\u00e3o ao neg\u00f3cio de instala\u00e7\u00f5es na esfera do futebol<br \/>\n\u2022 Administra\u00e7\u00e3o de est\u00e1dios e opera\u00e7\u00f5es de clubes de futebol<br \/>\n\u2022 An\u00e1lise de dados no futebol<br \/>\n\u2022 Fan Engagement (Business To Fan &#8211; B2F)<br \/>\n\u2022 Estrat\u00e9gias de marketing digital e monetiza\u00e7\u00e3o no futebol<br \/>\n\u2022 Projeto final<\/p>\n","ocultar_video":true,"url_video":"","avalado_por":false,"pdf_brochure":"https:\/\/static.capabiliaserver.com\/frontend\/clients\/barca\/wp_prod\/wp-content\/uploads\/2020\/04\/59872e78-sports-ticketing-por.pdf","cursos_que_lo_componen":[{"nombre_del_curso":"Explora\u00e7\u00e3o de instala\u00e7\u00f5es esportivas","descripcion_del_curso":"<p>M\u00d3DULO 1: Espa\u00e7os esportivos na era digital<br \/>\nM\u00d3DULO 2: Estrat\u00e9gia de vendas com a transforma\u00e7\u00e3o digital<br \/>\nM\u00d3DULO 3: Gest\u00e3o de espa\u00e7os com foco na digitaliza\u00e7\u00e3o<br \/>\nM\u00d3DULO 4: Atendimento ao cliente<\/p>\n"},{"nombre_del_curso":"Canais de venda na era digital","descripcion_del_curso":"<p>M\u00d3DULO 1: A digitaliza\u00e7\u00e3o da venda direta e indireta<br \/>\nM\u00d3DULO 2: Estrat\u00e9gias de marketing<br \/>\nM\u00d3DULO 3: Neg\u00f3cios digitais em esportes<br \/>\nM\u00d3DULO 4: Novas tend\u00eancias digitais<\/p>\n"}],"aprende_a":[{"item_aprende_a":"Gerenciar a administra\u00e7\u00e3o das instala\u00e7\u00f5es e a estrat\u00e9gia comercial para sua explora\u00e7\u00e3o, coordena\u00e7\u00e3o log\u00edstica e opera\u00e7\u00f5es (p\u00f3s-venda e atendimento ao consumidor) nas instala\u00e7\u00f5es esportivas.\r\n"},{"item_aprende_a":"Gerenciar a administra\u00e7\u00e3o comercial e de marketing dos canais de venda B2C e B2B, dentro de toda a transforma\u00e7\u00e3o digital na qual a ind\u00fastria esportiva esteja envolvida."}],"preguntas_frecuentes":false,"contenidistas":false,"docentes_expertos":[{"foto":"https:\/\/barcanew.capabiliaserver.com\/wp-content\/uploads\/2020\/04\/da9df043-octavi-tarr\u00e9s.jpg","nombre_del_docente":"Octavi Tarr\u00e9s","descripcion_del_docente":"Gerente de Desenvolvimento de Neg\u00f3cios e Parcerias do FC Barcelona","enlace":""},{"foto":"https:\/\/barcanew.capabiliaserver.com\/wp-content\/uploads\/2020\/04\/e9dc016a-jos\u00e9-luis-beltr\u00e1n-andreu.jpg","nombre_del_docente":"Jos\u00e9 Luis Beltr\u00e1n Andreu","descripcion_del_docente":"Gerente de projetos digitais do FC Barcelona","enlace":""}],"imagen_destacada":"https:\/\/barcanew.capabiliaserver.com\/wp-content\/uploads\/2020\/04\/0ffbb665-sports-ticketing.jpg","slidebox":false,"titulo_seccion_testimonios":"","slider_testimonios":false,"imagen_de_fondo_testimonios":false,"color_de_fondo_testimonios":"","activar_banner_1":false,"banner_1":false,"activar_banner_2":false,"banner_2":false,"activar_banner_3":false,"banner_3":false,"segunda_fecha_de_inicio":"","zona_horaria":"Europe\/Madrid","activar_nuevos_banners":false,"mostrar_banner_1":false,"crear_banner_1":{"utilizar_imagen_unica_para_banner":false,"asignar_imagen_unica_para_banner":false,"mostrar_titulo_banner":false,"titulo_para_banner":"","mostrar_subtitulo_banner":false,"subtitulo_del_banner":"","mostrar_cta_banner":false,"texto_cta_banner":"","url_cta_banner":"","fondo_de_color_banner":"","fondo_de_imagen_banner":false,"mostrar_imagen_izquierda_banner":false,"asignar_imagen_izquierda_banner":false},"mostrar_banner_2":false,"crear_banner_2":{"utilizar_imagen_unica_para_banner":false,"asignar_imagen_unica_para_banner":false,"mostrar_titulo_banner":false,"titulo_para_banner":"","mostrar_subtitulo_banner":false,"subtitulo_del_banner":"","mostrar_cta_banner":false,"texto_cta_banner":"","url_cta_banner":"","fondo_de_color_banner":"","fondo_de_imagen_banner":false,"mostrar_imagen_izquierda_banner":false,"asignar_imagen_izquierda_banner":false},"mostrar_banner_3":false,"crear_banner_3":{"utilizar_imagen_unica_para_banner":false,"asignar_imagen_unica_para_banner":false,"mostrar_titulo_banner":false,"titulo_para_banner":"","mostrar_subtitulo_banner":false,"subtitulo_del_banner":"","mostrar_cta_banner":false,"texto_cta_banner":"","url_cta_banner":"","fondo_de_color_banner":"","fondo_de_imagen_banner":false,"mostrar_imagen_izquierda_banner":false,"asignar_imagen_izquierda_banner":false},"pdf_brochure_link_drive":"https:\/\/drive.google.com\/uc?id=1JYJBWfnjP_AswZXrZ8a_uOytXk0W8ZFb&export=download","activar_hero_video":false,"video_texto":"","video_header":false},"idiomas":{"en":57333,"es":57336,"ar":57335,"ca":57334,"ru":57335,"pt":57335},"_links":{"self":[{"href":"https:\/\/barcanew.capabiliaserver.com\/pt\/wp-json\/wp\/v2\/products\/57335"}],"collection":[{"href":"https:\/\/barcanew.capabiliaserver.com\/pt\/wp-json\/wp\/v2\/products"}],"about":[{"href":"https:\/\/barcanew.capabiliaserver.com\/pt\/wp-json\/wp\/v2\/types\/product"}],"author":[{"embeddable":true,"href":"https:\/\/barcanew.capabiliaserver.com\/pt\/wp-json\/wp\/v2\/users\/16"}],"replies":[{"embeddable":true,"href":"https:\/\/barcanew.capabiliaserver.com\/pt\/wp-json\/wp\/v2\/comments?post=57335"}],"version-history":[{"count":5,"href":"https:\/\/barcanew.capabiliaserver.com\/pt\/wp-json\/wp\/v2\/products\/57335\/revisions"}],"predecessor-version":[{"id":134636,"href":"https:\/\/barcanew.capabiliaserver.com\/pt\/wp-json\/wp\/v2\/products\/57335\/revisions\/134636"}],"wp:attachment":[{"href":"https:\/\/barcanew.capabiliaserver.com\/pt\/wp-json\/wp\/v2\/media?parent=57335"}],"wp:term":[{"taxonomy":"category","embeddable":true,"href":"https:\/\/barcanew.capabiliaserver.com\/pt\/wp-json\/wp\/v2\/categories?post=57335"}],"curies":[{"name":"wp","href":"https:\/\/api.w.org\/{rel}","templated":true}]}}