{"id":57331,"date":"2020-04-06T11:42:18","date_gmt":"2020-04-06T14:42:18","guid":{"rendered":"https:\/\/barcanew.capabiliaserver.com\/?post_type=product&#038;p=57331"},"modified":"2022-10-19T12:32:47","modified_gmt":"2022-10-19T15:32:47","slug":"certificado-otimizacao-processo-treinamento-basquete","status":"publish","type":"product","link":"https:\/\/barcanew.capabiliaserver.com\/pt\/product\/certificado-otimizacao-processo-treinamento-basquete\/","title":{"rendered":"Certificado em Otimiza\u00e7\u00e3o do Processo de Treinamento de Basquete"},"content":{"rendered":"<p>contenido<\/p>\n","protected":false},"excerpt":{"rendered":"<p>excerpt<\/p>\n","protected":false},"author":16,"featured_media":0,"comment_status":"open","ping_status":"closed","template":"","meta":{"_acf_changed":false,"footnotes":""},"categories":[120],"acf":{"external_id":"1399","titulo_curso":"Certificado en Optimizaci\u00f3n del Proceso de Entrenamiento en Baloncesto","precio":"625","impartido_en":"English","producto_path":false,"hubspot_product_id":"95389564","id_magento":"346","header_image":134532,"column_title":"","titulo_incentivo":"Certificado em Otimiza\u00e7\u00e3o do Processo de Treinamento de Basquete (baseado no padr\u00e3o desenvolvido pelo FC Barcelona)","fecha_de_inicio":"10062021","precio_en_cuotas":"4 pagamentos mensais de 156,25 euros","precio_de_lista":"","mostrar_form":false,"promocion_vigente":"","duracion_del_curso":"4 meses","nivel_del_curso":"avan\u00e7ado","modalidad_cursado":"Online","contenido":"<p>At\u00e9 2018, o basquete contava com a afilia\u00e7\u00e3o de aproximadamente 450 milh\u00f5es de participantes em 213 federa\u00e7\u00f5es nacionais, divididas em 5 federa\u00e7\u00f5es continentais. Este esporte \u00e9 amplamente difundido nos Estados Unidos e na Europa, sendo o 2\u00b0 esporte mais praticado na Espanha, com quase 3 milh\u00f5es de licen\u00e7as federativas.<\/p>\n<p>Em 2000, o tempo de ataque e o tempo permitido para passar a linha de meio campo foi reduzido de 30 para 24 segundos e de 10 para 8 segundos, respectivamente, de acordo com a Federa\u00e7\u00e3o Internacional de Basquetebol (FIBA). Al\u00e9m disso, a dura\u00e7\u00e3o do jogo foi dividida em quatro per\u00edodos de 10 minutos em vez de 2 tempos originais de 20 minutos, mantendo o total de 40 minutos. Dessa forma, o basquetebol profissional sofre um aumento de demandas f\u00edsicas e fisiol\u00f3gicas evidenciadas por diferentes pesquisadores (Ben Abdelkrim N, 2007, Bruno Cormery, et al., 2008). Portanto, o condicionamento f\u00edsico ou ent\u00e3o a prepara\u00e7\u00e3o f\u00edsica \u00e9 considerada requisito para competir no basquete de elite moderno (Sallet P, et al. 2005). Al\u00e9m disso, a compreens\u00e3o do efeito dos resultados das cargas de trabalho sobre o desempenho esportivo e a preven\u00e7\u00e3o de les\u00f5es s\u00e3o considerados cruciais para os treinadores de esfor\u00e7o e de condicionamento f\u00edsico, assim como para os cientistas esportivos e para a medicina esportiva.<\/p>\n<p>Os esportes coletivos em geral e o basquete em particular, tiveram como base a prepara\u00e7\u00e3o f\u00edsica na teoria de treinamento usada nos esportes individuais, especialmente o atletismo; por isso a necessidade de uma nova perspectiva que se ajuste \u00e0s suas pr\u00f3prias caracter\u00edsticas e necessidades. Entretanto, os avan\u00e7os tecnol\u00f3gicos fornecem novas ferramentas para preparadores f\u00edsicos, cientistas do esporte e treinadores, permitindo, entre outros aspectos, o controle e a valoriza\u00e7\u00e3o da carga de trabalho que os treinamentos ou os campeonatos produzem. Desta forma, \u00e9 necess\u00e1rio o conhecimento desta nova perspectiva, com base na prepara\u00e7\u00e3o f\u00edsica de forma hol\u00edstica para ent\u00e3o aplicar ao basquete moderno, com o objetivo principal de aperfei\u00e7oar o desempenho e prevenir as les\u00f5es.<\/p>\n","ocultar_video":true,"url_video":"","avalado_por":false,"pdf_brochure":"https:\/\/static.capabiliaserver.com\/frontend\/clients\/barca\/wp_prod\/wp-content\/uploads\/2020\/04\/9ae25bcc-certificate-in-basketball-training-process-optimization.pdf","cursos_que_lo_componen":[{"nombre_del_curso":"Demandas f\u00edsicas e riscos de les\u00f5es em esportes de equipe","descripcion_del_curso":"<p>M\u00d3DULO 1: Demandas f\u00edsicas nos esportes de equipe<br \/>\nM\u00d3DULO 2: Amplia\u00e7\u00e3o da microtecnologia para melhorar o desempenho nos esportes em equipe<br \/>\nM\u00d3DULO 3: Amplia\u00e7\u00e3o da microtecnologia na preven\u00e7\u00e3o de les\u00f5es nos esportes em equipe<br \/>\nM\u00d3DULO 4: Aplica\u00e7\u00e3o de sistemas inerciais em diferentes testes nos esportes em equipe<\/p>\n"},{"nombre_del_curso":"Demandas f\u00edsicas do basquete durante o campeonato","descripcion_del_curso":"<p>M\u00d3DULO 1: Demandas f\u00edsicas e t\u00e1ticas no basquete. Dos v\u00eddeos aos sistemas de posicionamento local<br \/>\nM\u00d3DULO 2: Amplia\u00e7\u00e3o dos sistemas inerciais para quantificar e interpretar as demandas f\u00edsicas no basquete<br \/>\nM\u00d3DULO 3: Amplia\u00e7\u00e3o dos sistemas de posicionamento (global e local) para quantificar e interpretar as demandas f\u00edsicas no basquete<br \/>\nM\u00d3DULO 4: Les\u00f5es mais frequentes (tipos e mecanismos) no basquete e cen\u00e1rios de m\u00e1xima exig\u00eancia no basquete.<\/p>\n"},{"nombre_del_curso":"Treinamento no basquete sob a \u00f3tica do FC Barcelona: abordagem te\u00f3rica","descripcion_del_curso":"<p>M\u00d3DULO 1: O treinamento estruturado<br \/>\nM\u00d3DULO 2: O treinamento coadjuvante<br \/>\nM\u00d3DULO 3: O treinamento otimizador<br \/>\nM\u00d3DULO 4: O microciclo estruturado<\/p>\n"},{"nombre_del_curso":"Proposta de treinamento no basquete sob a \u00f3tica do FC Barcelona","descripcion_del_curso":"<p>M\u00d3DULO 1: Aplica\u00e7\u00e3o pr\u00e1tica dos conte\u00fados trabalhados anteriormente para otimizar o desempenho e prevenir les\u00f5es, priorizando a estrutura condicional<\/p>\n"}],"aprende_a":[{"item_aprende_a":"Analisar como as demandas f\u00edsicas condicionam a pr\u00e1tica do basquete. "},{"item_aprende_a":"Analisar as demandas f\u00edsicas e t\u00e9cnico-t\u00e1ticas do basquete."},{"item_aprende_a":"Conhecer o marco te\u00f3rico da nova perspectiva de treinamento. "},{"item_aprende_a":"Programar sess\u00f5es de treinamento em um microciclo estruturado."}],"preguntas_frecuentes":false,"contenidistas":[{"contenidista":"Andr\u00e9s Darbyshire","descripcion_contenidista":"Preparador F\u00edsico de Basquete Profissional."},{"contenidista":"Mat\u00edas Pera Lallana","descripcion_contenidista":"Preparador F\u00edsico de Basquete Profissional."}],"docentes_expertos":[{"foto":"https:\/\/barcanew.capabiliaserver.com\/wp-content\/uploads\/2020\/04\/98725f85-jairo-vazquez-guerrero.jpg","nombre_del_docente":"Jairo V\u00e1zquez Guerrero","descripcion_del_docente":"Preparador f\u00edsico da equipe principal de basquete e membro da \u00e1rea de desempenho do FC Barcelona.","enlace":""},{"foto":"https:\/\/barcanew.capabiliaserver.com\/wp-content\/uploads\/2018\/12\/Joan_Ramon_Tarrago-150x150.jpg","nombre_del_docente":"Joan Ramon Tarrago","descripcion_del_docente":"Respons\u00e1vel de prepara\u00e7\u00e3o f\u00edsica esportiva.","enlace":""}],"imagen_destacada":"https:\/\/barcanew.capabiliaserver.com\/wp-content\/uploads\/2020\/04\/5c8ececb-certificate-in-basketball-training-process-optimization_.jpg","slidebox":false,"titulo_seccion_testimonios":"","slider_testimonios":false,"imagen_de_fondo_testimonios":false,"color_de_fondo_testimonios":"","activar_banner_1":false,"banner_1":false,"activar_banner_2":false,"banner_2":false,"activar_banner_3":false,"banner_3":false,"segunda_fecha_de_inicio":"","zona_horaria":"Europe\/Madrid","activar_nuevos_banners":false,"mostrar_banner_1":false,"crear_banner_1":{"utilizar_imagen_unica_para_banner":false,"asignar_imagen_unica_para_banner":false,"mostrar_titulo_banner":false,"titulo_para_banner":"","mostrar_subtitulo_banner":false,"subtitulo_del_banner":"","mostrar_cta_banner":false,"texto_cta_banner":"","url_cta_banner":"","fondo_de_color_banner":"","fondo_de_imagen_banner":false,"mostrar_imagen_izquierda_banner":false,"asignar_imagen_izquierda_banner":false},"mostrar_banner_2":false,"crear_banner_2":{"utilizar_imagen_unica_para_banner":false,"asignar_imagen_unica_para_banner":false,"mostrar_titulo_banner":false,"titulo_para_banner":"","mostrar_subtitulo_banner":false,"subtitulo_del_banner":"","mostrar_cta_banner":false,"texto_cta_banner":"","url_cta_banner":"","fondo_de_color_banner":"","fondo_de_imagen_banner":false,"mostrar_imagen_izquierda_banner":false,"asignar_imagen_izquierda_banner":false},"mostrar_banner_3":false,"crear_banner_3":{"utilizar_imagen_unica_para_banner":false,"asignar_imagen_unica_para_banner":false,"mostrar_titulo_banner":false,"titulo_para_banner":"","mostrar_subtitulo_banner":false,"subtitulo_del_banner":"","mostrar_cta_banner":false,"texto_cta_banner":"","url_cta_banner":"","fondo_de_color_banner":"","fondo_de_imagen_banner":false,"mostrar_imagen_izquierda_banner":false,"asignar_imagen_izquierda_banner":false},"pdf_brochure_link_drive":"https:\/\/drive.google.com\/uc?id=1Ow7Kqxl15tKBZNYC83U970vRi7a3KLhP&export=download","activar_hero_video":false,"video_texto":"","video_header":false},"idiomas":{"en":57329,"es":57332,"ar":57331,"ca":57330,"ru":57331,"pt":57331},"_links":{"self":[{"href":"https:\/\/barcanew.capabiliaserver.com\/pt\/wp-json\/wp\/v2\/products\/57331"}],"collection":[{"href":"https:\/\/barcanew.capabiliaserver.com\/pt\/wp-json\/wp\/v2\/products"}],"about":[{"href":"https:\/\/barcanew.capabiliaserver.com\/pt\/wp-json\/wp\/v2\/types\/product"}],"author":[{"embeddable":true,"href":"https:\/\/barcanew.capabiliaserver.com\/pt\/wp-json\/wp\/v2\/users\/16"}],"replies":[{"embeddable":true,"href":"https:\/\/barcanew.capabiliaserver.com\/pt\/wp-json\/wp\/v2\/comments?post=57331"}],"version-history":[{"count":5,"href":"https:\/\/barcanew.capabiliaserver.com\/pt\/wp-json\/wp\/v2\/products\/57331\/revisions"}],"predecessor-version":[{"id":134536,"href":"https:\/\/barcanew.capabiliaserver.com\/pt\/wp-json\/wp\/v2\/products\/57331\/revisions\/134536"}],"wp:attachment":[{"href":"https:\/\/barcanew.capabiliaserver.com\/pt\/wp-json\/wp\/v2\/media?parent=57331"}],"wp:term":[{"taxonomy":"category","embeddable":true,"href":"https:\/\/barcanew.capabiliaserver.com\/pt\/wp-json\/wp\/v2\/categories?post=57331"}],"curies":[{"name":"wp","href":"https:\/\/api.w.org\/{rel}","templated":true}]}}