{"id":54178,"date":"2020-02-20T08:44:44","date_gmt":"2020-02-20T11:44:44","guid":{"rendered":"https:\/\/barcanew.capabiliaserver.com\/?post_type=product&#038;p=54178"},"modified":"2022-10-19T13:03:47","modified_gmt":"2022-10-19T16:03:47","slug":"certificado-em-tecnologia-e-ciencias-aplicadas-ao-esporte","status":"publish","type":"product","link":"https:\/\/barcanew.capabiliaserver.com\/pt\/product\/certificado-em-tecnologia-e-ciencias-aplicadas-ao-esporte\/","title":{"rendered":"Certificado em Tecnologia e Ci\u00eancias Aplicadas ao Esporte"},"content":{"rendered":"<p>contenido<\/p>\n","protected":false},"excerpt":{"rendered":"<p>excerpt<\/p>\n","protected":false},"author":16,"featured_media":0,"comment_status":"open","ping_status":"closed","template":"","meta":{"_acf_changed":false,"footnotes":""},"categories":[113],"acf":{"external_id":"1398","titulo_curso":"Certificate in Technology and Science Applied to Sport","precio":"625","impartido_en":"English","cursos_que_lo_componen":[{"nombre_del_curso":"Monitoramento da Carga Externa para Desportos em Equipa mediante EPTS","descripcion_del_curso":"<p>M\u00d3DULO 1: O que \u00e9 o EPTS?<br \/>\nM\u00d3DULO 2: Entender o que o EPTS registra<br \/>\nM\u00d3DULO 3: Metodologia do FCB para o controle e monitoramento da carga externa<br \/>\nM\u00d3DULO 4: Controle e monitoramento da carga externa na readapta\u00e7\u00e3o <\/p>\n"},{"nombre_del_curso":"An\u00e1lise do v\u00eddeo","descripcion_del_curso":"<p>M\u00d3DULO 1: Caracteriza\u00e7\u00e3o das an\u00e1lises dos v\u00eddeos<br \/>\nM\u00d3DULO 2: Vari\u00e1veis de controle das an\u00e1lises dos v\u00eddeos<br \/>\nM\u00d3DULO 3: Usar as an\u00e1lises dos v\u00eddeos na programa\u00e7\u00e3o dos treinamentos<br \/>\nM\u00d3DULO 4: Leitura de integra\u00e7\u00e3o<\/p>\n"},{"nombre_del_curso":"Sports Analytics \u2013 Conceitos essenciais","descripcion_del_curso":"<p>M\u00d3DULO 1: Hist\u00f3ria e evolu\u00e7\u00e3o do Sports Analytics<br \/>\nM\u00d3DULO 2: Aprendizagem baseada em problemas reais no esporte (ABP) no fen\u00f4meno do Sports Analytics (I)<br \/>\nM\u00d3DULO 3: Aprendizagem baseada em problemas reais no esporte (ABP) no fen\u00f4meno do Sports Analytics (I)<br \/>\nM\u00d3DULO 4: Aprendizagem baseada em problemas reais no esporte (ABP) no fen\u00f4meno do Sports Analytics (III)<\/p>\n<p>PROFESSOR ESPECIALISTA: Mart\u00ed Casals, em colabora\u00e7\u00e3o com Jos\u00e9 Mar\u00eda Fern\u00e1ndez Ponce.<\/p>\n"},{"nombre_del_curso":"Tecnologia no esporte","descripcion_del_curso":"<p>M\u00d3DULO 1: Por que a tecnologia no esporte?<br \/>\nM\u00d3DULO 2: Avalia\u00e7\u00e3o dos valores da tecnologia<br \/>\nM\u00d3DULO 3: Aproveitamento da tecnologia para opera\u00e7\u00f5es e tomada de decis\u00f5es na organiza\u00e7\u00e3o<br \/>\nM\u00d3DULO 4: Maximizar o valor da tecnologia no esporte<\/p>\n"}],"producto_path":false,"hubspot_product_id":"14339212","id_magento":"345","header_image":134556,"column_title":"","titulo_incentivo":"Certificado em Tecnologia e Ci\u00eancias Aplicadas ao Esporte","fecha_de_inicio":"10062021","precio_en_cuotas":"4 pagamentos mensais de 156,25 euros","precio_de_lista":"","mostrar_form":false,"promocion_vigente":"","duracion_del_curso":"4 meses","nivel_del_curso":"avan\u00e7ado","modalidad_cursado":"Online","contenido":"<p>O presente certificado foi criado para aqueles profissionais do esporte e da sa\u00fade cujo objetivo principal \u00e9 orientar o conhecimento e a aprendizagem em rela\u00e7\u00e3o \u00e0s bases que formam o uso, entendimento e a aplica\u00e7\u00e3o de tecnologias nos diferentes campos que emergem dentro do esporte.<\/p>\n<p>A abordagem oferecida tem como princ\u00edpio de uma perspectiva quantitativa e qualitativa que vincula a coleta de informa\u00e7\u00f5es e a toma de decis\u00f5es em fun\u00e7\u00e3o das necessidades individuais e coletivas que encontramos nos esportes em equipe. Neste sentido, o participante encontrar\u00e1 sustenta\u00e7\u00e3o te\u00f3rica e pr\u00e1tica, provenientes da evid\u00eancia cient\u00edfica atual, de acordo com a realidade do campo da pr\u00e1tica a partir de uma vis\u00e3o de integra\u00e7\u00e3o. Desta maneira, durante o processo de forma\u00e7\u00e3o, o participante poder\u00e1 compreender, estruturar e desenhar microciclos de treinamentos a partir das necessidades de contextos que aparecem no esporte contempor\u00e2neo.<\/p>\n","ocultar_video":true,"url_video":"","avalado_por":false,"pdf_brochure":"https:\/\/static.capabiliaserver.com\/frontend\/clients\/barca\/wp_prod\/wp-content\/uploads\/2020\/02\/e5a57bf8-certificate-in-technology-and-science-applied-to-sport.pdf","aprende_a":[{"item_aprende_a":"Adotar conhecimentos te\u00f3ricos para a aplica\u00e7\u00e3o pr\u00e1tica, em rela\u00e7\u00e3o ao uso e entendimento da tecnologia nos esportes. Uma correta interpreta\u00e7\u00e3o de dados dar\u00e1 ao participante a possibilidade de tomar decis\u00f5es em fun\u00e7\u00e3o das necessidades individuais e coletivas do esporte atualmente, o que permite contribui\u00e7\u00f5es para habilidades espec\u00edficas que s\u00e3o necess\u00e1rias e da qualidade na demanda deste perfil atrav\u00e9s dos clubes profissionais."}],"preguntas_frecuentes":false,"contenidistas":[{"contenidista":"Edu Pons (Curso: \"Monitoramento da Carga Externa para Desportos em Equipa mediante EPTS\")","descripcion_contenidista":"Preparador f\u00edsico do primeiro time do FC Barcelona."},{"contenidista":"Andr\u00e9s Mart\u00edn Garc\u00eda (Curso: \"Monitoramento da Carga Externa para Desportos em Equipa mediante EPTS\")","descripcion_contenidista":"Preparador f\u00edsico do Juvenil A do FC Barcelona."},{"contenidista":"Xavier Linde (Curso: \"Monitoramento da Carga Externa para Desportos em Equipa mediante EPTS\")","descripcion_contenidista":"Fisioterapeuta e readaptador do primeiro time do FC Barcelona."},{"contenidista":"Jos\u00e9 Pino Ortega (Curso: \"Monitoramento da Carga Externa para Desportos em Equipa mediante EPTS\")","descripcion_contenidista":"Professor da Universidade de Murcia. S\u00f3cio-fundador e respons\u00e1vel esportivo do RealTrack Systems."},{"contenidista":"Sergi Bellmunt Guasch (Curso: \"Monitoramento da Carga Externa para Desportos em Equipa mediante EPTS\")","descripcion_contenidista":"Sport Scientist no RealTrack Systems."},{"contenidista":"Jos\u00e9 Mar\u00eda Fern\u00e1ndez Ponce (Curso: \"Sports Analytics \u2013 Conceitos essenciais\")","descripcion_contenidista":"Professor da Universidade de Sevilha, membro do Departamento de Estat\u00edstica e Pesquisa Operacional e pesquisador do grupo \"M\u00e9todos Cuantitativos en Evaluaci\u00f3n, FQM-328\" da Junta de Andaluzia."}],"docentes_expertos":[{"foto":"https:\/\/barcanew.capabiliaserver.com\/wp-content\/uploads\/2020\/02\/68c9bb1e-xavi_reche.jpg","nombre_del_docente":"Xavier Reche","descripcion_del_docente":"Tracking & Monitoring Sports Scientist no FC Barcelona.","enlace":""},{"foto":"https:\/\/barcanew.capabiliaserver.com\/wp-content\/uploads\/2020\/02\/689b2c12-ric_angel.jpg_1481508630.jpg","nombre_del_docente":"Angel Ric","descripcion_del_docente":"Doutor em Ci\u00eancias do Esporte. Professor de futebol no INEFC. Membro do Complex System in Sport Research Group. Ex-Mestre em Esportes em Equipe - FCB. Licen\u00e7a UEFA PRO.","enlace":""},{"foto":"https:\/\/barcanew.capabiliaserver.com\/wp-content\/uploads\/2020\/02\/220d2700-raul-pelaez.jpg","nombre_del_docente":"Ra\u00fal Pel\u00e1ez","descripcion_del_docente":"Ex- Chefe de Tecnologia do Esporte, Inova\u00e7\u00e3o e An\u00e1lise Esportiva do FC Barcelona.","enlace":""},{"foto":"https:\/\/barcanew.capabiliaserver.com\/wp-content\/uploads\/2020\/02\/fdc28e51-marticasals-2.jpg","nombre_del_docente":"Mart\u00ed Casals","descripcion_del_docente":"Pesquisador do Centro de Estudos Esportivos e Atividade F\u00edsica (CEEAF) da Universidade de Vic - Universidade Central da Catalunha (UVic-UCC). Estat\u00edstico esportivo e colaborador do Bar\u00e7a Innovation Hub - Universitas.","enlace":""},{"foto":"https:\/\/barcanew.capabiliaserver.com\/wp-content\/uploads\/2020\/02\/66196f91-sam_robertson.jpg","nombre_del_docente":"Sam Robertson","descripcion_del_docente":"Cientista e analista esportivo. L\u00edder do programa de rendimento esportivo e neg\u00f3cios do Instituto de Sa\u00fade e Esportes da Universidade de Vit\u00f3ria - Victoria University.","enlace":""}],"titulo_seccion_testimonios":"","slider_testimonios":false,"imagen_de_fondo_testimonios":false,"color_de_fondo_testimonios":"","activar_banner_1":false,"banner_1":false,"activar_banner_2":false,"banner_2":false,"activar_banner_3":false,"banner_3":false,"segunda_fecha_de_inicio":"","zona_horaria":"Europe\/Madrid","activar_nuevos_banners":false,"mostrar_banner_1":false,"crear_banner_1":{"utilizar_imagen_unica_para_banner":false,"asignar_imagen_unica_para_banner":false,"mostrar_titulo_banner":false,"titulo_para_banner":"","mostrar_subtitulo_banner":false,"subtitulo_del_banner":"","mostrar_cta_banner":false,"texto_cta_banner":"","url_cta_banner":"","fondo_de_color_banner":"","fondo_de_imagen_banner":false,"mostrar_imagen_izquierda_banner":false,"asignar_imagen_izquierda_banner":false},"mostrar_banner_2":false,"crear_banner_2":{"utilizar_imagen_unica_para_banner":false,"asignar_imagen_unica_para_banner":false,"mostrar_titulo_banner":false,"titulo_para_banner":"","mostrar_subtitulo_banner":false,"subtitulo_del_banner":"","mostrar_cta_banner":false,"texto_cta_banner":"","url_cta_banner":"","fondo_de_color_banner":"","fondo_de_imagen_banner":false,"mostrar_imagen_izquierda_banner":false,"asignar_imagen_izquierda_banner":false},"mostrar_banner_3":false,"crear_banner_3":{"utilizar_imagen_unica_para_banner":false,"asignar_imagen_unica_para_banner":false,"mostrar_titulo_banner":false,"titulo_para_banner":"","mostrar_subtitulo_banner":false,"subtitulo_del_banner":"","mostrar_cta_banner":false,"texto_cta_banner":"","url_cta_banner":"","fondo_de_color_banner":"","fondo_de_imagen_banner":false,"mostrar_imagen_izquierda_banner":false,"asignar_imagen_izquierda_banner":false},"activar_hero_video":false,"video_texto":"","video_header":false,"pdf_brochure_link_drive":"134556"},"idiomas":{"en":54176,"es":54179,"ar":54178,"ca":54177,"ru":54178,"pt":54178},"_links":{"self":[{"href":"https:\/\/barcanew.capabiliaserver.com\/pt\/wp-json\/wp\/v2\/products\/54178"}],"collection":[{"href":"https:\/\/barcanew.capabiliaserver.com\/pt\/wp-json\/wp\/v2\/products"}],"about":[{"href":"https:\/\/barcanew.capabiliaserver.com\/pt\/wp-json\/wp\/v2\/types\/product"}],"author":[{"embeddable":true,"href":"https:\/\/barcanew.capabiliaserver.com\/pt\/wp-json\/wp\/v2\/users\/16"}],"replies":[{"embeddable":true,"href":"https:\/\/barcanew.capabiliaserver.com\/pt\/wp-json\/wp\/v2\/comments?post=54178"}],"version-history":[{"count":5,"href":"https:\/\/barcanew.capabiliaserver.com\/pt\/wp-json\/wp\/v2\/products\/54178\/revisions"}],"predecessor-version":[{"id":134561,"href":"https:\/\/barcanew.capabiliaserver.com\/pt\/wp-json\/wp\/v2\/products\/54178\/revisions\/134561"}],"wp:attachment":[{"href":"https:\/\/barcanew.capabiliaserver.com\/pt\/wp-json\/wp\/v2\/media?parent=54178"}],"wp:term":[{"taxonomy":"category","embeddable":true,"href":"https:\/\/barcanew.capabiliaserver.com\/pt\/wp-json\/wp\/v2\/categories?post=54178"}],"curies":[{"name":"wp","href":"https:\/\/api.w.org\/{rel}","templated":true}]}}