{"id":52034,"date":"2020-02-04T10:01:53","date_gmt":"2020-02-04T13:01:53","guid":{"rendered":"https:\/\/barcanew.capabiliaserver.com\/?post_type=product&#038;p=52034"},"modified":"2022-10-19T13:19:46","modified_gmt":"2022-10-19T16:19:46","slug":"marketing-digital-esportivo","status":"publish","type":"product","link":"https:\/\/barcanew.capabiliaserver.com\/pt\/product\/marketing-digital-esportivo\/","title":{"rendered":"Marketing Digital Esportivo"},"content":{"rendered":"<p>contenido<\/p>\n","protected":false},"excerpt":{"rendered":"<p>excerpt<\/p>\n","protected":false},"author":16,"featured_media":0,"comment_status":"open","ping_status":"closed","template":"","meta":{"_acf_changed":false,"footnotes":""},"categories":[113],"acf":{"external_id":"1397","titulo_curso":"Certificado en Marketing Digital Deportivo","precio":"450","impartido_en":"English","producto_path":false,"hubspot_product_id":"74780006","id_magento":"334","header_image":134566,"column_title":"","titulo_incentivo":"Marketing Digital Esportivo","fecha_de_inicio":"10072021","precio_en_cuotas":"2 pagamentos mensais de 225 euros","precio_de_lista":"450","mostrar_form":false,"promocion_vigente":"","duracion_del_curso":"2 meses","nivel_del_curso":"introdut\u00f3rio","modalidad_cursado":"Online","contenido":"<p>O Marketing Digital atualmente \u00e9 essencial para os clubes e federa\u00e7\u00f5es. A ind\u00fastria est\u00e1 mudando de maneira muito r\u00e1pida e muitos executivos da \u00e1rea de esportes utilizam formas inovadores para atrair e se aproximarem de f\u00e3s, enquanto geram diferentes fluxos de ingressos a partir de uma ampla gama de atividades digitais.<\/p>\n<p>O programa<strong>\u00a0Marketing Digital Esportivo<\/strong> oferece introdu\u00e7\u00e3o pr\u00e1tica ao marketing digital para executivos da \u00e1rea de esportes, ao utilizar exemplos relacionados, sugest\u00f5es e tabelas que poder\u00e3o ser utilizadas no clube ou nas federa\u00e7\u00f5es de executivos da \u00e1rea de esportes. Os seus cursos trabalhar\u00e3o em 4 assuntos:<\/p>\n<ol>\n<li>Tend\u00eancias, pesquisas e estrat\u00e9gia<\/li>\n<li>Marcas e comunica\u00e7\u00f5es no plano de conte\u00fados e gest\u00e3o de crise<\/li>\n<li>Gera\u00e7\u00e3o de ingressos e recursos<\/li>\n<li>Enfoque nos f\u00e3s<\/li>\n<\/ol>\n<p>Este programa oferecer\u00e1 aos participantes conhecimentos e habilidades necess\u00e1rias para desenvolver um plano de marketing digital na \u00e1rea de esportes que possa ser implementado no seu clube ou federa\u00e7\u00e3o.<\/p>\n","ocultar_video":true,"url_video":"","avalado_por":false,"pdf_brochure":"https:\/\/static.capabiliaserver.com\/frontend\/clients\/barca\/wp_prod\/wp-content\/uploads\/2020\/02\/6d4a2469-marketing-digital-esportivo.pdf","cursos_que_lo_componen":[{"nombre_del_curso":"Estrat\u00e9gias, marcas e comunica\u00e7\u00f5es on-line","descripcion_del_curso":"<p>M\u00d3DULO 1: Tend\u00eancias, pesquisas e auditoria digital<br \/>\nM\u00d3DULO 2: Estrat\u00e9gias de marketing digital e marcas on-line<br \/>\nM\u00d3DULO 3: Comunica\u00e7\u00f5es<br \/>\nM\u00d3DULO 4: Plano de conte\u00fados e gerenciamento de crises<\/p>\n"},{"nombre_del_curso":"Gera\u00e7\u00e3o de receitas e fan engagement","descripcion_del_curso":"<p>M\u00d3DULO 1: Informa\u00e7\u00f5es e recursos<br \/>\nM\u00d3DULO 2: Fontes de pesquisa digital<br \/>\nM\u00d3DULO 3: Engajamento com torcedores e eSports<br \/>\nM\u00d3DULO 4: Jogos de fantasia e \"Growing Attendance Model\"(GAM)<\/p>\n"}],"aprende_a":[{"item_aprende_a":"Gerenciar auditorias digitais"},{"item_aprende_a":"Ter conhecimentos iniciais sobre dados e vis\u00e3o \u00fanica do cliente (SVC)"},{"item_aprende_a":"Desenvolver um plano de marketing digital"},{"item_aprende_a":"Construir uma marca on-line"},{"item_aprende_a":"Criar um plano de conte\u00fados e comunica\u00e7\u00f5es"},{"item_aprende_a":"Ter melhores conhecimentos sobre o fluxo de ingressos e vari\u00e1veis dispon\u00edveis"},{"item_aprende_a":"Ter excelentes conhecimentos sobre como utilizar o digital para atrair uma base de f\u00e3s"}],"preguntas_frecuentes":false,"contenidistas":false,"docentes_expertos":[{"foto":"https:\/\/barcanew.capabiliaserver.com\/wp-content\/uploads\/2020\/01\/fcc01266-geoff-wilson-328x328.jpg","nombre_del_docente":"Geoff Wilson","descripcion_del_docente":"Especialista na \u00e1rea de esportes que se foca em organiza\u00e7\u00f5es esportivas e em diferentes neg\u00f3cios que envolvendo esporte em todo o mundo. Atualmente trabalha com atividades de consultoria em comunica\u00e7\u00e3o e marketing para clientes como UEFA, AFC, FIFA, FIBA e no Ulster Grand Prix.","enlace":""}],"imagen_destacada":"https:\/\/barcanew.capabiliaserver.com\/wp-content\/uploads\/2020\/02\/21542d90-digital-marketing-in-sports_.jpg","titulo_seccion_testimonios":"","slider_testimonios":false,"imagen_de_fondo_testimonios":false,"color_de_fondo_testimonios":"","segunda_fecha_de_inicio":"25072021","zona_horaria":"Europe\/Madrid","activar_banner_1":false,"banner_1":false,"activar_banner_2":false,"banner_2":false,"activar_banner_3":false,"banner_3":false,"activar_nuevos_banners":false,"mostrar_banner_1":false,"crear_banner_1":{"utilizar_imagen_unica_para_banner":false,"asignar_imagen_unica_para_banner":false,"mostrar_titulo_banner":false,"titulo_para_banner":"","mostrar_subtitulo_banner":false,"subtitulo_del_banner":"","mostrar_cta_banner":false,"texto_cta_banner":"","url_cta_banner":"","fondo_de_color_banner":"","fondo_de_imagen_banner":false,"mostrar_imagen_izquierda_banner":false,"asignar_imagen_izquierda_banner":false},"mostrar_banner_2":false,"crear_banner_2":{"utilizar_imagen_unica_para_banner":false,"asignar_imagen_unica_para_banner":false,"mostrar_titulo_banner":false,"titulo_para_banner":"","mostrar_subtitulo_banner":false,"subtitulo_del_banner":"","mostrar_cta_banner":false,"texto_cta_banner":"","url_cta_banner":"","fondo_de_color_banner":"","fondo_de_imagen_banner":false,"mostrar_imagen_izquierda_banner":false,"asignar_imagen_izquierda_banner":false},"mostrar_banner_3":false,"crear_banner_3":{"utilizar_imagen_unica_para_banner":false,"asignar_imagen_unica_para_banner":false,"mostrar_titulo_banner":false,"titulo_para_banner":"","mostrar_subtitulo_banner":false,"subtitulo_del_banner":"","mostrar_cta_banner":false,"texto_cta_banner":"","url_cta_banner":"","fondo_de_color_banner":"","fondo_de_imagen_banner":false,"mostrar_imagen_izquierda_banner":false,"asignar_imagen_izquierda_banner":false},"pdf_brochure_link_drive":"https:\/\/drive.google.com\/uc?id=1Mzr5bLIufedALB9-s8UF3iSvQAPUEXAG&export=download","activar_hero_video":false,"video_texto":"","video_header":false},"idiomas":{"en":52032,"es":52035,"ar":52034,"ca":52033,"ru":52034,"pt":52034},"_links":{"self":[{"href":"https:\/\/barcanew.capabiliaserver.com\/pt\/wp-json\/wp\/v2\/products\/52034"}],"collection":[{"href":"https:\/\/barcanew.capabiliaserver.com\/pt\/wp-json\/wp\/v2\/products"}],"about":[{"href":"https:\/\/barcanew.capabiliaserver.com\/pt\/wp-json\/wp\/v2\/types\/product"}],"author":[{"embeddable":true,"href":"https:\/\/barcanew.capabiliaserver.com\/pt\/wp-json\/wp\/v2\/users\/16"}],"replies":[{"embeddable":true,"href":"https:\/\/barcanew.capabiliaserver.com\/pt\/wp-json\/wp\/v2\/comments?post=52034"}],"version-history":[{"count":5,"href":"https:\/\/barcanew.capabiliaserver.com\/pt\/wp-json\/wp\/v2\/products\/52034\/revisions"}],"predecessor-version":[{"id":134571,"href":"https:\/\/barcanew.capabiliaserver.com\/pt\/wp-json\/wp\/v2\/products\/52034\/revisions\/134571"}],"wp:attachment":[{"href":"https:\/\/barcanew.capabiliaserver.com\/pt\/wp-json\/wp\/v2\/media?parent=52034"}],"wp:term":[{"taxonomy":"category","embeddable":true,"href":"https:\/\/barcanew.capabiliaserver.com\/pt\/wp-json\/wp\/v2\/categories?post=52034"}],"curies":[{"name":"wp","href":"https:\/\/api.w.org\/{rel}","templated":true}]}}