{"id":45593,"date":"2019-11-25T15:55:24","date_gmt":"2019-11-25T18:55:24","guid":{"rendered":"https:\/\/barcanew.capabiliaserver.com\/?post_type=product&#038;p=45593"},"modified":"2022-10-17T09:44:30","modified_gmt":"2022-10-17T12:44:30","slug":"tendinopatia-de-membros-inferiores","status":"publish","type":"product","link":"https:\/\/barcanew.capabiliaserver.com\/pt\/product\/tendinopatia-de-membros-inferiores\/","title":{"rendered":"Tendinopatia de Membros Inferiores"},"content":{"rendered":"<p>contenido<\/p>\n","protected":false},"excerpt":{"rendered":"<p>excerpt<\/p>\n","protected":false},"author":16,"featured_media":0,"comment_status":"open","ping_status":"closed","template":"","meta":{"_acf_changed":false,"footnotes":""},"categories":[113],"acf":{"external_id":"1395","titulo_curso":"Lower Limb Tendinopathy","precio":"450","impartido_en":"English","producto_path":false,"hubspot_product_id":"55164482","id_magento":"332","header_image":133994,"column_title":"","titulo_incentivo":"Tendinopatia de Membros Inferiores","fecha_de_inicio":"10082021","precio_en_cuotas":"","precio_de_lista":"","mostrar_form":true,"promocion_vigente":"","duracion_del_curso":"2 meses","nivel_del_curso":"avan\u00e7ado","modalidad_cursado":"Online","contenido":"<p>Os tend\u00f5es de membros inferiores funcionam principalmente como molas para permitir a locomo\u00e7\u00e3o, bem como a atividade f\u00edsica de alto n\u00edvel. O aparecimento de dor e disfun\u00e7\u00e3o do tend\u00e3o \u00e9 algo comum e os m\u00e9dicos cl\u00ednicos devem ser competentes ao reconhecer as principais caracter\u00edsticas da dor no tend\u00e3o, bem como possuir um excelente conhecimento de gest\u00e3o baseada em evid\u00eancias.<\/p>\n<p>Ser cr\u00edtico para aplicar a base de evid\u00eancia \u00e9 um entendimento da patologia da dor no tend\u00e3o, da adapta\u00e7\u00e3o, bem como das mudan\u00e7as existentes em todos os n\u00edveis (do tend\u00e3o at\u00e9 o m\u00fasculo, a cadeia cin\u00e9tica e o c\u00e9rebro). Estes conceitos proporcionam a premissa para uma reabilita\u00e7\u00e3o rigorosa e um uso apropriado de auxiliares no tratamento.<\/p>\n<p>Considera\u00e7\u00f5es de reabilita\u00e7\u00e3o incluem a capacidade atual do indiv\u00edduo, assim como seus objetivos, comorbidades e fatores individuais. O atleta de temporada gera um desafio adicional, e os m\u00e9dicos cl\u00ednicos devem entender como e quando aplicar a pesquisa atual.<\/p>\n<p>Este programa tamb\u00e9m mostrar\u00e1 a import\u00e2ncia da ci\u00eancia da dor, o uso da linguagem quando as ideias s\u00e3o explicadas aos pacientes e atletas, al\u00e9m das principais partes interessadas, como os pais dos atletas juniores e treinadores. A \u00faltima evid\u00eancia de como incorporar neuroci\u00eancia na reabilita\u00e7\u00e3o tamb\u00e9m ser\u00e1 trabalhada.<\/p>\n","ocultar_video":false,"url_video":"https:\/\/www.youtube.com\/embed\/wpWnTTDmMKo","avalado_por":false,"pdf_brochure":"https:\/\/static.capabiliaserver.com\/frontend\/clients\/barca\/wp_prod\/wp-content\/uploads\/2019\/11\/5ee47532-tendinopatia-de-membros-inferiores.pdf","cursos_que_lo_componen":[{"nombre_del_curso":"Entendimento da anatomia, fun\u00e7\u00e3o e adapta\u00e7\u00e3o do tend\u00e3o","descripcion_del_curso":"<p>M\u00d3DULO 1. Fundamentos do tend\u00e3o<br \/>\nM\u00d3DULO 2. Dor e patologia; implica\u00e7\u00f5es para m\u00e9dicos cl\u00ednicos<br \/>\nM\u00d3DULO 3. Teoria de avalia\u00e7\u00e3o subjetiva<br \/>\nM\u00d3DULO 4. Diagn\u00f3stico por imagens e outras deriva\u00e7\u00f5es em avalia\u00e7\u00e3o subjetiva<\/p>\n"},{"nombre_del_curso":"Avalia\u00e7\u00e3o e reabilita\u00e7\u00e3o dos tend\u00f5es dos membros inferiores","descripcion_del_curso":"<p>M\u00d3DULO 1. Introdu\u00e7\u00e3o \u00e0 avalia\u00e7\u00e3o objetiva e especifica de tend\u00f5es<br \/>\nM\u00d3DULO 2. Continua\u00e7\u00e3o de avalia\u00e7\u00e3o objetiva para tend\u00f5es de membros inferiores<br \/>\nM\u00d3DULO 3. Hist\u00f3rico de reabilita\u00e7\u00e3o<br \/>\nMODULO 4. Finaliza\u00e7\u00e3o da reabilita\u00e7\u00e3o<\/p>\n"}],"aprende_a":[{"item_aprende_a":"Descrever o tend\u00e3o normal e as mudan\u00e7as ocorridas com a patologia."},{"item_aprende_a":"Entender e explicar o que se conhece sobre nocicep\u00e7\u00e3o e dor em tend\u00f5es."},{"item_aprende_a":"Descrever a fun\u00e7\u00e3o dos tend\u00f5es dos membros inferiores."},{"item_aprende_a":"Entender o papel da varredura de imagens na dor do tend\u00e3o."},{"item_aprende_a":"Realizar um exame rigoroso e subjetivo."},{"item_aprende_a":"Aumentar seguran\u00e7a em diagn\u00f3stico diferencial ou considerando um caminho de tratamento seguindo uma avalia\u00e7\u00e3o objetiva."},{"item_aprende_a":"Proporcionar uma reabilita\u00e7\u00e3o baseada em evid\u00eancias para os tend\u00f5es dos membros inferiores. Adaptar o controle para os atletas de temporada."}],"preguntas_frecuentes":false,"contenidistas":false,"docentes_expertos":[{"foto":"https:\/\/barcanew.capabiliaserver.com\/wp-content\/uploads\/2019\/11\/37fb11cd-jill-cook.jpg","nombre_del_docente":"Jill Cook","descripcion_del_docente":"Fisioterapeuta. Professora de sa\u00fade m\u00fasculoesquel\u00e9tica no La Trobe Sport and Exercise Medicine Research Centre, Universidade La Trobe. Suas \u00e1reas de pesquisa incluem medicina esportiva e les\u00f5es de tend\u00e3o.","enlace":""},{"foto":"https:\/\/barcanew.capabiliaserver.com\/wp-content\/uploads\/2019\/11\/a77176c8-ebonie_rio.jpg","nombre_del_docente":"Ebonie Rio","descripcion_del_docente":"Pesquisadora chefe de dor no tend\u00e3o e reabilita\u00e7\u00e3o na Universidade La Trobe.","enlace":""}],"titulo_seccion_testimonios":"","slider_testimonios":false,"imagen_de_fondo_testimonios":false,"color_de_fondo_testimonios":"","segunda_fecha_de_inicio":"","zona_horaria":"Europe\/Madrid","activar_banner_1":false,"banner_1":false,"activar_banner_2":false,"banner_2":false,"activar_banner_3":false,"banner_3":false,"activar_nuevos_banners":false,"mostrar_banner_1":false,"crear_banner_1":{"utilizar_imagen_unica_para_banner":false,"asignar_imagen_unica_para_banner":false,"mostrar_titulo_banner":false,"titulo_para_banner":"","mostrar_subtitulo_banner":false,"subtitulo_del_banner":"","mostrar_cta_banner":false,"texto_cta_banner":"","url_cta_banner":"","fondo_de_color_banner":"","fondo_de_imagen_banner":false,"mostrar_imagen_izquierda_banner":false,"asignar_imagen_izquierda_banner":false},"mostrar_banner_2":false,"crear_banner_2":{"utilizar_imagen_unica_para_banner":false,"asignar_imagen_unica_para_banner":false,"mostrar_titulo_banner":false,"titulo_para_banner":"","mostrar_subtitulo_banner":false,"subtitulo_del_banner":"","mostrar_cta_banner":false,"texto_cta_banner":"","url_cta_banner":"","fondo_de_color_banner":"","fondo_de_imagen_banner":false,"mostrar_imagen_izquierda_banner":false,"asignar_imagen_izquierda_banner":false},"mostrar_banner_3":false,"crear_banner_3":{"utilizar_imagen_unica_para_banner":false,"asignar_imagen_unica_para_banner":false,"mostrar_titulo_banner":false,"titulo_para_banner":"","mostrar_subtitulo_banner":false,"subtitulo_del_banner":"","mostrar_cta_banner":false,"texto_cta_banner":"","url_cta_banner":"","fondo_de_color_banner":"","fondo_de_imagen_banner":false,"mostrar_imagen_izquierda_banner":false,"asignar_imagen_izquierda_banner":false},"activar_hero_video":false,"video_texto":"133994","video_header":false,"pdf_brochure_link_drive":"https:\/\/drive.google.com\/uc?id=1ljcqR16ap3c2dsh8j05_MyrdeN7l5ebk&export=download"},"idiomas":{"en":45591,"es":45594,"ar":45593,"ca":45592,"ru":45593,"pt":45593},"_links":{"self":[{"href":"https:\/\/barcanew.capabiliaserver.com\/pt\/wp-json\/wp\/v2\/products\/45593"}],"collection":[{"href":"https:\/\/barcanew.capabiliaserver.com\/pt\/wp-json\/wp\/v2\/products"}],"about":[{"href":"https:\/\/barcanew.capabiliaserver.com\/pt\/wp-json\/wp\/v2\/types\/product"}],"author":[{"embeddable":true,"href":"https:\/\/barcanew.capabiliaserver.com\/pt\/wp-json\/wp\/v2\/users\/16"}],"replies":[{"embeddable":true,"href":"https:\/\/barcanew.capabiliaserver.com\/pt\/wp-json\/wp\/v2\/comments?post=45593"}],"version-history":[{"count":5,"href":"https:\/\/barcanew.capabiliaserver.com\/pt\/wp-json\/wp\/v2\/products\/45593\/revisions"}],"predecessor-version":[{"id":133998,"href":"https:\/\/barcanew.capabiliaserver.com\/pt\/wp-json\/wp\/v2\/products\/45593\/revisions\/133998"}],"wp:attachment":[{"href":"https:\/\/barcanew.capabiliaserver.com\/pt\/wp-json\/wp\/v2\/media?parent=45593"}],"wp:term":[{"taxonomy":"category","embeddable":true,"href":"https:\/\/barcanew.capabiliaserver.com\/pt\/wp-json\/wp\/v2\/categories?post=45593"}],"curies":[{"name":"wp","href":"https:\/\/api.w.org\/{rel}","templated":true}]}}