{"id":38419,"date":"2019-10-08T11:39:46","date_gmt":"2019-10-08T14:39:46","guid":{"rendered":"https:\/\/barcanew.capabiliaserver.com\/?post_type=product&#038;p=38419"},"modified":"2023-01-13T11:22:21","modified_gmt":"2023-01-13T14:22:21","slug":"certificado-em-analista-tatico-de-futebol","status":"publish","type":"product","link":"https:\/\/barcanew.capabiliaserver.com\/pt\/product\/certificado-em-analista-tatico-de-futebol\/","title":{"rendered":"Certificado em Analista T\u00e1tico de Futebol"},"content":{"rendered":"<p>contenido<\/p>\n","protected":false},"excerpt":{"rendered":"<p>excerpt<\/p>\n","protected":false},"author":16,"featured_media":0,"comment_status":"open","ping_status":"closed","template":"","meta":{"_acf_changed":false,"footnotes":""},"categories":[113,109],"acf":{"external_id":"1383","titulo_curso":"Certificado en Analista T\u00e1ctico de F\u00fatbol","precio":"625","impartido_en":"English","hubspot_product_id":"50377707","id_magento":"308","header_image":134251,"column_title":"","titulo_incentivo":"Certificado em Analista T\u00e1tico de Futebol","fecha_de_inicio":"10072021","precio_en_cuotas":"4 pagamentos mensais de 156,25 euros","precio_de_lista":"","mostrar_form":false,"promocion_vigente":"","duracion_del_curso":"4 meses","nivel_del_curso":"introdut\u00f3rio","modalidad_cursado":"Online","contenido":"<p>Abordamos o Certificado de Analista T\u00e1ctico de Futebol a partir da constata\u00e7\u00e3o do crescimento quantitativo da figura do analista e dos departamentos de an\u00e1lises nos clubes profissionais de futebol. Diante da demanda do perfil profissional de analista, surge a necessidade de organizar e detalhar cada uma das fun\u00e7\u00f5es que desempenha ou possa vir a desempenhar num futuro pr\u00f3ximo.<\/p>\n<p>Em um ambiente cada vez mais competitivo, o enorme aumento dos recursos econ\u00f4micos nos clubes profissionais de futebol permite que o analista possa implementar um trabalho organizado e exaustivo que contribua para a melhora do desempenho das equipes, posicionando este perfil profissional em um mercado de trabalho crescente.<\/p>\n<p>Ao finalizar o certificado, voc\u00ea saber\u00e1 como implantar o departamento de an\u00e1lises em um clube de futebol espec\u00edfico, conhecer\u00e1 as ferramentas tecnol\u00f3gicas dispon\u00edveis e ser\u00e1 capaz de enfrentar o processo de an\u00e1lise a partir de uma perspectiva hol\u00edstica (an\u00e1lise pr\u00f3pria, do rival, do treinamento, da partida, da competi\u00e7\u00e3o, etc.).<\/p>\n","ocultar_video":true,"url_video":"","avalado_por":false,"pdf_brochure":"https:\/\/static.capabiliaserver.com\/frontend\/clients\/barca\/wp_prod\/wp-content\/uploads\/2019\/10\/eda1fd6b-certificate-in-football-tactical-analyst-1.pdf","cursos_que_lo_componen":[{"nombre_del_curso":"Implementa\u00e7\u00e3o e processos tecnol\u00f3gicos de an\u00e1lise","descripcion_del_curso":"<p>M\u00d3DULO 1: Departamento de an\u00e1lise<br \/>\nM\u00d3DULO 2: An\u00e1lise m\u00e9trica de dados<br \/>\nM\u00d3DULO 3: Processos audiovisuais<br \/>\nM\u00d3DULO 4: O tagging como meio para a an\u00e1lise de partidas<\/p>\n"},{"nombre_del_curso":"An\u00e1lise da pr\u00f3pria equipe (autoan\u00e1lise)","descripcion_del_curso":"<p>M\u00d3DULO 1: An\u00e1lise Plano Micro<br \/>\nM\u00d3DULO 2: An\u00e1lise Plano Meso<br \/>\nM\u00d3DULO 3: An\u00e1lise Plano Macro<br \/>\nM\u00d3DULO 4: An\u00e1lise do treinamento<\/p>\n"},{"nombre_del_curso":"An\u00e1lise da equipe rival","descripcion_del_curso":"<p>M\u00d3DULO 1: An\u00e1lise individual do rival<br \/>\nM\u00d3DULO 2: An\u00e1lise coletiva do rival<br \/>\nM\u00d3DULO 3: Incid\u00eancia da an\u00e1lise do rival no treinamento<br \/>\nM\u00d3DULO 4: Transmiss\u00e3o da an\u00e1lise do rival ao jogador durante o microciclo<\/p>\n"},{"nombre_del_curso":"An\u00e1lise de partida","descripcion_del_curso":"<p>M\u00d3DULO 1: Pr\u00e9-partida<br \/>\nM\u00d3DULO 2: An\u00e1lise durante a partida<br \/>\nM\u00d3DULO 3: An\u00e1lise pos-partida<br \/>\nM\u00d3DULO 4: Avalia\u00e7\u00e3o final<\/p>\n"}],"aprende_a":[{"item_aprende_a":"Ajudar na correta implementa\u00e7\u00e3o do departamento de an\u00e1lises em um clube de futebol e conhecer as ferramentas tecnol\u00f3gicas atuais em mat\u00e9ria de an\u00e1lise."},{"item_aprende_a":"Organizar e melhorar o conhecimento da pr\u00f3pria equipe e seu desempenho atrav\u00e9s da an\u00e1lise."},{"item_aprende_a":"Melhorar a coleta de informa\u00e7\u00e3o sobre o rival e seu uso durante os treinamentos."},{"item_aprende_a":"Adotar um m\u00e9todo para a an\u00e1lise durante a competi\u00e7\u00e3o."}],"preguntas_frecuentes":false,"contenidistas":[{"contenidista":"Antonio \u00c1ngel Barea Villegas (Chefe de estudos do Certificado)","descripcion_contenidista":"Treinador UEFA-PRO e analista t\u00e1tico. Foi Analista de rivais da Sele\u00e7\u00e3o Espanhola (RFEF) e \u00e9 Professor da \u00e1rea de treinamento (CEDIFA-RFAF)."},{"contenidista":"Anselmo Ruiz de Alarc\u00f3n Quintero (Professor)","descripcion_contenidista":"Assessor Externo de An\u00e1lise de Dados da equipe titular do Athletic Club. Foi respons\u00e1vel pela P+D na categoria de forma\u00e7\u00e3o do Real Betis. Bacharel em Ci\u00eancias da Atividade F\u00edsica e do Esporte."},{"contenidista":"Marco Tamarit de Toro (Professor)","descripcion_contenidista":"Treinador de futebol e analista. Foi Analista do Real Betis Balompi\u00e9 e do Staff T\u00e9cnico de Bernd Schuster em Dalian Yifang."},{"contenidista":"Enric Soriano Domingo (Professor)","descripcion_contenidista":"Treinador de futebol e analista t\u00e1tico. Experi\u00eancia em categorias de forma\u00e7\u00e3o do Levante UD e do Valencia CF como treinador, e no UD Ibiza como analista."},{"contenidista":"Matias Pera Lallana (Colaborador)","descripcion_contenidista":"Coordenador e treinador de futebol de categorias de base."},{"contenidista":"Alex Couto Lago (Colaborador)","descripcion_contenidista":"Treinador Nacional de Futebol e T\u00e9cnico Esportivo Superior. Mestre em Futebol. Bacharel em Ci\u00eancias Econ\u00f4micas. Ex-treinador do SD Compostela. Analista, consultor. Comentarista TVG."}],"docentes_expertos":[{"foto":"https:\/\/barcanew.capabiliaserver.com\/wp-content\/uploads\/2019\/10\/632bf600-antolin_gonzalo_martin.jpg","nombre_del_docente":"Antol\u00edn Gonzalo Mart\u00edn","descripcion_del_docente":"Treinador UEFA-PRO e analista t\u00e1tico. Foi Analista Chefe da Sele\u00e7\u00e3o Espanhola (RFEF) e do time titular de futebol do Real Madrid CF.","enlace":""}],"producto_path":false,"titulo_seccion_testimonios":"","slider_testimonios":false,"imagen_de_fondo_testimonios":false,"color_de_fondo_testimonios":"","segunda_fecha_de_inicio":"25072021","zona_horaria":"Europe\/Madrid","activar_banner_1":false,"banner_1":false,"activar_banner_2":false,"banner_2":false,"activar_banner_3":false,"banner_3":false,"activar_nuevos_banners":false,"mostrar_banner_1":false,"crear_banner_1":{"utilizar_imagen_unica_para_banner":false,"asignar_imagen_unica_para_banner":false,"mostrar_titulo_banner":false,"titulo_para_banner":"","mostrar_subtitulo_banner":false,"subtitulo_del_banner":"","mostrar_cta_banner":false,"texto_cta_banner":"","url_cta_banner":"","fondo_de_color_banner":"","fondo_de_imagen_banner":false,"mostrar_imagen_izquierda_banner":false,"asignar_imagen_izquierda_banner":false},"mostrar_banner_2":false,"crear_banner_2":{"utilizar_imagen_unica_para_banner":false,"asignar_imagen_unica_para_banner":false,"mostrar_titulo_banner":false,"titulo_para_banner":"","mostrar_subtitulo_banner":false,"subtitulo_del_banner":"","mostrar_cta_banner":false,"texto_cta_banner":"","url_cta_banner":"","fondo_de_color_banner":"","fondo_de_imagen_banner":false,"mostrar_imagen_izquierda_banner":false,"asignar_imagen_izquierda_banner":false},"mostrar_banner_3":false,"crear_banner_3":{"utilizar_imagen_unica_para_banner":false,"asignar_imagen_unica_para_banner":false,"mostrar_titulo_banner":false,"titulo_para_banner":"","mostrar_subtitulo_banner":false,"subtitulo_del_banner":"","mostrar_cta_banner":false,"texto_cta_banner":"","url_cta_banner":"","fondo_de_color_banner":"","fondo_de_imagen_banner":false,"mostrar_imagen_izquierda_banner":false,"asignar_imagen_izquierda_banner":false},"video_texto":"134251","pdf_brochure_link_drive":"https:\/\/drive.google.com\/uc?id=1oGDzl-bKDGEKnbI2pMjNAfTE_S8pFlYM&export=download","activar_hero_video":false,"video_header":false,"imagen_destacada":false},"idiomas":{"en":38417,"es":38420,"ar":38419,"ca":38418,"ru":38419,"pt":38419},"_links":{"self":[{"href":"https:\/\/barcanew.capabiliaserver.com\/pt\/wp-json\/wp\/v2\/products\/38419"}],"collection":[{"href":"https:\/\/barcanew.capabiliaserver.com\/pt\/wp-json\/wp\/v2\/products"}],"about":[{"href":"https:\/\/barcanew.capabiliaserver.com\/pt\/wp-json\/wp\/v2\/types\/product"}],"author":[{"embeddable":true,"href":"https:\/\/barcanew.capabiliaserver.com\/pt\/wp-json\/wp\/v2\/users\/16"}],"replies":[{"embeddable":true,"href":"https:\/\/barcanew.capabiliaserver.com\/pt\/wp-json\/wp\/v2\/comments?post=38419"}],"version-history":[{"count":5,"href":"https:\/\/barcanew.capabiliaserver.com\/pt\/wp-json\/wp\/v2\/products\/38419\/revisions"}],"predecessor-version":[{"id":136721,"href":"https:\/\/barcanew.capabiliaserver.com\/pt\/wp-json\/wp\/v2\/products\/38419\/revisions\/136721"}],"wp:attachment":[{"href":"https:\/\/barcanew.capabiliaserver.com\/pt\/wp-json\/wp\/v2\/media?parent=38419"}],"wp:term":[{"taxonomy":"category","embeddable":true,"href":"https:\/\/barcanew.capabiliaserver.com\/pt\/wp-json\/wp\/v2\/categories?post=38419"}],"curies":[{"name":"wp","href":"https:\/\/api.w.org\/{rel}","templated":true}]}}