{"id":132813,"date":"2022-10-20T12:49:40","date_gmt":"2022-10-20T15:49:40","guid":{"rendered":"https:\/\/barcanew.capabiliaserver.com\/?post_type=product&#038;p=132813"},"modified":"2022-10-24T13:29:41","modified_gmt":"2022-10-24T16:29:41","slug":"entender-a-politica-nos-negocios-do-futebol-feminino","status":"publish","type":"product","link":"https:\/\/barcanew.capabiliaserver.com\/pt\/product\/entender-a-politica-nos-negocios-do-futebol-feminino\/","title":{"rendered":"Entender a pol\u00edtica nos neg\u00f3cios do futebol feminino"},"content":{"rendered":"<p>contenido<\/p>\n\n\n<p><\/p>\n","protected":false},"excerpt":{"rendered":"<p>excerpt<\/p>\n","protected":false},"author":16,"featured_media":0,"comment_status":"open","ping_status":"closed","template":"","meta":{"_acf_changed":false,"footnotes":""},"categories":[235,113],"acf":{"titulo_curso":"Certificado en F\u00fatbol Femenino desde una Perspectiva de Negocio","impartido_en":"English","crear_banner_3":{"utilizar_imagen_unica_para_banner":false,"asignar_imagen_unica_para_banner":false,"mostrar_titulo_banner":false,"titulo_para_banner":"","mostrar_subtitulo_banner":false,"subtitulo_del_banner":"","mostrar_cta_banner":false,"texto_cta_banner":"","url_cta_banner":"","fondo_de_color_banner":"","fondo_de_imagen_banner":false,"mostrar_imagen_izquierda_banner":false,"asignar_imagen_izquierda_banner":false},"producto_path":false,"id_magento":"588","column_title":"","precio_en_cuotas":"4 pagamentos mensais de \u20ac 156,25","precio_de_lista":"","mostrar_form":false,"promocion_vigente":"","duracion_del_curso":"4 meses","nivel_del_curso":"introdut\u00f3rio","modalidad_cursado":"Online","ocultar_video":true,"url_video":"","avalado_por":false,"slidebox":false,"titulo_seccion_testimonios":"","imagen_de_fondo_testimonios":false,"color_de_fondo_testimonios":"","activar_banner_1":false,"banner_1":false,"activar_banner_2":false,"banner_2":false,"activar_banner_3":false,"banner_3":false,"activar_nuevos_banners":false,"mostrar_banner_1":false,"crear_banner_1":{"utilizar_imagen_unica_para_banner":false,"asignar_imagen_unica_para_banner":false,"mostrar_titulo_banner":false,"titulo_para_banner":"","mostrar_subtitulo_banner":false,"subtitulo_del_banner":"","mostrar_cta_banner":false,"texto_cta_banner":"","url_cta_banner":"","fondo_de_color_banner":"","fondo_de_imagen_banner":false,"mostrar_imagen_izquierda_banner":false,"asignar_imagen_izquierda_banner":false},"mostrar_banner_2":false,"crear_banner_2":{"utilizar_imagen_unica_para_banner":false,"asignar_imagen_unica_para_banner":false,"mostrar_titulo_banner":false,"titulo_para_banner":"","mostrar_subtitulo_banner":false,"subtitulo_del_banner":"","mostrar_cta_banner":false,"texto_cta_banner":"","url_cta_banner":"","fondo_de_color_banner":"","fondo_de_imagen_banner":false,"mostrar_imagen_izquierda_banner":false,"asignar_imagen_izquierda_banner":false},"mostrar_banner_3":false,"external_id":"1830","titulo_incentivo":"","fecha_de_inicio":"11112022","segunda_fecha_de_inicio":"","zona_horaria":"Europe\/Madrid","precio":"625","contenido":"<p>O futebol \u00e9 provavelmente o esporte mais popular e mais desenvolvido do mundo. \u00c9 reconhecido por sua popularidade e seu grande crescimento como setor empresarial. Dentro deste setor, o futebol feminino tem apresentado um crescimento muito importante nunca antes visto em todo o mundo. \u00c9 de grande atra\u00e7\u00e3o para amadores, patrocinadores, autoridades, imprensa e investidores. Hoje, o futebol feminino \u00e9 valorizado pela sua abrang\u00eancia e potencial como neg\u00f3cio, o que, aliado ao grande n\u00famero de oportunidades para continuar a sua expans\u00e3o, permite-nos imaginar um percurso de crescimento semelhante e surpreendente. Nesta certifica\u00e7\u00e3o, oferecemos uma an\u00e1lise ampla e detalhada do desenvolvimento e o estado atual do neg\u00f3cio do futebol feminino. Tamb\u00e9m analisamos seu poss\u00edvel crescimento futuro alimentado por seu prol\u00edfico fandom e seu potencial como um neg\u00f3cio que pode ser observado.<\/p>\n","pdf_brochure":false,"cursos_que_lo_componen":[{"nombre_del_curso":"Desenvolvimento do futebol feminino","descripcion_del_curso":"<p>M\u00f3dulo 1: Os desafios do futebol feminino - Barreiras hist\u00f3ricas, institucionais e culturais<br \/>\nM\u00f3dulo 2: Oportunidades no Futebol Feminino - Financiamento e Investimento Estrat\u00e9gico<br \/>\nM\u00f3dulo 3: Marketing com uma causa - Futebol feminino e RSE<br \/>\nM\u00f3dulo 4: Igualdade de g\u00eanero como marca global - O futuro dos neg\u00f3cios do futebol feminino<\/p>\n"},{"nombre_del_curso":"Entender a pol\u00edtica nos neg\u00f3cios do futebol feminino  ","descripcion_del_curso":"<p>M\u00f3dulo 1: Principais atuantes, relacionamentos e din\u00e2micas de poder nos neg\u00f3cios do futebol feminino<br \/>\nM\u00f3dulo 2: Entender, gerando relacionamentos e influenciando autoridades<br \/>\nM\u00f3dulo 3: Coletar informa\u00e7\u00e3o e criar m\u00e9tricas influentes para explicar o valor criado pelo neg\u00f3cio do futebol feminino<br \/>\nM\u00f3dulo 4: Gerenciando pol\u00edticas e regulamentos nos neg\u00f3cios do futebol feminino<\/p>\n"},{"nombre_del_curso":"Fandom do futebol feminino","descripcion_del_curso":"<p>M\u00f3dulo 1: Entendendo os s\u00f3cio-torcedores de futebol feminino - Motiva\u00e7\u00f5es por tr\u00e1s do fandom<br \/>\nM\u00f3dulo 2: Comunidades de s\u00f3cio-torcedores de futebol feminino - relacionamentos horizontais que impulsionam o fandom<br \/>\nM\u00f3dulo 3: Lealdade dos s\u00f3cio-torcedores - Constru\u00e7\u00e3o de relacionamentos verticais<br \/>\nM\u00f3dulo 4: Benef\u00edcios Financeiros dos s\u00f3cio-torcedores - Como o crescimento do Fandom faz crescer o neg\u00f3cio<\/p>\n"},{"nombre_del_curso":"Crescimento das competi\u00e7\u00f5es internacionais \u2013 Agregando valor por meio de eventos internacionais de futebol feminino","descripcion_del_curso":"<p>M\u00f3dulo 1: O Potencial de Transmiss\u00e3o do Futebol Feminino - Transmiss\u00e3o Televisiva dos Esportes Femininos<br \/>\nM\u00f3dulo 2: Patroc\u00ednio do Futebol Feminino - Associa\u00e7\u00e3o de marca e divulga\u00e7\u00e3o<br \/>\nM\u00f3dulo 3: Cria\u00e7\u00e3o de \u00edcones do futebol feminino - Construir as estrelas de futebol do amanh\u00e3<br \/>\nM\u00f3dulo 4: Crescimento das compet\u00eancias Internacionais - Agregar valor atrav\u00e9s de pre\u00e7os ex\u00f3genos<\/p>\n"}],"aprende_a":[{"item_aprende_a":"Compreender o desenvolvimento e o potencial do neg\u00f3cio do futebol feminino.\r\n"},{"item_aprende_a":"Desenvolver a habilidade de avaliar criticamente como as pol\u00edticas no futebol feminino foram promovidas e como elas podem ser gerenciadas.\r\n"},{"item_aprende_a":"Desenvolver a habiliidade de avaliar em detalhe o papel que o fandom tem no neg\u00f3cio do futebol feminino.\r\n"},{"item_aprende_a":"Desenvolver habilidades de pensamento estrat\u00e9gico para identificar e analisar o avan\u00e7o potencial do neg\u00f3cio do futebol feminino.\r\n"}],"preguntas_frecuentes":false,"contenidistas":false,"docentes_expertos":[{"foto":"https:\/\/barcanew.capabiliaserver.com\/wp-content\/uploads\/2022\/06\/2276ebe4-dra-argyro-elisavet-manoli.png","nombre_del_docente":"Dr Argyro Elisavet Manoli","descripcion_del_docente":"Especialista e acad\u00eamica de renome a n\u00edvel mundial na \u00e1rea de marketing esportivo e comercial. Com anos de experi\u00eancia em clubes de futebol profissional, \u00f3rg\u00e3os diretivos esportivos e eventos esportivos internacionais. Ela realizou extensas pesquisas na \u00e1rea, publicou v\u00e1rios livros, resumos de pol\u00edticas e estudos em revistas de muita import\u00e2ncia, ensinou seus informes nas universidades e realizou confer\u00eancias em todo o mundo.","enlace":""}],"imagen_destacada":"https:\/\/barcanew.capabiliaserver.com\/wp-content\/uploads\/2022\/10\/6ee58b2f-cms-1.jpg","slider_testimonios":false,"activar_hero_video":false,"video_texto":"","video_header":false,"hubspot_product_id":"1620453220","pdf_brochure_link_drive":"https:\/\/drive.google.com\/uc?id=1BEuuo-GB0EAMtdVpJ3Pvmwi-r-q0MS4t&export=download","header_image":133516,"programas_relacionados":[{"ID":132819,"post_author":"16","post_date":"2022-10-12 10:07:39","post_date_gmt":"2022-10-12 13:07:39","post_content":"contenido","post_title":"NUEVO - Certificate in Sports Performance Assessment","post_excerpt":"excerpt","post_status":"draft","comment_status":"open","ping_status":"closed","post_password":"","post_name":"__trashed-56","to_ping":"","pinged":"","post_modified":"2023-08-16 11:26:48","post_modified_gmt":"2023-08-16 14:26:48","post_content_filtered":"","post_parent":0,"guid":"https:\/\/barcanew.capabiliaserver.com\/?post_type=product&#038;p=132819","menu_order":8,"post_type":"product","post_mime_type":"","comment_count":"0","filter":"raw"},{"ID":127973,"post_author":"16","post_date":"2022-08-04 15:25:32","post_date_gmt":"2022-08-04 18:25:32","post_content":"contenido","post_title":"Esportes & Sustentabilidade","post_excerpt":"excerpt","post_status":"publish","comment_status":"open","ping_status":"closed","post_password":"","post_name":"esportes-sustentabilidade","to_ping":"","pinged":"","post_modified":"2022-10-21 10:34:04","post_modified_gmt":"2022-10-21 13:34:04","post_content_filtered":"","post_parent":0,"guid":"https:\/\/barcanew.capabiliaserver.com\/?post_type=product&#038;p=127973","menu_order":142,"post_type":"product","post_mime_type":"","comment_count":"0","filter":"raw"},{"ID":127139,"post_author":"22","post_date":"2022-06-22 12:17:13","post_date_gmt":"2022-06-22 15:17:13","post_content":"","post_title":"Introdu\u00e7\u00e3o aos Esports : por que se apaixonar por eles?","post_excerpt":"","post_status":"publish","comment_status":"open","ping_status":"closed","post_password":"","post_name":"introducao-aos-esports-por-que-se-apaixonar-por-eles","to_ping":"","pinged":"","post_modified":"2022-10-14 14:36:33","post_modified_gmt":"2022-10-14 17:36:33","post_content_filtered":"","post_parent":0,"guid":"https:\/\/barcanew.capabiliaserver.com\/?post_type=product&#038;p=127139","menu_order":158,"post_type":"product","post_mime_type":"","comment_count":"0","filter":"raw"},{"ID":127925,"post_author":"1","post_date":"2022-06-24 12:40:51","post_date_gmt":"2022-06-24 15:40:51","post_content":"","post_title":"Certificado em Estrat\u00e9gias de monetiza\u00e7\u00e3o para o Esporte","post_excerpt":"","post_status":"publish","comment_status":"open","ping_status":"closed","post_password":"","post_name":"certificado-em-estrategias-de-monetizacao-para-o-esporte","to_ping":"","pinged":"","post_modified":"2022-10-24 12:36:08","post_modified_gmt":"2022-10-24 15:36:08","post_content_filtered":"","post_parent":0,"guid":"https:\/\/barcanew.capabiliaserver.com\/?post_type=product&#038;p=127925","menu_order":164,"post_type":"product","post_mime_type":"","comment_count":"0","filter":"raw"},{"ID":115237,"post_author":"1","post_date":"2021-12-23 11:14:08","post_date_gmt":"2021-12-23 14:14:08","post_content":"","post_title":"Especializa\u00e7\u00e3o em les\u00f5es em Esportes de Equipe","post_excerpt":"","post_status":"publish","comment_status":"closed","ping_status":"closed","post_password":"","post_name":"professional-diploma-team-sports-injuries-2","to_ping":"","pinged":"","post_modified":"2022-11-04 13:21:51","post_modified_gmt":"2022-11-04 16:21:51","post_content_filtered":"","post_parent":0,"guid":"https:\/\/barcanew.capabiliaserver.com\/?post_type=product&#038;p=115237","menu_order":198,"post_type":"product","post_mime_type":"","comment_count":"0","filter":"raw"},{"ID":120014,"post_author":"16","post_date":"2022-04-01 17:06:55","post_date_gmt":"2022-04-01 20:06:55","post_content":"contenido","post_title":"Neg\u00f3cios e administra\u00e7\u00e3o da ind\u00fastria do futebol","post_excerpt":"excerpt","post_status":"publish","comment_status":"open","ping_status":"closed","post_password":"","post_name":"negocios-e-administracao-da-industria-do-futebol","to_ping":"","pinged":"","post_modified":"2023-01-12 14:37:15","post_modified_gmt":"2023-01-12 17:37:15","post_content_filtered":"","post_parent":0,"guid":"https:\/\/barcanew.capabiliaserver.com\/?post_type=product&#038;p=120014","menu_order":184,"post_type":"product","post_mime_type":"","comment_count":"0","filter":"raw"},{"ID":114881,"post_author":"16","post_date":"2022-01-25 10:44:31","post_date_gmt":"2022-01-25 13:44:31","post_content":"contenido","post_title":"Certificate in Social Media in Sports","post_excerpt":"excerpt","post_status":"draft","comment_status":"open","ping_status":"closed","post_password":"","post_name":"certificate-in-social-media-in-sports","to_ping":"","pinged":"","post_modified":"2022-01-31 10:41:04","post_modified_gmt":"2022-01-31 13:41:04","post_content_filtered":"","post_parent":0,"guid":"https:\/\/barcanew.capabiliaserver.com\/?post_type=product&#038;p=114881","menu_order":218,"post_type":"product","post_mime_type":"","comment_count":"0","filter":"raw"}]},"idiomas":{"en":132810,"es":132815,"ar":132811,"ca":132812,"ru":132814,"pt":132813},"_links":{"self":[{"href":"https:\/\/barcanew.capabiliaserver.com\/pt\/wp-json\/wp\/v2\/products\/132813"}],"collection":[{"href":"https:\/\/barcanew.capabiliaserver.com\/pt\/wp-json\/wp\/v2\/products"}],"about":[{"href":"https:\/\/barcanew.capabiliaserver.com\/pt\/wp-json\/wp\/v2\/types\/product"}],"author":[{"embeddable":true,"href":"https:\/\/barcanew.capabiliaserver.com\/pt\/wp-json\/wp\/v2\/users\/16"}],"replies":[{"embeddable":true,"href":"https:\/\/barcanew.capabiliaserver.com\/pt\/wp-json\/wp\/v2\/comments?post=132813"}],"version-history":[{"count":5,"href":"https:\/\/barcanew.capabiliaserver.com\/pt\/wp-json\/wp\/v2\/products\/132813\/revisions"}],"predecessor-version":[{"id":134718,"href":"https:\/\/barcanew.capabiliaserver.com\/pt\/wp-json\/wp\/v2\/products\/132813\/revisions\/134718"}],"wp:attachment":[{"href":"https:\/\/barcanew.capabiliaserver.com\/pt\/wp-json\/wp\/v2\/media?parent=132813"}],"wp:term":[{"taxonomy":"category","embeddable":true,"href":"https:\/\/barcanew.capabiliaserver.com\/pt\/wp-json\/wp\/v2\/categories?post=132813"}],"curies":[{"name":"wp","href":"https:\/\/api.w.org\/{rel}","templated":true}]}}