{"id":129792,"date":"2022-09-12T11:11:10","date_gmt":"2022-09-12T14:11:10","guid":{"rendered":"https:\/\/barcanew.capabiliaserver.com\/?post_type=product&#038;p=129792"},"modified":"2022-10-17T10:47:47","modified_gmt":"2022-10-17T13:47:47","slug":"gestao-de-patrimonio-e-estrategias-de-investimentos-no-esporte","status":"publish","type":"product","link":"https:\/\/barcanew.capabiliaserver.com\/pt\/product\/gestao-de-patrimonio-e-estrategias-de-investimentos-no-esporte\/","title":{"rendered":"Gest\u00e3o de Patrim\u00f4nio e Estrat\u00e9gias de Investimentos no Esporte"},"content":{"rendered":"<p>contenido<\/p>\n","protected":false},"excerpt":{"rendered":"<p>excerpt<\/p>\n","protected":false},"author":16,"featured_media":0,"comment_status":"open","ping_status":"closed","template":"","meta":{"_acf_changed":false,"footnotes":""},"categories":[121],"acf":{"titulo_curso":"Gesti\u00f3n de Patrimonios e Inversiones en el Deporte","impartido_en":"English","activar_banner_1":false,"banner_1":false,"activar_banner_2":false,"banner_2":false,"activar_banner_3":false,"banner_3":false,"activar_nuevos_banners":false,"mostrar_banner_1":false,"crear_banner_1":{"utilizar_imagen_unica_para_banner":false,"asignar_imagen_unica_para_banner":false,"mostrar_titulo_banner":false,"titulo_para_banner":"","mostrar_subtitulo_banner":false,"subtitulo_del_banner":"","mostrar_cta_banner":false,"texto_cta_banner":"","url_cta_banner":"","fondo_de_color_banner":"","fondo_de_imagen_banner":false,"mostrar_imagen_izquierda_banner":false,"asignar_imagen_izquierda_banner":false},"mostrar_banner_2":false,"crear_banner_2":{"utilizar_imagen_unica_para_banner":false,"asignar_imagen_unica_para_banner":false,"mostrar_titulo_banner":false,"titulo_para_banner":"","mostrar_subtitulo_banner":false,"subtitulo_del_banner":"","mostrar_cta_banner":false,"texto_cta_banner":"","url_cta_banner":"","fondo_de_color_banner":"","fondo_de_imagen_banner":false,"mostrar_imagen_izquierda_banner":false,"asignar_imagen_izquierda_banner":false},"mostrar_banner_3":false,"crear_banner_3":{"utilizar_imagen_unica_para_banner":false,"asignar_imagen_unica_para_banner":false,"mostrar_titulo_banner":false,"titulo_para_banner":"","mostrar_subtitulo_banner":false,"subtitulo_del_banner":"","mostrar_cta_banner":false,"texto_cta_banner":"","url_cta_banner":"","fondo_de_color_banner":"","fondo_de_imagen_banner":false,"mostrar_imagen_izquierda_banner":false,"asignar_imagen_izquierda_banner":false},"producto_path":false,"hubspot_product_id":"1576673966","external_id":"1748","column_title":"4 pagamentos mensais de 156,25 euros","titulo_incentivo":"","fecha_de_inicio":"10102022","segunda_fecha_de_inicio":"","zona_horaria":"Europe\/Madrid","precio":"625","precio_de_lista":"","mostrar_form":false,"promocion_vigente":"","duracion_del_curso":"4 Meses","nivel_del_curso":"introdut\u00f3rio","modalidad_cursado":"Online","contenido":"<p><span data-sheets-value=\"{&quot;1&quot;:2,&quot;2&quot;:&quot;A ind\u00fastria esportiva internacional \u00e9 reconhecida como uma das ind\u00fastrias de mais r\u00e1pido crescimento no mundo, que alcan\u00e7ou uma expans\u00e3o financeira significativa, mesmo em condi\u00e7\u00f5es econ\u00f4micas complicadas. De fato, em pa\u00edses onde seu desenvolvimento econ\u00f4mico geral foi mais lento devido \u00e0 din\u00e2mica agressiva do mercado, a ind\u00fastria do esporte conseguiu alcan\u00e7ar um crescimento financeiro constante, est\u00e1vel e \u00e0s vezes incrivelmente r\u00e1pido. Como resultado, a ind\u00fastria esportiva global atraiu capital significativo de investidores p\u00fablicos e privados que a viram como uma oportunidade de desenvolvimento e melhoria de ativos. Isso, por sua vez, aumentou o capital existente no setor, bem como os recursos oferecidos aos atletas profissionais, enfatizando a necessidade e o potencial de uma gest\u00e3o patrimonial adequada e organizada no esporte. \\nEste certificado oferece uma vis\u00e3o abrangente e aprofundada da gest\u00e3o do patrim\u00f4nio no esporte, concentrando-se em todas as \u00e1reas de planejamento, conserva\u00e7\u00e3o e aprimoramento do patrim\u00f4nio na ind\u00fastria. Tamb\u00e9m analisamos as oportunidades e os riscos do extenso soft power associado \u00e0 gest\u00e3o de patrim\u00f4nio no esporte, a fim de fornecer uma vis\u00e3o abrangente dessa \u00e1rea importante e em constante desenvolvimento. \\n\\nAp\u00f3s a conclus\u00e3o da certifica\u00e7\u00e3o, o participante ter\u00e1 desenvolvido uma compreens\u00e3o ampla e detalhada dos princ\u00edpios de gest\u00e3o de patrim\u00f4nio, como eles se parecem e como podem ser implementados na ind\u00fastria esportiva. O participante tamb\u00e9m ter\u00e1 adquirido as habilidades de reflex\u00e3o cr\u00edtica necess\u00e1rias para identificar e avaliar potenciais novos caminhos de gest\u00e3o do patrim\u00f4nio focados na conserva\u00e7\u00e3o e aprimoramento do patrim\u00f4nio na ind\u00fastria do esporte.&quot;}\" data-sheets-userformat=\"{&quot;2&quot;:897,&quot;3&quot;:{&quot;1&quot;:0},&quot;10&quot;:0,&quot;11&quot;:4,&quot;12&quot;:0}\">A ind\u00fastria esportiva internacional \u00e9 reconhecida como uma das ind\u00fastrias de mais r\u00e1pido crescimento no mundo, que alcan\u00e7ou uma expans\u00e3o financeira significativa, mesmo em condi\u00e7\u00f5es econ\u00f4micas complicadas. De fato, em pa\u00edses onde seu desenvolvimento econ\u00f4mico geral foi mais lento devido \u00e0 din\u00e2mica agressiva do mercado, a ind\u00fastria do esporte conseguiu alcan\u00e7ar um crescimento financeiro constante, est\u00e1vel e \u00e0s vezes incrivelmente r\u00e1pido. Como resultado, a ind\u00fastria esportiva global atraiu capital significativo de investidores p\u00fablicos e privados que a viram como uma oportunidade de desenvolvimento e melhoria de ativos. Isso, por sua vez, aumentou o capital existente no setor, bem como os recursos oferecidos aos atletas profissionais, enfatizando a necessidade e o potencial de uma gest\u00e3o patrimonial adequada e organizada no esporte.<br \/>\nEste certificado oferece uma vis\u00e3o abrangente e aprofundada da gest\u00e3o do patrim\u00f4nio no esporte, concentrando-se em todas as \u00e1reas de planejamento, conserva\u00e7\u00e3o e aprimoramento do patrim\u00f4nio na ind\u00fastria. Tamb\u00e9m analisamos as oportunidades e os riscos do extenso soft power associado \u00e0 gest\u00e3o de patrim\u00f4nio no esporte, a fim de fornecer uma vis\u00e3o abrangente dessa \u00e1rea importante e em constante desenvolvimento.<\/span><\/p>\n<p>Ap\u00f3s a conclus\u00e3o da certifica\u00e7\u00e3o, o participante ter\u00e1 desenvolvido uma compreens\u00e3o ampla e detalhada dos princ\u00edpios de gest\u00e3o de patrim\u00f4nio, como eles se parecem e como podem ser implementados na ind\u00fastria esportiva. O participante tamb\u00e9m ter\u00e1 adquirido as habilidades de reflex\u00e3o cr\u00edtica necess\u00e1rias para identificar e avaliar potenciais novos caminhos de gest\u00e3o do patrim\u00f4nio focados na conserva\u00e7\u00e3o e aprimoramento do patrim\u00f4nio na ind\u00fastria do esporte.<\/p>\n","ocultar_video":true,"url_video":"","avalado_por":false,"pdf_brochure":"https:\/\/static.capabiliaserver.com\/frontend\/clients\/barca\/wp_prod\/wp-content\/uploads\/2022\/09\/7bc33291-gestao-de-patrimonio-e-estrategias-de-investimentos-no-esporte.pdf","cursos_que_lo_componen":[{"nombre_del_curso":"Planejamento de patrim\u00f4nio no esporte","descripcion_del_curso":"<p>M\u00f3dulo 1: Personalidade e comportamento financeiro - Diferentes estilos de dinheiro no esporte<br \/>\nM\u00f3dulo 2: Planejamento de patrim\u00f4nio e investimento - Estrat\u00e9gias de investimento no esporte<br \/>\nM\u00f3dulo 3: Princ\u00edpios de investimento - Compreens\u00e3o de riscos e rentabilidade no esporte<br \/>\nM\u00f3dulo 4: No\u00e7\u00f5es b\u00e1sicas de investimento - Componentes da gest\u00e3o de patrim\u00f4nio<\/p>\n"},{"nombre_del_curso":"Preserva\u00e7\u00e3o do patrim\u00f4nio no esporte","descripcion_del_curso":"<p>M\u00f3dulo 1: Estilo de gest\u00e3o de investimentos - Gest\u00e3o ativa ou passiva no esporte<br \/>\nM\u00f3dulo 2: Investimento de impacto no esporte - Investimento socialmente respons\u00e1vel no esporte<br \/>\nM\u00f3dulo 3: Investir em bens pessoais e terrenos - Investimentos em terrenos no esporte<br \/>\nM\u00f3dulo 4: Considera\u00e7\u00f5es relacionadas ao Investimento - Decis\u00f5es sobre a preserva\u00e7\u00e3o do patrim\u00f4nio no esporte<\/p>\n<p>Para habilitar la compatibilidad con lectores de pantalla, pulsa Ctrl+Alt+Z. Para obtener informaci\u00f3n acerca de las combinaciones de teclas, pulsa Ctrl+barra diagonal.<\/p>\n"},{"nombre_del_curso":"Valoriza\u00e7\u00e3o do patrim\u00f4nio no esporte","descripcion_del_curso":"<p>M\u00f3dulo 1: Investimentos sob medida no esporte - Aproveitando a singularidade do esporte<br \/>\nM\u00f3dulo 2: Tributa\u00e7\u00e3o do patrim\u00f4nio - Minimiza\u00e7\u00e3o dos custos fiscais no esporte<br \/>\nM\u00f3dulo 3: Confian\u00e7a no esporte - Agregando valor ao esporte<br \/>\nM\u00f3dulo 4: Filantropia no Esporte - Transfer\u00eancia de patrim\u00f4nio no esporte e atrav\u00e9s dele<\/p>\n"},{"nombre_del_curso":"Gest\u00e3o de oportunidades e riscos de soft power no esporte","descripcion_del_curso":"<p>M\u00f3dulo 1: Gest\u00e3o da riqueza no esporte impulsionada pelo esporte e pela pol\u00edtica<br \/>\nM\u00f3dulo 2: Identificar riscos pol\u00edticos na gest\u00e3o de patrim\u00f4nio<br \/>\nM\u00f3dulo 3: Reduzindo riscos pol\u00edticos na gest\u00e3o de patrim\u00f4nio<br \/>\nM\u00f3dulo 4: Aproveitando as oportunidades pol\u00edticas na gest\u00e3o de patrim\u00f4nio<\/p>\n"}],"aprende_a":[{"item_aprende_a":"Compreens\u00e3o do cen\u00e1rio de gest\u00e3o de patrim\u00f4nio e do potencial do ecossistema esportivo. \r\n"},{"item_aprende_a":"Capacidade de avaliar criticamente como a gest\u00e3o de patrim\u00f4nio pode ser planejada e preservada no esporte. \r\n"},{"item_aprende_a":"Capacidade de identificar oportunidades criativas para melhorar os ativos no esporte. \r\n"},{"item_aprende_a":"Desenvolvimento do pensamento estrat\u00e9gico na gest\u00e3o do soft power e suas oportunidades e riscos no esporte.\r\n"}],"preguntas_frecuentes":false,"contenidistas":false,"docentes_expertos":[{"foto":"https:\/\/barcanew.capabiliaserver.com\/wp-content\/uploads\/2022\/06\/2276ebe4-dra-argyro-elisavet-manoli.png","nombre_del_docente":"Dr Argyro Elisavet Manoli","descripcion_del_docente":"Especialista e acad\u00eamica de renome a n\u00edvel mundial na \u00e1rea de marketing esportivo e comercial. Com anos de experi\u00eancia em clubes de futebol profissional, \u00f3rg\u00e3os diretivos esportivos e eventos esportivos internacionais. Ela realizou extensas pesquisas na \u00e1rea, publicou v\u00e1rios livros, resumos de pol\u00edticas e estudos em revistas de muita import\u00e2ncia, ensinou seus informes nas universidades e realizou confer\u00eancias em todo o mundo.","enlace":""}],"titulo_seccion_testimonios":"","slider_testimonios":false,"imagen_de_fondo_testimonios":false,"color_de_fondo_testimonios":"","activar_hero_video":false,"video_texto":"","video_header":false,"imagen_destacada":"https:\/\/barcanew.capabiliaserver.com\/wp-content\/uploads\/2022\/09\/e2c12130-gestion-de-patrimonios-e-inversiones-en-el-deporte.jpg","id_magento":"560","header_image":134032,"precio_en_cuotas":"4 pagamentos mensais de \u20ac 156,25","pdf_brochure_link_drive":"https:\/\/drive.google.com\/uc?id=18tq69MmKLEhbUfNVVwfmonOuDlQ7GOaI&export=download"},"idiomas":{"en":129789,"es":129794,"ar":129790,"ca":129791,"ru":129793,"pt":129792},"_links":{"self":[{"href":"https:\/\/barcanew.capabiliaserver.com\/pt\/wp-json\/wp\/v2\/products\/129792"}],"collection":[{"href":"https:\/\/barcanew.capabiliaserver.com\/pt\/wp-json\/wp\/v2\/products"}],"about":[{"href":"https:\/\/barcanew.capabiliaserver.com\/pt\/wp-json\/wp\/v2\/types\/product"}],"author":[{"embeddable":true,"href":"https:\/\/barcanew.capabiliaserver.com\/pt\/wp-json\/wp\/v2\/users\/16"}],"replies":[{"embeddable":true,"href":"https:\/\/barcanew.capabiliaserver.com\/pt\/wp-json\/wp\/v2\/comments?post=129792"}],"version-history":[{"count":5,"href":"https:\/\/barcanew.capabiliaserver.com\/pt\/wp-json\/wp\/v2\/products\/129792\/revisions"}],"predecessor-version":[{"id":134035,"href":"https:\/\/barcanew.capabiliaserver.com\/pt\/wp-json\/wp\/v2\/products\/129792\/revisions\/134035"}],"wp:attachment":[{"href":"https:\/\/barcanew.capabiliaserver.com\/pt\/wp-json\/wp\/v2\/media?parent=129792"}],"wp:term":[{"taxonomy":"category","embeddable":true,"href":"https:\/\/barcanew.capabiliaserver.com\/pt\/wp-json\/wp\/v2\/categories?post=129792"}],"curies":[{"name":"wp","href":"https:\/\/api.w.org\/{rel}","templated":true}]}}