{"id":128167,"date":"2022-07-28T09:39:11","date_gmt":"2022-07-28T12:39:11","guid":{"rendered":"https:\/\/barcanew.capabiliaserver.com\/?post_type=product&#038;p=128167"},"modified":"2022-12-01T14:48:08","modified_gmt":"2022-12-01T17:48:08","slug":"blockchain-no-esporte","status":"publish","type":"product","link":"https:\/\/barcanew.capabiliaserver.com\/pt\/product\/blockchain-no-esporte\/","title":{"rendered":"Blockchain no Esporte"},"content":{"rendered":"<p>contenido<\/p>\n\n\n<p><\/p>\n","protected":false},"excerpt":{"rendered":"<p>excerpt<\/p>\n","protected":false},"author":16,"featured_media":0,"comment_status":"open","ping_status":"closed","template":"","meta":{"_acf_changed":false,"footnotes":""},"categories":[121],"acf":{"titulo_curso":"Criptomonedas y Deporte: el negocio del futuro","impartido_en":"English","crear_banner_3":{"utilizar_imagen_unica_para_banner":false,"asignar_imagen_unica_para_banner":false,"mostrar_titulo_banner":false,"titulo_para_banner":"","mostrar_subtitulo_banner":false,"subtitulo_del_banner":"","mostrar_cta_banner":false,"texto_cta_banner":"","url_cta_banner":"","fondo_de_color_banner":"","fondo_de_imagen_banner":false,"mostrar_imagen_izquierda_banner":false,"asignar_imagen_izquierda_banner":false},"producto_path":false,"id_magento":"553","header_image":129029,"column_title":"","precio_en_cuotas":"","precio_de_lista":"","mostrar_form":false,"promocion_vigente":"","duracion_del_curso":"1 Mes","nivel_del_curso":"introdut\u00f3rio","modalidad_cursado":"Online","ocultar_video":true,"url_video":"","avalado_por":false,"pdf_brochure":"https:\/\/static.capabiliaserver.com\/frontend\/clients\/barca\/wp_prod\/wp-content\/uploads\/2022\/07\/fa9de7ff-o-futuro-das-criptomoedas-e-do-esporte.pdf","slidebox":false,"titulo_seccion_testimonios":"","imagen_de_fondo_testimonios":false,"color_de_fondo_testimonios":"","activar_banner_1":false,"banner_1":false,"activar_banner_2":false,"banner_2":false,"activar_banner_3":false,"banner_3":false,"activar_nuevos_banners":false,"mostrar_banner_1":false,"crear_banner_1":{"utilizar_imagen_unica_para_banner":false,"asignar_imagen_unica_para_banner":false,"mostrar_titulo_banner":false,"titulo_para_banner":"","mostrar_subtitulo_banner":false,"subtitulo_del_banner":"","mostrar_cta_banner":false,"texto_cta_banner":"","url_cta_banner":"","fondo_de_color_banner":"","fondo_de_imagen_banner":false,"mostrar_imagen_izquierda_banner":false,"asignar_imagen_izquierda_banner":false},"mostrar_banner_2":false,"crear_banner_2":{"utilizar_imagen_unica_para_banner":false,"asignar_imagen_unica_para_banner":false,"mostrar_titulo_banner":false,"titulo_para_banner":"","mostrar_subtitulo_banner":false,"subtitulo_del_banner":"","mostrar_cta_banner":false,"texto_cta_banner":"","url_cta_banner":"","fondo_de_color_banner":"","fondo_de_imagen_banner":false,"mostrar_imagen_izquierda_banner":false,"asignar_imagen_izquierda_banner":false},"mostrar_banner_3":false,"hubspot_product_id":"1524083724","external_id":"1713","titulo_incentivo":"","fecha_de_inicio":"10092022","segunda_fecha_de_inicio":"","zona_horaria":"Europe\/Madrid","precio":"200","contenido":"<p><span data-sheets-value=\"{&quot;1&quot;:2,&quot;2&quot;:&quot;A ind\u00fastria do esporte foi cativada por criptomoedas e tokens n\u00e3o fung\u00edveis (NFTs por sua sigla em ingl\u00eas). As Crypto e NFTs representam novos modelos de neg\u00f3cios para clubes, atletas, socio-torcedores e empresas que levam a novas oportunidades. \\r\\nO curso \u00abO futuro das criptomoedas e o esporte\u00bb foi desenvolvido para fornecer ao aluno uma compreens\u00e3o b\u00e1sica de como blockchain e criptomoeda se aplicam \u00e0 ind\u00fastria esportiva. \\r\\nO aluno adquirir\u00e1 as habilidades pr\u00e1ticas para entender o que \u00e9 o blockchain, como funciona e por que \u00e9 considerado revolucion\u00e1rio na ind\u00fastria esportiva. No final do curso, voc\u00ea ser\u00e1 capaz de determinar os casos de uso espec\u00edficos em que a tecnologia blockchain \u00e9 considerada inovadora no mundo do esporte e resolve grandes problemas. \\r\\nO curso come\u00e7a com uma introdu\u00e7\u00e3o \u00e0s blockchains e criptomoedas e seu funcionamento. Ao longo do curso, o aluno conhecer\u00e1 os principais casos de uso de blockchains no esporte, incluindo NTFs e o metaverso . O aluno tamb\u00e9m compreender\u00e1 os modelos de neg\u00f3cios que isso implica.&quot;}\" data-sheets-userformat=\"{&quot;2&quot;:897,&quot;3&quot;:{&quot;1&quot;:0},&quot;10&quot;:0,&quot;11&quot;:4,&quot;12&quot;:0}\">A ind\u00fastria do esporte foi cativada por criptomoedas e tokens n\u00e3o fung\u00edveis (NFTs por sua sigla em ingl\u00eas). As Crypto e NFTs representam novos modelos de neg\u00f3cios para clubes, atletas, socio-torcedores e empresas que levam a novas oportunidades.<br \/>\nO curso \u00abBlockchain no Esporte\u00bb foi desenvolvido para fornecer ao aluno uma compreens\u00e3o b\u00e1sica de como blockchain e criptomoeda se aplicam \u00e0 ind\u00fastria esportiva.<br \/>\nO aluno adquirir\u00e1 as habilidades pr\u00e1ticas para entender o que \u00e9 o blockchain, como funciona e por que \u00e9 considerado revolucion\u00e1rio na ind\u00fastria esportiva. No final do curso, voc\u00ea ser\u00e1 capaz de determinar os casos de uso espec\u00edficos em que a tecnologia blockchain \u00e9 considerada inovadora no mundo do esporte e resolve grandes problemas.<br \/>\nO curso come\u00e7a com uma introdu\u00e7\u00e3o \u00e0s blockchains e criptomoedas e seu funcionamento. Ao longo do curso, o aluno conhecer\u00e1 os principais casos de uso de blockchains no esporte, incluindo NTFs e o metaverso . O aluno tamb\u00e9m compreender\u00e1 os modelos de neg\u00f3cios que isso implica.<\/span><\/p>\n","cursos_que_lo_componen":[{"nombre_del_curso":"Blockchain no Esporte","descripcion_del_curso":"<p>M\u00f3dulo 1: Introdu\u00e7\u00e3o a Blockchains e Criptomoedas<br \/>\nM\u00f3dulo 2: Introdu\u00e7\u00e3o a NFTs<br \/>\nM\u00f3dulo 3: Videogames e metaverso<br \/>\nM\u00f3dulo 4: Comunidades e fan engagement<\/p>\n"}],"aprende_a":[{"item_aprende_a":"O aluno que concluir o curso adquirir\u00e1 uma base s\u00f3lida em blockchain e criptomoedas para entender e prever tend\u00eancias do setor e, em particular, entender como elas podem afetar e mudar a ind\u00fastria do esporte."}],"preguntas_frecuentes":false,"contenidistas":false,"docentes_expertos":[{"foto":"https:\/\/barcanew.capabiliaserver.com\/wp-content\/uploads\/2022\/07\/cb51967f-whatsapp-image-2022-07-06-at-2.10.07-pm.jpeg","nombre_del_docente":"Victoria Gago","descripcion_del_docente":"Cofundador da European Blockchain Convention & European Tech School","enlace":""}],"imagen_destacada":"https:\/\/barcanew.capabiliaserver.com\/wp-content\/uploads\/2022\/07\/01b49c34-cms.jpg","slider_testimonios":false,"activar_hero_video":false,"video_texto":"","video_header":false,"pdf_brochure_link_drive":"https:\/\/drive.google.com\/uc?id=1OeF3ut7ejP0ypaI7BueZqgu2Thz_8fvQ&export=download"},"idiomas":{"en":128164,"es":128169,"ar":128165,"ca":128166,"ru":128168,"pt":128167},"_links":{"self":[{"href":"https:\/\/barcanew.capabiliaserver.com\/pt\/wp-json\/wp\/v2\/products\/128167"}],"collection":[{"href":"https:\/\/barcanew.capabiliaserver.com\/pt\/wp-json\/wp\/v2\/products"}],"about":[{"href":"https:\/\/barcanew.capabiliaserver.com\/pt\/wp-json\/wp\/v2\/types\/product"}],"author":[{"embeddable":true,"href":"https:\/\/barcanew.capabiliaserver.com\/pt\/wp-json\/wp\/v2\/users\/16"}],"replies":[{"embeddable":true,"href":"https:\/\/barcanew.capabiliaserver.com\/pt\/wp-json\/wp\/v2\/comments?post=128167"}],"version-history":[{"count":5,"href":"https:\/\/barcanew.capabiliaserver.com\/pt\/wp-json\/wp\/v2\/products\/128167\/revisions"}],"predecessor-version":[{"id":134672,"href":"https:\/\/barcanew.capabiliaserver.com\/pt\/wp-json\/wp\/v2\/products\/128167\/revisions\/134672"}],"wp:attachment":[{"href":"https:\/\/barcanew.capabiliaserver.com\/pt\/wp-json\/wp\/v2\/media?parent=128167"}],"wp:term":[{"taxonomy":"category","embeddable":true,"href":"https:\/\/barcanew.capabiliaserver.com\/pt\/wp-json\/wp\/v2\/categories?post=128167"}],"curies":[{"name":"wp","href":"https:\/\/api.w.org\/{rel}","templated":true}]}}