{"id":127925,"date":"2022-06-24T12:40:51","date_gmt":"2022-06-24T15:40:51","guid":{"rendered":"https:\/\/barcanew.capabiliaserver.com\/?post_type=product&#038;p=127925"},"modified":"2022-10-24T12:36:08","modified_gmt":"2022-10-24T15:36:08","slug":"certificado-em-estrategias-de-monetizacao-para-o-esporte","status":"publish","type":"product","link":"https:\/\/barcanew.capabiliaserver.com\/pt\/product\/certificado-em-estrategias-de-monetizacao-para-o-esporte\/","title":{"rendered":"Certificado em Estrat\u00e9gias de monetiza\u00e7\u00e3o para o Esporte"},"content":{"rendered":"","protected":false},"excerpt":{"rendered":"","protected":false},"author":1,"featured_media":0,"comment_status":"open","ping_status":"closed","template":"","meta":{"_acf_changed":false,"footnotes":""},"categories":[235,113],"acf":{"activar_banner_1":false,"banner_1":false,"activar_banner_2":false,"banner_2":false,"activar_banner_3":false,"banner_3":false,"activar_nuevos_banners":false,"mostrar_banner_1":false,"crear_banner_1":{"utilizar_imagen_unica_para_banner":false,"asignar_imagen_unica_para_banner":false,"mostrar_titulo_banner":false,"titulo_para_banner":"","mostrar_subtitulo_banner":false,"subtitulo_del_banner":"","mostrar_cta_banner":false,"texto_cta_banner":"","url_cta_banner":"","fondo_de_color_banner":"","fondo_de_imagen_banner":false,"mostrar_imagen_izquierda_banner":false,"asignar_imagen_izquierda_banner":false},"mostrar_banner_2":false,"crear_banner_2":{"utilizar_imagen_unica_para_banner":false,"asignar_imagen_unica_para_banner":false,"mostrar_titulo_banner":false,"titulo_para_banner":"","mostrar_subtitulo_banner":false,"subtitulo_del_banner":"","mostrar_cta_banner":false,"texto_cta_banner":"","url_cta_banner":"","fondo_de_color_banner":"","fondo_de_imagen_banner":false,"mostrar_imagen_izquierda_banner":false,"asignar_imagen_izquierda_banner":false},"mostrar_banner_3":false,"crear_banner_3":{"utilizar_imagen_unica_para_banner":false,"asignar_imagen_unica_para_banner":false,"mostrar_titulo_banner":false,"titulo_para_banner":"","mostrar_subtitulo_banner":false,"subtitulo_del_banner":"","mostrar_cta_banner":false,"texto_cta_banner":"","url_cta_banner":"","fondo_de_color_banner":"","fondo_de_imagen_banner":false,"mostrar_imagen_izquierda_banner":false,"asignar_imagen_izquierda_banner":false},"producto_path":false,"hubspot_product_id":"1465951093","external_id":"1705","header_image":134679,"column_title":"","titulo_incentivo":"","fecha_de_inicio":"10072022","segunda_fecha_de_inicio":"","zona_horaria":"Europe\/Madrid","precio":"625","precio_en_cuotas":"4 pagamentos mensais de 156,25 euros","precio_de_lista":"","mostrar_form":false,"promocion_vigente":"","duracion_del_curso":"4 meses","nivel_del_curso":"introdut\u00f3rio","modalidad_cursado":"Online","impartido_en":"English","contenido":"<p><span data-sheets-value=\"{&quot;1&quot;:2,&quot;2&quot;:&quot;Como a ind\u00fastria mundial do esporte se desenvolveu mais r\u00e1pido do que nunca, as necessidades financeiras das organiza\u00e7\u00f5es esportivas sem d\u00favida se multiplicaram exponencialmente. A par desta necessidade e em resposta a ela, observou-se tamb\u00e9m que as organiza\u00e7\u00f5es esportivas multiplicaram as suas oportunidades de gera\u00e7\u00e3o e maximiza\u00e7\u00e3o de sua receita. Isso foi poss\u00edvel gra\u00e7as \u00e0 explora\u00e7\u00e3o, desenvolvimento e aplica\u00e7\u00e3o de diversas novas e modernas estrat\u00e9gias de monetiza\u00e7\u00e3o. Por meio deste certificado, \u00e9 oferecido um estudo amplo e rigoroso das estrat\u00e9gias de monetiza\u00e7\u00e3o adotadas pelas organiza\u00e7\u00f5es esportivas, incluindo aquelas voltadas para todos os clientes, nos neg\u00f3cios e as estrat\u00e9gias de gera\u00e7\u00e3o de renda alternativas utilizadas na ind\u00fastria do esporte. Os profissionais que trabalham ou aspiram a trabalhar em clubes esportivos, \u00f3rg\u00e3os diretivos esportivos e ag\u00eancias de marketing ou comerciais que fizerem essa certifica\u00e7\u00e3o poder\u00e3o aprender como capitalizar os s\u00f3cio-torcedores de esportes, empresas e os relacionamentos e interesses de outras organiza\u00e7\u00f5es esportivas relacionadas com o esporte podendo assim fazer crescer estas organiza\u00e7\u00f5es esportivas, fazendo uso dos seus ativos e maximizando o seu potencial de gera\u00e7\u00e3o de receita.&quot;}\" data-sheets-userformat=\"{&quot;2&quot;:897,&quot;3&quot;:{&quot;1&quot;:0},&quot;10&quot;:0,&quot;11&quot;:4,&quot;12&quot;:0}\">Como a ind\u00fastria mundial do esporte se desenvolveu mais r\u00e1pido do que nunca, as necessidades financeiras das organiza\u00e7\u00f5es esportivas sem d\u00favida se multiplicaram exponencialmente. A par desta necessidade e em resposta a ela, observou-se tamb\u00e9m que as organiza\u00e7\u00f5es esportivas multiplicaram as suas oportunidades de gera\u00e7\u00e3o e maximiza\u00e7\u00e3o de sua receita. Isso foi poss\u00edvel gra\u00e7as \u00e0 explora\u00e7\u00e3o, desenvolvimento e aplica\u00e7\u00e3o de diversas novas e modernas estrat\u00e9gias de monetiza\u00e7\u00e3o. Por meio deste certificado, \u00e9 oferecido um estudo amplo e rigoroso das estrat\u00e9gias de monetiza\u00e7\u00e3o adotadas pelas organiza\u00e7\u00f5es esportivas, incluindo aquelas voltadas para todos os clientes, nos neg\u00f3cios e as estrat\u00e9gias de gera\u00e7\u00e3o de renda alternativas utilizadas na ind\u00fastria do esporte. Os profissionais que trabalham ou aspiram a trabalhar em clubes esportivos, \u00f3rg\u00e3os diretivos esportivos e ag\u00eancias de marketing ou comerciais que fizerem essa certifica\u00e7\u00e3o poder\u00e3o aprender como capitalizar os s\u00f3cio-torcedores de esportes, empresas e os relacionamentos e interesses de outras organiza\u00e7\u00f5es esportivas relacionadas com o esporte podendo assim fazer crescer estas organiza\u00e7\u00f5es esportivas, fazendo uso dos seus ativos e maximizando o seu potencial de gera\u00e7\u00e3o de receita.<\/span><\/p>\n","ocultar_video":true,"url_video":"","avalado_por":false,"pdf_brochure":"https:\/\/static.capabiliaserver.com\/frontend\/clients\/barca\/wp_prod\/wp-content\/uploads\/2022\/06\/d331e118-programa-de-estrategias-de-monetizacao-para-o-esporte.pdf","cursos_que_lo_componen":[{"nombre_del_curso":"Estrat\u00e9gias de monetiza\u00e7\u00e3o com foco no cliente","descripcion_del_curso":"<p>M\u00f3dulo 1: Modelos de receita para organiza\u00e7\u00f5es esportivas - Como as entidades esportivas geram dinheiro<br \/>\nM\u00f3dulo 2: Estrat\u00e9gias para venda de ingressos - Utilidade vs. Maximiza\u00e7\u00e3o de Lucro<br \/>\nM\u00f3dulo 3: Decis\u00f5es sobre a venda de ingressos - Estrat\u00e9gias de pre\u00e7os<br \/>\nM\u00f3dulo 4: Comercializa\u00e7\u00e3o - Contratos de licenciamento e o valor dos produtos licenciados<\/p>\n"},{"nombre_del_curso":"Estrat\u00e9gias de monetiza\u00e7\u00e3o focadas em neg\u00f3cios","descripcion_del_curso":"<p>M\u00f3dulo 1: Vantagens do patroc\u00ednio - Benef\u00edcios financeiros dos contratos de patroc\u00ednio<br \/>\nM\u00f3dulo 2: Desvantagens do patroc\u00ednio - Dificuldades financeiras dos contratos de patroc\u00ednio<br \/>\nM\u00f3dulo 3: Direitos de transmiss\u00e3o - Monetiza\u00e7\u00e3o de uma rela\u00e7\u00e3o simbi\u00f3tica<br \/>\nM\u00f3dulo 4: Novas estrat\u00e9gias de transmiss\u00e3o - Monetiza\u00e7\u00e3o de novas m\u00eddias e redes sociais<\/p>\n"},{"nombre_del_curso":"Fontes alternativas de receita para organiza\u00e7\u00f5es esportivas","descripcion_del_curso":"<p>M\u00f3dulo 1: Financiamento do estado - Estrat\u00e9gias de financiamento local, nacional e internacional<br \/>\nM\u00f3dulo 2: Fontes de receita para esportes n\u00e3o comerciais - Novas estrat\u00e9gias de receita para organiza\u00e7\u00f5es esportivas menores<br \/>\nM\u00f3dulo 3: Amplifica\u00e7\u00e3o da marca - Monetiza\u00e7\u00e3o da marca esportiva<br \/>\nM\u00f3dulo 4: Economias de escala e promo\u00e7\u00e3o cruzada - Integra\u00e7\u00e3o horizontal e vertical e cadastro<\/p>\n"},{"nombre_del_curso":"Estrat\u00e9gias de monetiza\u00e7\u00e3o dos s\u00f3cio-torcedores","descripcion_del_curso":"<p>M\u00f3dulo 1: Fan Engagement - Por que os s\u00f3cios torcedores gostam de pagar por esportes<br \/>\nM\u00f3dulo 2: Ades\u00e3o de s\u00f3cio-torcedor - Monetiza\u00e7\u00e3o de exclusividade e demanda<br \/>\nM\u00f3dulo 3: Comunidades on-line e off-line - Lucrando com a fidelidade dos s\u00f3cio-torcedores<br \/>\nM\u00f3dulo 4: Novos espa\u00e7os online para s\u00f3cio-torcedor - Tend\u00eancias atuais e futuras de monetiza\u00e7\u00e3o<\/p>\n"}],"aprende_a":[{"item_aprende_a":"Compreender o panorama e potencial de monetiza\u00e7\u00e3o do ecossistema desportivo. \r\n"},{"item_aprende_a":"Desenvolver a capacidade de avaliar criticamente como o esporte pode usar seu relacionamento com outras organiza\u00e7\u00f5es. \r\n"},{"item_aprende_a":"Desenvolver a capacidade de identificar oportunidades criativas para maximizar a receita. \r\n"},{"item_aprende_a":"Desenvolver habilidades de pensamento estrat\u00e9gico para capitalizar o relacionamento dos s\u00f3cio-torcedores com o esporte."}],"preguntas_frecuentes":false,"contenidistas":false,"docentes_expertos":[{"foto":"https:\/\/barcanew.capabiliaserver.com\/wp-content\/uploads\/2022\/06\/2276ebe4-dra-argyro-elisavet-manoli.png","nombre_del_docente":"Dra. Argyro Elisavet Manoli","descripcion_del_docente":"Especialista e acad\u00eamica de renome a n\u00edvel mundial na \u00e1rea de marketing esportivo e comercial. Com anos de experi\u00eancia em clubes de futebol profissional, \u00f3rg\u00e3os diretivos esportivos e eventos esportivos internacionais, a Dra. Manoli tem uma grande conhecimento do lado empresarial do esporte. Ela realizou extensas pesquisas na \u00e1rea, publicou v\u00e1rios livros, resumos de pol\u00edticas e estudos em revistas arbitradas de muita import\u00e2ncia, ensinou seus informes nas universidades e realizou confer\u00eancias em todo o mundo.","enlace":"551"}],"imagen_destacada":"https:\/\/barcanew.capabiliaserver.com\/wp-content\/uploads\/2022\/06\/421c3fcf-monetising-strategies-for-sport-cms.png","titulo_seccion_testimonios":"","slider_testimonios":false,"imagen_de_fondo_testimonios":false,"color_de_fondo_testimonios":"","activar_hero_video":false,"video_texto":"","video_header":false,"id_magento":"551","pdf_brochure_link_drive":"https:\/\/drive.google.com\/uc?id=11MOEJcNFHkUH-7RFRd9v6eVzsExy0UZQ&export=download"},"idiomas":{"en":126309,"es":127921,"ar":126310,"ca":127923,"ru":126313,"pt":127925},"_links":{"self":[{"href":"https:\/\/barcanew.capabiliaserver.com\/pt\/wp-json\/wp\/v2\/products\/127925"}],"collection":[{"href":"https:\/\/barcanew.capabiliaserver.com\/pt\/wp-json\/wp\/v2\/products"}],"about":[{"href":"https:\/\/barcanew.capabiliaserver.com\/pt\/wp-json\/wp\/v2\/types\/product"}],"author":[{"embeddable":true,"href":"https:\/\/barcanew.capabiliaserver.com\/pt\/wp-json\/wp\/v2\/users\/1"}],"replies":[{"embeddable":true,"href":"https:\/\/barcanew.capabiliaserver.com\/pt\/wp-json\/wp\/v2\/comments?post=127925"}],"version-history":[{"count":5,"href":"https:\/\/barcanew.capabiliaserver.com\/pt\/wp-json\/wp\/v2\/products\/127925\/revisions"}],"predecessor-version":[{"id":134689,"href":"https:\/\/barcanew.capabiliaserver.com\/pt\/wp-json\/wp\/v2\/products\/127925\/revisions\/134689"}],"wp:attachment":[{"href":"https:\/\/barcanew.capabiliaserver.com\/pt\/wp-json\/wp\/v2\/media?parent=127925"}],"wp:term":[{"taxonomy":"category","embeddable":true,"href":"https:\/\/barcanew.capabiliaserver.com\/pt\/wp-json\/wp\/v2\/categories?post=127925"}],"curies":[{"name":"wp","href":"https:\/\/api.w.org\/{rel}","templated":true}]}}