{"id":127139,"date":"2022-06-22T12:17:13","date_gmt":"2022-06-22T15:17:13","guid":{"rendered":"https:\/\/barcanew.capabiliaserver.com\/?post_type=product&#038;p=127139"},"modified":"2022-10-14T14:36:33","modified_gmt":"2022-10-14T17:36:33","slug":"introducao-aos-esports-por-que-se-apaixonar-por-eles","status":"publish","type":"product","link":"https:\/\/barcanew.capabiliaserver.com\/pt\/product\/introducao-aos-esports-por-que-se-apaixonar-por-eles\/","title":{"rendered":"Introdu\u00e7\u00e3o aos Esports : por que se apaixonar por eles?"},"content":{"rendered":"","protected":false},"excerpt":{"rendered":"","protected":false},"author":22,"featured_media":0,"comment_status":"open","ping_status":"closed","template":"","meta":{"_acf_changed":false,"footnotes":""},"categories":[237],"acf":{"activar_banner_1":false,"banner_1":false,"activar_banner_2":false,"banner_2":false,"activar_banner_3":false,"banner_3":false,"activar_nuevos_banners":false,"mostrar_banner_1":false,"crear_banner_1":{"utilizar_imagen_unica_para_banner":false,"asignar_imagen_unica_para_banner":false,"mostrar_titulo_banner":false,"titulo_para_banner":"","mostrar_subtitulo_banner":false,"subtitulo_del_banner":"","mostrar_cta_banner":false,"texto_cta_banner":"","url_cta_banner":"","fondo_de_color_banner":"","fondo_de_imagen_banner":false,"mostrar_imagen_izquierda_banner":false,"asignar_imagen_izquierda_banner":false},"mostrar_banner_2":false,"crear_banner_2":{"utilizar_imagen_unica_para_banner":false,"asignar_imagen_unica_para_banner":false,"mostrar_titulo_banner":false,"titulo_para_banner":"","mostrar_subtitulo_banner":false,"subtitulo_del_banner":"","mostrar_cta_banner":false,"texto_cta_banner":"","url_cta_banner":"","fondo_de_color_banner":"","fondo_de_imagen_banner":false,"mostrar_imagen_izquierda_banner":false,"asignar_imagen_izquierda_banner":false},"mostrar_banner_3":false,"crear_banner_3":{"utilizar_imagen_unica_para_banner":false,"asignar_imagen_unica_para_banner":false,"mostrar_titulo_banner":false,"titulo_para_banner":"","mostrar_subtitulo_banner":false,"subtitulo_del_banner":"","mostrar_cta_banner":false,"texto_cta_banner":"","url_cta_banner":"","fondo_de_color_banner":"","fondo_de_imagen_banner":false,"mostrar_imagen_izquierda_banner":false,"asignar_imagen_izquierda_banner":false},"producto_path":false,"hubspot_product_id":"1455517319","header_image":127140,"column_title":"","titulo_incentivo":"","fecha_de_inicio":"10092022","segunda_fecha_de_inicio":"","zona_horaria":"Europe\/Madrid","precio":"200","precio_en_cuotas":"","precio_de_lista":"","mostrar_form":false,"promocion_vigente":"","duracion_del_curso":"1  M\u00eas","nivel_del_curso":"introdut\u00f3rio","modalidad_cursado":"Online","impartido_en":"English","contenido":"<p>Os esportes eletr\u00f4nicos ou \u00abEsports\u00bb como s\u00e3o frequentemente chamados, \u00e9 um termo que provavelmente todos j\u00e1 ouvimos sem saber claramente como se tornou numa ind\u00fastria \u00fanica e independente. Geralmente \u00e9 comparado aos esportes convencionais. Hoje em dia, os Esports est\u00e3o se tornando cada vez mais vis\u00edveis como disciplinas espec\u00edficas devido \u00e0 promo\u00e7\u00e3o que recebem de seus atores e influencers. Para o p\u00fablico em geral, os Esports tamb\u00e9m podem transmitir clich\u00eas e conceitos equ\u00edvocos. Na verdade, com o aumento do n\u00famero de jogadores e a conscientiza\u00e7\u00e3o em torno dos videogames, o Esports \u00e9, sem d\u00favida, um mercado em expans\u00e3o, cheio de paix\u00e3o, ambi\u00e7\u00e3o e oportunidades de neg\u00f3cios para as gera\u00e7\u00f5es futuras. De acordo com o relat\u00f3rio de 2021 da NewZoo \u00abGlobal Esports and Live Streaming Market\u00bb: A receita global de esportes eletr\u00f4nicos exceder\u00e1 US$ 1,08 bilh\u00e3o em 2021, representando um aumento de 14,5% em rela\u00e7\u00e3o aos US$ 947,1 bilh\u00f5es em 2020; 465,1 milh\u00f5es de pessoas assistem a esports (aumento de 6,7% ano a ano). Para entender os esportes eletr\u00f4nicos, precisar\u00edamos entender de onde eles v\u00eam, onde estamos hoje e para onde estamos indo. Este curso nos dar\u00e1 uma compreens\u00e3o b\u00e1sica do que s\u00e3o os Esport, desde sua hist\u00f3ria, passando por uma descri\u00e7\u00e3o do ecossistema em sua totalidade, at\u00e9 os desafios que esse campo enfrenta hoje. Isso pode nos ajudar a encontrar inspira\u00e7\u00e3o ou at\u00e9 mesmo oportunidades para trabalhar no mundo dos esportes eletr\u00f4nicos ou colaborar com os atuais atores do setor.<\/p>\n","ocultar_video":true,"url_video":"","avalado_por":false,"pdf_brochure":"https:\/\/static.capabiliaserver.com\/frontend\/clients\/barca\/wp_prod\/wp-content\/uploads\/2022\/06\/963a1416-introducao-aos-esports_-por-que-se-apaixonar-por-eles.pdf","cursos_que_lo_componen":[{"nombre_del_curso":"Origem dos Esports","descripcion_del_curso":"<p>Aspectos hist\u00f3ricos, desenvolvimento e compara\u00e7\u00e3o com os esportes tradicionais.<\/p>\n"},{"nombre_del_curso":"Ecossistema de Esports : Introdu\u00e7\u00e3o aos Atores de Esports .","descripcion_del_curso":"<p>Organiza\u00e7\u00f5es, jogadores, membros da equipe, m\u00eddia, influecers e criadores de conte\u00fado, produ\u00e7\u00e3o, operadores de torneios, editores, entidades governamentais, etc.<\/p>\n"},{"nombre_del_curso":"Modelo de Neg\u00f3cios de Esports \u2013 um mercado Poderoso","descripcion_del_curso":"<p>Modelo de neg\u00f3cio comparado a esportes e m\u00eddias, organiza\u00e7\u00e3o e eventos de ligas de esports, patroc\u00ednio e envolvimento da marca<\/p>\n"},{"nombre_del_curso":"Desafios do Esports - Passado, Presente e Futuro.","descripcion_del_curso":"<p>Status do jogador, apostas, enganos\/doping, diversidade e inclus\u00e3o de g\u00eanero, sa\u00fade, streaming, federa\u00e7\u00e3o de esports? etc<\/p>\n"}],"aprende_a":[{"item_aprende_a":"Capacidade de descrever a ind\u00fastria dos Esports"},{"item_aprende_a":"Capacidade de identificar e citar os atores do ecossistema"},{"item_aprende_a":"Conhecimento de Neg\u00f3cios de Esports"},{"item_aprende_a":"Capacidade de comparar desafios e questionar assuntos"}],"preguntas_frecuentes":false,"contenidistas":false,"docentes_expertos":[{"foto":"https:\/\/barcanew.capabiliaserver.com\/wp-content\/uploads\/2022\/05\/b11e529e-servane_2.jpg","nombre_del_docente":"Servane Fischer","descripcion_del_docente":"Former competitive player on Counter-Strike 1.6 in the 2000s. Founded and managed several projects promoting gender diversity in Esports. Publisher as an Esports Legal Counsel and supporter of the non-profit org Women in Games France as the Esports General Manager. Caster and tournament organizer on the game VALORANT for the community.","enlace":""}],"imagen_destacada":"https:\/\/static.capabiliaserver.com\/frontend\/clients\/barca\/wp_prod\/wp-content\/uploads\/2022\/06\/f26cd6bd-cms-2.png","titulo_seccion_testimonios":"","slider_testimonios":false,"imagen_de_fondo_testimonios":false,"color_de_fondo_testimonios":"","activar_hero_video":false,"video_texto":"","video_header":false,"external_id":"1696","id_magento":"549","pdf_brochure_link_drive":"https:\/\/drive.google.com\/uc?id=11K0evpPJfnbRIdWzDWVSOXrdpEa_sKLb&export=download"},"idiomas":{"en":127039,"es":127109,"ar":127139,"ca":127149,"ru":127139,"pt":127139},"_links":{"self":[{"href":"https:\/\/barcanew.capabiliaserver.com\/pt\/wp-json\/wp\/v2\/products\/127139"}],"collection":[{"href":"https:\/\/barcanew.capabiliaserver.com\/pt\/wp-json\/wp\/v2\/products"}],"about":[{"href":"https:\/\/barcanew.capabiliaserver.com\/pt\/wp-json\/wp\/v2\/types\/product"}],"author":[{"embeddable":true,"href":"https:\/\/barcanew.capabiliaserver.com\/pt\/wp-json\/wp\/v2\/users\/22"}],"replies":[{"embeddable":true,"href":"https:\/\/barcanew.capabiliaserver.com\/pt\/wp-json\/wp\/v2\/comments?post=127139"}],"version-history":[{"count":5,"href":"https:\/\/barcanew.capabiliaserver.com\/pt\/wp-json\/wp\/v2\/products\/127139\/revisions"}],"predecessor-version":[{"id":133773,"href":"https:\/\/barcanew.capabiliaserver.com\/pt\/wp-json\/wp\/v2\/products\/127139\/revisions\/133773"}],"wp:attachment":[{"href":"https:\/\/barcanew.capabiliaserver.com\/pt\/wp-json\/wp\/v2\/media?parent=127139"}],"wp:term":[{"taxonomy":"category","embeddable":true,"href":"https:\/\/barcanew.capabiliaserver.com\/pt\/wp-json\/wp\/v2\/categories?post=127139"}],"curies":[{"name":"wp","href":"https:\/\/api.w.org\/{rel}","templated":true}]}}