{"id":125902,"date":"2022-05-31T13:05:02","date_gmt":"2022-05-31T16:05:02","guid":{"rendered":"https:\/\/barcanew.capabiliaserver.com\/?post_type=product&#038;p=125902"},"modified":"2023-01-13T11:25:45","modified_gmt":"2023-01-13T14:25:45","slug":"certificado-em-preparacao-fisica-no-futebol-feminino","status":"publish","type":"product","link":"https:\/\/barcanew.capabiliaserver.com\/pt\/product\/certificado-em-preparacao-fisica-no-futebol-feminino\/","title":{"rendered":"Certificado em Prepara\u00e7\u00e3o F\u00edsica no Futebol Feminino"},"content":{"rendered":"<p>contenido<\/p>\n\n\n<p><\/p>\n","protected":false},"excerpt":{"rendered":"<p>excerpt<\/p>\n","protected":false},"author":16,"featured_media":0,"comment_status":"open","ping_status":"closed","template":"","meta":{"_acf_changed":false,"footnotes":""},"categories":[230],"acf":{"activar_banner_1":false,"banner_1":false,"activar_banner_2":false,"banner_2":false,"activar_banner_3":false,"banner_3":false,"activar_nuevos_banners":false,"mostrar_banner_1":false,"crear_banner_1":{"utilizar_imagen_unica_para_banner":false,"asignar_imagen_unica_para_banner":false,"mostrar_titulo_banner":false,"titulo_para_banner":"","mostrar_subtitulo_banner":false,"subtitulo_del_banner":"","mostrar_cta_banner":false,"texto_cta_banner":"","url_cta_banner":"","fondo_de_color_banner":"","fondo_de_imagen_banner":false,"mostrar_imagen_izquierda_banner":false,"asignar_imagen_izquierda_banner":false},"mostrar_banner_2":false,"crear_banner_2":{"utilizar_imagen_unica_para_banner":false,"asignar_imagen_unica_para_banner":false,"mostrar_titulo_banner":false,"titulo_para_banner":"","mostrar_subtitulo_banner":false,"subtitulo_del_banner":"","mostrar_cta_banner":false,"texto_cta_banner":"","url_cta_banner":"","fondo_de_color_banner":"","fondo_de_imagen_banner":false,"mostrar_imagen_izquierda_banner":false,"asignar_imagen_izquierda_banner":false},"mostrar_banner_3":false,"hubspot_product_id":"1457940576","external_id":"1697","titulo_incentivo":"","fecha_de_inicio":"10082022","segunda_fecha_de_inicio":"","zona_horaria":"Europe\/Madrid","precio":"625","contenido":"<p>O crescimento do futebol feminino nos \u00faltimos anos tem sido exponencial e continua crescendo em velocidade de cruzeiro. Os clubes e federa\u00e7\u00f5es est\u00e3o se envolvendo e apostando cada vez mais, e os recursos econ\u00f4micos permitem que as equipes se profissionalizem e se concentrem no desempenho ideal. Isso se refletiu muito diretamente no F.C. Barcelona, \u200b\u200bonde a equipe em poucos anos conseguiu ser a melhor equipe da Europa. A prepara\u00e7\u00e3o f\u00edsica tem sido um dos fundamentos mais importantes nesta mudan\u00e7a, ou mesmo o trampolim para dar o salto para ser verdadeiramente uma equipe de elite. Este programa oferecer\u00e1 da forma mais clara poss\u00edvel os fundamentos e especificidades atuais da forma\u00e7\u00e3o no FCB Feminino, a partir das bases conceituais do modelo de Treinamento Estruturado, at\u00e9 a metodologia de planejamento, proje\u00e7\u00e3o e execu\u00e7\u00e3o da forma\u00e7\u00e3o. Ser\u00e1 dada visibilidade a todos os profissionais ou pessoas com a ambi\u00e7\u00e3o de serem futuros profissionais do futebol feminino, de como \u00e9 o desenvolvimento da condi\u00e7\u00e3o f\u00edsica da mulher no futebol no Bar\u00e7a do ponto de vista multidisciplinar de todas as \u00e1reas envolvidas no aspecto condicional.<\/p>\n","cursos_que_lo_componen":[{"nombre_del_curso":"O Treinamento Otimizando no Treinamento Estruturado","descripcion_del_curso":"<p>M\u00f3dulo 1: Contexto e evolu\u00e7\u00e3o do treinamento no futebol feminino.<br \/>\nM\u00f3dulo 2: O Microciclo Estruturado.<br \/>\nM\u00f3dulo 3: Integra\u00e7\u00e3o da estrutura.<br \/>\nM\u00f3dulo 4: Individualiza\u00e7\u00e3o de cargas.<\/p>\n"},{"nombre_del_curso":"O treinamento Coadjuvante","descripcion_del_curso":"<p>M\u00f3dulo 1: Contexto e evolu\u00e7\u00e3o do treinamento de For\u00e7a na mulher.<br \/>\nM\u00f3dulo 2: O Treinamento Coadjuvante no microciclo estruturado.<br \/>\nM\u00f3dulo 3: Variabilidade-Especificidade.<br \/>\nM\u00f3dulo 4: Individualiza\u00e7\u00e3o, controle e avalia\u00e7\u00e3o da For\u00e7a.<\/p>\n"},{"nombre_del_curso":"O monitoramento de carga interna e externa","descripcion_del_curso":"<p>M\u00f3dulo 1: Contextualiza\u00e7\u00e3o cient\u00edfica.<br \/>\nM\u00f3dulo 2: Monitoramento de carga interna.<br \/>\nM\u00f3dulo 3: Monitoramento de carga externa.<br \/>\nM\u00f3dulo 4: Mecanismos de teste e avalia\u00e7\u00e3o.<\/p>\n"},{"nombre_del_curso":"O trabalho multidisciplinar no contexto da sa\u00fade e rendimento","descripcion_del_curso":"<p>M\u00f3dulo 1: Fisiologia e les\u00f5es de jogadoras de futebol femininas.<br \/>\nM\u00f3dulo 2: Preven\u00e7\u00e3o, recupera\u00e7\u00e3o e reabilita\u00e7\u00e3o de les\u00f5es.<br \/>\nM\u00f3dulo 3: Treinamento invis\u00edvel: nutri\u00e7\u00e3o e descanso.<br \/>\nM\u00f3dulo 4: Psicologia e contexto sociol\u00f3gico.<\/p>\n"}],"aprende_a":[{"item_aprende_a":"Atuar com conhecimentos, aptid\u00f5es e habilidades no campo da prepara\u00e7\u00e3o f\u00edsica no futebol feminino de alto rendimento.\r\n"},{"item_aprende_a":"Conhecer o modelo estruturado do F.C. Barcelona com as particularidades do futebol feminino, e as compet\u00eancias para programar, projetar e executar treinos.\r\n"},{"item_aprende_a":"Compreender as habilidades e \u00e1reas de trabalho no ambiente da jogadora e seu rendimento, e como interagir com elas em busca do rendimento ideal da jogadora."}],"preguntas_frecuentes":false,"contenidistas":false,"docentes_expertos":[{"foto":"https:\/\/barcanew.capabiliaserver.com\/wp-content\/uploads\/2022\/05\/96a380c9-berta-foto.jpg","nombre_del_docente":"Berta Carles","descripcion_del_docente":"Licenciatura em Atividade F\u00edsica e Ci\u00eancias do Desporto. Preparador F\u00edsico da 1\u00aa Equipa Feminina desde 2007, jogadora dos 3 anos anteriores da mesma equipa. Conquista de 7 Copas de la Reina, 7 Ligas e 1 Campe\u00e3 com o F.C.Barcelona.","enlace":""}],"imagen_destacada":"https:\/\/barcanew.capabiliaserver.com\/wp-content\/uploads\/2022\/05\/49d00097-preview.png","slider_testimonios":false,"activar_hero_video":false,"video_texto":"","video_header":false,"titulo_curso":"Certificado en Preparaci\u00f3n F\u00edsica en el F\u00fatbol Femenino","impartido_en":"Spanish","crear_banner_3":{"utilizar_imagen_unica_para_banner":false,"asignar_imagen_unica_para_banner":false,"mostrar_titulo_banner":false,"titulo_para_banner":"","mostrar_subtitulo_banner":false,"subtitulo_del_banner":"","mostrar_cta_banner":false,"texto_cta_banner":"","url_cta_banner":"","fondo_de_color_banner":"","fondo_de_imagen_banner":false,"mostrar_imagen_izquierda_banner":false,"asignar_imagen_izquierda_banner":false},"producto_path":false,"id_magento":"550","column_title":"","precio_en_cuotas":"4 pagamentos mensais de 156,25 euros","precio_de_lista":"","mostrar_form":true,"promocion_vigente":"","duracion_del_curso":"4 meses ","nivel_del_curso":"introdut\u00f3rio","modalidad_cursado":"Online","ocultar_video":true,"url_video":"","avalado_por":false,"pdf_brochure":"https:\/\/static.capabiliaserver.com\/frontend\/clients\/barca\/wp_prod\/wp-content\/uploads\/2022\/05\/d9c9e3eb-preparacao-fisica-no-futebol-feminino.pdf","slidebox":false,"titulo_seccion_testimonios":"","imagen_de_fondo_testimonios":false,"color_de_fondo_testimonios":"","pdf_brochure_link_drive":"https:\/\/drive.google.com\/uc?id=17-qPLx-uNwNv3RMySAuREho4Im607Q0n&export=download","header_image":126102},"idiomas":{"en":125899,"es":125904,"ar":125900,"ca":125901,"ru":125903,"pt":125902},"_links":{"self":[{"href":"https:\/\/barcanew.capabiliaserver.com\/pt\/wp-json\/wp\/v2\/products\/125902"}],"collection":[{"href":"https:\/\/barcanew.capabiliaserver.com\/pt\/wp-json\/wp\/v2\/products"}],"about":[{"href":"https:\/\/barcanew.capabiliaserver.com\/pt\/wp-json\/wp\/v2\/types\/product"}],"author":[{"embeddable":true,"href":"https:\/\/barcanew.capabiliaserver.com\/pt\/wp-json\/wp\/v2\/users\/16"}],"replies":[{"embeddable":true,"href":"https:\/\/barcanew.capabiliaserver.com\/pt\/wp-json\/wp\/v2\/comments?post=125902"}],"version-history":[{"count":5,"href":"https:\/\/barcanew.capabiliaserver.com\/pt\/wp-json\/wp\/v2\/products\/125902\/revisions"}],"predecessor-version":[{"id":136723,"href":"https:\/\/barcanew.capabiliaserver.com\/pt\/wp-json\/wp\/v2\/products\/125902\/revisions\/136723"}],"wp:attachment":[{"href":"https:\/\/barcanew.capabiliaserver.com\/pt\/wp-json\/wp\/v2\/media?parent=125902"}],"wp:term":[{"taxonomy":"category","embeddable":true,"href":"https:\/\/barcanew.capabiliaserver.com\/pt\/wp-json\/wp\/v2\/categories?post=125902"}],"curies":[{"name":"wp","href":"https:\/\/api.w.org\/{rel}","templated":true}]}}