{"id":122409,"date":"2022-06-07T14:08:58","date_gmt":"2022-06-07T17:08:58","guid":{"rendered":"https:\/\/barcanew.capabiliaserver.com\/?post_type=product&#038;p=122409"},"modified":"2022-10-24T13:03:30","modified_gmt":"2022-10-24T16:03:30","slug":"certificado-em-avaliacao-de-desempenho-esportivo","status":"publish","type":"product","link":"https:\/\/barcanew.capabiliaserver.com\/pt\/product\/certificado-em-avaliacao-de-desempenho-esportivo\/","title":{"rendered":"Certificado em avalia\u00e7\u00e3o de desempenho esportivo"},"content":{"rendered":"<p>contenido<\/p>\n","protected":false},"excerpt":{"rendered":"<p>excerpt<\/p>\n","protected":false},"author":16,"featured_media":0,"comment_status":"open","ping_status":"closed","template":"","meta":{"_acf_changed":false,"footnotes":""},"categories":[230],"acf":{"activar_banner_1":false,"banner_1":false,"activar_banner_2":false,"banner_2":false,"activar_banner_3":false,"banner_3":false,"activar_nuevos_banners":false,"mostrar_banner_1":false,"crear_banner_1":{"utilizar_imagen_unica_para_banner":false,"asignar_imagen_unica_para_banner":false,"mostrar_titulo_banner":false,"titulo_para_banner":"","mostrar_subtitulo_banner":false,"subtitulo_del_banner":"","mostrar_cta_banner":false,"texto_cta_banner":"","url_cta_banner":"","fondo_de_color_banner":"","fondo_de_imagen_banner":false,"mostrar_imagen_izquierda_banner":false,"asignar_imagen_izquierda_banner":false},"mostrar_banner_2":false,"crear_banner_2":{"utilizar_imagen_unica_para_banner":false,"asignar_imagen_unica_para_banner":false,"mostrar_titulo_banner":false,"titulo_para_banner":"","mostrar_subtitulo_banner":false,"subtitulo_del_banner":"","mostrar_cta_banner":false,"texto_cta_banner":"","url_cta_banner":"","fondo_de_color_banner":"","fondo_de_imagen_banner":false,"mostrar_imagen_izquierda_banner":false,"asignar_imagen_izquierda_banner":false},"mostrar_banner_3":false,"hubspot_product_id":"1438047610","external_id":"1650","titulo_incentivo":"","fecha_de_inicio":"10072022","segunda_fecha_de_inicio":"","zona_horaria":"Europe\/Madrid","contenido":"<p><span data-sheets-value=\"{&quot;1&quot;:2,&quot;2&quot;:&quot;A tecnologia faz parte da vida cotidiana dos profissionais m\u00e9dicos da ci\u00eancia do esporte h\u00e1 algum tempo. No entanto, muitas vezes o foco est\u00e1 no pr\u00f3prio dispositivo e n\u00e3o em como esses dispositivos podem aperfei\u00e7oar os processos de treinamento ou reabilita\u00e7\u00e3o. \u00c9 por isso que decidimos criar este curso cujo foco ser\u00e1 a cinem\u00e1tica e for\u00e7a no desempenho esportivo incluindo o gerenciamento de atletas saud\u00e1veis e lesionados. Assim, as plataformas de for\u00e7a (tecnologia) tornaram-se um trunfo fundamental para obter as respostas a muitas quest\u00f5es que normalmente surgem nestes processos. Neste curso, daremos a voc\u00ea as ferramentas para dominar a tomada de decis\u00f5es atrav\u00e9s da biomec\u00e2nica e do desempenho esportivo.\\r&quot;}\" data-sheets-userformat=\"{&quot;2&quot;:897,&quot;3&quot;:{&quot;1&quot;:0},&quot;10&quot;:0,&quot;11&quot;:4,&quot;12&quot;:0}\">A tecnologia faz parte da vida cotidiana dos profissionais m\u00e9dicos da ci\u00eancia do esporte h\u00e1 algum tempo. No entanto, muitas vezes o foco est\u00e1 no pr\u00f3prio dispositivo e n\u00e3o em como esses dispositivos podem aperfei\u00e7oar os processos de treinamento ou reabilita\u00e7\u00e3o. \u00c9 por isso que decidimos criar este curso cujo foco ser\u00e1 a cinem\u00e1tica e for\u00e7a no desempenho esportivo incluindo o gerenciamento de atletas saud\u00e1veis e lesionados. Assim, as plataformas de for\u00e7a (tecnologia) tornaram-se um trunfo fundamental para obter as respostas a muitas quest\u00f5es que normalmente surgem nestes processos. Neste curso, daremos a voc\u00ea as ferramentas para dominar a tomada de decis\u00f5es atrav\u00e9s da biomec\u00e2nica e do desempenho esportivo. <\/span><\/p>\n","cursos_que_lo_componen":[{"nombre_del_curso":"AVALIA\u00c7\u00c3O DE FOR\u00c7A E INTRODU\u00c7\u00c3O \u00c0 CINEM\u00c1TICA.","descripcion_del_curso":"<p>1.1 M\u00f3dulo 1: Fundamentos da avalia\u00e7\u00e3o da plataforma de for\u00e7a.<br \/>\n1.2 M\u00f3dulo 2: Entendimento das vari\u00e1veis e fases do CMJ<br \/>\n1.3 M\u00f3dulo 3: Introdu\u00e7\u00e3o \u00e0 Cinem\u00e1tica<br \/>\n1.4 M\u00f3dulo 4: Avalia\u00e7\u00e3o dos membros superiores 2.<\/p>\n"},{"nombre_del_curso":"CIN\u00c9TICA DAS LES\u00d5ES E REABILITA\u00c7\u00c3O E CINEM\u00c1TICA","descripcion_del_curso":"<p>M\u00f3dulo 1: Cin\u00e9tica no risco de les\u00e3o do lca e reabilita\u00e7\u00e3o ( Isocin\u00e9tica )<br \/>\nM\u00f3dulo 2: Cin\u00e9tica em les\u00f5es e reabilita\u00e7\u00e3o do LCA ( avalia\u00e7\u00e3o de jump-land)<br \/>\nM\u00f3dulo 3: Cin\u00e9tica no risco de les\u00e3o do LCA e reabilita\u00e7\u00e3o<br \/>\nM\u00f3dulo 4: Cin\u00e9tica e cinem\u00e1tica nas les\u00f5es musculares e tend\u00edneas dos membros inferiores e reabilita\u00e7\u00e3o da patela, tend\u00e3o de Aquiles, virilha, isquiotibiais.<\/p>\n"},{"nombre_del_curso":"CAIXA DE FERRAMENTAS PARA AVALIA\u00c7\u00c3O DE RENDIMENTO, LES\u00c3O E REABILITA\u00c7\u00c3O","descripcion_del_curso":"<p>M\u00f3dulo 1: Testes din\u00e2micos adicionais de membros inferiores (agachamento com salto, drop jump, agachamento, land&hold).<br \/>\nM\u00f3dulo 2: Teste isom\u00e9trico de membros inferiores<br \/>\nM\u00f3dulo 3: Estrutura e caixa de ferramentas para cin\u00e9tica e cinem\u00e1tica na reabilita\u00e7\u00e3o e retorno ao jogo<br \/>\nM\u00f3dulo 4: Estrutura e caixa de ferramentas para monitoramento de resposta de carga de curto prazo e avalia\u00e7\u00e3o de adapta\u00e7\u00f5es cr\u00f4nicas.<\/p>\n"}],"aprende_a":[{"item_aprende_a":"Comprendre la cinem\u00e0tica per a l'avaluaci\u00f3 de la for\u00e7a. \r\n"},{"item_aprende_a":"Maneig de l'avaluaci\u00f3 de la for\u00e7a com un actiu clau en la rehabilitaci\u00f3. \r\n"},{"item_aprende_a":"Capacitat d'adaptar el marc de les lesions i de rehabilitaci\u00f3 a cada cas espec\u00edfic."}],"preguntas_frecuentes":false,"contenidistas":false,"docentes_expertos":[{"foto":"https:\/\/barcanew.capabiliaserver.com\/wp-content\/uploads\/2022\/05\/4145c926-barca-innovation-2018-1.png","nombre_del_docente":"Daniel Cohen","descripcion_del_docente":"Researcher - Masira Institute, University of Santander (UDES); Consultant - Center for Sports Sciences (CCD), Colombian Ministry of Sport (Mindeporte) Consultant and Educator in Force Platform assessments","enlace":""},{"foto":"https:\/\/barcanew.capabiliaserver.com\/wp-content\/uploads\/2022\/06\/e71501cd-dr.-matt-taberner.png","nombre_del_docente":"Dr. Matt Taberner (CSCS, RSCC*D, BASES HPSA)","descripcion_del_docente":"Doutorado Profissional em Ci\u00eancias Aplicadas ao Esporte e Atividade F\u00edsica. Com mais de 14 anos de experi\u00eancia em esportes de elite. Ele trabalhou 13 temporadas na Premier League inglesa: 6 anos no FC Everton (Chefe de Ci\u00eancias do Esporte e Chefe de Reabilita\u00e7\u00e3o) e seis anos no FC Aston Villa (Cientista do Esporte respons\u00e1vel da Academia).","enlace":""},{"foto":"https:\/\/barcanew.capabiliaserver.com\/wp-content\/uploads\/2022\/06\/66374a0b-david-howarth.png","nombre_del_docente":"David Howard","descripcion_del_docente":"Ele trabalhou em esportes de alto rendimento na Austr\u00e1lia, Am\u00e9rica do Norte e Europa. Ele liderou os departamentos de rendimento atl\u00e9tico das equipes da NBA (Oklahoma City Thunder) e da Copa da Europa de rugby (Connacht Rugby). Especialista no uso de tecnologias de plataforma de for\u00e7a para o monitoramento de atletas.","enlace":""},{"foto":"https:\/\/barcanew.capabiliaserver.com\/wp-content\/uploads\/2022\/06\/7330305a-luke-hart.png","nombre_del_docente":"Lucas Hart Mestre, ASCC ","descripcion_del_docente":"Instrutor certificado de For\u00e7a e Condicionamento (ASCC). 9 anos de experi\u00eancia como treinador profissional de for\u00e7a e condicionamento em futebol e rugby. Ele atualmente atua como Treinador l\u00edder de For\u00e7a e Condicionamento na Cl\u00ednica Sports Surgery, Dublin.","enlace":""},{"foto":"https:\/\/barcanew.capabiliaserver.com\/wp-content\/uploads\/2022\/06\/edae0daf-chris-richter.png","nombre_del_docente":"Dr. Chris Richter","descripcion_del_docente":"Especialista em biomec\u00e2nica com grande experi\u00eancia em Data Science e tecnologia. Ele est\u00e1 trabalhando no desenvolvimento e implementa\u00e7\u00e3o de uma estrat\u00e9gia I+S de biomarcador. Contribuiu\/publicou mais de 60 artigos.","enlace":""},{"foto":"https:\/\/barcanew.capabiliaserver.com\/wp-content\/uploads\/2022\/06\/fa51d702-jarrod.png","nombre_del_docente":"Jarrod Antflick","descripcion_del_docente":"Fundador da Total Performance. Fisioterapeuta consultor e especialista em diagn\u00f3stico e tratamento de tendinopatias no esporte. Ele possui um mestrado em Fisioterapia Esportiva (Universidade La Trobe, Austr\u00e1lia), um Bacharelado em Ci\u00eancias Aplicadas em Fisioterapia (Universidade de Sydney) e um Bacharelado em Ci\u00eancias da Sa\u00fade (University of Technology, Sydney).","enlace":""},{"foto":"https:\/\/barcanew.capabiliaserver.com\/wp-content\/uploads\/2022\/06\/4206039c-ben-ashworth.png","nombre_del_docente":"Ben Ashworth","descripcion_del_docente":"Formador-fisioterapeuta e Especialista em Ombro. Duplo Mestrado em For\u00e7a e Condicionamento e Fisioterapia. Com 20 anos de experi\u00eancia em rugby, esportes ol\u00edmpicos e futebol da Premier League. Consultor em t\u00eanis brit\u00e2nico e de Queensland e em v\u00e1rios times da Liga Major de Beisebol.","enlace":""}],"imagen_destacada":"https:\/\/barcanew.capabiliaserver.com\/wp-content\/uploads\/2022\/06\/ac01e48a-sports-performance-cms.png","slider_testimonios":false,"activar_hero_video":false,"video_texto":"","video_header":false,"titulo_curso":"Certificate in Sports Performance Assessment","impartido_en":"English","crear_banner_3":{"utilizar_imagen_unica_para_banner":false,"asignar_imagen_unica_para_banner":false,"mostrar_titulo_banner":false,"titulo_para_banner":"","mostrar_subtitulo_banner":false,"subtitulo_del_banner":"","mostrar_cta_banner":false,"texto_cta_banner":"","url_cta_banner":"","fondo_de_color_banner":"","fondo_de_imagen_banner":false,"mostrar_imagen_izquierda_banner":false,"asignar_imagen_izquierda_banner":false},"producto_path":false,"id_magento":"465","header_image":126903,"column_title":"Certificado em avalia\u00e7\u00e3o de desempenho esportivo","precio_en_cuotas":"3 pagamentos mensais de 183.30 euros","precio_de_lista":"","mostrar_form":false,"promocion_vigente":"","duracion_del_curso":"3 Meses","nivel_del_curso":"introdut\u00f3rio","modalidad_cursado":"Online","ocultar_video":true,"url_video":"","avalado_por":false,"pdf_brochure":"https:\/\/static.capabiliaserver.com\/frontend\/clients\/barca\/wp_prod\/wp-content\/uploads\/2022\/06\/e86a8556-certificado-em-avaliacao-de-desempenho-esportivo-2.pdf","slidebox":false,"titulo_seccion_testimonios":"","imagen_de_fondo_testimonios":false,"color_de_fondo_testimonios":"","precio":"550","pdf_brochure_link_drive":"https:\/\/drive.google.com\/uc?id=1abIsoWWaxaAndM26NlbVPdVdnMZpqCt-&export=download"},"idiomas":{"en":122406,"es":122411,"ar":122407,"ca":122408,"ru":122410,"pt":122409},"_links":{"self":[{"href":"https:\/\/barcanew.capabiliaserver.com\/pt\/wp-json\/wp\/v2\/products\/122409"}],"collection":[{"href":"https:\/\/barcanew.capabiliaserver.com\/pt\/wp-json\/wp\/v2\/products"}],"about":[{"href":"https:\/\/barcanew.capabiliaserver.com\/pt\/wp-json\/wp\/v2\/types\/product"}],"author":[{"embeddable":true,"href":"https:\/\/barcanew.capabiliaserver.com\/pt\/wp-json\/wp\/v2\/users\/16"}],"replies":[{"embeddable":true,"href":"https:\/\/barcanew.capabiliaserver.com\/pt\/wp-json\/wp\/v2\/comments?post=122409"}],"version-history":[{"count":5,"href":"https:\/\/barcanew.capabiliaserver.com\/pt\/wp-json\/wp\/v2\/products\/122409\/revisions"}],"predecessor-version":[{"id":134590,"href":"https:\/\/barcanew.capabiliaserver.com\/pt\/wp-json\/wp\/v2\/products\/122409\/revisions\/134590"}],"wp:attachment":[{"href":"https:\/\/barcanew.capabiliaserver.com\/pt\/wp-json\/wp\/v2\/media?parent=122409"}],"wp:term":[{"taxonomy":"category","embeddable":true,"href":"https:\/\/barcanew.capabiliaserver.com\/pt\/wp-json\/wp\/v2\/categories?post=122409"}],"curies":[{"name":"wp","href":"https:\/\/api.w.org\/{rel}","templated":true}]}}