{"id":121113,"date":"2022-05-18T16:41:29","date_gmt":"2022-05-18T19:41:29","guid":{"rendered":"https:\/\/barcanew.capabiliaserver.com\/?post_type=product&#038;p=121113"},"modified":"2022-10-19T10:58:25","modified_gmt":"2022-10-19T13:58:25","slug":"especializacao-em-marketing-esportivo-e-patrocinio","status":"publish","type":"product","link":"https:\/\/barcanew.capabiliaserver.com\/pt\/product\/especializacao-em-marketing-esportivo-e-patrocinio\/","title":{"rendered":"Especializa\u00e7\u00e3o em Marketing Esportivo e Patroc\u00ednio"},"content":{"rendered":"<p>contenido<\/p>\n","protected":false},"excerpt":{"rendered":"<p>excerpt<\/p>\n","protected":false},"author":16,"featured_media":0,"comment_status":"open","ping_status":"closed","template":"","meta":{"_acf_changed":false,"footnotes":""},"categories":[113],"acf":{"activar_banner_1":false,"banner_1":false,"activar_banner_2":false,"banner_2":false,"activar_banner_3":false,"banner_3":false,"activar_nuevos_banners":false,"mostrar_banner_1":false,"crear_banner_1":{"utilizar_imagen_unica_para_banner":false,"asignar_imagen_unica_para_banner":false,"mostrar_titulo_banner":false,"titulo_para_banner":"","mostrar_subtitulo_banner":false,"subtitulo_del_banner":"","mostrar_cta_banner":false,"texto_cta_banner":"","url_cta_banner":"","fondo_de_color_banner":"","fondo_de_imagen_banner":false,"mostrar_imagen_izquierda_banner":false,"asignar_imagen_izquierda_banner":false},"mostrar_banner_2":false,"crear_banner_2":{"utilizar_imagen_unica_para_banner":false,"asignar_imagen_unica_para_banner":false,"mostrar_titulo_banner":false,"titulo_para_banner":"","mostrar_subtitulo_banner":false,"subtitulo_del_banner":"","mostrar_cta_banner":false,"texto_cta_banner":"","url_cta_banner":"","fondo_de_color_banner":"","fondo_de_imagen_banner":false,"mostrar_imagen_izquierda_banner":false,"asignar_imagen_izquierda_banner":false},"mostrar_banner_3":false,"external_id":"1623","titulo_incentivo":"","fecha_de_inicio":"06\/10\/2022","segunda_fecha_de_inicio":"","zona_horaria":"Europe\/Madrid","precio":"960","contenido":"<p>Atualmente, o desenvolvimento da marca para qualquer atividade esportiva transformou-se em um dos pilares centrais para o sucesso, tanto no plano esportivo quanto no neg\u00f3cio. O marketing como disciplina permite abordar o esporte com um olhar profissional sob uma perspectiva comercial para detectar e aproveitar todas as oportunidades apresentadas no mercado. O patroc\u00ednio tornou-se uma das ferramentas mais comuns para conectar marcas com seus consumidores e clientes e, assim, conseguem acelerar o crescimento do neg\u00f3cio Quando usado corretamente, pode se tornar uma das ferramentas mais poderosas para impulsionar o crescimento em qualquer tipo de empresa.<\/p>\n<p>Este programa inclui todas as \u00e1reas mencionadas acima de forma simples e clara para que voc\u00ea possa tirar o m\u00e1ximo proveito de qualquer patroc\u00ednio. Profissionais que trabalham com patrocinadores, detentores de direitos e ag\u00eancias aprender\u00e3o o que precisam para comprar melhor, vender com mais efici\u00eancia e gerenciar programas de patroc\u00ednio. Este programa inclui todas as \u00e1reas mencionadas acima de forma simples e clara para que voc\u00ea possa tirar o m\u00e1ximo proveito de qualquer patroc\u00ednio. Profissionais que trabalham com patrocinadores, detentores de direitos e ag\u00eancias aprender\u00e3o o que precisam para comprar melhor, vender com mais efici\u00eancia e gerenciar programas de patroc\u00ednio.<\/p>\n","preguntas_frecuentes":false,"contenidistas":false,"docentes_expertos":[{"foto":"https:\/\/static.capabiliaserver.com\/frontend\/clients\/barca\/wp\/wp-content\/uploads\/2018\/06\/james_condo-1-150x150.jpg","nombre_del_docente":"Jim Condo","descripcion_del_docente":"Diretor de ETERNO Consulting. Professor Adjunto na Florida Atlantic University.","enlace":"7 pagamentos mensais de \u20ac137"},{"foto":"https:\/\/static.capabiliaserver.com\/frontend\/clients\/barca\/wp_prod\/wp-content\/uploads\/2022\/01\/373946cd-ricardo-fort-1.jpg","nombre_del_docente":"Ricardo Fort","descripcion_del_docente":"Mentor UEFA Director de The Fan Experience Company.","enlace":""}],"imagen_destacada":"https:\/\/barcanew.capabiliaserver.com\/wp-content\/uploads\/2022\/05\/8c51b91f-certificate-in-sports-marketing-and-sponsorship-2-1.jpg","activar_hero_video":false,"video_texto":"","cursos_que_lo_componen":[{"nombre_del_curso":"Pilares do Marketing Esportivo","descripcion_del_curso":"<p>M\u00d3DULO 1: Introdu\u00e7\u00e3o ao marketing esportivo<br \/>\nM\u00d3DULO 2: M\u00e9todos e ferramentas do Marketing Esportivo<br \/>\nM\u00d3DULO 3: Cria\u00e7\u00e3o do plano de marketing esportivo<br \/>\nM\u00d3DULO 4: Integra\u00e7\u00e3o<\/p>\n"},{"nombre_del_curso":"Patroc\u00ednio Esportivo","descripcion_del_curso":"<p>M\u00d3DULO 1: Management da marca esportiva<br \/>\nM\u00d3DULO 2: Busca de patrocinadores em potencial<br \/>\nM\u00d3DULO 3: A prepara\u00e7\u00e3o e o encerramento da venda de um patroc\u00ednio<br \/>\nM\u00d3DULO 4: Integra\u00e7\u00e3o<\/p>\n"},{"nombre_del_curso":"Ativa\u00e7\u00e3o do Patroc\u00ednio Esportivo","descripcion_del_curso":"<p>M\u00d3DULO 1: Ativa\u00e7\u00e3o do patroc\u00ednio<br \/>\nM\u00d3DULO 2: Tipos de ativa\u00e7\u00e3o<br \/>\nM\u00d3DULO 3: Indicadores-chave do patroc\u00ednio<br \/>\nM\u00d3DULO 4: Integra\u00e7\u00e3o<\/p>\n"},{"nombre_del_curso":"Gest\u00e3o de Produtos e Servi\u00e7os Esportivos","descripcion_del_curso":"<p>M\u00d3DULO 1: Gest\u00e3o de produtos e servi\u00e7os<br \/>\nM\u00d3DULO 2: Execu\u00e7\u00e3o do plano de produtos e servi\u00e7os<br \/>\nM\u00d3DULO 3: Estrat\u00e9gia de desenvolvimento de produtos<br \/>\nM\u00d3DULO 4: Integra\u00e7\u00e3o<\/p>\n"},{"nombre_del_curso":"O que amam os f\u00e3s e o que as marcas patrocinam","descripcion_del_curso":"<p>M\u00d3DULO 1: Passion Points  - As coisas importantes na vida<br \/>\nM\u00d3DULO 2:  Passion Connectors: Como os f\u00e3s consomem suas paix\u00f5es?<br \/>\nM\u00d3DULO 3: Diferentes tipos de ativos - Ativos pagos, compartilhados e pr\u00f3prios<br \/>\nM\u00d3DULO 4: O n\u00e3o-patrocinador: marketing de emboscada<\/p>\n"},{"nombre_del_curso":"Patroc\u00ednio como ferramenta de marketing","descripcion_del_curso":"<p>M\u00d3DULO 1: Comprar Visibilidade - Reconhecimento da marca e o papel dos meios de comunica\u00e7\u00e3o<br \/>\nM\u00d3DULO 2: Acesso ao Conte\u00fado - Alcan\u00e7ando melhores experi\u00eancias virtuais e ao vivo para os f\u00e3s<br \/>\nM\u00d3DULO 3: Construir o Amor pela Marca - Conquistar cora\u00e7\u00f5es com publicidade e mudan\u00e7a social<br \/>\n M\u00d3DULO4: Acelerando resultados de curto prazo por meio de promo\u00e7\u00f5es e ativa\u00e7\u00e3o comercial<\/p>\n"},{"nombre_del_curso":"Os diferentes casos de uso de patroc\u00ednio","descripcion_del_curso":"<p>M\u00d3DULO 1: Melhores Acordos - Patrocinadores que criam valor para os clientes<br \/>\nM\u00d3DULO 2: Trabalho em Equipe & Comunidade - Funcion\u00e1rios orgulhosos e vizinhos felizes<br \/>\nM\u00d3DULO 3: Governos & ONGs - A conversa dif\u00edcil sobre regulamentos, sustentabilidade e impostos<br \/>\n M\u00d3DULO 4: Poder de Persuas\u00e3o do Patroc\u00ednio - Usar o patroc\u00ednio para influenciar o mundo inteiro<\/p>\n"},{"nombre_del_curso":"O que \u00e9 um patroc\u00ednio de sucesso?","descripcion_del_curso":"<p>M\u00d3DULO 1: Avalia\u00e7\u00e3o Pr\u00e9-contrato - ROI estimado de um patroc\u00ednio<br \/>\nM\u00d3DULO 2: Gest\u00e3o de Risco - A necessidade de uma verifica\u00e7\u00e3o de antecedentes adequada<br \/>\nM\u00d3DULO 3: Fase Contratual - Direitos, obriga\u00e7\u00f5es, princ\u00edpios morais e for\u00e7a maior<br \/>\nM\u00d3DULO 4: Revis\u00e3o p\u00f3s Evento - Avalia\u00e7\u00e3o e a dif\u00edcil tarefa de encerrar um patroc\u00ednio<\/p>\n"}],"titulo_curso":"Professional Diploma in Sports Marketing and Sponsorship","impartido_en":"English","crear_banner_3":{"utilizar_imagen_unica_para_banner":false,"asignar_imagen_unica_para_banner":false,"mostrar_titulo_banner":false,"titulo_para_banner":"","mostrar_subtitulo_banner":false,"subtitulo_del_banner":"","mostrar_cta_banner":false,"texto_cta_banner":"","url_cta_banner":"","fondo_de_color_banner":"","fondo_de_imagen_banner":false,"mostrar_imagen_izquierda_banner":false,"asignar_imagen_izquierda_banner":false},"producto_path":false,"id_magento":"464","header_image":134471,"column_title":"","precio_de_lista":"","mostrar_form":false,"promocion_vigente":"","duracion_del_curso":"8 meses","nivel_del_curso":"avan\u00e7ado","modalidad_cursado":"Online","ocultar_video":true,"url_video":"","avalado_por":false,"pdf_brochure":"https:\/\/static.capabiliaserver.com\/frontend\/clients\/barca\/wp_prod\/wp-content\/uploads\/2022\/05\/14527a47-pt.pdf","slidebox":false,"titulo_seccion_testimonios":"","precio_en_cuotas":"7 pagamentos mensais de \u20ac137","aprende_a":[{"item_aprende_a":"Incorporar o marketing como disciplina na gest\u00e3o de atividades esportivas."},{"item_aprende_a":"Analisar, criar e gestionar produtos e servi\u00e7os no esporte.\r\n"},{"item_aprende_a":"Identificar e captar marcas que invistam no mercado esportivo.\r\n"},{"item_aprende_a":"Aproveitar oportunidades de gera\u00e7\u00e3o de a\u00e7\u00f5es com os patrocinadores no esporte.\r\n"},{"item_aprende_a":"Entender como os torcedores consomem o esporte e os patrocinadores.\r\n"},{"item_aprende_a":"Aumentar a conscientiza\u00e7\u00e3o sobre os aplicativos de patroc\u00ednio de marketing.\r\n"},{"item_aprende_a":"Diferenciar aplicativos de patroc\u00ednio al\u00e9m do marketing.\r\n"},{"item_aprende_a":"Desenvolver habilidades para aprender como avaliar patrocinadores."}],"hubspot_product_id":"1416892072","pdf_brochure_link_drive":"https:\/\/drive.google.com\/uc?id=1VUdAfRCviaE8R1RCKr7SUoiXkp34nQDe&export=download"},"idiomas":{"en":121110,"es":124321,"ar":121111,"ca":121112,"ru":121114,"pt":121113},"_links":{"self":[{"href":"https:\/\/barcanew.capabiliaserver.com\/pt\/wp-json\/wp\/v2\/products\/121113"}],"collection":[{"href":"https:\/\/barcanew.capabiliaserver.com\/pt\/wp-json\/wp\/v2\/products"}],"about":[{"href":"https:\/\/barcanew.capabiliaserver.com\/pt\/wp-json\/wp\/v2\/types\/product"}],"author":[{"embeddable":true,"href":"https:\/\/barcanew.capabiliaserver.com\/pt\/wp-json\/wp\/v2\/users\/16"}],"replies":[{"embeddable":true,"href":"https:\/\/barcanew.capabiliaserver.com\/pt\/wp-json\/wp\/v2\/comments?post=121113"}],"version-history":[{"count":5,"href":"https:\/\/barcanew.capabiliaserver.com\/pt\/wp-json\/wp\/v2\/products\/121113\/revisions"}],"predecessor-version":[{"id":134480,"href":"https:\/\/barcanew.capabiliaserver.com\/pt\/wp-json\/wp\/v2\/products\/121113\/revisions\/134480"}],"wp:attachment":[{"href":"https:\/\/barcanew.capabiliaserver.com\/pt\/wp-json\/wp\/v2\/media?parent=121113"}],"wp:term":[{"taxonomy":"category","embeddable":true,"href":"https:\/\/barcanew.capabiliaserver.com\/pt\/wp-json\/wp\/v2\/categories?post=121113"}],"curies":[{"name":"wp","href":"https:\/\/api.w.org\/{rel}","templated":true}]}}