{"id":120014,"date":"2022-04-01T17:06:55","date_gmt":"2022-04-01T20:06:55","guid":{"rendered":"https:\/\/barcanew.capabiliaserver.com\/?post_type=product&#038;p=120014"},"modified":"2023-01-12T14:37:15","modified_gmt":"2023-01-12T17:37:15","slug":"negocios-e-administracao-da-industria-do-futebol","status":"publish","type":"product","link":"https:\/\/barcanew.capabiliaserver.com\/pt\/product\/negocios-e-administracao-da-industria-do-futebol\/","title":{"rendered":"Neg\u00f3cios e administra\u00e7\u00e3o da ind\u00fastria do futebol"},"content":{"rendered":"<p>contenido<\/p>\n","protected":false},"excerpt":{"rendered":"<p>excerpt<\/p>\n","protected":false},"author":16,"featured_media":0,"comment_status":"open","ping_status":"closed","template":"","meta":{"_acf_changed":false,"footnotes":""},"categories":[121],"acf":{"external_id":"1483","activar_banner_1":false,"banner_1":false,"activar_banner_2":false,"banner_2":false,"activar_banner_3":false,"banner_3":false,"activar_nuevos_banners":false,"mostrar_banner_1":false,"crear_banner_1":{"utilizar_imagen_unica_para_banner":false,"asignar_imagen_unica_para_banner":false,"mostrar_titulo_banner":false,"titulo_para_banner":"","mostrar_subtitulo_banner":false,"subtitulo_del_banner":"","mostrar_cta_banner":false,"texto_cta_banner":"","url_cta_banner":"","fondo_de_color_banner":"","fondo_de_imagen_banner":false,"mostrar_imagen_izquierda_banner":false,"asignar_imagen_izquierda_banner":false},"mostrar_banner_2":false,"crear_banner_2":{"utilizar_imagen_unica_para_banner":false,"asignar_imagen_unica_para_banner":false,"mostrar_titulo_banner":false,"titulo_para_banner":"","mostrar_subtitulo_banner":false,"subtitulo_del_banner":"","mostrar_cta_banner":false,"texto_cta_banner":"","url_cta_banner":"","fondo_de_color_banner":"","fondo_de_imagen_banner":false,"mostrar_imagen_izquierda_banner":false,"asignar_imagen_izquierda_banner":false},"mostrar_banner_3":false,"hubspot_product_id":"1393944346","titulo_incentivo":"","fecha_de_inicio":"10042022","segunda_fecha_de_inicio":"","zona_horaria":"Europe\/Madrid","precio":"450","contenido":"<p><span data-sheets-value=\"{&quot;1&quot;:2,&quot;2&quot;:&quot;Em geral, a ind\u00fastria do esporte representa 620 bilh\u00f5es de euros ou 1% do PIB (produto interno bruto). O futebol gera o maior segmento esportivo do PIB global, registrando mais de 20 bilh\u00f5es de euros por ano. A n\u00edvel local, o impacto econ\u00f4mico do FC Barcelona na cidade de Barcelona foi estimado em 906 milh\u00f5es de euros (cerca de mil milh\u00f5es) ou 1,5% do PIB da cidade. O FC Barcelona \u00e9 um dos clubes esportivos de maior sucesso, n\u00e3o s\u00f3 na UEFA e La Liga, mas tamb\u00e9m no mercado empresarial. Este curso ter\u00e1 o FC Barcelona como um caso de estudo para fornecer aos alunos conhecimentos fundamentais sobre a administra\u00e7\u00e3o de um clube de futebol. \\r\\n\\r\\nEm colabora\u00e7\u00e3o com o Dr. Daniel G. Kelly II do programa de Gest\u00e3o da Ind\u00fastria Esportiva da Georgetown University (Washington DC) e Javier Sobrino, gerente de inova\u00e7\u00e3o e estrat\u00e9gia do FC Barcelona, \u200b\u200b\u200b\u200bo Certificado em Neg\u00f3cios e Administra\u00e7\u00e3o da Ind\u00fastria do Futebol oferecer\u00e1 aos alunos v\u00e1rios esquemas conceituais para analisar o modelo de administra\u00e7\u00e3o de neg\u00f3cios dos clubes de futebol profissional. No \u00e2mbito deste programa, os alunos ir\u00e3o analisar modelos de neg\u00f3cios de acordo com aspectos de efici\u00eancia organizacional, organiza\u00e7\u00e3o e planejamento, tendo o FC Barcelona como um caso de estudo.\\r\\n\\n&quot;}\" data-sheets-userformat=\"{&quot;2&quot;:769,&quot;3&quot;:{&quot;1&quot;:0},&quot;11&quot;:4,&quot;12&quot;:0}\">Em geral, a ind\u00fastria do esporte representa 620 bilh\u00f5es de euros ou 1% do PIB (produto interno bruto). O futebol gera o maior segmento esportivo do PIB global, registrando mais de 20 bilh\u00f5es de euros por ano. A n\u00edvel local, o impacto econ\u00f4mico do FC Barcelona na cidade de Barcelona foi estimado em 906 milh\u00f5es de euros (cerca de mil milh\u00f5es) ou 1,5% do PIB da cidade. O FC Barcelona \u00e9 um dos clubes esportivos de maior sucesso, n\u00e3o s\u00f3 na UEFA e La Liga, mas tamb\u00e9m no mercado empresarial. Este curso ter\u00e1 o FC Barcelona como um caso de estudo para fornecer aos alunos conhecimentos fundamentais sobre a administra\u00e7\u00e3o de um clube de futebol.<\/span><\/p>\n<p>Em colabora\u00e7\u00e3o com o Dr. Daniel G. Kelly II do programa de Gest\u00e3o da Ind\u00fastria Esportiva da Georgetown University (Washington DC) e Javier Sobrino, gerente de inova\u00e7\u00e3o e estrat\u00e9gia do FC Barcelona, \u200b\u200b\u200b\u200bo Certificado em Neg\u00f3cios e Administra\u00e7\u00e3o da Ind\u00fastria do Futebol oferecer\u00e1 aos alunos v\u00e1rios esquemas conceituais para analisar o modelo de administra\u00e7\u00e3o de neg\u00f3cios dos clubes de futebol profissional. No \u00e2mbito deste programa, os alunos ir\u00e3o analisar modelos de neg\u00f3cios de acordo com aspectos de efici\u00eancia organizacional, organiza\u00e7\u00e3o e planejamento, tendo o FC Barcelona como um caso de estudo.<\/p>\n<p>&nbsp;<\/p>\n<p><span data-sheets-value=\"{&quot;1&quot;:2,&quot;2&quot;:&quot;Aprenda a analisar as fun\u00e7\u00f5es e rela\u00e7\u00f5es dos pap\u00e9is gerenciais associados \u00e0 administra\u00e7\u00e3o principal de um clube de futebol.\\r\\n\\r\\n\\n&quot;}\" data-sheets-userformat=\"{&quot;2&quot;:769,&quot;3&quot;:{&quot;1&quot;:0},&quot;11&quot;:4,&quot;12&quot;:0}\">O objetivo geral do programa \u00e9 aprender a\u00a0analisar as fun\u00e7\u00f5es e rela\u00e7\u00f5es dos pap\u00e9is gerenciais associados \u00e0 administra\u00e7\u00e3o principal de um clube de futebol.<\/span><\/p>\n<p><span data-sheets-value=\"{&quot;1&quot;:2,&quot;2&quot;:&quot;Aprenda a analisar as fun\u00e7\u00f5es e rela\u00e7\u00f5es dos pap\u00e9is gerenciais associados \u00e0 administra\u00e7\u00e3o principal de um clube de futebol.\\r\\n\\r\\n\\n&quot;}\" data-sheets-userformat=\"{&quot;2&quot;:769,&quot;3&quot;:{&quot;1&quot;:0},&quot;11&quot;:4,&quot;12&quot;:0}\">O programa destina-se a profissionais do esporte que aspiram a fazer parte da lideran\u00e7a e gest\u00e3o do futebol profissional. Pessoas com interesse em aprender sobre o mundo da gest\u00e3o e administra\u00e7\u00e3o do futebol em geral.<\/span><\/p>\n<p>&nbsp;<\/p>\n","cursos_que_lo_componen":[{"nombre_del_curso":"Chaves para o neg\u00f3cio do futebol","descripcion_del_curso":"<p>M\u00f3dulo 1: Atividade econ\u00f4mica do futebol - figuras- chave na ind\u00fastria do futebol.<br \/>\nM\u00f3dulo 2: Institui\u00e7\u00f5es de Futebol (globais, nacionais, locais).<br \/>\nM\u00f3dulo 3: Competi\u00e7\u00f5es e ligas de futebol.<br \/>\nM\u00f3dulo 4: Clubes de futebol (incluindo o Bar\u00e7a).<\/p>\n"},{"nombre_del_curso":"Planejamento estrat\u00e9gico","descripcion_del_curso":"<p>M\u00f3dulo 1: Desenvolvimento de estrat\u00e9gia.<br \/>\nM\u00f3dulo 2: Modelo de planejamento estrat\u00e9gico do Bar\u00e7a - Vis\u00e3o geral do plano estrat\u00e9gico do Bar\u00e7a.<br \/>\nM\u00f3dulo 3: O uso dos dados no Clube<br \/>\nM\u00f3dulo 4: A nova realidade do futebol \u2013 O futuro da ind\u00fastria do futebol.<\/p>\n"}],"aprende_a":[{"item_aprende_a":"Compreender o neg\u00f3cio e a organiza\u00e7\u00e3o das principais institui\u00e7\u00f5es do futebol."},{"item_aprende_a":"Avaliar as decis\u00f5es estrat\u00e9gicas e de lideran\u00e7a tomadas por profissionais na gest\u00e3o de clubes de futebol de alto n\u00edvel."},{"item_aprende_a":"Desenvolver as compet\u00eancias de gerenciamento necess\u00e1rias para levar a cabo uma vis\u00e3o de lideran\u00e7a para um clube de futebol e desenvolver a estrat\u00e9gia de marca para estruturar, posicionar e gerir a marca na nova era digital."}],"preguntas_frecuentes":false,"contenidistas":false,"docentes_expertos":[{"foto":"https:\/\/barcanew.capabiliaserver.com\/wp-content\/uploads\/2022\/03\/3a64efc0-1605725019800.jpg","nombre_del_docente":"Alex Gil","descripcion_del_docente":"Business Analytics & Strategy Manager no FC Barcelona","enlace":""},{"foto":"https:\/\/barcanew.capabiliaserver.com\/wp-content\/uploads\/2022\/03\/20d2cd65-alexgil-1.jpg","nombre_del_docente":"Albert Bag\u00f3 Pint\u00f3 ","descripcion_del_docente":"Business Analytics & Strategy Officer no FC Barcelona","enlace":""}],"imagen_destacada":"https:\/\/barcanew.capabiliaserver.com\/wp-content\/uploads\/2022\/04\/4b8fdbcd-business-and-administration-in-the-football-industry_.jpg","slider_testimonios":false,"activar_hero_video":false,"video_texto":"","video_header":false,"titulo_curso":"Certificado en An\u00e1lisis T\u00e1ctico de F\u00fatbol Avanzado","impartido_en":"Spanish","crear_banner_3":{"utilizar_imagen_unica_para_banner":false,"asignar_imagen_unica_para_banner":false,"mostrar_titulo_banner":false,"titulo_para_banner":"","mostrar_subtitulo_banner":false,"subtitulo_del_banner":"","mostrar_cta_banner":false,"texto_cta_banner":"","url_cta_banner":"","fondo_de_color_banner":"","fondo_de_imagen_banner":false,"mostrar_imagen_izquierda_banner":false,"asignar_imagen_izquierda_banner":false},"producto_path":false,"header_image":133438,"column_title":"","precio_en_cuotas":"2 pagamentosmensais de \u20ac225","precio_de_lista":"","mostrar_form":true,"promocion_vigente":"","duracion_del_curso":"2 meses","nivel_del_curso":"introdut\u00f3rio","modalidad_cursado":"Online","ocultar_video":true,"url_video":"","avalado_por":false,"pdf_brochure":"https:\/\/barcanew.capabiliaserver.com\/wp-content\/uploads\/2022\/04\/7263c7e1-business-and-administration-in-the-football-industry_compressed-1.pdf","slidebox":false,"titulo_seccion_testimonios":"","imagen_de_fondo_testimonios":false,"color_de_fondo_testimonios":"","id_magento":"463","pdf_brochure_link_drive":"https:\/\/drive.google.com\/uc?id=1zCrqgbo3lzWVsxxxtp5ZXxvp014DtB71&export=download"},"idiomas":{"en":120011,"es":120016,"ar":120012,"ca":120013,"ru":120015,"pt":120014},"_links":{"self":[{"href":"https:\/\/barcanew.capabiliaserver.com\/pt\/wp-json\/wp\/v2\/products\/120014"}],"collection":[{"href":"https:\/\/barcanew.capabiliaserver.com\/pt\/wp-json\/wp\/v2\/products"}],"about":[{"href":"https:\/\/barcanew.capabiliaserver.com\/pt\/wp-json\/wp\/v2\/types\/product"}],"author":[{"embeddable":true,"href":"https:\/\/barcanew.capabiliaserver.com\/pt\/wp-json\/wp\/v2\/users\/16"}],"replies":[{"embeddable":true,"href":"https:\/\/barcanew.capabiliaserver.com\/pt\/wp-json\/wp\/v2\/comments?post=120014"}],"version-history":[{"count":5,"href":"https:\/\/barcanew.capabiliaserver.com\/pt\/wp-json\/wp\/v2\/products\/120014\/revisions"}],"predecessor-version":[{"id":136633,"href":"https:\/\/barcanew.capabiliaserver.com\/pt\/wp-json\/wp\/v2\/products\/120014\/revisions\/136633"}],"wp:attachment":[{"href":"https:\/\/barcanew.capabiliaserver.com\/pt\/wp-json\/wp\/v2\/media?parent=120014"}],"wp:term":[{"taxonomy":"category","embeddable":true,"href":"https:\/\/barcanew.capabiliaserver.com\/pt\/wp-json\/wp\/v2\/categories?post=120014"}],"curies":[{"name":"wp","href":"https:\/\/api.w.org\/{rel}","templated":true}]}}