{"id":11914,"date":"2019-02-21T14:17:50","date_gmt":"2019-02-21T17:17:50","guid":{"rendered":"https:\/\/barcanew.capabiliaserver.com\/?post_type=product&#038;p=11914"},"modified":"2023-01-12T10:47:22","modified_gmt":"2023-01-12T13:47:22","slug":"certificado-em-marketing-esportivo-e-patrocinio","status":"publish","type":"product","link":"https:\/\/barcanew.capabiliaserver.com\/pt\/product\/certificado-em-marketing-esportivo-e-patrocinio\/","title":{"rendered":"Certificado em Marketing Esportivo e Patroc\u00ednio"},"content":{"rendered":"","protected":false},"excerpt":{"rendered":"","protected":false},"author":1,"featured_media":0,"comment_status":"open","ping_status":"closed","template":"","meta":{"_acf_changed":false,"footnotes":""},"categories":[113,109],"acf":{"hubspot_product_id":"11974636","external_id":"1362","header_image":134208,"column_title":"","titulo_incentivo":"Certificado em Marketing Esportivo e Patroc\u00ednio","precio":"625","precio_en_cuotas":"4 pagamentos mensais de 156,25 euros","precio_de_lista":"","mostrar_form":false,"promocion_vigente":"","duracion_del_curso":"4 meses","nivel_del_curso":"introdut\u00f3rio","modalidad_cursado":"Online","impartido_en":"Portugues","contenido":"<p>Atualmente, o desenvolvimento da marca para qualquer atividade esportiva transformou-se em um dos pilares centrais para o sucesso, tanto no plano esportivo quanto no neg\u00f3cio. O marketing como disciplina permite abordar o esporte com um olhar profissional sob uma perspectiva comercial para detectar e aproveitar todas as oportunidades apresentadas no mercado. Por sua vez, o patroc\u00ednio ou a explora\u00e7\u00e3o comercial de uma marca esportiva \u00e9 a estrat\u00e9gia que os clubes, organiza\u00e7\u00f5es esportivas e inclusive atletas utilizam para arrecadar fundos e recursos para seu desenvolvimento.<\/p>\n<p>A partir dos conhecimentos adquiridos neste programa, o Bar\u00e7a Universitas e James Condo o capacitar\u00e3o para planificar, coordenar e desenvolver uma proposta de marketing, seja de um clube, de um evento ou de um atleta.<\/p>\n","ocultar_video":false,"url_video":"https:\/\/www.youtube.com\/embed\/47_cdsVItu8","avalado_por":false,"pdf_brochure":"https:\/\/static.capabiliaserver.com\/frontend\/clients\/barca\/wp_prod\/wp-content\/uploads\/2019\/02\/ba6321a0-certificado-em-marketing-e-patrocinio-esportivo.pdf","cursos_que_lo_componen":[{"nombre_del_curso":"Pilares do Marketing Esportivo","descripcion_del_curso":"<p>M\u00d3DULO 1: Introdu\u00e7\u00e3o ao marketing esportivo<br \/>\nM\u00d3DULO 2: M\u00e9todos e ferramentas do Marketing Esportivo<br \/>\nM\u00d3DULO 3: Cria\u00e7\u00e3o do plano de marketing esportivo<br \/>\nM\u00d3DULO 4: Integra\u00e7\u00e3o<\/p>\n"},{"nombre_del_curso":"Patroc\u00ednio Esportivo","descripcion_del_curso":"<p>M\u00d3DULO 1: Management da marca esportiva<br \/>\nM\u00d3DULO 2: Busca de patrocinadores em potencial<br \/>\nM\u00d3DULO 3: A prepara\u00e7\u00e3o e o encerramento da venda de um patroc\u00ednio<br \/>\nM\u00d3DULO 4: Integra\u00e7\u00e3o<\/p>\n"},{"nombre_del_curso":"Ativa\u00e7\u00e3o do Patroc\u00ednio Esportivo","descripcion_del_curso":"<p>M\u00d3DULO 1: Ativa\u00e7\u00e3o do patroc\u00ednio<br \/>\nM\u00d3DULO 2: Tipos de ativa\u00e7\u00e3o<br \/>\nM\u00d3DULO 3: Indicadores-chave do patroc\u00ednio<br \/>\nM\u00d3DULO 4: Integra\u00e7\u00e3o<\/p>\n"},{"nombre_del_curso":"Gest\u00e3o de Produtos e Servi\u00e7os Esportivos","descripcion_del_curso":"<p>M\u00d3DULO 1: Gest\u00e3o de produtos e servi\u00e7os<br \/>\nM\u00d3DULO 2: Execu\u00e7\u00e3o do plano de produtos e servi\u00e7os<br \/>\nM\u00d3DULO 3: Estrat\u00e9gia de desenvolvimento de produtos<br \/>\nM\u00d3DULO 4: Integra\u00e7\u00e3o<\/p>\n"}],"aprende_a":[{"item_aprende_a":"Incorporar o marketing como disciplina na gest\u00e3o de atividades esportivas."},{"item_aprende_a":"Analisar, criar e gestionar produtos e servi\u00e7os no esporte."},{"item_aprende_a":"Identificar e captar marcas que invistam no mercado esportivo."},{"item_aprende_a":"Aproveitar oportunidades de gera\u00e7\u00e3o de a\u00e7\u00f5es com os patrocinadores no esporte."}],"preguntas_frecuentes":false,"contenidistas":false,"docentes_expertos":[{"foto":"https:\/\/static.capabiliaserver.com\/frontend\/clients\/barca\/wp\/wp-content\/uploads\/2018\/06\/james_condo-1-150x150.jpg","nombre_del_docente":"Jim Condo","descripcion_del_docente":"Diretor de ETERNO Consulting. Professor Adjunto na Florida Atlantic University.","enlace":""}],"fecha_de_inicio":"10072021","imagen_destacada":"https:\/\/barcanew.capabiliaserver.com\/wp-content\/uploads\/2019\/02\/9d1e02dc-certificate-in-sports-marketing-and-sponsorship_.jpg","id_magento":"172","producto_path":false,"titulo_seccion_testimonios":"","slider_testimonios":false,"imagen_de_fondo_testimonios":false,"color_de_fondo_testimonios":"","segunda_fecha_de_inicio":"25072021","zona_horaria":"Europe\/Madrid","activar_banner_1":false,"banner_1":false,"activar_banner_2":false,"banner_2":false,"activar_banner_3":false,"banner_3":false,"activar_nuevos_banners":false,"mostrar_banner_1":false,"crear_banner_1":{"utilizar_imagen_unica_para_banner":false,"asignar_imagen_unica_para_banner":false,"mostrar_titulo_banner":false,"titulo_para_banner":"","mostrar_subtitulo_banner":false,"subtitulo_del_banner":"","mostrar_cta_banner":false,"texto_cta_banner":"","url_cta_banner":"","fondo_de_color_banner":"","fondo_de_imagen_banner":false,"mostrar_imagen_izquierda_banner":false,"asignar_imagen_izquierda_banner":false},"mostrar_banner_2":false,"crear_banner_2":{"utilizar_imagen_unica_para_banner":false,"asignar_imagen_unica_para_banner":false,"mostrar_titulo_banner":false,"titulo_para_banner":"","mostrar_subtitulo_banner":false,"subtitulo_del_banner":"","mostrar_cta_banner":false,"texto_cta_banner":"","url_cta_banner":"","fondo_de_color_banner":"","fondo_de_imagen_banner":false,"mostrar_imagen_izquierda_banner":false,"asignar_imagen_izquierda_banner":false},"mostrar_banner_3":false,"crear_banner_3":{"utilizar_imagen_unica_para_banner":false,"asignar_imagen_unica_para_banner":false,"mostrar_titulo_banner":false,"titulo_para_banner":"","mostrar_subtitulo_banner":false,"subtitulo_del_banner":"","mostrar_cta_banner":false,"texto_cta_banner":"","url_cta_banner":"","fondo_de_color_banner":"","fondo_de_imagen_banner":false,"mostrar_imagen_izquierda_banner":false,"asignar_imagen_izquierda_banner":false},"video_texto":"11908","activar_hero_video":false,"video_header":false,"pdf_brochure_link_drive":"https:\/\/drive.google.com\/uc?id=1VIt1yn_Xu8S12cnNhMSf0UiCP9-Nly82&export=download"},"idiomas":{"en":10922,"es":11910,"ar":81731,"ca":11916,"ru":11914,"pt":11914},"_links":{"self":[{"href":"https:\/\/barcanew.capabiliaserver.com\/pt\/wp-json\/wp\/v2\/products\/11914"}],"collection":[{"href":"https:\/\/barcanew.capabiliaserver.com\/pt\/wp-json\/wp\/v2\/products"}],"about":[{"href":"https:\/\/barcanew.capabiliaserver.com\/pt\/wp-json\/wp\/v2\/types\/product"}],"author":[{"embeddable":true,"href":"https:\/\/barcanew.capabiliaserver.com\/pt\/wp-json\/wp\/v2\/users\/1"}],"replies":[{"embeddable":true,"href":"https:\/\/barcanew.capabiliaserver.com\/pt\/wp-json\/wp\/v2\/comments?post=11914"}],"version-history":[{"count":5,"href":"https:\/\/barcanew.capabiliaserver.com\/pt\/wp-json\/wp\/v2\/products\/11914\/revisions"}],"predecessor-version":[{"id":136599,"href":"https:\/\/barcanew.capabiliaserver.com\/pt\/wp-json\/wp\/v2\/products\/11914\/revisions\/136599"}],"wp:attachment":[{"href":"https:\/\/barcanew.capabiliaserver.com\/pt\/wp-json\/wp\/v2\/media?parent=11914"}],"wp:term":[{"taxonomy":"category","embeddable":true,"href":"https:\/\/barcanew.capabiliaserver.com\/pt\/wp-json\/wp\/v2\/categories?post=11914"}],"curies":[{"name":"wp","href":"https:\/\/api.w.org\/{rel}","templated":true}]}}