{"id":10422,"date":"2019-01-18T14:26:12","date_gmt":"2019-01-18T17:26:12","guid":{"rendered":"https:\/\/barcanew.capabiliaserver.com\/product\/certificate-in-sport-psychology-for-athletes-development\/"},"modified":"2023-01-12T10:44:06","modified_gmt":"2023-01-12T13:44:06","slug":"certificado-em-psicologia-do-esporte-para-o-desenvolvimento-de-atletas","status":"publish","type":"product","link":"https:\/\/barcanew.capabiliaserver.com\/pt\/product\/certificado-em-psicologia-do-esporte-para-o-desenvolvimento-de-atletas\/","title":{"rendered":"Certificado em Psicologia do Esporte para o Desenvolvimento de Atletas"},"content":{"rendered":"","protected":false},"excerpt":{"rendered":"","protected":false},"author":1,"featured_media":0,"comment_status":"open","ping_status":"closed","template":"","meta":{"_acf_changed":false,"footnotes":""},"categories":[113,109],"acf":{"external_id":"1372","header_image":133475,"column_title":"","titulo_incentivo":"Certificado em Psicologia do Esporte para o Desenvolvimento de Atletas","precio":"625","precio_en_cuotas":"4 pagamentos mensais de 156,25 euros","precio_de_lista":"","mostrar_form":false,"promocion_vigente":"","duracion_del_curso":"4 Meses","nivel_del_curso":"avan\u00e7ado","modalidad_cursado":"Online","impartido_en":"Portugues","contenido":"<p>Para um atleta, enfrentar uma competi\u00e7\u00e3o significa dar o m\u00e1ximo. Trata-se da prova de suas condiciones f\u00edsicas em um ambiente vari\u00e1vel e com o objetivo de alcan\u00e7ar o melhor desempenho poss\u00edvel. Muito frequentemente, o atleta, capaz de dar o sangue, de superar a dor e de lutar at\u00e9 a exaust\u00e3o, \u00e9 consciente de que o maior dos impulsos prov\u00e9m de um m\u00fasculo chamado MENTE, que, obviamente, tamb\u00e9m tem de ser treinado. Neste sentido, como profissionais que interatuam com atletas, devemos ser capazes de compreender o seu desenvolvimento hol\u00edstico, inclu\u00eddos os dom\u00ednios biof\u00edsicos e psicossociais, e aplicar este conhecimento na pr\u00e1tica de treinamento.<\/p>\n<p>No <strong>Certificado de Psicologia do Esporte para o Desenvolvimento de Atletas<\/strong>, Ana Merayo aborda as principais ferramentas que lhe permitir\u00e3o fornecer um melhor acompanhamento a atletas de alto n\u00edvel. Voc\u00ea entender\u00e1 como trabalhar em e com as diferentes \u00e1reas, para que o\/a atleta possa chegar a seu m\u00e1ximo rendimento em todos os ambientes em que se relaciona e poder aumentar, assim, seu talento e seu sucesso. Ao finalizar este certificado, voc\u00ea saber\u00e1 acompanhar o atleta de forma hol\u00edstica, considerando as diversas facetas que configuram a vida de um jogador.<\/p>\n","ocultar_video":false,"avalado_por":false,"pdf_brochure":"https:\/\/static.capabiliaserver.com\/frontend\/clients\/barca\/wp_prod\/wp-content\/uploads\/2019\/01\/452a3843-certificado-em-psicologia-do-esporte-para-o-desenvolvimento-de-atletas.pdf","cursos_que_lo_componen":[{"nombre_del_curso":"A Vida do Atleta de Elite","descripcion_del_curso":"<p>M\u00d3DULO 1: Modelo sist\u00eamico<br \/>\nM\u00d3DULO 2: Modelo de carreira esportiva I e II<br \/>\nM\u00d3DULO 3: Carreira dual<br \/>\nM\u00d3DULO 4: Exemplos de interven\u00e7\u00e3o em etapas de transi\u00e7\u00e3o na vida do atleta <\/p>\n"},{"nombre_del_curso":"Vari\u00e1veis Psicol\u00f3gicas e Desempenho Esportivo","descripcion_del_curso":"<p>M\u00d3DULO 1: Aten\u00e7\u00e3o e concentra\u00e7\u00e3o<br \/>\nM\u00d3DULO 2: Motiva\u00e7\u00e3o<br \/>\nM\u00d3DULO 3: Ansiedade e estresse<br \/>\nM\u00d3DULO 4: Autoconfian\u00e7a <\/p>\n"},{"nombre_del_curso":"T\u00e9cnicas de Interven\u00e7\u00e3o Psicol\u00f3gicas","descripcion_del_curso":"<p>M\u00d3DULO 1: Plano de interven\u00e7\u00e3o psicol\u00f3gica<br \/>\nM\u00d3DULO 2: T\u00e9cnicas de interven\u00e7\u00e3o psicol\u00f3gica adaptadas aos treinadores<br \/>\nM\u00d3DULO 3: T\u00e9cnicas de interven\u00e7\u00e3o psicol\u00f3gica 1<br \/>\nM\u00d3DULO 4: T\u00e9cnicas de interven\u00e7\u00e3o psicol\u00f3gica 2<\/p>\n"},{"nombre_del_curso":"Contextualiza\u00e7\u00e3o do Ambiente do Atleta de Elite","descripcion_del_curso":"<p>M\u00d3DULO 1: O ambiente esportivo<br \/>\nM\u00d3DULO 2: O ambiente familiar<br \/>\nM\u00d3DULO 3: Impot\u00e3ncia da comuni\u00e7\u00e3o o ambiente esportivo<br \/>\nM\u00d3DULO 4: Competi\u00e7\u00e3o e treinamento<\/p>\n"}],"preguntas_frecuentes":false,"contenidistas":false,"docentes_expertos":[{"foto":"https:\/\/barcanew.capabiliaserver.com\/wp-content\/uploads\/2019\/01\/fcf2667f-ana_merayo.png","nombre_del_docente":"Ana Merayo Garc\u00eda","descripcion_del_docente":"Psic\u00f3loga esportiva. Professora Coordenadora do SAIE (Servi\u00e7o de Aten\u00e7\u00e3o Integral ao Atleta) de Masia 360, FC Barcelona.","enlace":""}],"imagen_destacada":"https:\/\/barcanew.capabiliaserver.com\/wp-content\/uploads\/2019\/01\/19f5ba7b-certificate-in-sport-psychology-for-athletes-development_-1.jpg","hubspot_product_id":"11980879","url_video":"https:\/\/www.youtube.com\/embed\/DB7fSVis8ZQ","aprende_a":[{"item_aprende_a":"Obter uma vis\u00e3o hol\u00edstica do mundo esportivo para trabalhar na preven\u00e7\u00e3o de situa\u00e7\u00f5es de risco, atrav\u00e9s do conhecimento do ambiente e dos protagonistas dos diferentes \u00e2mbitos do esporte. \r\n\r\n"},{"item_aprende_a":"Trabalhar em equipe e gerar canais de comunica\u00e7\u00e3o entre equipes multidisciplinares. "},{"item_aprende_a":"Usar estrat\u00e9gias espec\u00edficas para trabalhar a carreira dual e conhecer as diferentes transi\u00e7\u00f5es da vida de um atleta."},{"item_aprende_a":"Usar as diferentes t\u00e9cnicas de interven\u00e7\u00e3o psicol\u00f3gicas adaptadas \u00e0s necessidades do atleta. "},{"item_aprende_a":"Implementar estrat\u00e9gias de interven\u00e7\u00e3o para o treinamento da aten\u00e7\u00e3o, da concentra\u00e7\u00e3o e da motiva\u00e7\u00e3o nos atletas de alto desempenho, al\u00e9m do manejo de vari\u00e1veis para controlar a ansiedade e o estresse de tal grupo. "}],"fecha_de_inicio":"10072021","id_magento":"151","producto_path":false,"titulo_seccion_testimonios":"","slider_testimonios":false,"imagen_de_fondo_testimonios":false,"color_de_fondo_testimonios":"","segunda_fecha_de_inicio":"25072021","zona_horaria":"Europe\/Madrid","activar_banner_1":false,"banner_1":false,"activar_banner_2":false,"banner_2":false,"activar_banner_3":false,"banner_3":false,"activar_nuevos_banners":false,"mostrar_banner_1":false,"crear_banner_1":{"utilizar_imagen_unica_para_banner":false,"asignar_imagen_unica_para_banner":false,"mostrar_titulo_banner":false,"titulo_para_banner":"","mostrar_subtitulo_banner":false,"subtitulo_del_banner":"","mostrar_cta_banner":false,"texto_cta_banner":"","url_cta_banner":"","fondo_de_color_banner":"","fondo_de_imagen_banner":false,"mostrar_imagen_izquierda_banner":false,"asignar_imagen_izquierda_banner":false},"mostrar_banner_2":false,"crear_banner_2":{"utilizar_imagen_unica_para_banner":false,"asignar_imagen_unica_para_banner":false,"mostrar_titulo_banner":false,"titulo_para_banner":"","mostrar_subtitulo_banner":false,"subtitulo_del_banner":"","mostrar_cta_banner":false,"texto_cta_banner":"","url_cta_banner":"","fondo_de_color_banner":"","fondo_de_imagen_banner":false,"mostrar_imagen_izquierda_banner":false,"asignar_imagen_izquierda_banner":false},"mostrar_banner_3":false,"crear_banner_3":{"utilizar_imagen_unica_para_banner":false,"asignar_imagen_unica_para_banner":false,"mostrar_titulo_banner":false,"titulo_para_banner":"","mostrar_subtitulo_banner":false,"subtitulo_del_banner":"","mostrar_cta_banner":false,"texto_cta_banner":"","url_cta_banner":"","fondo_de_color_banner":"","fondo_de_imagen_banner":false,"mostrar_imagen_izquierda_banner":false,"asignar_imagen_izquierda_banner":false},"activar_hero_video":false,"video_texto":"","video_header":false,"pdf_brochure_link_drive":"https:\/\/drive.google.com\/uc?id=1AWymOA9-Pr2Z-x96Oi1yEPKIoePxyLJZ&export=download"},"idiomas":{"en":10406,"es":10423,"ar":10422,"ca":10421,"ru":10422,"pt":10422},"_links":{"self":[{"href":"https:\/\/barcanew.capabiliaserver.com\/pt\/wp-json\/wp\/v2\/products\/10422"}],"collection":[{"href":"https:\/\/barcanew.capabiliaserver.com\/pt\/wp-json\/wp\/v2\/products"}],"about":[{"href":"https:\/\/barcanew.capabiliaserver.com\/pt\/wp-json\/wp\/v2\/types\/product"}],"author":[{"embeddable":true,"href":"https:\/\/barcanew.capabiliaserver.com\/pt\/wp-json\/wp\/v2\/users\/1"}],"replies":[{"embeddable":true,"href":"https:\/\/barcanew.capabiliaserver.com\/pt\/wp-json\/wp\/v2\/comments?post=10422"}],"version-history":[{"count":5,"href":"https:\/\/barcanew.capabiliaserver.com\/pt\/wp-json\/wp\/v2\/products\/10422\/revisions"}],"predecessor-version":[{"id":136597,"href":"https:\/\/barcanew.capabiliaserver.com\/pt\/wp-json\/wp\/v2\/products\/10422\/revisions\/136597"}],"wp:attachment":[{"href":"https:\/\/barcanew.capabiliaserver.com\/pt\/wp-json\/wp\/v2\/media?parent=10422"}],"wp:term":[{"taxonomy":"category","embeddable":true,"href":"https:\/\/barcanew.capabiliaserver.com\/pt\/wp-json\/wp\/v2\/categories?post=10422"}],"curies":[{"name":"wp","href":"https:\/\/api.w.org\/{rel}","templated":true}]}}