{"id":10412,"date":"2019-01-18T14:25:42","date_gmt":"2019-01-18T17:25:42","guid":{"rendered":"https:\/\/barcanew.capabiliaserver.com\/product\/certificate-in-advanced-sports-nutrition\/"},"modified":"2023-01-12T10:41:17","modified_gmt":"2023-01-12T13:41:17","slug":"certificado-em-nutricao-desportiva-avancada","status":"publish","type":"product","link":"https:\/\/barcanew.capabiliaserver.com\/pt\/product\/certificado-em-nutricao-desportiva-avancada\/","title":{"rendered":"Certificado em Nutri\u00e7\u00e3o Desportiva Avan\u00e7ada"},"content":{"rendered":"","protected":false},"excerpt":{"rendered":"","protected":false},"author":1,"featured_media":0,"comment_status":"open","ping_status":"closed","template":"","meta":{"_acf_changed":false,"footnotes":""},"categories":[113,109],"acf":{"external_id":"1376","header_image":134184,"column_title":"","titulo_incentivo":"Certificado em Nutri\u00e7\u00e3o Desportiva Avan\u00e7ada","precio":"625","precio_en_cuotas":"4 pagamentos mensais de 156,25 euros","precio_de_lista":"","mostrar_form":false,"promocion_vigente":"","duracion_del_curso":"4 meses","nivel_del_curso":"avan\u00e7ado","modalidad_cursado":"Online","impartido_en":"Portugues","contenido":"<p>O Certificado em Nutri\u00e7\u00e3o Desportiva Avan\u00e7ada \u00e9 o curso de nutri\u00e7\u00e3o desportiva mais avan\u00e7ado e relevante dispon\u00edvel para desportos em equipa. Partilha as \u00faltimas informa\u00e7\u00f5es cient\u00edficas, mas tamb\u00e9m como passar da teoria \u00e0 pr\u00e1tica &#8211; criado por Asker Jeukendrup, l\u00edder na \u00e1rea do ponto de vista acad\u00e9mico, que publicou mais de 200 artigos, mas tamb\u00e9m trabalhou como m\u00e9dico por muitos anos.<\/p>\n<p>Este certificado \u00e9 uma combina\u00e7\u00e3o de conhecimento de ponta e de anos de experi\u00eancia trabalhando ao mais alto n\u00edvel na \u00e1rea desportiva. A parte do FCB est\u00e1 presente ao adicionarmos em cada t\u00f3pico um exemplo de como se encontram solu\u00e7\u00f5es para esses problemas no FCB.<\/p>\n<p>O Certificado em Nutri\u00e7\u00e3o Desportiva Avan\u00e7ada fornecer\u00e1 diretrizes claras, mas n\u00e3o espere uma abordagem super simples, onde uma solu\u00e7\u00e3o poder\u00e1 ser usada para resolver todos os problemas. Aprender\u00e1 a pensar em solu\u00e7\u00f5es espec\u00edficas para situa\u00e7\u00f5es espec\u00edficas.<\/p>\n","ocultar_video":false,"avalado_por":false,"pdf_brochure":"https:\/\/static.capabiliaserver.com\/frontend\/clients\/barca\/wp_prod\/wp-content\/uploads\/2019\/01\/6bea473a-certificado-em-nutricao-desportiva-avancada.pdf","cursos_que_lo_componen":[{"nombre_del_curso":"Nutri\u00e7\u00e3o Desportiva Avan\u00e7ada","descripcion_del_curso":"<p>M\u00d3DULO 1: A hist\u00f3ria e o futuro da nutri\u00e7\u00e3o desportiva<br \/>\nUnidade 1: Hist\u00f3ria<br \/>\nUnidade 2: Futuro <\/p>\n<p>M\u00d3DULO 2: O que \u00e9 preciso para se ser eficaz na nutri\u00e7\u00e3o desportiva<br \/>\nUnidade 1: Compet\u00eancias<br \/>\nUnidade 2: Opera\u00e7\u00e3o <\/p>\n<p>M\u00d3DULO 3: Suplementos vs. alimenta\u00e7\u00e3o<br \/>\nUnidade 1: Suplementos vs. alimenta\u00e7\u00e3o<br \/>\nUnidade 2: Tomada de decis\u00e3o <\/p>\n<p>M\u00d3DULO 4: Sistema imunit\u00e1rio<br \/>\nUnidade 1: Exerc\u00edcio e o sistema imunit\u00e1rio<br \/>\nUnidade 2: Melhorar a fun\u00e7\u00e3o imunol\u00f3gica<\/p>\n"},{"nombre_del_curso":"Nutri\u00e7\u00e3o, Recupera\u00e7\u00e3o e Adapta\u00e7\u00f5es de Treino","descripcion_del_curso":"<p>M\u00d3DULO 1: Exerc\u00edcio e fadiga<br \/>\nUnidade 1: O que \u00e9 a fadiga?<br \/>\nUnidade 2: Retardando a fadiga <\/p>\n<p>M\u00d3DULO 2: Recupera\u00e7\u00e3o e adapta\u00e7\u00e3o<br \/>\nUnidade 1: Recupera\u00e7\u00e3o<br \/>\nUnidade 2: Adapta\u00e7\u00e3o <\/p>\n<p>M\u00d3DULO 3: Otimizar a recupera\u00e7\u00e3o e a adapta\u00e7\u00e3o<br \/>\nUnidade 1: Otimizar a recupera\u00e7\u00e3o com nutri\u00e7\u00e3o<br \/>\nUnidade 2: Otimizar a adapta\u00e7\u00e3o com nutri\u00e7\u00e3o <\/p>\n<p>M\u00d3DULO 4: Recupera\u00e7\u00e3o de les\u00f5es<br \/>\nUnidade 1: Diferentes fases da les\u00e3o<br \/>\nUnidade 2: Estrat\u00e9gias<\/p>\n"},{"nombre_del_curso":"Prepara\u00e7\u00e3o para o Dia de Jogo e Nutri\u00e7\u00e3o Personalizada","descripcion_del_curso":"<p>M\u00d3DULO 1: Nutri\u00e7\u00e3o personalizada<br \/>\nUnidade 1: Medicina personalizada<br \/>\nUnidade 2: Nutri\u00e7\u00e3o desportiva personalizada <\/p>\n<p>M\u00d3DULO 2: Prepara\u00e7\u00e3o para o dia de jogo<br \/>\nUnidade 1: Os dias e semanas antes<br \/>\nUnidade 2: Dia de Jogo <\/p>\n<p>M\u00d3DULO 3: Condi\u00e7\u00f5es extremas<br \/>\nUnidade 1: O efeito do calor no desempenho<br \/>\nUnidade 2: Vencer o calor <\/p>\n<p>M\u00d3DULO 4: Suplementos<br \/>\nUnidade 1: Ajudas ergog\u00e9nicas<br \/>\nUnidade 2: Outros suplementos<\/p>\n"},{"nombre_del_curso":"Nutri\u00e7\u00e3o Periodizada","descripcion_del_curso":"<p>M\u00d3DULO 1: A teoria<br \/>\nUnidade 1: O que \u00e9 a nutri\u00e7\u00e3o periodizada?<br \/>\nUnidade 2: As ferramentas de um nutricionista desportivo <\/p>\n<p>M\u00d3DULO 2: Educar o est\u00f4mago<br \/>\nUnidade 1: O est\u00f4mago pode ser educado<br \/>\nUnidade 2: A teoria posta em pr\u00e1tica <\/p>\n<p>M\u00d3DULO 3: Treino reduzido<br \/>\nUnidade 1: A teoria<br \/>\nUnidade 2: Dieta com baixo teor de carboidratos versus treinamento com baixa disponibilidade de carboidratos<\/p>\n<p>M\u00d3DULO 4: Da teoria \u00e0 pr\u00e1tica<br \/>\nUnidade 1: Como implementar a nutri\u00e7\u00e3o periodizada<br \/>\nUnidade 2: Desafios e solu\u00e7\u00f5es<\/p>\n"}],"preguntas_frecuentes":false,"contenidistas":false,"docentes_expertos":[{"foto":"https:\/\/static.capabiliaserver.com\/frontend\/clients\/barca\/wp\/wp-content\/uploads\/2019\/01\/asker_jeukendrup.jpg","nombre_del_docente":"Asker Jeukendrup","descripcion_del_docente":"Cientista de nutri\u00e7\u00e3o desportiva. Professor do metabolismo do exerc\u00edcio. Consultor de desempenho em desportos de elite. Empres\u00e1rio. Atleta do Ironman (triatlo).","enlace":""}],"hubspot_product_id":"11975834","url_video":"https:\/\/www.youtube.com\/embed\/FuqKFYbRYzI","aprende_a":[{"item_aprende_a":"Melhorar o comportamento dos atletas atrav\u00e9s da nutri\u00e7\u00e3o desportiva."},{"item_aprende_a":"Aplicar suplementos na pr\u00e1tica di\u00e1ria."},{"item_aprende_a":"Minimizar o risco do uso de suplementos."},{"item_aprende_a":"Otimizar a recupera\u00e7\u00e3o significativa e a adapta\u00e7\u00e3o ao treino com nutri\u00e7\u00e3o."},{"item_aprende_a":"Planear a nutri\u00e7\u00e3o para uma temporada, ou para uma semana."},{"item_aprende_a":"Entender a base te\u00f3rica da periodiza\u00e7\u00e3o nutricional."},{"item_aprende_a":"Aplicar personaliza\u00e7\u00e3o na nutri\u00e7\u00e3o de desportos em equipa."},{"item_aprende_a":"Aplicar a ci\u00eancia mais recente na prepara\u00e7\u00e3o do dia de jogo."}],"fecha_de_inicio":"10072021","id_magento":"191","producto_path":false,"titulo_seccion_testimonios":"","slider_testimonios":false,"imagen_de_fondo_testimonios":false,"color_de_fondo_testimonios":"","segunda_fecha_de_inicio":"25072021","zona_horaria":"Europe\/Madrid","activar_banner_1":false,"banner_1":false,"activar_banner_2":false,"banner_2":false,"activar_banner_3":false,"banner_3":false,"activar_nuevos_banners":false,"mostrar_banner_1":false,"crear_banner_1":{"utilizar_imagen_unica_para_banner":false,"asignar_imagen_unica_para_banner":false,"mostrar_titulo_banner":false,"titulo_para_banner":"","mostrar_subtitulo_banner":false,"subtitulo_del_banner":"","mostrar_cta_banner":false,"texto_cta_banner":"","url_cta_banner":"","fondo_de_color_banner":"","fondo_de_imagen_banner":false,"mostrar_imagen_izquierda_banner":false,"asignar_imagen_izquierda_banner":false},"mostrar_banner_2":false,"crear_banner_2":{"utilizar_imagen_unica_para_banner":false,"asignar_imagen_unica_para_banner":false,"mostrar_titulo_banner":false,"titulo_para_banner":"","mostrar_subtitulo_banner":false,"subtitulo_del_banner":"","mostrar_cta_banner":false,"texto_cta_banner":"","url_cta_banner":"","fondo_de_color_banner":"","fondo_de_imagen_banner":false,"mostrar_imagen_izquierda_banner":false,"asignar_imagen_izquierda_banner":false},"mostrar_banner_3":false,"crear_banner_3":{"utilizar_imagen_unica_para_banner":false,"asignar_imagen_unica_para_banner":false,"mostrar_titulo_banner":false,"titulo_para_banner":"","mostrar_subtitulo_banner":false,"subtitulo_del_banner":"","mostrar_cta_banner":false,"texto_cta_banner":"","url_cta_banner":"","fondo_de_color_banner":"","fondo_de_imagen_banner":false,"mostrar_imagen_izquierda_banner":false,"asignar_imagen_izquierda_banner":false},"pdf_brochure_link_drive":"https:\/\/drive.google.com\/uc?id=1w021P-hw552KUtv8oP30GW9QhAneXj4p&export=download","activar_hero_video":false,"video_texto":"134184","video_header":false,"imagen_destacada":false},"idiomas":{"en":10404,"es":10413,"ar":81746,"ca":10411,"ru":10412,"pt":10412},"_links":{"self":[{"href":"https:\/\/barcanew.capabiliaserver.com\/pt\/wp-json\/wp\/v2\/products\/10412"}],"collection":[{"href":"https:\/\/barcanew.capabiliaserver.com\/pt\/wp-json\/wp\/v2\/products"}],"about":[{"href":"https:\/\/barcanew.capabiliaserver.com\/pt\/wp-json\/wp\/v2\/types\/product"}],"author":[{"embeddable":true,"href":"https:\/\/barcanew.capabiliaserver.com\/pt\/wp-json\/wp\/v2\/users\/1"}],"replies":[{"embeddable":true,"href":"https:\/\/barcanew.capabiliaserver.com\/pt\/wp-json\/wp\/v2\/comments?post=10412"}],"version-history":[{"count":5,"href":"https:\/\/barcanew.capabiliaserver.com\/pt\/wp-json\/wp\/v2\/products\/10412\/revisions"}],"predecessor-version":[{"id":136596,"href":"https:\/\/barcanew.capabiliaserver.com\/pt\/wp-json\/wp\/v2\/products\/10412\/revisions\/136596"}],"wp:attachment":[{"href":"https:\/\/barcanew.capabiliaserver.com\/pt\/wp-json\/wp\/v2\/media?parent=10412"}],"wp:term":[{"taxonomy":"category","embeddable":true,"href":"https:\/\/barcanew.capabiliaserver.com\/pt\/wp-json\/wp\/v2\/categories?post=10412"}],"curies":[{"name":"wp","href":"https:\/\/api.w.org\/{rel}","templated":true}]}}