{"id":10393,"date":"2019-01-18T14:12:59","date_gmt":"2019-01-18T17:12:59","guid":{"rendered":"https:\/\/barcanew.capabiliaserver.com\/product\/certificate-in-team-sports-physician-essential-concepts\/"},"modified":"2022-10-18T09:44:05","modified_gmt":"2022-10-18T12:44:05","slug":"certificado-em-medico-de-equipe-conceitos-essenciais","status":"publish","type":"product","link":"https:\/\/barcanew.capabiliaserver.com\/pt\/product\/certificado-em-medico-de-equipe-conceitos-essenciais\/","title":{"rendered":"Certificado em M\u00e9dico de Equipe \u2013 Conceitos Essenciais"},"content":{"rendered":"","protected":false},"excerpt":{"rendered":"","protected":false},"author":1,"featured_media":0,"comment_status":"open","ping_status":"closed","template":"","meta":{"_acf_changed":false,"footnotes":""},"categories":[113,109],"acf":{"external_id":"1371","header_image":134133,"column_title":"","titulo_incentivo":"Certificado em M\u00e9dico de Equipe \u2013 Conceitos Essenciais","precio":"625","precio_en_cuotas":"4 pagamentos mensais de 156,25 euros","precio_de_lista":"","mostrar_form":false,"promocion_vigente":"","duracion_del_curso":"4 Meses","nivel_del_curso":"avan\u00e7ado","modalidad_cursado":"Online","impartido_en":"Portugues","contenido":"<p>A ind\u00fastria do esporte encontra-se em meio de uma grande revolu\u00e7\u00e3o. Todos os dias observamos atletas e equipes de todos os esportes superarem seus limites e tra\u00e7arem novos e desafiadores objetivos. Entretanto, o aumento constante da press\u00e3o para o cumprimento de objetivos pode trazer consigo um aumento no n\u00famero de les\u00f5es. Neste contexto, o m\u00e9dico de equipe converte-se em um ator crucial, com maior alcance e complexidade, provocando uma maior necessidade de especificidade nas capacita\u00e7\u00f5es e nos cursos encontrados no mercado. Os profissionais da Medicina Esportiva s\u00e3o fundamentais para a sa\u00fade dos atletas de todos os n\u00edveis, j\u00e1 que colaboram com o diagn\u00f3stico e tratamento de les\u00f5es, bem como na preven\u00e7\u00e3o de dores, les\u00f5es e neglig\u00eancia m\u00e9dica.<\/p>\n<p>No <strong>Certificado de M\u00e9dico de Equipe<\/strong>, Gil Rodas desenvolve os conceitos essenciais inerentes \u00e0 medicina de esportes coletivos, incluindo a melhoria do controle nutricional, o aprofundamento na fisiologia do esfor\u00e7o para obten\u00e7\u00e3o de melhores resultados f\u00edsicos, o estabelecimento de crit\u00e9rios terap\u00eauticos para uma r\u00e1pida recupera\u00e7\u00e3o, o estudo pormenorizado das ajudas ergog\u00eanicas antes e depois do esfor\u00e7o e, claro, o entendimento da grande problem\u00e1tica sobre o assunto do doping. Ao finalizar este Certificado, voc\u00ea estar\u00e1 capacitado para tomar melhores decis\u00f5es no \u00e2mbito das ci\u00eancias do exerc\u00edcio aplicadas aos esportes coletivos.<\/p>\n<p>&nbsp;<\/p>\n<p><em>ESCLARECIMENTO: Este Certificado n\u00e3o valida a possibilidade do exerc\u00edcio profissional a partir da medicina esportiva.<\/em><\/p>\n","ocultar_video":false,"avalado_por":false,"pdf_brochure":"https:\/\/static.capabiliaserver.com\/frontend\/clients\/barca\/wp_prod\/wp-content\/uploads\/2019\/01\/4351487e-certificate-in-team-sports-physician-essential-concepts-1.pdf","cursos_que_lo_componen":[{"nombre_del_curso":"O M\u00e9dico de Equipe e o Controle de Dados","descripcion_del_curso":"<p>M\u00d3DULO 1: Papel do m\u00e9dico de equipe<br \/>\nM\u00d3DULO 2: Gerenciamento de dados e metodolog\u00eda<br \/>\nM\u00d3DULO 3: Les\u00f5es esportivas em outras popula\u00e7\u00f5es<br \/>\nM\u00d3DULO 4: Controle das cargas de trabalho<\/p>\n"},{"nombre_del_curso":"Les\u00f5es e Esportes Coletivos","descripcion_del_curso":"<p>M\u00d3DULO 1: Preven\u00e7\u00e3o e readapta\u00e7\u00e3o de les\u00f5es<br \/>\nM\u00d3DULO 2: Gest\u00e3o da les\u00e3o muscular e tendinopatia<br \/>\nM\u00d3DULO 3: Gest\u00e3o da les\u00e3o articular e \u00f3ssea<br \/>\nM\u00d3DULO 4: Tomada de decis\u00f5es e regresso \u00e0 competi\u00e7\u00e3o<\/p>\n"},{"nombre_del_curso":"Patologia em Esportes Coletivos","descripcion_del_curso":"<p>M\u00d3DULO 1: Gest\u00e3o da patologia m\u00e9dica 1<br \/>\nM\u00d3DULO 2: Gest\u00e3o da patologia m\u00e9dica 2<br \/>\nM\u00d3DULO 3: Patologias espec\u00edficas por esporte<br \/>\nM\u00d3DULO 4: Esportes e competi\u00e7\u00f5es especiais<\/p>\n"},{"nombre_del_curso":"Aspectos Inerentes ao M\u00e9dico de Equipe","descripcion_del_curso":"<p>M\u00d3DULO 1: Diagn\u00f3stico de imagens: o uso du ultrassom como ferramenta b\u00e1sica do m\u00e9dico de equipe<br \/>\nM\u00d3DULO 2: Nutri\u00e7\u00e3o e ajudas ergog\u00eanicas<br \/>\nM\u00d3DULO 3: Luta antidoping<br \/>\nM\u00d3DULO 4: Comuni\u00e7\u00e3o, lideran\u00e7a e gest\u00e3o do grupo <\/p>\n"}],"preguntas_frecuentes":false,"contenidistas":false,"docentes_expertos":[{"foto":"https:\/\/barcanew.capabiliaserver.com\/wp-content\/uploads\/2019\/01\/8494207e-gil-rodas.jpg","nombre_del_docente":"Gil Rodas Font","descripcion_del_docente":"Doutor em Medicina e Cirurgia. Especialista em Medicina da Educa\u00e7\u00e3o F\u00edsica e do Esporte. Respons\u00e1vel pela \u00e1rea de Servi\u00e7os M\u00e9dicos do Bar\u00e7a Innovation Hub. ","enlace":""}],"imagen_destacada":"https:\/\/barcanew.capabiliaserver.com\/wp-content\/uploads\/2019\/01\/0d5dadad-certificate-in-team-sports-physician-essential-concepts_.jpg","hubspot_product_id":"11980877","url_video":"https:\/\/www.youtube.com\/embed\/w0HIiqzLNyo","aprende_a":[{"item_aprende_a":"Controlar e gestionar os dados obtidos das avalia\u00e7\u00f5es e monitora\u00e7\u00e3o do desempenho e les\u00f5es da equipe, comparando com os dados provenientes da ci\u00eancia e do treinamento. "},{"item_aprende_a":"Conhecer as caracter\u00edsticas fundamentais tanto de estrat\u00e9gias de preven\u00e7\u00e3o e reabilita\u00e7\u00e3o de les\u00f5es quanto dos diferentes mecanismos lesivos em esportes coletivos. "},{"item_aprende_a":"Controlar as patologias e les\u00f5es diferenciadas por esporte. "},{"item_aprende_a":"Dominar tem\u00e1ticas complementares, inerentes ao m\u00e9dico de equipe. "}],"fecha_de_inicio":"10082021","id_magento":"180","producto_path":false,"titulo_seccion_testimonios":"","slider_testimonios":false,"imagen_de_fondo_testimonios":false,"color_de_fondo_testimonios":"","segunda_fecha_de_inicio":"","zona_horaria":"Europe\/Madrid","activar_banner_1":false,"banner_1":false,"activar_banner_2":false,"banner_2":false,"activar_banner_3":false,"banner_3":false,"activar_nuevos_banners":false,"mostrar_banner_1":false,"crear_banner_1":{"utilizar_imagen_unica_para_banner":false,"asignar_imagen_unica_para_banner":false,"mostrar_titulo_banner":false,"titulo_para_banner":"","mostrar_subtitulo_banner":false,"subtitulo_del_banner":"","mostrar_cta_banner":false,"texto_cta_banner":"","url_cta_banner":"","fondo_de_color_banner":"","fondo_de_imagen_banner":false,"mostrar_imagen_izquierda_banner":false,"asignar_imagen_izquierda_banner":false},"mostrar_banner_2":false,"crear_banner_2":{"utilizar_imagen_unica_para_banner":false,"asignar_imagen_unica_para_banner":false,"mostrar_titulo_banner":false,"titulo_para_banner":"","mostrar_subtitulo_banner":false,"subtitulo_del_banner":"","mostrar_cta_banner":false,"texto_cta_banner":"","url_cta_banner":"","fondo_de_color_banner":"","fondo_de_imagen_banner":false,"mostrar_imagen_izquierda_banner":false,"asignar_imagen_izquierda_banner":false},"mostrar_banner_3":false,"crear_banner_3":{"utilizar_imagen_unica_para_banner":false,"asignar_imagen_unica_para_banner":false,"mostrar_titulo_banner":false,"titulo_para_banner":"","mostrar_subtitulo_banner":false,"subtitulo_del_banner":"","mostrar_cta_banner":false,"texto_cta_banner":"","url_cta_banner":"","fondo_de_color_banner":"","fondo_de_imagen_banner":false,"mostrar_imagen_izquierda_banner":false,"asignar_imagen_izquierda_banner":false},"activar_hero_video":false,"video_texto":"","video_header":false,"pdf_brochure_link_drive":"https:\/\/drive.google.com\/uc?id=1-7-vivGQ9uU8r3WKDSbW2-I_9D3q-vg7&export=download"},"idiomas":{"en":10374,"es":10394,"ar":81649,"ca":10392,"ru":10393,"pt":10393},"_links":{"self":[{"href":"https:\/\/barcanew.capabiliaserver.com\/pt\/wp-json\/wp\/v2\/products\/10393"}],"collection":[{"href":"https:\/\/barcanew.capabiliaserver.com\/pt\/wp-json\/wp\/v2\/products"}],"about":[{"href":"https:\/\/barcanew.capabiliaserver.com\/pt\/wp-json\/wp\/v2\/types\/product"}],"author":[{"embeddable":true,"href":"https:\/\/barcanew.capabiliaserver.com\/pt\/wp-json\/wp\/v2\/users\/1"}],"replies":[{"embeddable":true,"href":"https:\/\/barcanew.capabiliaserver.com\/pt\/wp-json\/wp\/v2\/comments?post=10393"}],"version-history":[{"count":5,"href":"https:\/\/barcanew.capabiliaserver.com\/pt\/wp-json\/wp\/v2\/products\/10393\/revisions"}],"predecessor-version":[{"id":134139,"href":"https:\/\/barcanew.capabiliaserver.com\/pt\/wp-json\/wp\/v2\/products\/10393\/revisions\/134139"}],"wp:attachment":[{"href":"https:\/\/barcanew.capabiliaserver.com\/pt\/wp-json\/wp\/v2\/media?parent=10393"}],"wp:term":[{"taxonomy":"category","embeddable":true,"href":"https:\/\/barcanew.capabiliaserver.com\/pt\/wp-json\/wp\/v2\/categories?post=10393"}],"curies":[{"name":"wp","href":"https:\/\/api.w.org\/{rel}","templated":true}]}}