{"id":10349,"date":"2019-01-18T12:02:27","date_gmt":"2019-01-18T15:02:27","guid":{"rendered":"https:\/\/barcanew.capabiliaserver.com\/product\/leadership-ethics-and-social-responsibility\/"},"modified":"2022-10-17T13:53:19","modified_gmt":"2022-10-17T16:53:19","slug":"lideranca-etica-e-responsabilidade-social","status":"publish","type":"product","link":"https:\/\/barcanew.capabiliaserver.com\/pt\/product\/lideranca-etica-e-responsabilidade-social\/","title":{"rendered":"Lideran\u00e7a, \u00c9tica e Responsabilidade Social"},"content":{"rendered":"","protected":false},"excerpt":{"rendered":"","protected":false},"author":1,"featured_media":0,"comment_status":"open","ping_status":"closed","template":"","meta":{"_acf_changed":false,"footnotes":""},"categories":[113,109],"acf":{"external_id":"1368","header_image":134100,"column_title":"","titulo_incentivo":"Lideran\u00e7a, \u00c9tica e Responsabilidade Social","precio":"200","precio_en_cuotas":"","precio_de_lista":"","mostrar_form":false,"promocion_vigente":"","duracion_del_curso":"1 M\u00eas","nivel_del_curso":"introdut\u00f3rio","modalidad_cursado":"Online","impartido_en":"Portugues","contenido":"<p>O Bar\u00e7a Innovation Hub &#8211; Universitas, junto com o reconhecido especialista internacional Michael P. Hoffman, lhe oferecem a oportunidade de pesquisar os diversos marcos te\u00f3ricos vinculados ao estudo da lideran\u00e7a empresarial. Neste curso, voc\u00ea utilizar\u00e1 distintos marcos te\u00f3ricos dos estudos sobre lideran\u00e7a e o panorama filantr\u00f3pico mundial com o fim de considerar a responsabilidade social empresarial, a forma com que os l\u00edderes empres\u00e1rios resolvem quest\u00f5es \u00e9ticas e o papel que os profissionais empres\u00e1rios cumprem no processo de guiar (administrar) a organiza\u00e7\u00e3o, de forma que a prioriza\u00e7\u00e3o do &#8220;bem comum&#8221; possa ser otimizada pessoal e profissionalmente para um impacto social e de mercado.<\/p>\n","ocultar_video":true,"avalado_por":false,"pdf_brochure":"https:\/\/static.capabiliaserver.com\/frontend\/clients\/barca\/wp_prod\/wp-content\/uploads\/2019\/01\/ae93bbba-leadership-ethics-and-social-responsibility-1.pdf","cursos_que_lo_componen":[{"nombre_del_curso":"Lideran\u00e7a, \u00c9tica e Responsabilidade Social","descripcion_del_curso":"<p>M\u00d3DULO 1: Os fundamentos filos\u00f3ficos da lideran\u00e7a socialmente respons\u00e1vel<br \/>\nM\u00d3DULO 2: Colaboradores como co-empreendedores<br \/>\nM\u00d3DULO 3: Quest\u00f5es \u00e9ticas em uma economia empresarial global do s\u00e9culo 21<br \/>\nM\u00d3DULO 4: O papel da ind\u00fastria de esportes e entretenimento como uma for\u00e7a para o bem social<\/p>\n"}],"preguntas_frecuentes":false,"contenidistas":false,"docentes_expertos":[{"foto":"https:\/\/static.capabiliaserver.com\/frontend\/clients\/barca\/wp\/wp-content\/uploads\/2019\/01\/michael_hoffman.jpg","nombre_del_docente":"Michael P. Hoffman","descripcion_del_docente":"Especialista em filantropia, proporcionou orienta\u00e7\u00e3o estrat\u00e9gica para organiza\u00e7\u00f5es sem fins lucrativos l\u00edderes globais, organiza\u00e7\u00f5es filantr\u00f3picas e corpora\u00e7\u00f5es em desenvolvimento organizacional, arrecada\u00e7\u00e3o de fundos, marca e compromisso social das empresas.","enlace":""}],"imagen_destacada":"https:\/\/barcanew.capabiliaserver.com\/wp-content\/uploads\/2019\/01\/a8c00e7d-leadership-ethics-and-social-responsibility_-1.jpg","hubspot_product_id":"11975835","url_video":"","aprende_a":[{"item_aprende_a":"Comparar e discriminar as maiores teorias de lideran\u00e7a e discutir pontos-chave de cada uma delas."},{"item_aprende_a":"Diante de diferentes cen\u00e1rios organizacionais, discutir e analisar as responsabilidades e os privil\u00e9gios dos l\u00edderes, incluindo decis\u00f5es \u00e9ticas e morais e o uso correto de autoridade e poder."},{"item_aprende_a":"Analisar seu(s) pr\u00f3prio(s) estilo(s) de lideran\u00e7a e avaliar o impacto de cada abordagem da lideran\u00e7a no ambiente de trabalho."},{"item_aprende_a":"Examinar as diferen\u00e7as entre um l\u00edder e um gerente e analisar as perspectivas que definem cada papel na manuten\u00e7\u00e3o de uma organiza\u00e7\u00e3o saud\u00e1vel."},{"item_aprende_a":"Compreender e articular conceitos significativos relacionados ao estudo da lideran\u00e7a."},{"item_aprende_a":"Discutir a intera\u00e7\u00e3o entre lideran\u00e7a, \u00e9tica e responsabilidade social, e as liga\u00e7\u00f5es entre v\u00e1rios modelos de lideran\u00e7a e o conceito de lideran\u00e7a moral."},{"item_aprende_a":"Compreender e articular como a prioriza\u00e7\u00e3o do \"bem comum\" pode ser pessoal e profissionalmente otimizada para impacto social e de mercado."}],"fecha_de_inicio":"10062021","id_magento":"197","producto_path":false,"titulo_seccion_testimonios":"","slider_testimonios":false,"imagen_de_fondo_testimonios":false,"color_de_fondo_testimonios":"","activar_banner_1":false,"banner_1":false,"activar_banner_2":false,"banner_2":false,"activar_banner_3":false,"banner_3":false,"segunda_fecha_de_inicio":"","zona_horaria":"Europe\/Madrid","activar_nuevos_banners":false,"mostrar_banner_1":false,"crear_banner_1":{"utilizar_imagen_unica_para_banner":false,"asignar_imagen_unica_para_banner":false,"mostrar_titulo_banner":false,"titulo_para_banner":"","mostrar_subtitulo_banner":false,"subtitulo_del_banner":"","mostrar_cta_banner":false,"texto_cta_banner":"","url_cta_banner":"","fondo_de_color_banner":"","fondo_de_imagen_banner":false,"mostrar_imagen_izquierda_banner":false,"asignar_imagen_izquierda_banner":false},"mostrar_banner_2":false,"crear_banner_2":{"utilizar_imagen_unica_para_banner":false,"asignar_imagen_unica_para_banner":false,"mostrar_titulo_banner":false,"titulo_para_banner":"","mostrar_subtitulo_banner":false,"subtitulo_del_banner":"","mostrar_cta_banner":false,"texto_cta_banner":"","url_cta_banner":"","fondo_de_color_banner":"","fondo_de_imagen_banner":false,"mostrar_imagen_izquierda_banner":false,"asignar_imagen_izquierda_banner":false},"mostrar_banner_3":false,"crear_banner_3":{"utilizar_imagen_unica_para_banner":false,"asignar_imagen_unica_para_banner":false,"mostrar_titulo_banner":false,"titulo_para_banner":"","mostrar_subtitulo_banner":false,"subtitulo_del_banner":"","mostrar_cta_banner":false,"texto_cta_banner":"","url_cta_banner":"","fondo_de_color_banner":"","fondo_de_imagen_banner":false,"mostrar_imagen_izquierda_banner":false,"asignar_imagen_izquierda_banner":false},"activar_hero_video":false,"video_texto":"","video_header":false,"pdf_brochure_link_drive":"https:\/\/drive.google.com\/uc?id=1y2Ze1uFy5_K29LsQflJwDbPBQT6e6GXy&export=download"},"idiomas":{"en":10338,"es":10350,"ar":10349,"ca":10348,"ru":10349,"pt":10349},"_links":{"self":[{"href":"https:\/\/barcanew.capabiliaserver.com\/pt\/wp-json\/wp\/v2\/products\/10349"}],"collection":[{"href":"https:\/\/barcanew.capabiliaserver.com\/pt\/wp-json\/wp\/v2\/products"}],"about":[{"href":"https:\/\/barcanew.capabiliaserver.com\/pt\/wp-json\/wp\/v2\/types\/product"}],"author":[{"embeddable":true,"href":"https:\/\/barcanew.capabiliaserver.com\/pt\/wp-json\/wp\/v2\/users\/1"}],"replies":[{"embeddable":true,"href":"https:\/\/barcanew.capabiliaserver.com\/pt\/wp-json\/wp\/v2\/comments?post=10349"}],"version-history":[{"count":5,"href":"https:\/\/barcanew.capabiliaserver.com\/pt\/wp-json\/wp\/v2\/products\/10349\/revisions"}],"predecessor-version":[{"id":134105,"href":"https:\/\/barcanew.capabiliaserver.com\/pt\/wp-json\/wp\/v2\/products\/10349\/revisions\/134105"}],"wp:attachment":[{"href":"https:\/\/barcanew.capabiliaserver.com\/pt\/wp-json\/wp\/v2\/media?parent=10349"}],"wp:term":[{"taxonomy":"category","embeddable":true,"href":"https:\/\/barcanew.capabiliaserver.com\/pt\/wp-json\/wp\/v2\/categories?post=10349"}],"curies":[{"name":"wp","href":"https:\/\/api.w.org\/{rel}","templated":true}]}}