{"id":10344,"date":"2019-01-18T11:42:47","date_gmt":"2019-01-18T14:42:47","guid":{"rendered":"https:\/\/barcanew.capabiliaserver.com\/product\/certificate-in-workload-management-in-football\/"},"modified":"2023-01-12T10:53:06","modified_gmt":"2023-01-12T13:53:06","slug":"certificado-em-gestao-da-carga-de-trabalho-no-futebol","status":"publish","type":"product","link":"https:\/\/barcanew.capabiliaserver.com\/pt\/product\/certificado-em-gestao-da-carga-de-trabalho-no-futebol\/","title":{"rendered":"Certificado em Gest\u00e3o da Carga de Trabalho no Futebol"},"content":{"rendered":"","protected":false},"excerpt":{"rendered":"","protected":false},"author":1,"featured_media":0,"comment_status":"open","ping_status":"closed","template":"","meta":{"_acf_changed":false,"footnotes":""},"categories":[113,109],"acf":{"external_id":"1373","header_image":108548,"column_title":"","titulo_incentivo":"Certificado em Gest\u00e3o da Carga de Trabalho no Futebol","precio":"625","precio_en_cuotas":"4 pagamentos mensais de 156,25 euros","precio_de_lista":"","mostrar_form":false,"promocion_vigente":"","duracion_del_curso":"4 Meses","nivel_del_curso":"avan\u00e7ado","modalidad_cursado":"Online","impartido_en":"Portugues","contenido":"<p>No \u00e2mbito esportivo, a prolifera\u00e7\u00e3o de novas tecnologias deu lugar a formas mais eficientes, acess\u00edveis e ilimitadas de aprender, analisar e treinar. Estes avan\u00e7os, somados a uma maior participa\u00e7\u00e3o das ci\u00eancias no esporte, permitiram, entre outras coisas, que o controle da carga no treinamento seja mais espec\u00edfico e rigoroso. Isto obriga profissionais e atletas a capacitar-se de forma cont\u00ednua e incorporar essas ferramentas para melhorar e potencializar seus resultados.<\/p>\n<p>O <strong>Certificado de Gest\u00e3o da Carga de Trabalho no Futebol<\/strong> \u00e9 um programa introdut\u00f3rio e integral dirigido a pessoas relacionadas \u00e0s ci\u00eancias do esporte que buscam aumentar o desempenho esportivo pessoal ou de seus atletas. Junto com David Casamichana, voc\u00ea conhecera\u0301 os meios mais atuais de controle da carga de treinamento e competi\u00e7\u00e3o, avaliando sua aplicabilidade \u00e0s diferentes situa\u00e7\u00f5es. Voc\u00ea tamb\u00e9m poder\u00e1 reconhecer a import\u00e2ncia da avalia\u00e7\u00e3o das cargas de treinamento, tanto internas como externas, bem como os diferentes meios tecnolo\u0301gicos necess\u00e1rios para este fim.<\/p>\n","ocultar_video":false,"avalado_por":false,"pdf_brochure":"https:\/\/static.capabiliaserver.com\/frontend\/clients\/barca\/wp_prod\/wp-content\/uploads\/2019\/01\/71a5f651-certificado-em-gestao-da-carga-de-trabalho-no-futebol.pdf","cursos_que_lo_componen":[{"nombre_del_curso":"Ferramentas e Vari\u00e1veis para a Monitora\u00e7\u00e3o da Carga de Treinamento","descripcion_del_curso":"<p>M\u00d3DULO 1: Introdu\u00e7\u00e3o ao controle da carga de treinamento<br \/>\nMO\u0301DULO 2: O ciclo de planejar-intervir-avaliar no processo de treinamento<br \/>\nMO\u0301DULO 3: Ferramentas de controle de carga interna e suas vari\u00e1veis<br \/>\nMO\u0301DULO 4: Ferramentas de controle de carga externa e suas vari\u00e1veis <\/p>\n"},{"nombre_del_curso":"Escolha de Vari\u00e1veis: Estamos Repetindo Informa\u00e7\u00e3o ou Fornecendo Informa\u00e7\u00e3o Adicional?","descripcion_del_curso":"<p>M\u00d3DULO 1: Rela\u00e7\u00e3o entre vari\u00e1veis de carga interna entre si o com vari\u00e1veis de carga externa<br \/>\nMO\u0301DULO 2: Rela\u00e7\u00e3o entre vari\u00e1veis de carga externa<br \/>\nMO\u0301DULO 3: Integra\u00e7\u00e3o de medidas. I\u0301ndice de efici\u00eancia<br \/>\nMO\u0301DULO 4: Escolha de vari\u00e1veis <\/p>\n"},{"nombre_del_curso":"Avalia\u00e7\u00e3o do Treinamento e Gest\u00e3o da Carga de Treinamento","descripcion_del_curso":"<p>M\u00d3DULO 1:  An\u00e1lise da tarefa de treinamento<br \/>\nM\u00d3DULO 2: An\u00e1lise da sess\u00e3o de treinamento<br \/>\nM\u00d3DULO 3: An\u00e1lise do microciclo de treinamento<br \/>\nM\u00d3DULO 4: An\u00e1lise do mesocicloe e de fases temporais<br \/>\nmais amplas de treinamento<\/p>\n"},{"nombre_del_curso":"Indicadores para a Gest\u00e3o da Carga de Treinamento","descripcion_del_curso":"<p>M\u00d3DULO 1: Mudan\u00e7as semanais<br \/>\nMO\u0301DULO 2: Coeficiente de carga aguda cr\u00f4nica: conceito e procedimento de c\u00e1lculo<br \/>\nMO\u0301DULO 3: Coeficiente de carga aguda cr\u00f4nica: aplica\u00e7\u00f5es e limita\u00e7\u00f5es<br \/>\nMO\u0301DULO 4: Moderadores e mediadores da carga de treinamento<\/p>\n"}],"preguntas_frecuentes":false,"contenidistas":false,"docentes_expertos":[{"foto":"https:\/\/barcanew.capabiliaserver.com\/wp-content\/uploads\/2019\/01\/469f2a42-david-casamichana.jpg","nombre_del_docente":"David Casamichana G\u00f3mez","descripcion_del_docente":"Doutor em Ci\u00eancias da Atividade F\u00edsica e do Esporte. Preparador f\u00edsico de futebol. Professor universit\u00e1rio e pesquisador.","enlace":""}],"imagen_destacada":false,"hubspot_product_id":"11974635","url_video":"https:\/\/www.youtube.com\/embed\/SzkAgKwkbhw","aprende_a":[{"item_aprende_a":"Usar as diferentes ferramentas e vari\u00e1veis da monitora\u00e7\u00e3o do treinamento. "},{"item_aprende_a":"Selecionar as vari\u00e1veis adequadas em fun\u00e7\u00e3o dos diferentes objetivos desejados dentro do controle de carga de treinamento e competi\u00e7\u00e3o. "},{"item_aprende_a":"Utilizar os dados fornecidos pelo controle da carga para avaliar e gerenciar o processo. "},{"item_aprende_a":"Detectar e utilizar de maneira adequada os indicadores mais relevantes da carga de treinamento. "}],"fecha_de_inicio":"10062021","id_magento":"185","producto_path":false,"titulo_seccion_testimonios":"","slider_testimonios":false,"imagen_de_fondo_testimonios":false,"color_de_fondo_testimonios":"","activar_banner_1":false,"banner_1":false,"activar_banner_2":false,"banner_2":false,"activar_banner_3":false,"banner_3":false,"activar_nuevos_banners":false,"mostrar_banner_1":false,"crear_banner_1":{"utilizar_imagen_unica_para_banner":false,"asignar_imagen_unica_para_banner":false,"mostrar_titulo_banner":false,"titulo_para_banner":"","mostrar_subtitulo_banner":false,"subtitulo_del_banner":"","mostrar_cta_banner":false,"texto_cta_banner":"","url_cta_banner":"","fondo_de_color_banner":"","fondo_de_imagen_banner":false,"mostrar_imagen_izquierda_banner":false,"asignar_imagen_izquierda_banner":false},"mostrar_banner_2":false,"crear_banner_2":{"utilizar_imagen_unica_para_banner":false,"asignar_imagen_unica_para_banner":false,"mostrar_titulo_banner":false,"titulo_para_banner":"","mostrar_subtitulo_banner":false,"subtitulo_del_banner":"","mostrar_cta_banner":false,"texto_cta_banner":"","url_cta_banner":"","fondo_de_color_banner":"","fondo_de_imagen_banner":false,"mostrar_imagen_izquierda_banner":false,"asignar_imagen_izquierda_banner":false},"mostrar_banner_3":false,"crear_banner_3":{"utilizar_imagen_unica_para_banner":false,"asignar_imagen_unica_para_banner":false,"mostrar_titulo_banner":false,"titulo_para_banner":"","mostrar_subtitulo_banner":false,"subtitulo_del_banner":"","mostrar_cta_banner":false,"texto_cta_banner":"","url_cta_banner":"","fondo_de_color_banner":"","fondo_de_imagen_banner":false,"mostrar_imagen_izquierda_banner":false,"asignar_imagen_izquierda_banner":false},"segunda_fecha_de_inicio":"","zona_horaria":"Europe\/Madrid","activar_hero_video":false,"video_texto":"","video_header":false,"pdf_brochure_link_drive":"https:\/\/drive.google.com\/uc?id=1uIFDXIErkFSziJwe1lXtJUppqEc2qUpM&export=download"},"idiomas":{"en":10305,"es":10332,"ar":81667,"ca":10314,"ru":10344,"pt":10344},"_links":{"self":[{"href":"https:\/\/barcanew.capabiliaserver.com\/pt\/wp-json\/wp\/v2\/products\/10344"}],"collection":[{"href":"https:\/\/barcanew.capabiliaserver.com\/pt\/wp-json\/wp\/v2\/products"}],"about":[{"href":"https:\/\/barcanew.capabiliaserver.com\/pt\/wp-json\/wp\/v2\/types\/product"}],"author":[{"embeddable":true,"href":"https:\/\/barcanew.capabiliaserver.com\/pt\/wp-json\/wp\/v2\/users\/1"}],"replies":[{"embeddable":true,"href":"https:\/\/barcanew.capabiliaserver.com\/pt\/wp-json\/wp\/v2\/comments?post=10344"}],"version-history":[{"count":5,"href":"https:\/\/barcanew.capabiliaserver.com\/pt\/wp-json\/wp\/v2\/products\/10344\/revisions"}],"predecessor-version":[{"id":136600,"href":"https:\/\/barcanew.capabiliaserver.com\/pt\/wp-json\/wp\/v2\/products\/10344\/revisions\/136600"}],"wp:attachment":[{"href":"https:\/\/barcanew.capabiliaserver.com\/pt\/wp-json\/wp\/v2\/media?parent=10344"}],"wp:term":[{"taxonomy":"category","embeddable":true,"href":"https:\/\/barcanew.capabiliaserver.com\/pt\/wp-json\/wp\/v2\/categories?post=10344"}],"curies":[{"name":"wp","href":"https:\/\/api.w.org\/{rel}","templated":true}]}}