{"id":10324,"date":"2019-01-18T11:48:57","date_gmt":"2019-01-18T14:48:57","guid":{"rendered":"https:\/\/barcanew.capabiliaserver.com\/product\/current-issues-in-sports-governance\/"},"modified":"2023-01-12T10:56:50","modified_gmt":"2023-01-12T13:56:50","slug":"gestao-esportiva","status":"publish","type":"product","link":"https:\/\/barcanew.capabiliaserver.com\/pt\/product\/gestao-esportiva\/","title":{"rendered":"Gest\u00e3o Esportiva"},"content":{"rendered":"","protected":false},"excerpt":{"rendered":"","protected":false},"author":1,"featured_media":0,"comment_status":"open","ping_status":"closed","template":"","meta":{"_acf_changed":false,"footnotes":""},"categories":[113,109],"acf":{"external_id":"1367","header_image":134595,"column_title":"","titulo_incentivo":"Gest\u00e3o Esportiva","precio":"200","precio_en_cuotas":"","precio_de_lista":"","mostrar_form":false,"promocion_vigente":"","duracion_del_curso":"1 M\u00eas","nivel_del_curso":"introdut\u00f3rio","modalidad_cursado":"Online","impartido_en":"Portugues","contenido":"<p>Cada vez mas o t\u00f3pico da Gest\u00e3o Esportiva \u00e9 o foco de debates em diferentes seguimentos do esporte. A corrup\u00e7\u00e3o, o controle antidoping, a arbitragem e a escolha dos est\u00e1dios s\u00e3o somente alguns dos assuntos que o esporte enfrenta na era moderna. Este curso, desenhado por Robert Pielke, Jr., ir\u00e1 ajud\u00e1-lo a entender os elementos essenciais da gest\u00e3o esportiva: institui\u00e7\u00f5es, per\u00edcia, presta\u00e7\u00e3o de contas e transpar\u00eancia.<\/p>\n","ocultar_video":true,"avalado_por":false,"pdf_brochure":"https:\/\/static.capabiliaserver.com\/frontend\/clients\/barca\/wp_prod\/wp-content\/uploads\/2019\/01\/9900adcc-gestao-esportiva.pdf","cursos_que_lo_componen":[{"nombre_del_curso":"Gest\u00e3o Esportiva","descripcion_del_curso":"<p>M\u00d3DULO 1: Institui\u00e7\u00f5es<br \/>\nM\u00d3DULO 2: Expertise<br \/>\nM\u00d3DULO 3: Conflito de interesses e boa gest\u00e3o<br \/>\nM\u00d3DULO 4: Temas contempor\u00e2neos, juntando as pe\u00e7as<\/p>\n"}],"preguntas_frecuentes":false,"contenidistas":false,"docentes_expertos":[{"foto":"https:\/\/barcanew.capabiliaserver.com\/wp-content\/uploads\/2019\/01\/3860daa2-roger_pielke_jr.jpg","nombre_del_docente":"Roger Pielke, Jr.","descripcion_del_docente":"Ph.D. em Ci\u00eancias Pol\u00edticas. Professor do Environmental Studies Program e membro do Cooperative Institute for Research in Environmental Sciences (CIRES).","enlace":""}],"imagen_destacada":false,"hubspot_product_id":"11974637","url_video":"","aprende_a":[{"item_aprende_a":"Compreender elementos-chave da gest\u00e3o do esporte: institui\u00e7\u00f5es, expertise, responsabilidade e transpar\u00eancia."}],"fecha_de_inicio":"10062021","id_magento":"195","producto_path":false,"titulo_seccion_testimonios":"","slider_testimonios":false,"imagen_de_fondo_testimonios":false,"color_de_fondo_testimonios":"","activar_banner_1":false,"banner_1":false,"activar_banner_2":false,"banner_2":false,"activar_banner_3":false,"banner_3":false,"segunda_fecha_de_inicio":"","zona_horaria":"Europe\/Madrid","activar_nuevos_banners":false,"mostrar_banner_1":false,"crear_banner_1":{"utilizar_imagen_unica_para_banner":false,"asignar_imagen_unica_para_banner":false,"mostrar_titulo_banner":false,"titulo_para_banner":"","mostrar_subtitulo_banner":false,"subtitulo_del_banner":"","mostrar_cta_banner":false,"texto_cta_banner":"","url_cta_banner":"","fondo_de_color_banner":"","fondo_de_imagen_banner":false,"mostrar_imagen_izquierda_banner":false,"asignar_imagen_izquierda_banner":false},"mostrar_banner_2":false,"crear_banner_2":{"utilizar_imagen_unica_para_banner":false,"asignar_imagen_unica_para_banner":false,"mostrar_titulo_banner":false,"titulo_para_banner":"","mostrar_subtitulo_banner":false,"subtitulo_del_banner":"","mostrar_cta_banner":false,"texto_cta_banner":"","url_cta_banner":"","fondo_de_color_banner":"","fondo_de_imagen_banner":false,"mostrar_imagen_izquierda_banner":false,"asignar_imagen_izquierda_banner":false},"mostrar_banner_3":false,"crear_banner_3":{"utilizar_imagen_unica_para_banner":false,"asignar_imagen_unica_para_banner":false,"mostrar_titulo_banner":false,"titulo_para_banner":"","mostrar_subtitulo_banner":false,"subtitulo_del_banner":"","mostrar_cta_banner":false,"texto_cta_banner":"","url_cta_banner":"","fondo_de_color_banner":"","fondo_de_imagen_banner":false,"mostrar_imagen_izquierda_banner":false,"asignar_imagen_izquierda_banner":false},"activar_hero_video":false,"video_texto":"","video_header":false,"pdf_brochure_link_drive":"https:\/\/drive.google.com\/uc?id=1HgdAcoklzNjUrLmyKz6MY69bsFmz1Arc&export=download"},"idiomas":{"en":10306,"es":10325,"ar":10324,"ca":10323,"ru":10324,"pt":10324},"_links":{"self":[{"href":"https:\/\/barcanew.capabiliaserver.com\/pt\/wp-json\/wp\/v2\/products\/10324"}],"collection":[{"href":"https:\/\/barcanew.capabiliaserver.com\/pt\/wp-json\/wp\/v2\/products"}],"about":[{"href":"https:\/\/barcanew.capabiliaserver.com\/pt\/wp-json\/wp\/v2\/types\/product"}],"author":[{"embeddable":true,"href":"https:\/\/barcanew.capabiliaserver.com\/pt\/wp-json\/wp\/v2\/users\/1"}],"replies":[{"embeddable":true,"href":"https:\/\/barcanew.capabiliaserver.com\/pt\/wp-json\/wp\/v2\/comments?post=10324"}],"version-history":[{"count":5,"href":"https:\/\/barcanew.capabiliaserver.com\/pt\/wp-json\/wp\/v2\/products\/10324\/revisions"}],"predecessor-version":[{"id":136601,"href":"https:\/\/barcanew.capabiliaserver.com\/pt\/wp-json\/wp\/v2\/products\/10324\/revisions\/136601"}],"wp:attachment":[{"href":"https:\/\/barcanew.capabiliaserver.com\/pt\/wp-json\/wp\/v2\/media?parent=10324"}],"wp:term":[{"taxonomy":"category","embeddable":true,"href":"https:\/\/barcanew.capabiliaserver.com\/pt\/wp-json\/wp\/v2\/categories?post=10324"}],"curies":[{"name":"wp","href":"https:\/\/api.w.org\/{rel}","templated":true}]}}