{"id":9653,"date":"2019-01-24T15:19:09","date_gmt":"2019-01-24T18:19:09","guid":{"rendered":"https:\/\/barcanew.capabiliaserver.com\/?post_type=product&#038;p=9653"},"modified":"2022-10-18T12:18:59","modified_gmt":"2022-10-18T15:18:59","slug":"certificado-en-comunicacion-en-organizaciones-deportivas","status":"publish","type":"product","link":"https:\/\/barcanew.capabiliaserver.com\/es\/product\/certificado-en-comunicacion-en-organizaciones-deportivas\/","title":{"rendered":"Certificado en Comunicaci\u00f3n en Organizaciones Deportivas"},"content":{"rendered":"","protected":false},"excerpt":{"rendered":"","protected":false},"author":1,"featured_media":0,"comment_status":"open","ping_status":"closed","template":"","meta":{"_acf_changed":false,"footnotes":""},"categories":[114,109],"acf":{"external_id":"1363","header_image":134237,"column_title":"","titulo_incentivo":"Certificado en Comunicaci\u00f3n en Organizaciones Deportivas","precio":"625","precio_en_cuotas":"4 pagos mensuales de \u20ac 156,25","precio_de_lista":"","mostrar_form":false,"promocion_vigente":"","duracion_del_curso":"4 meses","nivel_del_curso":"Introductorio","modalidad_cursado":"Online","impartido_en":"Castellano","contenido":"<p>En este curso, apuntado tanto a gerentes nuevos como a los que ya se encuentran en ejercicio, Jimmy Sanderson y Sean D. Williams ense\u00f1an las habilidades esenciales para gestionar las tareas de comunicaci\u00f3n externa m\u00e1s relevantes de sus organizaciones deportivas y lograr comunicarse eficazmente con sus diversas audiencias y obtener resultados exitosos.<\/p>\n","ocultar_video":false,"avalado_por":false,"pdf_brochure":"https:\/\/static.capabiliaserver.com\/frontend\/clients\/barca\/wp_prod\/wp-content\/uploads\/2019\/01\/d3a6e2d9-certificado-en-comunicacion-en-organizaciones-deportivas.pdf","cursos_que_lo_componen":[{"nombre_del_curso":"Problemas de Comunicaci\u00f3n en Organizaciones Deportivas","descripcion_del_curso":"<p>M\u00d3DULO 1: Descripci\u00f3n del papel de la comunicaci\u00f3n en las organizaciones deportivas<br \/>\nM\u00d3DULO 2: Explicaci\u00f3n de la evoluci\u00f3n de la comunicaci\u00f3n deportiva y descripci\u00f3n de la<br \/>\ncolaboraci\u00f3n eficaz con los periodistas<br \/>\nM\u00d3DULO 3: Redacci\u00f3n de mensajes para medios tradicionales y digitales<br \/>\nM\u00d3DULO 4: Creaci\u00f3n de una estrategia de comunicaci\u00f3n para maximizar el impacto<\/p>\n"},{"nombre_del_curso":"Estrategias de Redes Sociales en Organizaciones Deportivas","descripcion_del_curso":"<p>M\u00d3DULO 1: Redes sociales y el contexto organizacional cambiante<br \/>\nM\u00d3DULO 2: Contenido para redes sociales y fidelizaci\u00f3n de audiencias<br \/>\nM\u00d3DULO 3: Redes sociales y gobernanza organizacional<br \/>\nM\u00d3DULO 4: Estrategias en redes sociales<\/p>\n"},{"nombre_del_curso":"Relaciones P\u00fablicas en Organizaciones Deportivas","descripcion_del_curso":"<p>M\u00d3DULO 1: Fundamentos de las relaciones p\u00fablicas en el deporte<br \/>\nM\u00d3DULO 2: El contexto cambiante de las relaciones p\u00fablicas en el deporte: del modelo de informaci\u00f3n deportiva al modelo de comunicaci\u00f3n activa<br \/>\nM\u00d3DULO 3: Relaciones p\u00fablicas y crisis comunicacional en el deporte<br \/>\nM\u00d3DULO 4: Relaciones p\u00fablicas, redes sociales y medios digitales en el deporte<\/p>\n"},{"nombre_del_curso":"Marketing en Organizaciones Deportivas","descripcion_del_curso":"<p>M\u00d3DULO 1: Marketing y branding deportivo<br \/>\nM\u00d3DULO 2: Deportes, marketing digital y redes sociales<br \/>\nM\u00d3DULO 3: Patrocinio y ventas<br \/>\nM\u00d3DULO 4: Creaci\u00f3n de un plan de marketing exitoso<\/p>\n"}],"preguntas_frecuentes":false,"contenidistas":false,"docentes_expertos":[{"foto":"https:\/\/barcanew.capabiliaserver.com\/wp-content\/uploads\/2016\/12\/Jimmy_Sanderson.jpg","nombre_del_docente":"Jimmy Sanderson","descripcion_del_docente":"Profesor Asistente en el Departamento de Kinesiolog\u00eda y Gesti\u00f3n Deportiva de la Universidad Tecnol\u00f3gica de Texas. Investiga activamente la influencia de las redes sociales en el deporte y es consultor de organizaciones deportivas en materia de gesti\u00f3n de redes sociales.","enlace":""},{"foto":"https:\/\/barcanew.capabiliaserver.com\/wp-content\/uploads\/2018\/06\/Sean_D_Williams-150x150.jpg","nombre_del_docente":"Sean D. Williams","descripcion_del_docente":"Ph.D., profesor y miembro del Spiro Institute for Entrepreneurial Leadership de la Universidad de Clemson.","enlace":""}],"hubspot_product_id":"11967694","url_video":"https:\/\/www.youtube.com\/embed\/ZS7efp0qHaE","aprende_a":[{"item_aprende_a":"Completar con eficacia las tareas comunicativas m\u00e1s relevantes, por sus propios medios, cuando no existe personal exclusivo de comunicaciones."},{"item_aprende_a":"Gestionar con \u00e9xito el trabajo de los equipos de comunicaciones cuando la organizaci\u00f3n cuenta con comunicadores profesionales."}],"fecha_de_inicio":"10062021","id_magento":"220","producto_path":false,"slidebox":false,"titulo_seccion_testimonios":"","slider_testimonios":false,"imagen_de_fondo_testimonios":false,"color_de_fondo_testimonios":"","activar_banner_1":false,"banner_1":false,"activar_banner_2":false,"banner_2":false,"activar_banner_3":false,"banner_3":false,"segunda_fecha_de_inicio":"","zona_horaria":"Europe\/Madrid","url_cursado_webinar":"","activar_nuevos_banners":false,"mostrar_banner_1":false,"crear_banner_1":{"utilizar_imagen_unica_para_banner":false,"asignar_imagen_unica_para_banner":false,"mostrar_titulo_banner":false,"titulo_para_banner":"","mostrar_subtitulo_banner":false,"subtitulo_del_banner":"","mostrar_cta_banner":false,"texto_cta_banner":"","url_cta_banner":"","fondo_de_color_banner":"","fondo_de_imagen_banner":false,"mostrar_imagen_izquierda_banner":false,"asignar_imagen_izquierda_banner":false},"mostrar_banner_2":false,"crear_banner_2":{"utilizar_imagen_unica_para_banner":false,"asignar_imagen_unica_para_banner":false,"mostrar_titulo_banner":false,"titulo_para_banner":"","mostrar_subtitulo_banner":false,"subtitulo_del_banner":"","mostrar_cta_banner":false,"texto_cta_banner":"","url_cta_banner":"","fondo_de_color_banner":"","fondo_de_imagen_banner":false,"mostrar_imagen_izquierda_banner":false,"asignar_imagen_izquierda_banner":false},"mostrar_banner_3":false,"crear_banner_3":{"utilizar_imagen_unica_para_banner":false,"asignar_imagen_unica_para_banner":false,"mostrar_titulo_banner":false,"titulo_para_banner":"","mostrar_subtitulo_banner":false,"subtitulo_del_banner":"","mostrar_cta_banner":false,"texto_cta_banner":"","url_cta_banner":"","fondo_de_color_banner":"","fondo_de_imagen_banner":false,"mostrar_imagen_izquierda_banner":false,"asignar_imagen_izquierda_banner":false},"activar_hero_video":false,"video_texto":"134237","video_header":false,"pdf_brochure_link_drive":"https:\/\/drive.google.com\/uc?id=1_XvJx5aGBszWFh3IFLCQk7GIrD5HCr33&export=download"},"idiomas":{"en":9623,"es":9653,"ar":9653,"ca":9701,"ru":9653,"pt":9675},"_links":{"self":[{"href":"https:\/\/barcanew.capabiliaserver.com\/es\/wp-json\/wp\/v2\/products\/9653"}],"collection":[{"href":"https:\/\/barcanew.capabiliaserver.com\/es\/wp-json\/wp\/v2\/products"}],"about":[{"href":"https:\/\/barcanew.capabiliaserver.com\/es\/wp-json\/wp\/v2\/types\/product"}],"author":[{"embeddable":true,"href":"https:\/\/barcanew.capabiliaserver.com\/es\/wp-json\/wp\/v2\/users\/1"}],"replies":[{"embeddable":true,"href":"https:\/\/barcanew.capabiliaserver.com\/es\/wp-json\/wp\/v2\/comments?post=9653"}],"version-history":[{"count":5,"href":"https:\/\/barcanew.capabiliaserver.com\/es\/wp-json\/wp\/v2\/products\/9653\/revisions"}],"predecessor-version":[{"id":134243,"href":"https:\/\/barcanew.capabiliaserver.com\/es\/wp-json\/wp\/v2\/products\/9653\/revisions\/134243"}],"wp:attachment":[{"href":"https:\/\/barcanew.capabiliaserver.com\/es\/wp-json\/wp\/v2\/media?parent=9653"}],"wp:term":[{"taxonomy":"category","embeddable":true,"href":"https:\/\/barcanew.capabiliaserver.com\/es\/wp-json\/wp\/v2\/categories?post=9653"}],"curies":[{"name":"wp","href":"https:\/\/api.w.org\/{rel}","templated":true}]}}