{"id":9537,"date":"2019-01-24T15:16:11","date_gmt":"2019-01-24T18:16:11","guid":{"rendered":"https:\/\/barcanew.capabiliaserver.com\/?post_type=product&#038;p=9537"},"modified":"2022-10-17T13:29:29","modified_gmt":"2022-10-17T16:29:29","slug":"certificado-en-nutricion-deportiva","status":"publish","type":"product","link":"https:\/\/barcanew.capabiliaserver.com\/es\/product\/certificado-en-nutricion-deportiva\/","title":{"rendered":"Certificado en Nutrici\u00f3n Deportiva"},"content":{"rendered":"","protected":false},"excerpt":{"rendered":"","protected":false},"author":1,"featured_media":0,"comment_status":"open","ping_status":"closed","template":"","meta":{"_acf_changed":false,"footnotes":""},"categories":[114,109],"acf":{"external_id":"1365","header_image":134092,"column_title":"","titulo_incentivo":"Certificado en Nutrici\u00f3n Deportiva","precio":"625","precio_en_cuotas":"4 cuotas mensuales de \u20ac 156,25","precio_de_lista":"","mostrar_form":false,"promocion_vigente":"","duracion_del_curso":"4 meses","nivel_del_curso":"Introductorio","modalidad_cursado":"Online","impartido_en":"Castellano","contenido":"<p>La influencia que tiene la nutrici\u00f3n sobre el rendimiento f\u00edsico y la composici\u00f3n corporal de las personas es de p\u00fablico conocimiento. Incluso, se habla de una gran cantidad de deportistas profesionales que deben el aumento de su rendimiento a radicales cambios en su alimentaci\u00f3n. Los ingredientes que componen la dieta de un deportista determinar\u00e1n la calidad en sus movimientos. Cuando hablamos de dieta o alimentaci\u00f3n en el deporte tambi\u00e9n hacemos referencia a la suplementaci\u00f3n deportiva y la hidrataci\u00f3n. Todos estos son componentes clave a la hora de aumentar o mantener nuestra performance f\u00edsica. En esta capacitaci\u00f3n aprender\u00e1s acerca de los efectos que producen los alimentos y suplementos deportivos en el cuerpo. El objetivo es que logres optimizar la selecci\u00f3n de los componentes de una dieta a la hora de buscar el m\u00e1ximo rendimiento f\u00edsico.<\/p>\n","ocultar_video":false,"avalado_por":false,"pdf_brochure":"https:\/\/static.capabiliaserver.com\/frontend\/clients\/barca\/wp_prod\/wp-content\/uploads\/2019\/01\/f8870d5c-certificado-en-nutricion-deportiva.pdf","cursos_que_lo_componen":[{"nombre_del_curso":"Alimentaci\u00f3n y Rendimiento Deportivo","descripcion_del_curso":"<p>M\u00d3DULO 1: BIOENERG\u00c9TICA<br \/>\nUnidad 1: Energ\u00eda<br \/>\nUnidad 2: Sistemas energ\u00e9ticos<\/p>\n<p>M\u00d3DULO 2: ALIMENTACI\u00d3N Y NUTRICI\u00d3N<br \/>\nUnidad 1: Nutrientes<br \/>\nUnidad 2: Nutrici\u00f3n deportiva<\/p>\n<p>M\u00d3DULO 3: NUTRICI\u00d3N DEPORTIVA PR\u00c1CTICA<br \/>\nUnidad 1: Nutrici\u00f3n en competencia<br \/>\nUnidad 2: Nutrici\u00f3n llevada a la pr\u00e1ctica deportiva<\/p>\n<p>M\u00d3DULO 4: M\u00d3DULO INTEGRADOR<\/p>\n"},{"nombre_del_curso":"Suplementaci\u00f3n y Ayudas Ergog\u00e9nicas en el Deporte","descripcion_del_curso":"<p>M\u00d3DULO 1: CONCEPTOS INTRODUCTORIOS<br \/>\nUnidad 1: Clasificaci\u00f3n de los suplementos nutricionales.<br \/>\nUnidad 2: Nutrientes<\/p>\n<p>M\u00d3DULO 2: ALIMENTOS DEPORTIVOS<br \/>\nUnidad 1: Alimentos deportivos de utilizaci\u00f3n aguda<br \/>\nUnidad 2: Alimentos deportivos de utilizaci\u00f3n cr\u00f3nica<\/p>\n<p>M\u00d3DULO 3: AYUDAS ERGOG\u00c9NICAS<br \/>\nUnidad 1: Ayudas ergog\u00e9nicas de efecto agudo o instant\u00e1neo<br \/>\nUnidad 2: Ayudas ergog\u00e9nicas de efecto cr\u00f3nico<\/p>\n<p>M\u00d3DULO 4: M\u00d3DULO INTEGRADOR<\/p>\n"},{"nombre_del_curso":"Hidrataci\u00f3n Deportiva","descripcion_del_curso":"<p>M\u00d3DULO 1: CONCEPTOS INTRODUCTORIOS<br \/>\nUnidad 1: El agua en el organismo humano<br \/>\nUnidad 2: La termorregulaci\u00f3n durante el ejercicio<\/p>\n<p>M\u00d3DULO 2: DESHIDRATACI\u00d3N, HIPERTERMIA Y P\u00c9RDIDA DE RENDIMIENTO: ENFOQUE TRADICIONAL<br \/>\nUnidad 1: Hidrataci\u00f3n predeterminada<br \/>\nUnidad 2: T\u00f3picos de inter\u00e9s<\/p>\n<p>M\u00d3DULO 3: HIDRATACI\u00d3N BASADA EN LA EVIDENCIA: ENFOQUE CONTEMPOR\u00c1NEO<br \/>\nUnidad 1: La hidrataci\u00f3n a voluntad o ad-libitum<br \/>\nUnidad 2: Lineamientos y aplicaciones pr\u00e1cticas<\/p>\n<p>M\u00d3DULO 4: M\u00d3DULO INTEGRADOR<\/p>\n"},{"nombre_del_curso":"Composici\u00f3n Corporal, Somatotipo y Rendimiento Deportivo","descripcion_del_curso":"<p>M\u00d3DULO 1: COMPOSICI\u00d3N CORPORAL<br \/>\nUnidad 1: Antropometr\u00eda<br \/>\nUnidad 2: Otros m\u00e9todos para la determinaci\u00f3n de la composici\u00f3n corporal<\/p>\n<p>M\u00d3DULO 2: COMPOSICI\u00d3N CORPORAL, RENDIMIENTO DEPORTIVO Y NUTRICI\u00d3N<br \/>\nUnidad 1: Componentes modificables por el entrenamiento o la dieta<br \/>\nUnidad 2: Composici\u00f3n corporal y rendimiento deportivo seg\u00fan raza, g\u00e9nero y franja etaria<\/p>\n<p>M\u00d3DULO 3: SOMATOTIPO<br \/>\nUnidad 1: Clasificaci\u00f3n<br \/>\nUnidad 2: Aplicaciones pr\u00e1cticas del somatotipo<\/p>\n<p>M\u00d3DULO 4: M\u00d3DULO INTEGRADOR<\/p>\n"}],"preguntas_frecuentes":false,"contenidistas":[{"contenidista":"Lic. Facundo Ahumada","descripcion_contenidista":"Licenciado en Qu\u00edmica. Entrenador de deportistas de endurance."},{"contenidista":"Lic. Adri\u00e1n Barale","descripcion_contenidista":"Nutricionista deportivo. Docente e investigador universitario."},{"contenidista":"Lic. Luciano Spena","descripcion_contenidista":"Nutricionista deportivo. Antropometrista internacional Nivel ISAK III."}],"docentes_expertos":[{"foto":"https:\/\/barcanew.capabiliaserver.com\/wp-content\/uploads\/2019\/01\/9af4dcb0-antonializarraga.png","nombre_del_docente":"Antonia Lizarraga","descripcion_del_docente":"Responsable del \u00e1rea de nutrici\u00f3n deportiva en FC Barcelona.","enlace":""}],"hubspot_product_id":"11980875","url_video":"https:\/\/www.youtube.com\/embed\/_QKoOeSXm1g","aprende_a":[{"item_aprende_a":"Distinguir las sustancias efectivas y las no efectivas y\/o peligrosas en las formulaciones de suplementos nutricionales, de modo de utilizarlos de manera \u00f3ptima."},{"item_aprende_a":"Utilizar los conocimientos sobre nutrici\u00f3n deportiva en funci\u00f3n de las demandas y necesidades de distintas formas de actividad f\u00edsica."},{"item_aprende_a":"Dise\u00f1ar estrategias de hidrataci\u00f3n segura antes, durante y despu\u00e9s del entrenamiento y la competici\u00f3n."},{"item_aprende_a":"Utilizar de manera pr\u00e1ctica los conocimientos sobre la composici\u00f3n corporal y el somatotipo dentro de la nutrici\u00f3n y para el rendimiento deportivo."}],"fecha_de_inicio":"10062021","imagen_destacada":"https:\/\/barcanew.capabiliaserver.com\/wp-content\/uploads\/2019\/01\/53507f9f-certificate-in-sports-nutrition_.jpg","id_magento":"221","producto_path":false,"slidebox":false,"titulo_seccion_testimonios":"","slider_testimonios":false,"imagen_de_fondo_testimonios":false,"color_de_fondo_testimonios":"","activar_banner_1":false,"banner_1":false,"activar_banner_2":false,"banner_2":false,"activar_banner_3":false,"banner_3":false,"segunda_fecha_de_inicio":"","zona_horaria":"Europe\/Madrid","url_cursado_webinar":"","activar_nuevos_banners":false,"mostrar_banner_1":false,"crear_banner_1":{"utilizar_imagen_unica_para_banner":false,"asignar_imagen_unica_para_banner":false,"mostrar_titulo_banner":false,"titulo_para_banner":"","mostrar_subtitulo_banner":false,"subtitulo_del_banner":"","mostrar_cta_banner":false,"texto_cta_banner":"","url_cta_banner":"","fondo_de_color_banner":"","fondo_de_imagen_banner":false,"mostrar_imagen_izquierda_banner":false,"asignar_imagen_izquierda_banner":false},"mostrar_banner_2":false,"crear_banner_2":{"utilizar_imagen_unica_para_banner":false,"asignar_imagen_unica_para_banner":false,"mostrar_titulo_banner":false,"titulo_para_banner":"","mostrar_subtitulo_banner":false,"subtitulo_del_banner":"","mostrar_cta_banner":false,"texto_cta_banner":"","url_cta_banner":"","fondo_de_color_banner":"","fondo_de_imagen_banner":false,"mostrar_imagen_izquierda_banner":false,"asignar_imagen_izquierda_banner":false},"mostrar_banner_3":false,"crear_banner_3":{"utilizar_imagen_unica_para_banner":false,"asignar_imagen_unica_para_banner":false,"mostrar_titulo_banner":false,"titulo_para_banner":"","mostrar_subtitulo_banner":false,"subtitulo_del_banner":"","mostrar_cta_banner":false,"texto_cta_banner":"","url_cta_banner":"","fondo_de_color_banner":"","fondo_de_imagen_banner":false,"mostrar_imagen_izquierda_banner":false,"asignar_imagen_izquierda_banner":false},"activar_hero_video":false,"video_texto":"","video_header":false,"pdf_brochure_link_drive":"https:\/\/drive.google.com\/uc?id=1GyIVVrkGZcH5bI6PFCW52whWTsTxQfPT&export=download"},"idiomas":{"en":9535,"es":9537,"ar":81719,"ca":9541,"ru":9537,"pt":9539},"_links":{"self":[{"href":"https:\/\/barcanew.capabiliaserver.com\/es\/wp-json\/wp\/v2\/products\/9537"}],"collection":[{"href":"https:\/\/barcanew.capabiliaserver.com\/es\/wp-json\/wp\/v2\/products"}],"about":[{"href":"https:\/\/barcanew.capabiliaserver.com\/es\/wp-json\/wp\/v2\/types\/product"}],"author":[{"embeddable":true,"href":"https:\/\/barcanew.capabiliaserver.com\/es\/wp-json\/wp\/v2\/users\/1"}],"replies":[{"embeddable":true,"href":"https:\/\/barcanew.capabiliaserver.com\/es\/wp-json\/wp\/v2\/comments?post=9537"}],"version-history":[{"count":5,"href":"https:\/\/barcanew.capabiliaserver.com\/es\/wp-json\/wp\/v2\/products\/9537\/revisions"}],"predecessor-version":[{"id":134094,"href":"https:\/\/barcanew.capabiliaserver.com\/es\/wp-json\/wp\/v2\/products\/9537\/revisions\/134094"}],"wp:attachment":[{"href":"https:\/\/barcanew.capabiliaserver.com\/es\/wp-json\/wp\/v2\/media?parent=9537"}],"wp:term":[{"taxonomy":"category","embeddable":true,"href":"https:\/\/barcanew.capabiliaserver.com\/es\/wp-json\/wp\/v2\/categories?post=9537"}],"curies":[{"name":"wp","href":"https:\/\/api.w.org\/{rel}","templated":true}]}}