{"id":87785,"date":"2021-04-11T03:18:03","date_gmt":"2021-04-11T06:18:03","guid":{"rendered":"https:\/\/barcanew.capabiliaserver.com\/?post_type=product&#038;p=87785"},"modified":"2022-11-04T13:02:28","modified_gmt":"2022-11-04T16:02:28","slug":"diplomado-gestion-carga-de-trabajo","status":"publish","type":"product","link":"https:\/\/barcanew.capabiliaserver.com\/es\/product\/diplomado-gestion-carga-de-trabajo\/","title":{"rendered":"Diplomado en Gesti\u00f3n de la Carga de Trabajo"},"content":{"rendered":"<p>contenido<\/p>\n","protected":false},"excerpt":{"rendered":"<p>excerpt<\/p>\n","protected":false},"author":16,"featured_media":0,"comment_status":"open","ping_status":"closed","template":"","meta":{"_acf_changed":false,"footnotes":""},"categories":[114],"acf":{"external_id":"1837","titulo_curso":"Diplomado en Gesti\u00f3n de la Carga de Trabajo - Carrusel","precio":"990","impartido_en":"Castellano","producto_path":false,"hubspot_product_id":"703356711","id_magento":"385","header_image":134279,"column_title":"","titulo_incentivo":"Diplomado en Gesti\u00f3n de la Carga de Trabajo","fecha_de_inicio":"10062021","precio_en_cuotas":"8 pagos mensuales de \u20ac 123,75","precio_de_lista":"","mostrar_form":false,"promocion_vigente":"","duracion_del_curso":"9 meses","nivel_del_curso":"Avanzado","modalidad_cursado":"Online","contenido":"<p><strong>IMPORTANTE: <\/strong><\/p>\n<p>Si eres o has sido participante de un programa online de Bar\u00e7a Innovation Hub Universitas y te interesa inscribirte en este Diplomado, cont\u00e1ctate con nosotros a trav\u00e9s del CHAT para poder guiarte en el proceso de compra.<\/p>\n","ocultar_video":true,"url_video":"","avalado_por":false,"pdf_brochure":"https:\/\/static.capabiliaserver.com\/frontend\/clients\/barca\/wp_prod\/wp-content\/uploads\/2021\/04\/03b06632-diplomado-en-gestion-de-la-carga-de-trabajo.pdf","cursos_que_lo_componen":[{"nombre_del_curso":"Herramientas y variables para la monitorizacio\u0301n de la carga de entrenamiento","descripcion_del_curso":"<p>MO\u0301DULO 1: Introduccio\u0301n a la monitorizacio\u0301n de la carga de entrenamiento<br \/>\nMO\u0301DULO 2: El ciclo de planificar-intervenir-evaluar en el proceso de entrenamiento<br \/>\nMO\u0301DULO 3: Herramientas de monitorizacio\u0301n de carga interna y sus variables<br \/>\nMO\u0301DULO 4: Herramientas de monitorizacio\u0301n de carga externa y sus variables<\/p>\n"},{"nombre_del_curso":"Eleccio\u0301n de variables: \u00bfestamos repitiendo informacio\u0301n o aportando informacio\u0301n adicional?","descripcion_del_curso":"<p>MO\u0301DULO 1: Relacio\u0301n entre variables de carga interna entre s\u00ed y con variables de carga externa<br \/>\nMO\u0301DULO 2: Relacio\u0301n entre variables de carga externa<br \/>\nMO\u0301DULO 3: Integracio\u0301n de medidas. I\u0301ndice de eficiencia<br \/>\nMO\u0301DULO 4: Eleccio\u0301n de variables<\/p>\n"},{"nombre_del_curso":"Evaluacio\u0301n del entrenamiento y gestio\u0301n de la carga de entrenamiento","descripcion_del_curso":"<p>MO\u0301DULO 1: Ana\u0301lisis de la tarea de entrenamiento<br \/>\nMO\u0301DULO 2: Ana\u0301lisis de la sesio\u0301n de entrenamiento<br \/>\nMO\u0301DULO 3: Ana\u0301lisis del microciclo de entrenamiento<br \/>\nMO\u0301DULO 4: Ana\u0301lisis del mesociclo y de fases temporales m\u00e1s amplias de entrenamiento<\/p>\n"},{"nombre_del_curso":"Indicadores para la gestio\u0301n de la carga de entrenamiento","descripcion_del_curso":"<p>MO\u0301DULO 1: Cambios semanales<br \/>\nMO\u0301DULO 2: Ratio de carga aguda cr\u00f3nica: concepto y procedimiento de c\u00e1lculo<br \/>\nM\u00d3DULO 3: Ratio de carga aguda cr\u00f3nica: aplicaciones y limitaciones<br \/>\nMO\u0301DULO 4: Moderadores y mediadores de la carga de entrenamiento<\/p>\n"},{"nombre_del_curso":"Programaci\u00f3n del entrenamiento y perfil fisiol\u00f3gico en deportes de equipo","descripcion_del_curso":"<p>M\u00d3DULO 1: PERIODIZACI\u00d3N, PLANIFICACI\u00d3N Y METODOLOG\u00cdAS. TEOR\u00cdAS Y NUEVOS PARADIGMAS<br \/>\nM\u00d3DULO 2: TEMPORADA DEPORTIVA<br \/>\nM\u00d3DULO 3: CARACTERIZACI\u00d3N DE LOS DEPORTES DE EQUIPO HACIENDO FOCO EN EL F\u00daTBOL. AN\u00c1LISIS DE DEMANDAS F\u00cdSICAS<br \/>\nM\u00d3DULO 4: M\u00d3DULO INTEGRADOR<\/p>\n"},{"nombre_del_curso":"Metodolog\u00eda del entrenamiento de la fuerza: aplicaci\u00f3n en la mejora del rendimiento deportivo y en la readaptaci\u00f3n post lesi\u00f3n a la competici\u00f3n","descripcion_del_curso":"<p>M\u00d3DULO 1: Contextualizaci\u00f3n: \u00bfc\u00f3mo adaptamos el entrenamiento de fuerza a los deportes de equipo?<br \/>\nM\u00d3DULO 2: Metodolog\u00eda del trabajo de fuerza en el deporte de situaci\u00f3n.<br \/>\nM\u00d3DULO 3: Integraci\u00f3n del trabajo de fuerza en la planificaci\u00f3n y programaci\u00f3n de los deportes de situaci\u00f3n.<br \/>\nM\u00d3DULO 4: La fuerza en el dise\u00f1o de tareas espec\u00edficas del deporte. Ejemplificaci\u00f3n en f\u00fatbol.<\/p>\n"},{"nombre_del_curso":"La fuerza y potencia muscular como cualidad clave en la readaptaci\u00f3n de las lesiones deportivas","descripcion_del_curso":"<p>M\u00d3DULO 1: Estudio de la lesi\u00f3n en el deporte: los mecanismos lesivos y los factores de riesgo de lesi\u00f3n asociados.<br \/>\nM\u00d3DULO 2: Las lesiones deportivas y su relaci\u00f3n con la cualidad de fuerza.<br \/>\nM\u00d3DULO 3: Manifestaciones de la fuerza y la potencia muscular en el proceso de readaptaci\u00f3n post lesi\u00f3n.<br \/>\nM\u00d3DULO 4: Nuevos paradigmas en el entrenamiento de la fuerza: musculaci\u00f3n mediante oclusi\u00f3n vascular.<\/p>\n"},{"nombre_del_curso":"Nutrici\u00f3n periodizada","descripcion_del_curso":"<p>M\u00d3DULO 1: La teor\u00eda<br \/>\nM\u00d3DULO 2: Entrenar los intestinos<br \/>\nM\u00d3DULO 3: Entrenamiento bajo<br \/>\nM\u00d3DULO 4: De la teor\u00eda a la pr\u00e1ctica<\/p>\n"},{"nombre_del_curso":"Prevenci\u00f3n de Lesiones","descripcion_del_curso":"<p>M\u00d3DULO 1: Conceptos b\u00e1sicos en epidemiolog\u00eda y prevenci\u00f3n de lesiones<br \/>\nM\u00d3DULO 2: Prevenci\u00f3n de lesiones musculares<br \/>\nM\u00d3DULO 3: Prevenci\u00f3n de lesiones articulares<br \/>\nM\u00d3DULO 4: M\u00f3dulo integrador<\/p>\n"}],"aprende_a":[{"item_aprende_a":"Manejar las distintas herramientas y variables de la monitorizacio\u0301n del entrenamiento."},{"item_aprende_a":"Seleccionar las variables adecuadas en funcio\u0301n de los distintos objetivos que se tengan dentro del control de carga de entrenamiento y competencia."},{"item_aprende_a":"Utilizar los datos arrojados por el control de la carga para evaluar y gestionar el proceso."},{"item_aprende_a":"Detectar y utilizar de manera adecuada los indicadores ma\u0301s relevantes de la carga de entrenamiento."},{"item_aprende_a":"Analizar los datos de la monitorizaci\u00f3n de la carga de trabajo para orientar el proceso de entrenamiento hacia la prevenci\u00f3n de lesiones y el consiguiente aumento del rendimiento deportivo."},{"item_aprende_a":"Mejorar el rendimiento deportivo y la prevenci\u00f3n de lesiones a partir de un conocimiento profundo sobre la metodolog\u00eda a aplicar en los programas de entrenamiento de la fuerza y la potencia muscular."},{"item_aprende_a":"Aplicar la metodolog\u00eda adecuada en el dise\u00f1o del proceso de readaptaci\u00f3n post lesi\u00f3n en aquellas afecciones donde el desarrollo de la fuerza tenga un marcado protagonismo."},{"item_aprende_a":"Comprender la base te\u00f3rica para la periodizaci\u00f3n de la nutrici\u00f3n."}],"preguntas_frecuentes":false,"contenidistas":false,"docentes_expertos":[{"foto":"https:\/\/static.capabiliaserver.com\/frontend\/clients\/barca\/wp_prod\/wp-content\/uploads\/2019\/11\/d6410ec9-1f90fbb3-bdd49166-david-casamichana-150x150.jpg","nombre_del_docente":"David Casamichana G\u00f3mez","descripcion_del_docente":"Doctor en Ciencias de la Actividad F\u00edsica y del Deporte. Preparador f\u00edsico en f\u00fatbol. Profesor universitario e investigador.","enlace":""},{"foto":"https:\/\/static.capabiliaserver.com\/frontend\/clients\/barca\/wp\/wp-content\/uploads\/2018\/12\/Francisco_Paco_Seirul-lo_Vargas-150x150.jpg","nombre_del_docente":"Paco Seirul\u00b7lo Vargas","descripcion_del_docente":"Responsable del \u00e1rea de metodolog\u00eda del FC Barcelona.","enlace":""},{"foto":"https:\/\/static.capabiliaserver.com\/frontend\/clients\/barca\/wp_prod\/wp-content\/uploads\/2019\/11\/35f4d0fa-ebbe19cc-3b4b2d46-dani-150x150.jpg","nombre_del_docente":"Daniel Romero Rodriguez","descripcion_del_docente":"Preparador f\u00edsico del primer equipo de f\u00fatbol del FC Barcelona.","enlace":""},{"foto":"https:\/\/barcanew.capabiliaserver.com\/wp-content\/uploads\/2020\/02\/9c4adc5b-francesc-cos-2.jpg","nombre_del_docente":"Francesc Cos","descripcion_del_docente":"Ex preparador f\u00edsico de la fuerza del primer equipo de f\u00fatbol del FC Barcelona (2004-2016). Ex director del \u00e1rea de Rendimiento Deportivo del Bar\u00e7a Innovation Hub (2016-2018). Actualmente es Preparador F\u00edsico del Manchester City.","enlace":""},{"foto":"https:\/\/static.capabiliaserver.com\/frontend\/clients\/barca\/wp_prod\/wp-content\/uploads\/2019\/11\/cad3d3e6-7ad8304a-asker_jeukendrup-150x150.jpg","nombre_del_docente":"Asker Jeukendrup","descripcion_del_docente":"Cient\u00edfico en nutrici\u00f3n deportiva. Profesor de metabolismo del ejercicio. Consultor de rendimiento en deporte de \u00e9lite. Emprendedor. Triatleta Ironman.","enlace":""}],"imagen_destacada":"https:\/\/static.capabiliaserver.com\/frontend\/clients\/barca\/wp_prod\/wp-content\/uploads\/2021\/04\/3bcb55ba-professional-diploma-in-strength-and-conditioning_.jpg","slidebox":false,"titulo_seccion_testimonios":"","slider_testimonios":false,"imagen_de_fondo_testimonios":false,"color_de_fondo_testimonios":"","activar_banner_1":false,"banner_1":false,"activar_banner_2":false,"banner_2":false,"activar_banner_3":false,"banner_3":false,"segunda_fecha_de_inicio":"","zona_horaria":"Europe\/Madrid","url_cursado_webinar":"","activar_nuevos_banners":false,"mostrar_banner_1":false,"crear_banner_1":{"utilizar_imagen_unica_para_banner":false,"asignar_imagen_unica_para_banner":false,"mostrar_titulo_banner":false,"titulo_para_banner":"","mostrar_subtitulo_banner":false,"subtitulo_del_banner":"","mostrar_cta_banner":false,"texto_cta_banner":"","url_cta_banner":"","fondo_de_color_banner":"","fondo_de_imagen_banner":false,"mostrar_imagen_izquierda_banner":false,"asignar_imagen_izquierda_banner":false},"mostrar_banner_2":false,"crear_banner_2":{"utilizar_imagen_unica_para_banner":false,"asignar_imagen_unica_para_banner":false,"mostrar_titulo_banner":false,"titulo_para_banner":"","mostrar_subtitulo_banner":false,"subtitulo_del_banner":"","mostrar_cta_banner":false,"texto_cta_banner":"","url_cta_banner":"","fondo_de_color_banner":"","fondo_de_imagen_banner":false,"mostrar_imagen_izquierda_banner":false,"asignar_imagen_izquierda_banner":false},"mostrar_banner_3":false,"crear_banner_3":{"utilizar_imagen_unica_para_banner":false,"asignar_imagen_unica_para_banner":false,"mostrar_titulo_banner":false,"titulo_para_banner":"","mostrar_subtitulo_banner":false,"subtitulo_del_banner":"","mostrar_cta_banner":false,"texto_cta_banner":"","url_cta_banner":"","fondo_de_color_banner":"","fondo_de_imagen_banner":false,"mostrar_imagen_izquierda_banner":false,"asignar_imagen_izquierda_banner":false},"activar_hero_video":false,"video_texto":"","video_header":false,"pdf_brochure_link_drive":"https:\/\/drive.google.com\/uc?id=1Wi_VRjyft06fYsugoSgv2aRCRlDdfCxI&export=download"},"idiomas":{"en":87780,"es":87785,"ar":87781,"ca":87782,"ru":87784,"pt":87783},"_links":{"self":[{"href":"https:\/\/barcanew.capabiliaserver.com\/es\/wp-json\/wp\/v2\/products\/87785"}],"collection":[{"href":"https:\/\/barcanew.capabiliaserver.com\/es\/wp-json\/wp\/v2\/products"}],"about":[{"href":"https:\/\/barcanew.capabiliaserver.com\/es\/wp-json\/wp\/v2\/types\/product"}],"author":[{"embeddable":true,"href":"https:\/\/barcanew.capabiliaserver.com\/es\/wp-json\/wp\/v2\/users\/16"}],"replies":[{"embeddable":true,"href":"https:\/\/barcanew.capabiliaserver.com\/es\/wp-json\/wp\/v2\/comments?post=87785"}],"version-history":[{"count":5,"href":"https:\/\/barcanew.capabiliaserver.com\/es\/wp-json\/wp\/v2\/products\/87785\/revisions"}],"predecessor-version":[{"id":135213,"href":"https:\/\/barcanew.capabiliaserver.com\/es\/wp-json\/wp\/v2\/products\/87785\/revisions\/135213"}],"wp:attachment":[{"href":"https:\/\/barcanew.capabiliaserver.com\/es\/wp-json\/wp\/v2\/media?parent=87785"}],"wp:term":[{"taxonomy":"category","embeddable":true,"href":"https:\/\/barcanew.capabiliaserver.com\/es\/wp-json\/wp\/v2\/categories?post=87785"}],"curies":[{"name":"wp","href":"https:\/\/api.w.org\/{rel}","templated":true}]}}