{"id":87767,"date":"2021-04-11T05:06:36","date_gmt":"2021-04-11T08:06:36","guid":{"rendered":"https:\/\/barcanew.capabiliaserver.com\/?post_type=product&#038;p=87767"},"modified":"2023-01-12T10:13:11","modified_gmt":"2023-01-12T13:13:11","slug":"diplomado-comunicacion-deportiva-fan-engagement","status":"publish","type":"product","link":"https:\/\/barcanew.capabiliaserver.com\/es\/product\/diplomado-comunicacion-deportiva-fan-engagement\/","title":{"rendered":"Diplomado en Comunicaci\u00f3n Deportiva y Fan Engagement"},"content":{"rendered":"<p>contenido<\/p>\n","protected":false},"excerpt":{"rendered":"<p>excerpt<\/p>\n","protected":false},"author":16,"featured_media":0,"comment_status":"open","ping_status":"closed","template":"","meta":{"_acf_changed":false,"footnotes":""},"categories":[114],"acf":{"external_id":"1415","titulo_curso":"Diplomado en Comunicaci\u00f3n Deportiva y Fan Engagement - Carrusel","precio":"960","impartido_en":"Castellano","producto_path":false,"hubspot_product_id":"703324481","id_magento":"382","header_image":109011,"column_title":"","titulo_incentivo":"Diplomado en Comunicaci\u00f3n Deportiva y Fan Engagement ","fecha_de_inicio":"10062021","precio_en_cuotas":"7 pagos mensuales de \u20ac 137","precio_de_lista":"","mostrar_form":false,"promocion_vigente":"","duracion_del_curso":"8 meses","nivel_del_curso":"Introductorio","modalidad_cursado":"Online","contenido":"<p><strong>IMPORTANTE:<\/strong><\/p>\n<p>Si eres o has sido participante de un programa online de Bar\u00e7a Innovation Hub Universitas y te interesa inscribirte en este Diplomado, cont\u00e1ctate con nosotros a trav\u00e9s del CHAT para poder guiarte en el proceso de compra.<\/p>\n","ocultar_video":true,"url_video":"","avalado_por":false,"pdf_brochure":"https:\/\/static.capabiliaserver.com\/frontend\/clients\/barca\/wp_prod\/wp-content\/uploads\/2021\/04\/423c4ae2-diplomado-en-comunicacion-deportiva-y-fan-engagement.pdf","cursos_que_lo_componen":[{"nombre_del_curso":"Problemas de comunicaci\u00f3n en organizaciones deportivas","descripcion_del_curso":"<p>M\u00d3DULO 1: Descripci\u00f3n del rol de la comunicaci\u00f3n en las organizaciones deportivas<br \/>\nM\u00d3DULO 2: Historia de los medios en las comunicaciones deportivas y colaboraci\u00f3n con los periodistas<br \/>\nM\u00d3DULO 3: Elaboraci\u00f3n de mensajes para medios tradicionales y digitales<br \/>\nM\u00d3DULO 4: Creaci\u00f3n de una estrategia de comunicaci\u00f3n para maximizar el impacto<\/p>\n"},{"nombre_del_curso":"Relaciones p\u00fablicas en organizaciones deportivas","descripcion_del_curso":"<p>M\u00d3DULO 1: Las bases de las relaciones p\u00fablicas en los deportes<br \/>\nM\u00d3DULO 2: El panorama cambiante de las relaciones p\u00fablicas en los deportes: del modelo de informaci\u00f3n deportiva al modelo de comunicaci\u00f3n activa<br \/>\nM\u00d3DULO 3: Relaciones p\u00fablicas en los deportes y comunicaci\u00f3n durante crisis<br \/>\nM\u00d3DULO 4: Relaciones p\u00fablicas en los deportes y medios sociales y digitales<\/p>\n"},{"nombre_del_curso":"Estrategias, marcas y comunicaciones en l\u00ednea","descripcion_del_curso":"<p>M\u00d3DULO 1: Tendencias, investigaciones y auditor\u00edas digitales<br \/>\nM\u00d3DULO 2: estrategias de marketing digital y marcas en l\u00ednea<br \/>\nM\u00d3DULO 3: Comunicaciones<br \/>\nM\u00d3DULO 4: Plan de contenidos y gesti\u00f3n de crisis<\/p>\n"},{"nombre_del_curso":"Generaci\u00f3n de ingresos y compromiso con los fan\u00e1ticos","descripcion_del_curso":"<p>M\u00d3DULO 1: Data y recursos<br \/>\nM\u00d3DULO 2: Fuente de ingresos digitales<br \/>\nM\u00d3DULO 3: Fan engagement y eSports<br \/>\nM\u00d3DULO 4: Juegos de fantas\u00eda y Growing Attendance Model (GAM)<\/p>\n"},{"nombre_del_curso":"\u00bfPor qu\u00e9 fan engagement? Definici\u00f3n, principios y fundamentos","descripcion_del_curso":"<p>M\u00d3DULO 1: El origen del Fan Engagement<br \/>\nM\u00d3DULO 2: Definici\u00f3n de aficionados<br \/>\nM\u00d3DULO 3: El fundamento de la participaci\u00f3n de los aficionados<br \/>\nM\u00d3DULO 4: Crear una estrategia de Fan Engagement<\/p>\n"},{"nombre_del_curso":"Fidelizaci\u00f3n de los aficionados","descripcion_del_curso":"<p>M\u00d3DULO 1: Identidad del club: \u00bf\u2018Misma canci\u00f3n, distinta letra\u2019?<br \/>\nM\u00d3DULO 2: Entender y fidelizar la base de aficionados<br \/>\nM\u00d3DULO 3: Dar valor a las experiencias de los aficionados<br \/>\nM\u00d3DULO 4: Personas y culturas<\/p>\n"},{"nombre_del_curso":"\u00bfQu\u00e9 es un aficionado? Entender la naturaleza de la afici\u00f3n","descripcion_del_curso":"<p>M\u00d3DULO 1: Aficionado versus cliente: un amor basado en fricci\u00f3n, emoci\u00f3n e irracionalidad<br \/>\nM\u00d3DULO 2: Comprendiendo el comportamiento de los aficionados<br \/>\nM\u00d3DULO 3: Consulta a los aficionados y un di\u00e1logo estructurado<br \/>\nM\u00d3DULO 4: Incrementando la participaci\u00f3n (datos e indicadores)<\/p>\n"},{"nombre_del_curso":"Liderazgo: crear y mantener una cultura de fidelizaci\u00f3n","descripcion_del_curso":"<p>M\u00d3DULO 1: Una introducci\u00f3n al liderazgo en Fan Engagement<br \/>\nM\u00d3DULO 2: Un modelo de fidelizaci\u00f3n<br \/>\nM\u00d3DULO 3: Participaci\u00f3n de la comunidad<br \/>\nM\u00d3DULO 4: Incorporar el Fan Engagement<\/p>\n"}],"aprende_a":[{"item_aprende_a":"Dominar aspectos centrales de una estrategia de comunicaci\u00f3n externa."},{"item_aprende_a":"Mejorar la funci\u00f3n de relaciones p\u00fablicas en las organizaciones deportivas y la capacidad de identificar posibles amenazas de relaciones p\u00fablicas y estrategias apropiadas para responder ante crisis que se ejecuten a trav\u00e9s de medios tradicionales y medios sociales para corregir estos problemas."},{"item_aprende_a":"Crear un plan de marketing digital."},{"item_aprende_a":"Construir una marca en l\u00ednea."},{"item_aprende_a":"Crear un plan de contenidos y comunicaciones."},{"item_aprende_a":"Desarrollar un entendimiento m\u00e1s detallado sobre Fan Engagement: su definici\u00f3n, historia, principios, pr\u00e1cticas y fundamentos."},{"item_aprende_a":"Entender la naturaleza de los aficionados y la afici\u00f3n para poner a los fan\u00e1ticos en el centro de la actividad de clubes, ligas y\/o asociaciones nacionales."},{"item_aprende_a":"Crear una estrategia de Fan Engagement y dise\u00f1ar una experiencia \u00f3ptima para los aficionados, incluyendo todos los \u2018puntos de contacto\u2019 relevantes y para todos los segmentos clave de los aficionados."},{"item_aprende_a":"Crear una cultura de fidelizaci\u00f3n en una asociaci\u00f3n, liga o club (liderazgo en Fan Engagement)."}],"preguntas_frecuentes":false,"contenidistas":false,"docentes_expertos":[{"foto":"https:\/\/barcanew.capabiliaserver.com\/wp-content\/uploads\/2018\/06\/Jimmy_Sanderson-1.jpg","nombre_del_docente":"Jimmy Sanderson","descripcion_del_docente":"Profesor Asistente en el Departamento de Kinesiolog\u00eda y Gesti\u00f3n Deportiva de la Universidad Tecnol\u00f3gica de Texas. Investiga activamente la influencia de las redes sociales en el deporte y es consultor de organizaciones deportivas en materia de gesti\u00f3n de redes sociales.","enlace":""},{"foto":"https:\/\/barcanew.capabiliaserver.com\/wp-content\/uploads\/2018\/06\/Sean_D_Williams-150x150.jpg","nombre_del_docente":"Sean D. Williams","descripcion_del_docente":"Ph.D., profesor y miembro del Spiro Institute for Entrepreneurial Leadership de la Universidad de Clemson.","enlace":""},{"foto":"https:\/\/barcanew.capabiliaserver.com\/wp-content\/uploads\/2020\/01\/fcc01266-geoff-wilson-328x328.jpg","nombre_del_docente":"Geoff Wilson","descripcion_del_docente":"Estratega deportivo que hace hincapi\u00e9 en organizaciones deportivas y negocios involucrados en el deporte alrededor del mundo. Actualmente trabaja como consultor en comunicaci\u00f3n y marketing para clientes como UEFA, AFC, FIFA, FIBA y el Ulster Grand Prix.","enlace":""},{"foto":"https:\/\/barcanew.capabiliaserver.com\/wp-content\/uploads\/2020\/06\/a52cd486-mark-bradley.png","nombre_del_docente":"Mark Bradley","descripcion_del_docente":"Mentor de la UEFA. Director de \"The Fan Experience Company\".","enlace":""}],"imagen_destacada":false,"slidebox":false,"titulo_seccion_testimonios":"","slider_testimonios":false,"imagen_de_fondo_testimonios":false,"color_de_fondo_testimonios":"","activar_banner_1":false,"banner_1":false,"activar_banner_2":false,"banner_2":false,"activar_banner_3":false,"banner_3":false,"segunda_fecha_de_inicio":"","zona_horaria":"Europe\/Madrid","url_cursado_webinar":"","activar_nuevos_banners":false,"mostrar_banner_1":false,"crear_banner_1":{"utilizar_imagen_unica_para_banner":false,"asignar_imagen_unica_para_banner":false,"mostrar_titulo_banner":false,"titulo_para_banner":"","mostrar_subtitulo_banner":false,"subtitulo_del_banner":"","mostrar_cta_banner":false,"texto_cta_banner":"","url_cta_banner":"","fondo_de_color_banner":"","fondo_de_imagen_banner":false,"mostrar_imagen_izquierda_banner":false,"asignar_imagen_izquierda_banner":false},"mostrar_banner_2":false,"crear_banner_2":{"utilizar_imagen_unica_para_banner":false,"asignar_imagen_unica_para_banner":false,"mostrar_titulo_banner":false,"titulo_para_banner":"","mostrar_subtitulo_banner":false,"subtitulo_del_banner":"","mostrar_cta_banner":false,"texto_cta_banner":"","url_cta_banner":"","fondo_de_color_banner":"","fondo_de_imagen_banner":false,"mostrar_imagen_izquierda_banner":false,"asignar_imagen_izquierda_banner":false},"mostrar_banner_3":false,"crear_banner_3":{"utilizar_imagen_unica_para_banner":false,"asignar_imagen_unica_para_banner":false,"mostrar_titulo_banner":false,"titulo_para_banner":"","mostrar_subtitulo_banner":false,"subtitulo_del_banner":"","mostrar_cta_banner":false,"texto_cta_banner":"","url_cta_banner":"","fondo_de_color_banner":"","fondo_de_imagen_banner":false,"mostrar_imagen_izquierda_banner":false,"asignar_imagen_izquierda_banner":false},"pdf_brochure_link_drive":"https:\/\/drive.google.com\/uc?id=1b1t_TMxMOhxeAdf8X3FujyZA5U3a4ZZd&export=download","activar_hero_video":false,"video_texto":"","video_header":false},"idiomas":{"en":87762,"es":87767,"ar":87763,"ca":87764,"ru":87766,"pt":87765},"_links":{"self":[{"href":"https:\/\/barcanew.capabiliaserver.com\/es\/wp-json\/wp\/v2\/products\/87767"}],"collection":[{"href":"https:\/\/barcanew.capabiliaserver.com\/es\/wp-json\/wp\/v2\/products"}],"about":[{"href":"https:\/\/barcanew.capabiliaserver.com\/es\/wp-json\/wp\/v2\/types\/product"}],"author":[{"embeddable":true,"href":"https:\/\/barcanew.capabiliaserver.com\/es\/wp-json\/wp\/v2\/users\/16"}],"replies":[{"embeddable":true,"href":"https:\/\/barcanew.capabiliaserver.com\/es\/wp-json\/wp\/v2\/comments?post=87767"}],"version-history":[{"count":5,"href":"https:\/\/barcanew.capabiliaserver.com\/es\/wp-json\/wp\/v2\/products\/87767\/revisions"}],"predecessor-version":[{"id":136587,"href":"https:\/\/barcanew.capabiliaserver.com\/es\/wp-json\/wp\/v2\/products\/87767\/revisions\/136587"}],"wp:attachment":[{"href":"https:\/\/barcanew.capabiliaserver.com\/es\/wp-json\/wp\/v2\/media?parent=87767"}],"wp:term":[{"taxonomy":"category","embeddable":true,"href":"https:\/\/barcanew.capabiliaserver.com\/es\/wp-json\/wp\/v2\/categories?post=87767"}],"curies":[{"name":"wp","href":"https:\/\/api.w.org\/{rel}","templated":true}]}}