{"id":87714,"date":"2021-04-11T17:52:06","date_gmt":"2021-04-11T20:52:06","guid":{"rendered":"https:\/\/barcanew.capabiliaserver.com\/?post_type=product&#038;p=87714"},"modified":"2022-11-04T11:17:00","modified_gmt":"2022-11-04T14:17:00","slug":"programa-avanzado-gestion-lesiones-deportes-de-equipo","status":"publish","type":"product","link":"https:\/\/barcanew.capabiliaserver.com\/es\/product\/programa-avanzado-gestion-lesiones-deportes-de-equipo\/","title":{"rendered":"Programa Avanzado en Gesti\u00f3n de Lesiones en Deportes de Equipo"},"content":{"rendered":"<p>contenido<\/p>\n","protected":false},"excerpt":{"rendered":"<p>excerpt<\/p>\n","protected":false},"author":16,"featured_media":0,"comment_status":"open","ping_status":"closed","template":"","meta":{"_acf_changed":false,"footnotes":""},"categories":[114],"acf":{"external_id":"1832","titulo_curso":"Programa Avanzado en Gesti\u00f3n de Lesiones en Deportes de Equipo - Carrusel","precio":"910","impartido_en":"Castellano","producto_path":false,"hubspot_product_id":"703324468","id_magento":"379","header_image":134009,"column_title":"","titulo_incentivo":"Programa Avanzado en Gesti\u00f3n de Lesiones en Deportes de Equipo","fecha_de_inicio":"10062021","precio_en_cuotas":"","precio_de_lista":"","mostrar_form":false,"promocion_vigente":"","duracion_del_curso":"7 meses","nivel_del_curso":"Avanzado","modalidad_cursado":"Online","contenido":"<p>A trav\u00e9s del entendimiento sobre el control de la carga y la prevenci\u00f3n de lesiones, este programa aborda de manera integral las bases que sustentan la fuerza como cualidad para reducir el riesgo de lesi\u00f3n, y a partir de all\u00ed gestionar en el campo el uso correcto de la carga de entrenamiento.<\/p>\n<p>&nbsp;<\/p>\n<p><strong>IMPORTANTE:<\/strong><\/p>\n<p>Si eres o has sido participante de un programa online de Bar\u00e7a Innovation Hub Universitas y te interesa inscribirte en este Diplomado, cont\u00e1ctate con nosotros a trav\u00e9s del CHAT para poder guiarte en el proceso de compra.<\/p>\n<p>&nbsp;<\/p>\n","ocultar_video":true,"url_video":"","avalado_por":false,"pdf_brochure":"https:\/\/static.capabiliaserver.com\/frontend\/clients\/barca\/wp_prod\/wp-content\/uploads\/2021\/04\/334b3376-programa-avanzado-en-manejo-de-lesiones-para-deportes-de-equipo.pdf","cursos_que_lo_componen":[{"nombre_del_curso":"Prevenci\u00f3n de lesiones","descripcion_del_curso":"<p>M\u00d3DULO 1: Conceptos b\u00e1sicos en epidemiolog\u00eda y prevenci\u00f3n de lesiones<br \/>\nM\u00d3DULO 2: Prevenci\u00f3n de lesiones musculares<br \/>\nM\u00d3DULO 3: Prevenci\u00f3n de lesiones articulares<br \/>\nM\u00d3DULO 4: M\u00f3dulo integrador<\/p>\n"},{"nombre_del_curso":"Patolog\u00eda en deportes de equipo","descripcion_del_curso":"<p>M\u00d3DULO 1: Gesti\u00f3n de la patolog\u00eda m\u00e9dica 1<br \/>\nM\u00d3DULO 2: Gesti\u00f3n de la patolog\u00eda m\u00e9dica 2<br \/>\nM\u00d3DULO 3: Patolog\u00edas espec\u00edficas por deporte<br \/>\nM\u00d3DULO 4: Deportes y competiciones especiales<\/p>\n"},{"nombre_del_curso":"Bases neuromusculares en el entrenamiento de la fuerza","descripcion_del_curso":"<p>M\u00d3DULO 1: Caracter\u00edsticas del sistema m\u00fasculo esquel\u00e9tico<br \/>\nM\u00d3DULO 2: Las acciones musculares y su relaci\u00f3n con el deporte<br \/>\nM\u00d3DULO 3: Cambios sist\u00e9micos en el desentrenamiento y la inmovilizaci\u00f3n<br \/>\nM\u00d3DULO 4: La valoraci\u00f3n de las propiedades musculares con relaci\u00f3n al deporte<\/p>\n"},{"nombre_del_curso":"Metodolog\u00eda del entrenamiento de la fuerza: aplicaci\u00f3n en la mejora del rendimiento deportivo y en la readaptaci\u00f3n post lesi\u00f3n a la competici\u00f3n","descripcion_del_curso":"<p>M\u00d3DULO 1: Contextualizaci\u00f3n: \u00bfc\u00f3mo adaptamos el entrenamiento de fuerza a los deportes de equipo?<br \/>\nM\u00d3DULO 2: Metodolog\u00eda del trabajo de fuerza en el deporte de situaci\u00f3n.<br \/>\nM\u00d3DULO 3: Integraci\u00f3n del trabajo de fuerza en la planificaci\u00f3n y programaci\u00f3n de los deportes de situaci\u00f3n.<br \/>\nM\u00d3DULO 4: La fuerza en el dise\u00f1o de tareas espec\u00edficas del deporte. Ejemplificaci\u00f3n en f\u00fatbol.<\/p>\n"},{"nombre_del_curso":"La fuerza y potencia muscular como cualidad clave en la readaptaci\u00f3n de las lesiones deportivas","descripcion_del_curso":"<p>M\u00d3DULO 1: Estudio de la lesi\u00f3n en el deporte: los mecanismos lesivos y los factores de riesgo de lesi\u00f3n asociados.<br \/>\nM\u00d3DULO 2: Las lesiones deportivas y su relaci\u00f3n con la cualidad de fuerza.<br \/>\nM\u00d3DULO 3: Manifestaciones de la fuerza y la potencia muscular en el proceso de readaptaci\u00f3n post lesi\u00f3n.<br \/>\nM\u00d3DULO 4: Nuevos paradigmas en el entrenamiento de la fuerza: musculaci\u00f3n mediante oclusi\u00f3n vascular.<\/p>\n"},{"nombre_del_curso":"Indicadores para la Gestio\u0301n de la Carga de Entrenamiento","descripcion_del_curso":"<p>MO\u0301DULO 1: Cambios semanales<br \/>\nMO\u0301DULO 2: Ratio de carga aguda cr\u00f3nica: concepto y procedimiento de c\u00e1lculo<br \/>\nM\u00d3DULO 3: Ratio de carga aguda cr\u00f3nica: aplicaciones y limitaciones<br \/>\nMO\u0301DULO 4: Moderadores y mediadores de la carga de entrenamiento<\/p>\n"},{"nombre_del_curso":"Eleccio\u0301n de Variables: \u00bfEstamos Repitiendo Informacio\u0301n o Aportando Informacio\u0301n Adicional?","descripcion_del_curso":"<p>MO\u0301DULO 1: Relacio\u0301n entre variables de carga interna entre s\u00ed y con variables de carga externa<br \/>\nMO\u0301DULO 2: Relacio\u0301n entre variables de carga externa<br \/>\nMO\u0301DULO 3: Integracio\u0301n de medidas. I\u0301ndice de eficiencia<br \/>\nMO\u0301DULO 4: Eleccio\u0301n de variables<\/p>\n"}],"aprende_a":[{"item_aprende_a":"Plantear estrategias preventivas eficientes basadas en un proceso sustentado en la evidencia cient\u00edfica."},{"item_aprende_a":"Manejar las patolog\u00edas y lesiones diferenciadas por deporte."},{"item_aprende_a":"Mejorar el an\u00e1lisis cr\u00edtico al realizar un programa de entrenamiento en los diferentes roles profesionales relacionados con las ciencias del deporte y la salud."},{"item_aprende_a":"Mejorar el rendimiento deportivo y la prevenci\u00f3n de lesiones a partir de un conocimiento profundo sobre la metodolog\u00eda a aplicar en los programas de entrenamiento de la fuerza y la potencia muscular."},{"item_aprende_a":"Aplicar la metodolog\u00eda adecuada en el dise\u00f1o del proceso de readaptaci\u00f3n post lesi\u00f3n en aquellas afecciones donde el desarrollo de la fuerza tenga un marcado protagonismo."},{"item_aprende_a":"Analizar los datos de la monitorizaci\u00f3n de la carga de trabajo para orientar el proceso de entrenamiento hacia la prevenci\u00f3n de lesiones y el consiguiente aumento del rendimiento deportivo."}],"preguntas_frecuentes":false,"contenidistas":false,"docentes_expertos":[{"foto":"https:\/\/static.capabiliaserver.com\/frontend\/clients\/barca\/wp_prod\/wp-content\/uploads\/2019\/11\/82f8167e-c97cdcd6-2d75bdaf-paco-seirul-lo-150x150.jpg","nombre_del_docente":"Paco Seirul\u00b7lo Vargas","descripcion_del_docente":"Responsable del \u00e1rea de metodolog\u00eda del FC Barcelona.","enlace":""},{"foto":"https:\/\/static.capabiliaserver.com\/frontend\/clients\/barca\/wp_prod\/wp-content\/uploads\/2019\/11\/956f2dd5-732d005c-8494207e-gil-rodas-150x150.jpg","nombre_del_docente":"Gil Rodas Font","descripcion_del_docente":"Doctor en Medicina y Cirug\u00eda. Especialista en Medicina de la Educaci\u00f3n F\u00edsica y el Deporte. Responsable del \u00e1rea de Servicios M\u00e9dicos del Bar\u00e7a Innovation Hub.","enlace":""},{"foto":"https:\/\/static.capabiliaserver.com\/frontend\/clients\/barca\/wp_prod\/wp-content\/uploads\/2019\/11\/35f4d0fa-ebbe19cc-3b4b2d46-dani-150x150.jpg","nombre_del_docente":"Daniel Romero Rodriguez","descripcion_del_docente":"Preparador f\u00edsico del primer equipo de f\u00fatbol del FC Barcelona.","enlace":""},{"foto":"https:\/\/barcanew.capabiliaserver.com\/wp-content\/uploads\/2020\/02\/9c4adc5b-francesc-cos-2.jpg","nombre_del_docente":"Francesc Cos","descripcion_del_docente":"Ex preparador f\u00edsico de la fuerza del primer equipo de f\u00fatbol del FC Barcelona (2004-2016). Ex director del \u00e1rea de Rendimiento Deportivo del Bar\u00e7a Innovation Hub (2016-2018). Actualmente es Preparador F\u00edsico del Manchester City.","enlace":""},{"foto":"https:\/\/barcanew.capabiliaserver.com\/wp-content\/uploads\/2019\/01\/469f2a42-david-casamichana.jpg","nombre_del_docente":"David Casamichana G\u00f3mez","descripcion_del_docente":"Doctor en Ciencias de la Actividad F\u00edsica y del Deporte. Preparador f\u00edsico en f\u00fatbol. Profesor universitario e investigador.","enlace":""}],"imagen_destacada":"https:\/\/static.capabiliaserver.com\/frontend\/clients\/barca\/wp_prod\/wp-content\/uploads\/2021\/04\/19def8bd-advanced-program-in-injury-management-for-team-sports_.jpg","slidebox":false,"titulo_seccion_testimonios":"","slider_testimonios":false,"imagen_de_fondo_testimonios":false,"color_de_fondo_testimonios":"","activar_banner_1":false,"banner_1":false,"activar_banner_2":false,"banner_2":false,"activar_banner_3":false,"banner_3":false,"segunda_fecha_de_inicio":"","zona_horaria":"Europe\/Madrid","url_cursado_webinar":"","activar_nuevos_banners":false,"mostrar_banner_1":false,"crear_banner_1":{"utilizar_imagen_unica_para_banner":false,"asignar_imagen_unica_para_banner":false,"mostrar_titulo_banner":false,"titulo_para_banner":"","mostrar_subtitulo_banner":false,"subtitulo_del_banner":"","mostrar_cta_banner":false,"texto_cta_banner":"","url_cta_banner":"","fondo_de_color_banner":"","fondo_de_imagen_banner":false,"mostrar_imagen_izquierda_banner":false,"asignar_imagen_izquierda_banner":false},"mostrar_banner_2":false,"crear_banner_2":{"utilizar_imagen_unica_para_banner":false,"asignar_imagen_unica_para_banner":false,"mostrar_titulo_banner":false,"titulo_para_banner":"","mostrar_subtitulo_banner":false,"subtitulo_del_banner":"","mostrar_cta_banner":false,"texto_cta_banner":"","url_cta_banner":"","fondo_de_color_banner":"","fondo_de_imagen_banner":false,"mostrar_imagen_izquierda_banner":false,"asignar_imagen_izquierda_banner":false},"mostrar_banner_3":false,"crear_banner_3":{"utilizar_imagen_unica_para_banner":false,"asignar_imagen_unica_para_banner":false,"mostrar_titulo_banner":false,"titulo_para_banner":"","mostrar_subtitulo_banner":false,"subtitulo_del_banner":"","mostrar_cta_banner":false,"texto_cta_banner":"","url_cta_banner":"","fondo_de_color_banner":"","fondo_de_imagen_banner":false,"mostrar_imagen_izquierda_banner":false,"asignar_imagen_izquierda_banner":false},"activar_hero_video":false,"video_texto":"","video_header":false,"pdf_brochure_link_drive":"https:\/\/drive.google.com\/uc?id=15BVhdNZ4rNC06Dmx84Uu_JBXVKnFUbbD&export=download"},"idiomas":{"en":87709,"es":87714,"ar":87710,"ca":87711,"ru":87713,"pt":87712},"_links":{"self":[{"href":"https:\/\/barcanew.capabiliaserver.com\/es\/wp-json\/wp\/v2\/products\/87714"}],"collection":[{"href":"https:\/\/barcanew.capabiliaserver.com\/es\/wp-json\/wp\/v2\/products"}],"about":[{"href":"https:\/\/barcanew.capabiliaserver.com\/es\/wp-json\/wp\/v2\/types\/product"}],"author":[{"embeddable":true,"href":"https:\/\/barcanew.capabiliaserver.com\/es\/wp-json\/wp\/v2\/users\/16"}],"replies":[{"embeddable":true,"href":"https:\/\/barcanew.capabiliaserver.com\/es\/wp-json\/wp\/v2\/comments?post=87714"}],"version-history":[{"count":5,"href":"https:\/\/barcanew.capabiliaserver.com\/es\/wp-json\/wp\/v2\/products\/87714\/revisions"}],"predecessor-version":[{"id":135188,"href":"https:\/\/barcanew.capabiliaserver.com\/es\/wp-json\/wp\/v2\/products\/87714\/revisions\/135188"}],"wp:attachment":[{"href":"https:\/\/barcanew.capabiliaserver.com\/es\/wp-json\/wp\/v2\/media?parent=87714"}],"wp:term":[{"taxonomy":"category","embeddable":true,"href":"https:\/\/barcanew.capabiliaserver.com\/es\/wp-json\/wp\/v2\/categories?post=87714"}],"curies":[{"name":"wp","href":"https:\/\/api.w.org\/{rel}","templated":true}]}}