{"id":87636,"date":"2021-04-10T20:15:22","date_gmt":"2021-04-10T23:15:22","guid":{"rendered":"https:\/\/barcanew.capabiliaserver.com\/?post_type=product&#038;p=87636"},"modified":"2022-11-04T12:13:30","modified_gmt":"2022-11-04T15:13:30","slug":"programa-especializado-gestion-carga-de-trabajo","status":"publish","type":"product","link":"https:\/\/barcanew.capabiliaserver.com\/es\/product\/programa-especializado-gestion-carga-de-trabajo\/","title":{"rendered":"Programa Especializado en Gesti\u00f3n de la Carga de Trabajo"},"content":{"rendered":"<p>contenido<\/p>\n","protected":false},"excerpt":{"rendered":"<p>excerpt<\/p>\n","protected":false},"author":16,"featured_media":0,"comment_status":"open","ping_status":"closed","template":"","meta":{"_acf_changed":false,"footnotes":""},"categories":[114],"acf":{"external_id":"1823","titulo_curso":"Programa Especializado en Gesti\u00f3n de la Carga de Trabajo - Carrusel","precio":"750","impartido_en":"Castellano","producto_path":false,"hubspot_product_id":"703254426","id_magento":"378","header_image":134497,"column_title":"","titulo_incentivo":"Programa Especializado en Gesti\u00f3n de la Carga de Trabajo","fecha_de_inicio":"10062021","precio_en_cuotas":"","precio_de_lista":"","mostrar_form":false,"promocion_vigente":"","duracion_del_curso":"5 meses","nivel_del_curso":"Introductorio","modalidad_cursado":"Online","contenido":"<p>Este programa desarrolla en profundidad los conceptos relacionados a la gesti\u00f3n de la carga de trabajo en deportes de equipo con foco en el f\u00fatbol, brindando herramientas que permiten al profesional abordar su trabajo con profesionalismo.<\/p>\n<p>&nbsp;<\/p>\n<p><strong>IMPORTANTE:<\/strong><\/p>\n<p>Si eres o has sido participante de un programa online de Bar\u00e7a Innovation Hub Universitas y te interesa inscribirte en este Diplomado, cont\u00e1ctate con nosotros a trav\u00e9s del CHAT para poder guiarte en el proceso de compra.<\/p>\n","ocultar_video":true,"url_video":"","avalado_por":false,"pdf_brochure":"https:\/\/static.capabiliaserver.com\/frontend\/clients\/barca\/wp_prod\/wp-content\/uploads\/2021\/04\/9cf42d55-programa-especializado-gestion-de-la-carga-de-trabajo.pdf","cursos_que_lo_componen":[{"nombre_del_curso":"Herramientas y variables para la monitorizacio\u0301n de la carga de entrenamiento","descripcion_del_curso":"<p>MO\u0301DULO 1: Introduccio\u0301n a la monitorizacio\u0301n de la carga de entrenamiento<br \/>\nMO\u0301DULO 2: El ciclo de planificar-intervenir-evaluar en el proceso de entrenamiento<br \/>\nMO\u0301DULO 3: Herramientas de monitorizacio\u0301n de carga interna y sus variables<br \/>\nMO\u0301DULO 4: Herramientas de monitorizacio\u0301n de carga externa y sus variables<\/p>\n"},{"nombre_del_curso":"Eleccio\u0301n de variables: \u00bfestamos repitiendo informacio\u0301n o aportando informacio\u0301n adicional?","descripcion_del_curso":"<p>MO\u0301DULO 1: Relacio\u0301n entre variables de carga interna entre s\u00ed y con variables de carga externa<br \/>\nMO\u0301DULO 2: Relacio\u0301n entre variables de carga externa<br \/>\nMO\u0301DULO 3: Integracio\u0301n de medidas. I\u0301ndice de eficiencia<br \/>\nMO\u0301DULO 4: Eleccio\u0301n de variables<\/p>\n"},{"nombre_del_curso":"Evaluacio\u0301n del entrenamiento y gestio\u0301n de la carga de entrenamiento","descripcion_del_curso":"<p>MO\u0301DULO 1: Ana\u0301lisis de la tarea de entrenamiento<br \/>\nMO\u0301DULO 2: Ana\u0301lisis de la sesio\u0301n de entrenamiento<br \/>\nMO\u0301DULO 3: Ana\u0301lisis del microciclo de entrenamiento<br \/>\nMO\u0301DULO 4: Ana\u0301lisis del mesociclo y de fases temporales m\u00e1s amplias de entrenamiento<\/p>\n"},{"nombre_del_curso":"Indicadores para la gestio\u0301n de la carga de entrenamiento","descripcion_del_curso":"<p>MO\u0301DULO 1: Cambios semanales<br \/>\nMO\u0301DULO 2: Ratio de carga aguda cr\u00f3nica: concepto y procedimiento de c\u00e1lculo<br \/>\nM\u00d3DULO 3: Ratio de carga aguda cr\u00f3nica: aplicaciones y limitaciones<br \/>\nMO\u0301DULO 4: Moderadores y mediadores de la carga de entrenamiento<\/p>\n"},{"nombre_del_curso":"Programaci\u00f3n del entrenamiento y perfil fisiol\u00f3gico en deportes de equipo","descripcion_del_curso":"<p>M\u00d3DULO 1: PERIODIZACI\u00d3N, PLANIFICACI\u00d3N Y METODOLOG\u00cdAS. TEOR\u00cdAS Y NUEVOS PARADIGMAS<br \/>\nM\u00d3DULO 2: TEMPORADA DEPORTIVA<br \/>\nM\u00d3DULO 3: CARACTERIZACI\u00d3N DE LOS DEPORTES DE EQUIPO HACIENDO FOCO EN EL F\u00daTBOL. AN\u00c1LISIS DE DEMANDAS F\u00cdSICAS<br \/>\nM\u00d3DULO 4: M\u00d3DULO INTEGRADOR<\/p>\n"}],"aprende_a":[{"item_aprende_a":"Manejar las distintas herramientas y variables de la monitorizacio\u0301n del entrenamiento."},{"item_aprende_a":"Seleccionar las variables adecuadas en funcio\u0301n de los distintos objetivos que se tengan dentro del control de carga de entrenamiento y competencia."},{"item_aprende_a":"Utilizar los datos arrojados por el control de la carga para evaluar y gestionar el proceso."},{"item_aprende_a":"Detectar y utilizar de manera adecuada los indicadores ma\u0301s relevantes de la carga de entrenamiento."},{"item_aprende_a":"Analizar los datos de la monitorizaci\u00f3n de la carga de trabajo para orientar el proceso de entrenamiento hacia la prevenci\u00f3n de lesiones y el consiguiente aumento del rendimiento deportivo."}],"preguntas_frecuentes":false,"contenidistas":false,"docentes_expertos":[{"foto":"https:\/\/static.capabiliaserver.com\/frontend\/clients\/barca\/wp_prod\/wp-content\/uploads\/2019\/11\/d6410ec9-1f90fbb3-bdd49166-david-casamichana-150x150.jpg","nombre_del_docente":"David Casamichana G\u00f3mez","descripcion_del_docente":"Doctor en Ciencias de la Actividad F\u00edsica y del Deporte. Preparador f\u00edsico en f\u00fatbol. Profesor universitario e investigador.","enlace":""},{"foto":"https:\/\/static.capabiliaserver.com\/frontend\/clients\/barca\/wp\/wp-content\/uploads\/2018\/12\/Francisco_Paco_Seirul-lo_Vargas-150x150.jpg","nombre_del_docente":"Paco Seirul\u00b7lo Vargas","descripcion_del_docente":"Responsable del \u00e1rea de metodolog\u00eda del FC Barcelona.","enlace":""}],"imagen_destacada":"https:\/\/barcanew.capabiliaserver.com\/wp-content\/uploads\/2021\/04\/ba42eef5-professional-diploma-in-workload-management_-2.jpg","slidebox":false,"titulo_seccion_testimonios":"","slider_testimonios":false,"imagen_de_fondo_testimonios":false,"color_de_fondo_testimonios":"","activar_banner_1":false,"banner_1":false,"activar_banner_2":false,"banner_2":false,"activar_banner_3":false,"banner_3":false,"segunda_fecha_de_inicio":"","zona_horaria":"Europe\/Madrid","url_cursado_webinar":"","activar_nuevos_banners":false,"mostrar_banner_1":false,"crear_banner_1":{"utilizar_imagen_unica_para_banner":false,"asignar_imagen_unica_para_banner":false,"mostrar_titulo_banner":false,"titulo_para_banner":"","mostrar_subtitulo_banner":false,"subtitulo_del_banner":"","mostrar_cta_banner":false,"texto_cta_banner":"","url_cta_banner":"","fondo_de_color_banner":"","fondo_de_imagen_banner":false,"mostrar_imagen_izquierda_banner":false,"asignar_imagen_izquierda_banner":false},"mostrar_banner_2":false,"crear_banner_2":{"utilizar_imagen_unica_para_banner":false,"asignar_imagen_unica_para_banner":false,"mostrar_titulo_banner":false,"titulo_para_banner":"","mostrar_subtitulo_banner":false,"subtitulo_del_banner":"","mostrar_cta_banner":false,"texto_cta_banner":"","url_cta_banner":"","fondo_de_color_banner":"","fondo_de_imagen_banner":false,"mostrar_imagen_izquierda_banner":false,"asignar_imagen_izquierda_banner":false},"mostrar_banner_3":false,"crear_banner_3":{"utilizar_imagen_unica_para_banner":false,"asignar_imagen_unica_para_banner":false,"mostrar_titulo_banner":false,"titulo_para_banner":"","mostrar_subtitulo_banner":false,"subtitulo_del_banner":"","mostrar_cta_banner":false,"texto_cta_banner":"","url_cta_banner":"","fondo_de_color_banner":"","fondo_de_imagen_banner":false,"mostrar_imagen_izquierda_banner":false,"asignar_imagen_izquierda_banner":false},"activar_hero_video":false,"video_texto":"","video_header":false,"pdf_brochure_link_drive":"https:\/\/drive.google.com\/uc?id=1Tbd-Km7LX14PHk5CU6g7gZEI-JhBsSKu&export=download"},"idiomas":{"en":87631,"es":87636,"ar":87632,"ca":87633,"ru":87635,"pt":87634},"_links":{"self":[{"href":"https:\/\/barcanew.capabiliaserver.com\/es\/wp-json\/wp\/v2\/products\/87636"}],"collection":[{"href":"https:\/\/barcanew.capabiliaserver.com\/es\/wp-json\/wp\/v2\/products"}],"about":[{"href":"https:\/\/barcanew.capabiliaserver.com\/es\/wp-json\/wp\/v2\/types\/product"}],"author":[{"embeddable":true,"href":"https:\/\/barcanew.capabiliaserver.com\/es\/wp-json\/wp\/v2\/users\/16"}],"replies":[{"embeddable":true,"href":"https:\/\/barcanew.capabiliaserver.com\/es\/wp-json\/wp\/v2\/comments?post=87636"}],"version-history":[{"count":5,"href":"https:\/\/barcanew.capabiliaserver.com\/es\/wp-json\/wp\/v2\/products\/87636\/revisions"}],"predecessor-version":[{"id":135203,"href":"https:\/\/barcanew.capabiliaserver.com\/es\/wp-json\/wp\/v2\/products\/87636\/revisions\/135203"}],"wp:attachment":[{"href":"https:\/\/barcanew.capabiliaserver.com\/es\/wp-json\/wp\/v2\/media?parent=87636"}],"wp:term":[{"taxonomy":"category","embeddable":true,"href":"https:\/\/barcanew.capabiliaserver.com\/es\/wp-json\/wp\/v2\/categories?post=87636"}],"curies":[{"name":"wp","href":"https:\/\/api.w.org\/{rel}","templated":true}]}}