{"id":81648,"date":"2021-01-21T19:50:50","date_gmt":"2021-01-21T22:50:50","guid":{"rendered":"https:\/\/barcanew.capabiliaserver.com\/?post_type=product&#038;p=81648"},"modified":"2023-01-12T10:22:01","modified_gmt":"2023-01-12T13:22:01","slug":"innovacion-en-el-deporte","status":"publish","type":"product","link":"https:\/\/barcanew.capabiliaserver.com\/es\/product\/innovacion-en-el-deporte\/","title":{"rendered":"Innovaci\u00f3n en el Deporte"},"content":{"rendered":"<p>contenido<\/p>\n","protected":false},"excerpt":{"rendered":"<p>excerpt<\/p>\n","protected":false},"author":16,"featured_media":0,"comment_status":"open","ping_status":"closed","template":"","meta":{"_acf_changed":false,"footnotes":""},"categories":[123],"acf":{"external_id":"1405","titulo_curso":"Innovaci\u00f3n en el Deporte","precio":"625","impartido_en":"Castellano","producto_path":false,"hubspot_product_id":"468672085","id_magento":"368","header_image":134577,"column_title":"","titulo_incentivo":"Innovaci\u00f3n en el Deporte","fecha_de_inicio":"10062021","precio_en_cuotas":"","precio_de_lista":"","mostrar_form":false,"promocion_vigente":"","duracion_del_curso":"2 meses","nivel_del_curso":"Introductorio","modalidad_cursado":"Online","contenido":"<p>El mundo del deporte cambia continuamente. Los aspirantes a emprendedores cuentan con la posibilidad de crear nuevos productos y servicios que revolucionen las experiencias de los aficionados, atletas, entrenadores y otros participantes del ambiente deportivo. Los gerentes de instituciones deportivas tienen la oportunidad de resolver los problemas cotidianos relacionados con administrar un club deportivo o ganar campeonatos a trav\u00e9s de las nuevas tecnolog\u00edas. Por otra parte, si no tienen la capacidad de innovar corren el riesgo de retrasarse y no progresar.<\/p>\n<p>La innovaci\u00f3n, el proceso de crear nuevos productos, servicios y soluciones revolucionarias, se ha ido abriendo paso en el mundo del deporte y se est\u00e1 convirtiendo en un aspecto fundamental de los negocios. Sin embargo, el enfoque cotidiano de los negocios en el deporte no permite que florezcan las innovaciones. Tanto los emprendedores como los gestores deportivos, necesitan un enfoque adecuado para desarrollar innovaciones.<\/p>\n<p>El objetivo de este curso es aprender a desarrollar nuevos productos y servicios deportivos, procesos y pr\u00e1cticas empresariales o modelos comerciales. Para ello, utilizaremos las t\u00e9cnicas y esquemas m\u00e1s relevantes del mundo de la innovaci\u00f3n, como el pensamiento de dise\u00f1o, el lienzo de modelo de negocios (Business Model Canvas) o el enfoque de cartera. Estos enfoques han sido utilizados eficazmente por innovadores en empresas como Apple, Google, P&amp;G, GE, HP, y tambi\u00e9n en empresas peque\u00f1as y menos innovadoras, ONGs y en el deporte.<\/p>\n","ocultar_video":true,"url_video":"","avalado_por":false,"pdf_brochure":"https:\/\/static.capabiliaserver.com\/frontend\/clients\/barca\/wp_prod\/wp-content\/uploads\/2021\/01\/751f7a0d-innovacion-en-el-deporte.pdf","cursos_que_lo_componen":[{"nombre_del_curso":"\u00bfC\u00f3mo innovar en el deporte?","descripcion_del_curso":"<p>M\u00d3DULO 1. Innovaci\u00f3n en el deporte<br \/>\nM\u00d3DULO 2. Comprender el espacio del problema<br \/>\nM\u00d3DULO 3. Desarrollar el espacio de la soluci\u00f3n<br \/>\nM\u00d3DULO 4. Preparaci\u00f3n para el mercado<\/p>\n"},{"nombre_del_curso":"Gestionar la innovaci\u00f3n en el deporte","descripcion_del_curso":"<p>M\u00d3DULO 1. Gestionar proyectos de innovaci\u00f3n<br \/>\nM\u00d3DULO 2. Abrir la innovaci\u00f3n en los deportes<br \/>\nM\u00d3DULO 3. Gesti\u00f3n de proyectos de innovaci\u00f3n<br \/>\nM\u00d3DULO 4. Resistir la interrupci\u00f3n y mejorar las experiencias<\/p>\n"}],"aprende_a":[{"item_aprende_a":"Reconocer las oportunidades de innovaci\u00f3n y generar ideas para aprovecharlas."},{"item_aprende_a":"Experimentar a trav\u00e9s del proceso de prueba y error para lidiar con la incertidumbre que acompa\u00f1a al proceso de innovaci\u00f3n."},{"item_aprende_a":"Gestionar equipos y proyectos de innovaci\u00f3n, colaborar con el \u00e1rea interna y externa."},{"item_aprende_a":"Seleccionar los proyectos de innovaci\u00f3n adecuados, asignar recursos, crear una cultura de innovaci\u00f3n."}],"preguntas_frecuentes":false,"contenidistas":false,"docentes_expertos":[{"foto":"https:\/\/barcanew.capabiliaserver.com\/wp-content\/uploads\/2020\/12\/b544f92a-albert-mundet.jpeg","nombre_del_docente":"Albert Mundet","descripcion_del_docente":"Director del Bar\u00e7a Innovation Hub, FC Barcelona.","enlace":""},{"foto":"https:\/\/barcanew.capabiliaserver.com\/wp-content\/uploads\/2020\/12\/9e9d7550-ivanka-visnjic.png","nombre_del_docente":"Ivanka Visnjic","descripcion_del_docente":"Profesora asociada de Innovaci\u00f3n en la ESADE Business School e investigadora visitante en la Cambridge Service Alliance, Universidad de Cambridge.","enlace":""},{"foto":"https:\/\/barcanew.capabiliaserver.com\/wp-content\/uploads\/2020\/12\/7e20d442-steve-gera.jpg","nombre_del_docente":"Steve Gera","descripcion_del_docente":"CEO del Gains Group. Embajador del FC Barcelona en los Estados Unidos. Socio en HickoryVC.","enlace":""}],"imagen_destacada":"https:\/\/barcanew.capabiliaserver.com\/wp-content\/uploads\/2021\/01\/7394fa60-innovation-in-sports_.jpg","slidebox":false,"titulo_seccion_testimonios":"","slider_testimonios":false,"imagen_de_fondo_testimonios":false,"color_de_fondo_testimonios":"","activar_banner_1":false,"banner_1":false,"activar_banner_2":false,"banner_2":false,"activar_banner_3":false,"banner_3":false,"segunda_fecha_de_inicio":"","zona_horaria":"Europe\/Madrid","url_cursado_webinar":"","activar_nuevos_banners":false,"mostrar_banner_1":false,"crear_banner_1":{"utilizar_imagen_unica_para_banner":false,"asignar_imagen_unica_para_banner":false,"mostrar_titulo_banner":false,"titulo_para_banner":"","mostrar_subtitulo_banner":false,"subtitulo_del_banner":"","mostrar_cta_banner":false,"texto_cta_banner":"","url_cta_banner":"","fondo_de_color_banner":"","fondo_de_imagen_banner":false,"mostrar_imagen_izquierda_banner":false,"asignar_imagen_izquierda_banner":false},"mostrar_banner_2":false,"crear_banner_2":{"utilizar_imagen_unica_para_banner":false,"asignar_imagen_unica_para_banner":false,"mostrar_titulo_banner":false,"titulo_para_banner":"","mostrar_subtitulo_banner":false,"subtitulo_del_banner":"","mostrar_cta_banner":false,"texto_cta_banner":"","url_cta_banner":"","fondo_de_color_banner":"","fondo_de_imagen_banner":false,"mostrar_imagen_izquierda_banner":false,"asignar_imagen_izquierda_banner":false},"mostrar_banner_3":false,"crear_banner_3":{"utilizar_imagen_unica_para_banner":false,"asignar_imagen_unica_para_banner":false,"mostrar_titulo_banner":false,"titulo_para_banner":"","mostrar_subtitulo_banner":false,"subtitulo_del_banner":"","mostrar_cta_banner":false,"texto_cta_banner":"","url_cta_banner":"","fondo_de_color_banner":"","fondo_de_imagen_banner":false,"mostrar_imagen_izquierda_banner":false,"asignar_imagen_izquierda_banner":false},"pdf_brochure_link_drive":"https:\/\/drive.google.com\/uc?id=1QL_g3iD2TGnuaY8rTsEqIqR-YwHaOoC4&export=download","activar_hero_video":false,"video_texto":"","video_header":false},"idiomas":{"en":81644,"es":81648,"ar":81645,"ca":81646,"ru":81648,"pt":81647},"_links":{"self":[{"href":"https:\/\/barcanew.capabiliaserver.com\/es\/wp-json\/wp\/v2\/products\/81648"}],"collection":[{"href":"https:\/\/barcanew.capabiliaserver.com\/es\/wp-json\/wp\/v2\/products"}],"about":[{"href":"https:\/\/barcanew.capabiliaserver.com\/es\/wp-json\/wp\/v2\/types\/product"}],"author":[{"embeddable":true,"href":"https:\/\/barcanew.capabiliaserver.com\/es\/wp-json\/wp\/v2\/users\/16"}],"replies":[{"embeddable":true,"href":"https:\/\/barcanew.capabiliaserver.com\/es\/wp-json\/wp\/v2\/comments?post=81648"}],"version-history":[{"count":5,"href":"https:\/\/barcanew.capabiliaserver.com\/es\/wp-json\/wp\/v2\/products\/81648\/revisions"}],"predecessor-version":[{"id":136589,"href":"https:\/\/barcanew.capabiliaserver.com\/es\/wp-json\/wp\/v2\/products\/81648\/revisions\/136589"}],"wp:attachment":[{"href":"https:\/\/barcanew.capabiliaserver.com\/es\/wp-json\/wp\/v2\/media?parent=81648"}],"wp:term":[{"taxonomy":"category","embeddable":true,"href":"https:\/\/barcanew.capabiliaserver.com\/es\/wp-json\/wp\/v2\/categories?post=81648"}],"curies":[{"name":"wp","href":"https:\/\/api.w.org\/{rel}","templated":true}]}}