{"id":58352,"date":"2020-04-29T10:59:44","date_gmt":"2020-04-29T13:59:44","guid":{"rendered":"https:\/\/barcanew.capabiliaserver.com\/?post_type=product&#038;p=58352"},"modified":"2022-10-18T09:51:40","modified_gmt":"2022-10-18T12:51:40","slug":"certificado-neurobiologia-rendimiento-deportivo","status":"publish","type":"product","link":"https:\/\/barcanew.capabiliaserver.com\/es\/product\/certificado-neurobiologia-rendimiento-deportivo\/","title":{"rendered":"Certificado en Neurobiolog\u00eda y Rendimiento Deportivo"},"content":{"rendered":"<p>contenido<\/p>\n\n\n<p><\/p>\n","protected":false},"excerpt":{"rendered":"<p>excerpt<\/p>\n","protected":false},"author":16,"featured_media":0,"comment_status":"open","ping_status":"closed","template":"","meta":{"_acf_changed":false,"footnotes":""},"categories":[114],"acf":{"external_id":"1401","titulo_curso":"Certificado en Neurobiolog\u00eda y Rendimiento Deportivo","precio":"625","impartido_en":"Castellano","producto_path":false,"hubspot_product_id":"97772939","id_magento":"348","header_image":134141,"column_title":"","titulo_incentivo":"Certificado en Neurobiolog\u00eda y Rendimiento Deportivo","fecha_de_inicio":"10072021","precio_en_cuotas":"4 pagos mensuales de \u20ac 156,25","precio_de_lista":"","mostrar_form":false,"promocion_vigente":"","duracion_del_curso":"4 meses","nivel_del_curso":"Introductorio","modalidad_cursado":"Online","contenido":"<p>El estudio del movimiento humano, desde una perspectiva neuromec\u00e1nica, no ha sido desarrollado y abordado de manera sist\u00e9mica en programas estructurados de formaci\u00f3n, ni desde la educaci\u00f3n f\u00edsica ni desde la fisioterapia. La educaci\u00f3n f\u00edsica escolar y los sistemas de entrenamiento no alcanzan a satisfacer la demanda de alfabetizaci\u00f3n motora. De all\u00ed la necesidad de estudiar el movimiento humano en su relaci\u00f3n con el sistema nervioso y sus diferentes funciones.<\/p>\n<p>En este Certificado, te brindamos las herramientas y conocimientos necesarios para desarrollar deportistas con mayor conciencia motriz y mejores capacidades de toma de decisi\u00f3n. Para esto, hacemos un recorrido por todos los aspectos que involucran al movimiento, desde la percepci\u00f3n del est\u00edmulo, pasando por el procesamiento de la informaci\u00f3n, hasta llegar finalmente a la toma de decisi\u00f3n y ejecuci\u00f3n. Sin dudas, este desarrollo estructurado de esta tem\u00e1tica constituir\u00e1 un hito para avanzar hacia tan ambicioso prop\u00f3sito.<\/p>\n<p>&nbsp;<\/p>\n<p><strong><em>DISCLAIMER: \u00abCertificado en Neurobiolog\u00eda y Rendimiento Deportivo\u00bb es la nueva denominaci\u00f3n del ex \u00abCertificado en Neurociencia y Entrenamiento Deportivo\u00bb.<\/em><\/strong><\/p>\n","ocultar_video":true,"url_video":"","avalado_por":false,"pdf_brochure":"https:\/\/static.capabiliaserver.com\/frontend\/clients\/barca\/wp_prod\/wp-content\/uploads\/2020\/04\/ce1f1124-certificado-en-neurobiologia-y-rendimiento-deportivo.pdf","cursos_que_lo_componen":[{"nombre_del_curso":"Organizaci\u00f3n Aferente del Movimiento Humano","descripcion_del_curso":"<p>M\u00d3DULO 1: Sistemas sensoriales<br \/>\nM\u00d3DULO 2: Percepci\u00f3n y observaci\u00f3n motriz<br \/>\nM\u00d3DULO 3: Representaci\u00f3n ideo motora<br \/>\nM\u00d3DULO 4: M\u00f3dulo integrador<\/p>\n"},{"nombre_del_curso":"Procesamiento Central del Movimiento Voluntario","descripcion_del_curso":"<p>M\u00d3DULO 1: L\u00f3gica motriz y toma de decisi\u00f3n<br \/>\nM\u00d3DULO 2: Entrenamiento decisional<br \/>\nM\u00d3DULO 3: Programaci\u00f3n neuromotora<br \/>\nM\u00d3DULO 4: M\u00f3dulo integrador<\/p>\n"},{"nombre_del_curso":"Organizaci\u00f3n Eferente del Movimiento Humano","descripcion_del_curso":"<p>M\u00d3DULO 1: Corteza motora y v\u00eda cortical espinal<br \/>\nM\u00d3DULO 2: Rol del cerebelo y los ganglios de la base<br \/>\nM\u00d3DULO 3: Retroalimentaci\u00f3n y ajuste motor<br \/>\nM\u00d3DULO 4: M\u00f3dulo integrador<\/p>\n"},{"nombre_del_curso":"La Dificultad y el Entorno en la Motricidad Humana","descripcion_del_curso":"<p>M\u00d3DULO 1: Fallos motores<br \/>\nM\u00d3DULO 2: Did\u00e1ctica especial para la correcci\u00f3n de fallos<br \/>\nM\u00d3DULO 3: Did\u00e1ctica de correcci\u00f3n de fallos y transferencia<br \/>\nM\u00d3DULO 4: M\u00f3dulo integrador<\/p>\n"}],"aprende_a":[{"item_aprende_a":"Detectar las \u00e1reas que participan en la sensopercepci\u00f3n motriz y de qu\u00e9 manera se puede influir en ella."},{"item_aprende_a":"Determinar de qu\u00e9 manera influye el sistema nervioso central en el movimiento humano y c\u00f3mo se puede moldear la capacidad de toma de decisi\u00f3n para el movimiento."},{"item_aprende_a":"Detectar qu\u00e9 \u00e1reas participan en el ajuste y el control del movimiento y de qu\u00e9 manera."},{"item_aprende_a":"Detectar fallos motores y determinar de qu\u00e9 manera prevenirlos o corregirlos."}],"preguntas_frecuentes":false,"contenidistas":[{"contenidista":"Lic. Mario Di Santo","descripcion_contenidista":"Profesor de Educaci\u00f3n F\u00edsica. Salud y neurobiolog\u00eda del control y el aprendizaje motor."}],"docentes_expertos":[{"foto":"https:\/\/barcanew.capabiliaserver.com\/wp-content\/uploads\/2020\/02\/9c4adc5b-francesc-cos-2.jpg","nombre_del_docente":"Francesc Cos","descripcion_del_docente":"Ex preparador f\u00edsico de la fuerza del primer equipo de f\u00fatbol del FC Barcelona (2004-2016). Ex director del \u00e1rea de Rendimiento Deportivo del Bar\u00e7a Innovation Hub (2016-2018). Actualmente es Preparador F\u00edsico del Manchester City.","enlace":""}],"imagen_destacada":"https:\/\/static.capabiliaserver.com\/frontend\/clients\/barca\/wp_prod\/wp-content\/uploads\/2020\/04\/e8f335e6-certificate-in-neurobiology-and-sports-performance_.jpg","slidebox":false,"titulo_seccion_testimonios":"","slider_testimonios":false,"imagen_de_fondo_testimonios":false,"color_de_fondo_testimonios":"","segunda_fecha_de_inicio":"25072021","zona_horaria":"Europe\/Madrid","activar_banner_1":false,"banner_1":false,"activar_banner_2":false,"banner_2":false,"activar_banner_3":false,"banner_3":false,"url_cursado_webinar":"","activar_nuevos_banners":false,"mostrar_banner_1":false,"crear_banner_1":{"utilizar_imagen_unica_para_banner":false,"asignar_imagen_unica_para_banner":false,"mostrar_titulo_banner":false,"titulo_para_banner":"","mostrar_subtitulo_banner":false,"subtitulo_del_banner":"","mostrar_cta_banner":false,"texto_cta_banner":"","url_cta_banner":"","fondo_de_color_banner":"","fondo_de_imagen_banner":false,"mostrar_imagen_izquierda_banner":false,"asignar_imagen_izquierda_banner":false},"mostrar_banner_2":false,"crear_banner_2":{"utilizar_imagen_unica_para_banner":false,"asignar_imagen_unica_para_banner":false,"mostrar_titulo_banner":false,"titulo_para_banner":"","mostrar_subtitulo_banner":false,"subtitulo_del_banner":"","mostrar_cta_banner":false,"texto_cta_banner":"","url_cta_banner":"","fondo_de_color_banner":"","fondo_de_imagen_banner":false,"mostrar_imagen_izquierda_banner":false,"asignar_imagen_izquierda_banner":false},"mostrar_banner_3":false,"crear_banner_3":{"utilizar_imagen_unica_para_banner":false,"asignar_imagen_unica_para_banner":false,"mostrar_titulo_banner":false,"titulo_para_banner":"","mostrar_subtitulo_banner":false,"subtitulo_del_banner":"","mostrar_cta_banner":false,"texto_cta_banner":"","url_cta_banner":"","fondo_de_color_banner":"","fondo_de_imagen_banner":false,"mostrar_imagen_izquierda_banner":false,"asignar_imagen_izquierda_banner":false},"activar_hero_video":false,"video_texto":"","video_header":false,"pdf_brochure_link_drive":"https:\/\/drive.google.com\/uc?id=1nrtYWF2-gKPUj8NDt0YYWtfZYJ6hJS9A&export=download"},"idiomas":{"en":58349,"es":58352,"ar":58352,"ca":58350,"ru":58352,"pt":58351},"_links":{"self":[{"href":"https:\/\/barcanew.capabiliaserver.com\/es\/wp-json\/wp\/v2\/products\/58352"}],"collection":[{"href":"https:\/\/barcanew.capabiliaserver.com\/es\/wp-json\/wp\/v2\/products"}],"about":[{"href":"https:\/\/barcanew.capabiliaserver.com\/es\/wp-json\/wp\/v2\/types\/product"}],"author":[{"embeddable":true,"href":"https:\/\/barcanew.capabiliaserver.com\/es\/wp-json\/wp\/v2\/users\/16"}],"replies":[{"embeddable":true,"href":"https:\/\/barcanew.capabiliaserver.com\/es\/wp-json\/wp\/v2\/comments?post=58352"}],"version-history":[{"count":5,"href":"https:\/\/barcanew.capabiliaserver.com\/es\/wp-json\/wp\/v2\/products\/58352\/revisions"}],"predecessor-version":[{"id":134148,"href":"https:\/\/barcanew.capabiliaserver.com\/es\/wp-json\/wp\/v2\/products\/58352\/revisions\/134148"}],"wp:attachment":[{"href":"https:\/\/barcanew.capabiliaserver.com\/es\/wp-json\/wp\/v2\/media?parent=58352"}],"wp:term":[{"taxonomy":"category","embeddable":true,"href":"https:\/\/barcanew.capabiliaserver.com\/es\/wp-json\/wp\/v2\/categories?post=58352"}],"curies":[{"name":"wp","href":"https:\/\/api.w.org\/{rel}","templated":true}]}}