{"id":57336,"date":"2020-04-06T11:08:13","date_gmt":"2020-04-06T14:08:13","guid":{"rendered":"https:\/\/barcanew.capabiliaserver.com\/?post_type=product&#038;p=57336"},"modified":"2022-10-14T13:25:52","modified_gmt":"2022-10-14T16:25:52","slug":"sports-ticketing","status":"publish","type":"product","link":"https:\/\/barcanew.capabiliaserver.com\/es\/product\/sports-ticketing\/","title":{"rendered":"Sports Ticketing"},"content":{"rendered":"<p>contenido<\/p>\n","protected":false},"excerpt":{"rendered":"<p>excerpt<\/p>\n","protected":false},"author":16,"featured_media":0,"comment_status":"open","ping_status":"closed","template":"","meta":{"_acf_changed":false,"footnotes":""},"categories":[122],"acf":{"external_id":"1400","titulo_curso":"Sports Ticketing","precio":"450","impartido_en":"Castellano","producto_path":false,"hubspot_product_id":"95420209","id_magento":"347","header_image":133422,"column_title":"","titulo_incentivo":"Sports Ticketing","fecha_de_inicio":"10062021","precio_en_cuotas":"2 pagos mensuales de \u20ac 225","precio_de_lista":"","mostrar_form":false,"promocion_vigente":"","duracion_del_curso":"2 months","nivel_del_curso":"Introductorio","modalidad_cursado":"Online","contenido":"<p>Sports Ticketing es un programa dise\u00f1ado para gestionar la direcci\u00f3n a nivel de ingresos y operaciones del \u00e1rea de espacios (venues) de un club deportivo, especialmente en la industria del f\u00fatbol.<\/p>\n<p>El programa est\u00e1 dirigido a aquellos profesionales de la industria del f\u00fatbol que buscan comenzar o mejorar en su carrera comercial dentro de la industria del f\u00fatbol. Al finalizar los 2 cursos, los participantes estar\u00e1n capacitados para influir y liderar el cambio en t\u00e9rminos de ingresos y transformaci\u00f3n digital en el contexto de la explotaci\u00f3n de espacios en la industria del f\u00fatbol.<\/p>\n<p>El plan de estudios tiene como objetivos abarcar los siguientes hitos:<\/p>\n<ul>\n<li>Introducci\u00f3n al negocio de instalaciones en el \u00e1mbito del f\u00fatbol<\/li>\n<li>Gesti\u00f3n de estadios y operaciones de clubes en el f\u00fatbol<\/li>\n<li>An\u00e1lisis de datos en el f\u00fatbol<\/li>\n<li>Fan Engagement (Business To Fan &#8211; B2F)<\/li>\n<li>Estrategias de marketing digital y monetizaci\u00f3n en el f\u00fatbol<\/li>\n<li>Proyecto final<\/li>\n<\/ul>\n","ocultar_video":true,"url_video":"","avalado_por":false,"pdf_brochure":"https:\/\/static.capabiliaserver.com\/frontend\/clients\/barca\/wp_prod\/wp-content\/uploads\/2020\/04\/8ea2c0b2-sports-ticketing.pdf","cursos_que_lo_componen":[{"nombre_del_curso":"Explotaci\u00f3n de Instalaciones Deportivas","descripcion_del_curso":"<p>M\u00d3DULO 1. Espacios deportivos en la era digital<br \/>\nM\u00d3DULO 2. Estrategia de ventas con la transformaci\u00f3n digital<br \/>\nM\u00d3DULO 3. Gesti\u00f3n de espacios, en el foco de la digitalizaci\u00f3n<br \/>\nM\u00d3DULO 4. Customer Services<\/p>\n"},{"nombre_del_curso":"Canales de Venta en la Era Digital","descripcion_del_curso":"<p>M\u00d3DULO 1. La digitalizaci\u00f3n de la venta directa e indirecta<br \/>\nM\u00d3DULO 2. Estrategia de marketing<br \/>\nM\u00d3DULO 3. Negocio digital en deportes<br \/>\nM\u00d3DULO 4. Nuevas tendencias digitales<\/p>\n"}],"aprende_a":[{"item_aprende_a":"Manejar la gesti\u00f3n de instalaciones y la estrategia comercial para explotarlas, as\u00ed como la coordinaci\u00f3n log\u00edstica y operaciones (post-venta y customer service) en las instalaciones deportivas."},{"item_aprende_a":"Manejar toda la gesti\u00f3n comercial y de marketing de los canales de venta B2C y B2B, dentro de toda la transformaci\u00f3n digital en la que se ve envuelta la industria deportiva."}],"preguntas_frecuentes":false,"contenidistas":false,"docentes_expertos":[{"foto":"https:\/\/barcanew.capabiliaserver.com\/wp-content\/uploads\/2020\/04\/da9df043-octavi-tarr\u00e9s.jpg","nombre_del_docente":"Octavi Tarr\u00e9s","descripcion_del_docente":"Business Development & Partnership Manager en FC Barcelona","enlace":""},{"foto":"https:\/\/barcanew.capabiliaserver.com\/wp-content\/uploads\/2020\/04\/e9dc016a-jos\u00e9-luis-beltr\u00e1n-andreu.jpg","nombre_del_docente":"Jos\u00e9 Luis Beltr\u00e1n Andreu","descripcion_del_docente":"Digital Project Manager en FC Barcelona","enlace":""}],"imagen_destacada":"https:\/\/static.capabiliaserver.com\/frontend\/clients\/barca\/wp_prod\/wp-content\/uploads\/2020\/04\/0ffbb665-sports-ticketing.jpg","slidebox":false,"titulo_seccion_testimonios":"","slider_testimonios":false,"imagen_de_fondo_testimonios":false,"color_de_fondo_testimonios":"","activar_banner_1":false,"banner_1":false,"activar_banner_2":false,"banner_2":false,"activar_banner_3":false,"banner_3":false,"segunda_fecha_de_inicio":"","zona_horaria":"Europe\/Madrid","url_cursado_webinar":"","activar_nuevos_banners":false,"mostrar_banner_1":false,"crear_banner_1":{"utilizar_imagen_unica_para_banner":false,"asignar_imagen_unica_para_banner":false,"mostrar_titulo_banner":false,"titulo_para_banner":"","mostrar_subtitulo_banner":false,"subtitulo_del_banner":"","mostrar_cta_banner":false,"texto_cta_banner":"","url_cta_banner":"","fondo_de_color_banner":"","fondo_de_imagen_banner":false,"mostrar_imagen_izquierda_banner":false,"asignar_imagen_izquierda_banner":false},"mostrar_banner_2":false,"crear_banner_2":{"utilizar_imagen_unica_para_banner":false,"asignar_imagen_unica_para_banner":false,"mostrar_titulo_banner":false,"titulo_para_banner":"","mostrar_subtitulo_banner":false,"subtitulo_del_banner":"","mostrar_cta_banner":false,"texto_cta_banner":"","url_cta_banner":"","fondo_de_color_banner":"","fondo_de_imagen_banner":false,"mostrar_imagen_izquierda_banner":false,"asignar_imagen_izquierda_banner":false},"mostrar_banner_3":false,"crear_banner_3":{"utilizar_imagen_unica_para_banner":false,"asignar_imagen_unica_para_banner":false,"mostrar_titulo_banner":false,"titulo_para_banner":"","mostrar_subtitulo_banner":false,"subtitulo_del_banner":"","mostrar_cta_banner":false,"texto_cta_banner":"","url_cta_banner":"","fondo_de_color_banner":"","fondo_de_imagen_banner":false,"mostrar_imagen_izquierda_banner":false,"asignar_imagen_izquierda_banner":false},"pdf_brochure_link_drive":"https:\/\/drive.google.com\/uc?id=1KylRzplePU5BJa3MKL-5jJt2UbS6pdYH&export=download","activar_hero_video":false,"video_texto":"","video_header":false},"idiomas":{"en":57333,"es":57336,"ar":57336,"ca":57334,"ru":57336,"pt":57335},"_links":{"self":[{"href":"https:\/\/barcanew.capabiliaserver.com\/es\/wp-json\/wp\/v2\/products\/57336"}],"collection":[{"href":"https:\/\/barcanew.capabiliaserver.com\/es\/wp-json\/wp\/v2\/products"}],"about":[{"href":"https:\/\/barcanew.capabiliaserver.com\/es\/wp-json\/wp\/v2\/types\/product"}],"author":[{"embeddable":true,"href":"https:\/\/barcanew.capabiliaserver.com\/es\/wp-json\/wp\/v2\/users\/16"}],"replies":[{"embeddable":true,"href":"https:\/\/barcanew.capabiliaserver.com\/es\/wp-json\/wp\/v2\/comments?post=57336"}],"version-history":[{"count":5,"href":"https:\/\/barcanew.capabiliaserver.com\/es\/wp-json\/wp\/v2\/products\/57336\/revisions"}],"predecessor-version":[{"id":133648,"href":"https:\/\/barcanew.capabiliaserver.com\/es\/wp-json\/wp\/v2\/products\/57336\/revisions\/133648"}],"wp:attachment":[{"href":"https:\/\/barcanew.capabiliaserver.com\/es\/wp-json\/wp\/v2\/media?parent=57336"}],"wp:term":[{"taxonomy":"category","embeddable":true,"href":"https:\/\/barcanew.capabiliaserver.com\/es\/wp-json\/wp\/v2\/categories?post=57336"}],"curies":[{"name":"wp","href":"https:\/\/api.w.org\/{rel}","templated":true}]}}