{"id":57332,"date":"2020-04-06T11:42:19","date_gmt":"2020-04-06T14:42:19","guid":{"rendered":"https:\/\/barcanew.capabiliaserver.com\/?post_type=product&#038;p=57332"},"modified":"2023-01-12T10:08:22","modified_gmt":"2023-01-12T13:08:22","slug":"certificado-optimizacion-proceso-entrenamiento-baloncesto","status":"publish","type":"product","link":"https:\/\/barcanew.capabiliaserver.com\/es\/product\/certificado-optimizacion-proceso-entrenamiento-baloncesto\/","title":{"rendered":"Certificado en Optimizaci\u00f3n del Proceso de Entrenamiento en Baloncesto"},"content":{"rendered":"<p>contenido<\/p>\n","protected":false},"excerpt":{"rendered":"<p>excerpt<\/p>\n","protected":false},"author":16,"featured_media":0,"comment_status":"open","ping_status":"closed","template":"","meta":{"_acf_changed":false,"footnotes":""},"categories":[122],"acf":{"external_id":"1399","titulo_curso":"Certificado en Optimizaci\u00f3n del Proceso de Entrenamiento en Baloncesto","precio":"625","impartido_en":"Castellano","producto_path":false,"hubspot_product_id":"95389564","id_magento":"346","header_image":108818,"column_title":"","titulo_incentivo":"Certificado en Optimizaci\u00f3n del Proceso de Entrenamiento en Baloncesto (Basado en el modelo estructurado del FC Barcelona) ","fecha_de_inicio":"10062021","precio_en_cuotas":"4 pagos mensuales de \u20ac 156,25","precio_de_lista":"","mostrar_form":false,"promocion_vigente":"","duracion_del_curso":"4 meses","nivel_del_curso":"Avanzado","modalidad_cursado":"Online","contenido":"<p>Hasta 2018, el baloncesto contaba con la afiliaci\u00f3n de 450 millones de participantes distribuidos en 213 federaciones nacionales, divididas a su vez en 5 federaciones continentales. Este deporte est\u00e1 ampliamente extendido en Estados Unidos y en Europa, siendo el 2\u00ba deporte m\u00e1s practicado en Espa\u00f1a con casi 3 millones de licencias federativas.<\/p>\n<p>En el a\u00f1o 2000, el tiempo de ataque y el tiempo permitido para pasar la l\u00ednea de medio campo fueron reducidos de 30 a 24 segundos y de 10 a 8 segundos respectivamente por la Federaci\u00f3n Internacional de Baloncesto (FIBA). Adem\u00e1s, la duraci\u00f3n total del juego fue dividida en cuatro cuartos en lugar de las dos mitades originales, manteniendo los 40 minutos totales. De esta forma, el baloncesto profesional sufre un aumento de las demandas f\u00edsicas y fisiol\u00f3gicas tal como evidencian diferentes investigaciones (Ben Abdelkrim N, 2007, Bruno Cormery, et al., 2008). Por tanto, el acondicionamiento f\u00edsico o preparaci\u00f3n f\u00edsica es considerado un requisito para competir en el baloncesto de \u00e9lite moderno (Sallet P, et al. 2005). Adem\u00e1s, la comprensi\u00f3n del efecto de los resultados de las cargas de trabajo en el rendimiento deportivo y la prevenci\u00f3n de lesiones son considerados cruciales para los entrenadores de fuerza y del acondicionamiento f\u00edsico, los cient\u00edficos deportivos y la medicina deportiva.<\/p>\n<p>Los deportes colectivos en general y el baloncesto en particular han basado su preparaci\u00f3n f\u00edsica en la teor\u00eda del entrenamiento utilizada para los deportes individuales, particularmente el atletismo, por lo que requiere de un nuevo enfoque que se adapte a sus propias caracter\u00edsticas y necesidades. Adem\u00e1s, los avances tecnol\u00f3gicos han provisto de nuevas herramientas a los preparadores f\u00edsicos, cient\u00edficos del deporte y entrenadores, lo que permite entre otros aspectos el control y la valoraci\u00f3n de la carga de trabajo que producen los entrenamientos y\/o competiciones. Por tanto, es necesario el conocimiento de este nuevo enfoque, basado en la preparaci\u00f3n f\u00edsica de forma hol\u00edstica, para aplicarlo al baloncesto moderno con el principal objetivo de optimizar el rendimiento y prevenir lesiones.<\/p>\n","ocultar_video":true,"url_video":"","avalado_por":false,"pdf_brochure":"https:\/\/static.capabiliaserver.com\/frontend\/clients\/barca\/wp_prod\/wp-content\/uploads\/2020\/04\/000965e1-certificado-en-optimizacion-del-proceso-de-entrenamiento-en-baloncesto.pdf","cursos_que_lo_componen":[{"nombre_del_curso":"Demandas f\u00edsicas y riesgos de lesi\u00f3n en deportes de equipo ","descripcion_del_curso":"<p>M\u00d3DULO 1: Demandas f\u00edsicas en los deportes de equipo<br \/>\nM\u00d3DULO 2: Aplicaci\u00f3n de la microtecnolog\u00eda para optimizar el rendimiento en los deportes de equipo<br \/>\nM\u00d3DULO 3: Aplicaci\u00f3n de la microtecnolog\u00eda en la prevenci\u00f3n de lesiones en los deportes de equipo<br \/>\nM\u00d3DULO 4: Aplicaci\u00f3n de los sistemas inerciales en diferentes test en los deportes de equipo<\/p>\n"},{"nombre_del_curso":"Demandas f\u00edsicas del baloncesto durante la competici\u00f3n","descripcion_del_curso":"<p>M\u00d3DULO 1: Demandas f\u00edsicas y t\u00e1cticas en baloncesto. De los videos a los sistemas de posicionamiento local<br \/>\nM\u00d3DULO 2: Aplicaci\u00f3n de los sistemas inerciales para cuantificar e interpretar las demandas f\u00edsicas en baloncesto<br \/>\nM\u00d3DULO 3: Aplicaci\u00f3n de los sistemas de posicionamiento (global y local) para cuantificar e interpretar las demandas f\u00edsicas en baloncesto<br \/>\nM\u00d3DULO 4: Lesiones m\u00e1s frecuentes (tipos y mecanismos) en baloncesto y escenarios de m\u00e1xima exigencia en baloncesto<\/p>\n"},{"nombre_del_curso":"Entrenamiento en baloncesto desde la perspectiva del FC Barcelona: abordaje te\u00f3rico","descripcion_del_curso":"<p>M\u00d3DULO 1: El entrenamiento estructurado<br \/>\nM\u00d3DULO 2: El entrenamiento coadyuvante<br \/>\nM\u00d3DULO 3: El entrenamiento optimizador<br \/>\nM\u00d3DULO 4: El microciclo estructurado<\/p>\n"},{"nombre_del_curso":"Propuesta de entrenamiento en baloncesto desde la perspectiva del FC Barcelona","descripcion_del_curso":"<p>M\u00d3DULO 1: Aplicaci\u00f3n pr\u00e1ctica de los contenidos trabajados anteriormente para optimizar el rendimiento y prevenir lesiones priorizando la estructura condicional<\/p>\n"}],"aprende_a":[{"item_aprende_a":"Analizar c\u00f3mo condicionan las demandas f\u00edsicas la pr\u00e1ctica del baloncesto."},{"item_aprende_a":"Analizar las demandas f\u00edsicas y t\u00e9cnico-t\u00e1cticas del baloncesto."},{"item_aprende_a":"Conocer el marco te\u00f3rico del nuevo enfoque de entrenamiento. "},{"item_aprende_a":"Dise\u00f1ar sesiones de entrenamiento en el microciclo estructurado."}],"preguntas_frecuentes":false,"contenidistas":[{"contenidista":"Andr\u00e9s Darbyshire","descripcion_contenidista":"Preparador F\u00edsico de Baloncesto Profesional."},{"contenidista":"Mat\u00edas Pera Lallana","descripcion_contenidista":"Preparador F\u00edsico de Baloncesto Profesional."}],"docentes_expertos":[{"foto":"https:\/\/barcanew.capabiliaserver.com\/wp-content\/uploads\/2020\/04\/98725f85-jairo-vazquez-guerrero.jpg","nombre_del_docente":"Jairo V\u00e1zquez Guerrero","descripcion_del_docente":"Preparador f\u00edsico del primer equipo de baloncesto y miembro del \u00e1rea de rendimiento del FC Barcelona.","enlace":""},{"foto":"https:\/\/static.capabiliaserver.com\/frontend\/clients\/barca\/wp\/wp-content\/uploads\/2018\/12\/Joan_Ramon_Tarrago-150x150.jpg","nombre_del_docente":"Joan Ramon Tarrago","descripcion_del_docente":"Responsable de preparaci\u00f3n f\u00edsica deportiva.","enlace":""}],"imagen_destacada":"https:\/\/barcanew.capabiliaserver.com\/wp-content\/uploads\/2020\/04\/7d7b54ef-certificate-in-basketball-training-process-optimization-1024x347.jpg","slidebox":false,"titulo_seccion_testimonios":"","slider_testimonios":false,"imagen_de_fondo_testimonios":false,"color_de_fondo_testimonios":"","activar_banner_1":false,"banner_1":false,"activar_banner_2":false,"banner_2":false,"activar_banner_3":false,"banner_3":false,"segunda_fecha_de_inicio":"","zona_horaria":"Europe\/Madrid","url_cursado_webinar":"","activar_nuevos_banners":false,"mostrar_banner_1":false,"crear_banner_1":{"utilizar_imagen_unica_para_banner":false,"asignar_imagen_unica_para_banner":false,"mostrar_titulo_banner":false,"titulo_para_banner":"","mostrar_subtitulo_banner":false,"subtitulo_del_banner":"","mostrar_cta_banner":false,"texto_cta_banner":"","url_cta_banner":"","fondo_de_color_banner":"","fondo_de_imagen_banner":false,"mostrar_imagen_izquierda_banner":false,"asignar_imagen_izquierda_banner":false},"mostrar_banner_2":false,"crear_banner_2":{"utilizar_imagen_unica_para_banner":false,"asignar_imagen_unica_para_banner":false,"mostrar_titulo_banner":false,"titulo_para_banner":"","mostrar_subtitulo_banner":false,"subtitulo_del_banner":"","mostrar_cta_banner":false,"texto_cta_banner":"","url_cta_banner":"","fondo_de_color_banner":"","fondo_de_imagen_banner":false,"mostrar_imagen_izquierda_banner":false,"asignar_imagen_izquierda_banner":false},"mostrar_banner_3":false,"crear_banner_3":{"utilizar_imagen_unica_para_banner":false,"asignar_imagen_unica_para_banner":false,"mostrar_titulo_banner":false,"titulo_para_banner":"","mostrar_subtitulo_banner":false,"subtitulo_del_banner":"","mostrar_cta_banner":false,"texto_cta_banner":"","url_cta_banner":"","fondo_de_color_banner":"","fondo_de_imagen_banner":false,"mostrar_imagen_izquierda_banner":false,"asignar_imagen_izquierda_banner":false},"pdf_brochure_link_drive":"https:\/\/drive.google.com\/uc?id=10qWchjYcv1CmMJIAZhGaDE3ad4tOPLkG&export=download","activar_hero_video":false,"video_texto":"","video_header":false},"idiomas":{"en":57329,"es":57332,"ar":57332,"ca":57330,"ru":57332,"pt":57331},"_links":{"self":[{"href":"https:\/\/barcanew.capabiliaserver.com\/es\/wp-json\/wp\/v2\/products\/57332"}],"collection":[{"href":"https:\/\/barcanew.capabiliaserver.com\/es\/wp-json\/wp\/v2\/products"}],"about":[{"href":"https:\/\/barcanew.capabiliaserver.com\/es\/wp-json\/wp\/v2\/types\/product"}],"author":[{"embeddable":true,"href":"https:\/\/barcanew.capabiliaserver.com\/es\/wp-json\/wp\/v2\/users\/16"}],"replies":[{"embeddable":true,"href":"https:\/\/barcanew.capabiliaserver.com\/es\/wp-json\/wp\/v2\/comments?post=57332"}],"version-history":[{"count":5,"href":"https:\/\/barcanew.capabiliaserver.com\/es\/wp-json\/wp\/v2\/products\/57332\/revisions"}],"predecessor-version":[{"id":136585,"href":"https:\/\/barcanew.capabiliaserver.com\/es\/wp-json\/wp\/v2\/products\/57332\/revisions\/136585"}],"wp:attachment":[{"href":"https:\/\/barcanew.capabiliaserver.com\/es\/wp-json\/wp\/v2\/media?parent=57332"}],"wp:term":[{"taxonomy":"category","embeddable":true,"href":"https:\/\/barcanew.capabiliaserver.com\/es\/wp-json\/wp\/v2\/categories?post=57332"}],"curies":[{"name":"wp","href":"https:\/\/api.w.org\/{rel}","templated":true}]}}