{"id":54179,"date":"2020-02-20T08:44:44","date_gmt":"2020-02-20T11:44:44","guid":{"rendered":"https:\/\/barcanew.capabiliaserver.com\/?post_type=product&#038;p=54179"},"modified":"2023-01-12T10:27:13","modified_gmt":"2023-01-12T13:27:13","slug":"certificado-en-tecnologia-y-ciencia-aplicadas-al-deporte","status":"publish","type":"product","link":"https:\/\/barcanew.capabiliaserver.com\/es\/product\/certificado-en-tecnologia-y-ciencia-aplicadas-al-deporte\/","title":{"rendered":"Certificado en Tecnolog\u00eda y Ciencia Aplicadas al Deporte"},"content":{"rendered":"<p>contenido<\/p>\n","protected":false},"excerpt":{"rendered":"<p>excerpt<\/p>\n","protected":false},"author":23,"featured_media":0,"comment_status":"open","ping_status":"closed","template":"","meta":{"_acf_changed":false,"footnotes":""},"categories":[114],"acf":{"external_id":"1398","titulo_curso":"Certificate in Technology and Science Applied to Sport","precio":"625","impartido_en":"Castellano","cursos_que_lo_componen":[{"nombre_del_curso":"Monitorizaci\u00f3n de la Carga Externa en Deportes Colectivos mediante EPTS","descripcion_del_curso":"<p>M\u00d3DULO 1: \u00bfQu\u00e9 es el EPTS?<br \/>\nM\u00d3DULO 2: Entender qu\u00e9 registra el EPTS<br \/>\nM\u00d3DULO 3: Metodolog\u00eda FCB para el control y monitorizaci\u00f3n de la carga externa<br \/>\nM\u00d3DULO 4: Control y monitorizaci\u00f3n de la carga externa en readaptaci\u00f3n <\/p>\n"},{"nombre_del_curso":"Videoan\u00e1lisis","descripcion_del_curso":"<p>M\u00d3DULO 1: Caracterizaci\u00f3n del Videoan\u00e1lisis<br \/>\nM\u00d3DULO 2: Variables de control del Videoan\u00e1lisis<br \/>\nM\u00d3DULO 3: Utilizaci\u00f3n del Videoan\u00e1lisis en la programaci\u00f3n del proceso de entrenamiento<br \/>\nM\u00d3DULO 4: Lectura integradora<\/p>\n"},{"nombre_del_curso":"Sports Analytics \u2013 Conceptos esenciales","descripcion_del_curso":"<p>M\u00d3DULO 1: Historia y evoluci\u00f3n de Sports Analytics<br \/>\nM\u00d3DULO 2: Aprendizaje basado en un problema real en el deporte (ABP) en el fen\u00f3meno de Sports Analytics (I)<br \/>\nM\u00d3DULO 3: Aprendizaje basado en un problema real en el deporte (ABP) en el fen\u00f3meno de Sports Analytics (II)<br \/>\nM\u00d3DULO 4: Aprendizaje basado en un problema real en el deporte (ABP) en el fen\u00f3meno de Sports Analytics (III)<\/p>\n<p>DOCENTE EXPERTO: Mart\u00ed Casals, en colaboraci\u00f3n con Jos\u00e9 Mar\u00eda Fern\u00e1ndez Ponce.<\/p>\n"},{"nombre_del_curso":"Tecnolog\u00eda en el deporte","descripcion_del_curso":"<p>M\u00d3DULO 1: \u00bfPor qu\u00e9 la tecnolog\u00eda en el deporte?<br \/>\nM\u00d3DULO 2: Evaluaci\u00f3n del valor de la tecnolog\u00eda<br \/>\nM\u00d3DULO 3: Aprovechamiento de la tecnolog\u00eda para las operaciones y la toma de decisiones de la organizaci\u00f3n<br \/>\nM\u00d3DULO 4: Maximizar el valor de la tecnolog\u00eda en el deporte<\/p>\n"}],"producto_path":false,"hubspot_product_id":"14339212","id_magento":"345","header_image":134558,"column_title":"","titulo_incentivo":"Certificado en Tecnolog\u00eda y Ciencia Aplicadas al Deporte","fecha_de_inicio":"10062021","precio_en_cuotas":"4 pagos mensuales de \u20ac 156,25","precio_de_lista":"","mostrar_form":false,"promocion_vigente":"","duracion_del_curso":"4 meses","nivel_del_curso":"Avanzado","modalidad_cursado":"Online","contenido":"<p>El presente certificado est\u00e1 dirigido a aquellos profesionales del deporte y la salud cuyo objetivo principal est\u00e9 orientado al conocimiento y aprendizaje respecto a las bases que conforman el uso, entendimiento y aplicaci\u00f3n tecnol\u00f3gica en los diferentes campos que emergen dentro del deporte.<\/p>\n<p>El abordaje brindado parte de una perspectiva cuantitativa y cualitativa que se vincula con la recolecci\u00f3n de datos y la toma de decisiones en funci\u00f3n de las necesidades individuales y colectivas que se desprenden de los deportes de interacci\u00f3n en espacios compartidos. En este sentido, el participante encontrar\u00e1 el sustento te\u00f3rico y la implicancia pr\u00e1ctica, procedentes de la evidencia cient\u00edfica actual, en concordancia con la realidad del campo de la pr\u00e1ctica desde una mirada integradora. De esta manera, durante el proceso de formaci\u00f3n, el participante podr\u00e1 comprender, estructurar y dise\u00f1ar microciclos de entrenamiento a partir de las necesidades contextuales que surgen en el deporte contempor\u00e1neo.<\/p>\n","ocultar_video":true,"url_video":"","avalado_por":false,"pdf_brochure":"https:\/\/static.capabiliaserver.com\/frontend\/clients\/barca\/wp_prod\/wp-content\/uploads\/2020\/02\/1d1be917-certificado-en-tecnologia-y-ciencia-aplicadas-al-deporte.pdf","aprende_a":[{"item_aprende_a":"Adoptar el conocimiento te\u00f3rico para su aplicaci\u00f3n pr\u00e1ctica, respecto al uso y entendimiento de la tecnolog\u00eda en el deporte. Una correcta interpretaci\u00f3n de datos dotar\u00e1 al participante de la posibilidad de tomar decisiones en funci\u00f3n de las necesidades individuales y colectivas del deporte en la actualidad, permitiendo el aporte de habilidades espec\u00edficas necesarias y de calidad en la demanda de este perfil por parte de clubes profesionales. "}],"preguntas_frecuentes":false,"contenidistas":[{"contenidista":"Edu Pons (Curso: \"Monitorizaci\u00f3n de la Carga Externa en Deportes Colectivos mediante EPTS\")","descripcion_contenidista":"Preparador f\u00edsico del primer equipo del FC Barcelona."},{"contenidista":"Andr\u00e9s Mart\u00edn Garc\u00eda (Curso: \"Monitorizaci\u00f3n de la Carga Externa en Deportes Colectivos mediante EPTS\")","descripcion_contenidista":"Preparador F\u00edsico del Juvenil A del FC Barcelona."},{"contenidista":"Xavier Linde (Curso: \"Monitorizaci\u00f3n de la Carga Externa en Deportes Colectivos mediante EPTS\")","descripcion_contenidista":"Fisioterapeuta y readaptador en el primer equipo del FC Barcelona."},{"contenidista":"Jos\u00e9 Pino Ortega (Curso: \"Monitorizaci\u00f3n de la Carga Externa en Deportes Colectivos mediante EPTS\")","descripcion_contenidista":"Profesor de la Universidad de Murcia. Socio fundador y responsable deportivo de RealTrack Systems."},{"contenidista":"Sergi Bellmunt Guasch (Curso: \"Monitorizaci\u00f3n de la Carga Externa en Deportes Colectivos mediante EPTS\")","descripcion_contenidista":"Sport Scientist en RealTrack Systems."},{"contenidista":"Jos\u00e9 Mar\u00eda Fern\u00e1ndez Ponce (Curso: \"Sports Analytics \u2013 Conceptos esenciales\")","descripcion_contenidista":"Profesor Titular de la Universidad de Sevilla. Miembro del departamento de Estad\u00edstica e Investigaci\u00f3n Operativa e investigador del grupo \u201cM\u00e9todos Cuantitativos en Evaluaci\u00f3n, FQM-328\u201d de la Junta de Andaluc\u00eda."}],"docentes_expertos":[{"foto":"https:\/\/barcanew.capabiliaserver.com\/wp-content\/uploads\/2020\/02\/68c9bb1e-xavi_reche.jpg","nombre_del_docente":"Xavier Reche","descripcion_del_docente":"Tracking & Monitoring Sports Scientist en FC Barcelona.","enlace":""},{"foto":"https:\/\/barcanew.capabiliaserver.com\/wp-content\/uploads\/2020\/02\/689b2c12-ric_angel.jpg_1481508630.jpg","nombre_del_docente":"Angel Ric","descripcion_del_docente":"Doctor en Ciencias del Deporte. Profesor de f\u00fatbol en INEFC. Miembro de Complex Systems in Sport Research Group. Ex M\u00e1ster en Deportes de Equipo - FCB. UEFA PRO Coach.","enlace":""},{"foto":"https:\/\/barcanew.capabiliaserver.com\/wp-content\/uploads\/2020\/02\/220d2700-raul-pelaez.jpg","nombre_del_docente":"Ra\u00fal Pel\u00e1ez","descripcion_del_docente":"Ex jefe de Tecnolog\u00eda, Innovaci\u00f3n y An\u00e1lisis Deportivo del FC Barcelona.","enlace":""},{"foto":"https:\/\/barcanew.capabiliaserver.com\/wp-content\/uploads\/2020\/02\/fdc28e51-marticasals-2.jpg","nombre_del_docente":"Mart\u00ed Casals","descripcion_del_docente":"Investigador del Centro de Estudios en el Deporte y Actividad F\u00edsica (CEEAF) en la Universitat de Vic \u2013 Universitat Central de Catalunya (UVic-UCC). Estad\u00edstico deportivo y colaborador en Bar\u00e7a Innovation Hub \u2013 Universitas.","enlace":""},{"foto":"https:\/\/barcanew.capabiliaserver.com\/wp-content\/uploads\/2020\/02\/66196f91-sam_robertson.jpg","nombre_del_docente":"Sam Robertson","descripcion_del_docente":"Cient\u00edfico del deporte y analista deportivo. L\u00edder del programa de rendimiento deportivo y negocios del Instituto de Salud y Deportes de la Universidad de Victoria (Melbourne).","enlace":""}],"imagen_destacada":"https:\/\/barcanew.capabiliaserver.com\/wp-content\/uploads\/2020\/02\/b36f8126-certificate-in-technology-and-science-applied-to-sport_.jpg","slidebox":false,"titulo_seccion_testimonios":"","slider_testimonios":false,"imagen_de_fondo_testimonios":false,"color_de_fondo_testimonios":"","activar_banner_1":false,"banner_1":false,"activar_banner_2":false,"banner_2":false,"activar_banner_3":false,"banner_3":false,"segunda_fecha_de_inicio":"","zona_horaria":"Europe\/Madrid","url_cursado_webinar":"","activar_nuevos_banners":false,"mostrar_banner_1":false,"crear_banner_1":{"utilizar_imagen_unica_para_banner":false,"asignar_imagen_unica_para_banner":false,"mostrar_titulo_banner":false,"titulo_para_banner":"","mostrar_subtitulo_banner":false,"subtitulo_del_banner":"","mostrar_cta_banner":false,"texto_cta_banner":"","url_cta_banner":"","fondo_de_color_banner":"","fondo_de_imagen_banner":false,"mostrar_imagen_izquierda_banner":false,"asignar_imagen_izquierda_banner":false},"mostrar_banner_2":false,"crear_banner_2":{"utilizar_imagen_unica_para_banner":false,"asignar_imagen_unica_para_banner":false,"mostrar_titulo_banner":false,"titulo_para_banner":"","mostrar_subtitulo_banner":false,"subtitulo_del_banner":"","mostrar_cta_banner":false,"texto_cta_banner":"","url_cta_banner":"","fondo_de_color_banner":"","fondo_de_imagen_banner":false,"mostrar_imagen_izquierda_banner":false,"asignar_imagen_izquierda_banner":false},"mostrar_banner_3":false,"crear_banner_3":{"utilizar_imagen_unica_para_banner":false,"asignar_imagen_unica_para_banner":false,"mostrar_titulo_banner":false,"titulo_para_banner":"","mostrar_subtitulo_banner":false,"subtitulo_del_banner":"","mostrar_cta_banner":false,"texto_cta_banner":"","url_cta_banner":"","fondo_de_color_banner":"","fondo_de_imagen_banner":false,"mostrar_imagen_izquierda_banner":false,"asignar_imagen_izquierda_banner":false},"activar_hero_video":false,"video_texto":"","video_header":false,"pdf_brochure_link_drive":"https:\/\/drive.google.com\/uc?id=1OqW9mVSrU7WNS8DpSG0_pIcsPyL90vh4&export=download"},"idiomas":{"en":54176,"es":54179,"ar":54179,"ca":54177,"ru":54179,"pt":54178},"_links":{"self":[{"href":"https:\/\/barcanew.capabiliaserver.com\/es\/wp-json\/wp\/v2\/products\/54179"}],"collection":[{"href":"https:\/\/barcanew.capabiliaserver.com\/es\/wp-json\/wp\/v2\/products"}],"about":[{"href":"https:\/\/barcanew.capabiliaserver.com\/es\/wp-json\/wp\/v2\/types\/product"}],"author":[{"embeddable":true,"href":"https:\/\/barcanew.capabiliaserver.com\/es\/wp-json\/wp\/v2\/users\/23"}],"replies":[{"embeddable":true,"href":"https:\/\/barcanew.capabiliaserver.com\/es\/wp-json\/wp\/v2\/comments?post=54179"}],"version-history":[{"count":5,"href":"https:\/\/barcanew.capabiliaserver.com\/es\/wp-json\/wp\/v2\/products\/54179\/revisions"}],"predecessor-version":[{"id":136593,"href":"https:\/\/barcanew.capabiliaserver.com\/es\/wp-json\/wp\/v2\/products\/54179\/revisions\/136593"}],"wp:attachment":[{"href":"https:\/\/barcanew.capabiliaserver.com\/es\/wp-json\/wp\/v2\/media?parent=54179"}],"wp:term":[{"taxonomy":"category","embeddable":true,"href":"https:\/\/barcanew.capabiliaserver.com\/es\/wp-json\/wp\/v2\/categories?post=54179"}],"curies":[{"name":"wp","href":"https:\/\/api.w.org\/{rel}","templated":true}]}}