{"id":38420,"date":"2019-10-11T15:44:30","date_gmt":"2019-10-11T18:44:30","guid":{"rendered":"https:\/\/barcanew.capabiliaserver.com\/?post_type=product&#038;p=38420"},"modified":"2022-10-18T12:39:13","modified_gmt":"2022-10-18T15:39:13","slug":"certificado-en-analista-tactico-de-futbol","status":"publish","type":"product","link":"https:\/\/barcanew.capabiliaserver.com\/es\/product\/certificado-en-analista-tactico-de-futbol\/","title":{"rendered":"Certificado en Analista T\u00e1ctico de F\u00fatbol"},"content":{"rendered":"<p>contenido<\/p>\n","protected":false},"excerpt":{"rendered":"<p>excerpt<\/p>\n","protected":false},"author":16,"featured_media":0,"comment_status":"open","ping_status":"closed","template":"","meta":{"_acf_changed":false,"footnotes":""},"categories":[114,109],"acf":{"external_id":"1383","titulo_curso":"Certificado en Analista T\u00e1ctico de F\u00fatbol","precio":"625","impartido_en":"Castellano","hubspot_product_id":"50377707","id_magento":"308","header_image":134247,"column_title":"","titulo_incentivo":"Certificado en Analista T\u00e1ctico de F\u00fatbol","fecha_de_inicio":"10072021","precio_en_cuotas":"4 pagos mensuales de \u20ac 156,25","precio_de_lista":"","mostrar_form":false,"promocion_vigente":"","duracion_del_curso":"4 meses","nivel_del_curso":"Introductorio","modalidad_cursado":"Online","contenido":"<p>Abordamos el Certificado en Analista T\u00e1ctico de F\u00fatbol desde la constataci\u00f3n del crecimiento cuantitativo de la figura del analista y de los departamentos de an\u00e1lisis en los clubes profesionales de f\u00fatbol. Ante la demanda del perfil profesional de analista, surge la necesidad de ordenar y detallar cada una de las funciones que desempe\u00f1a o pueda desempe\u00f1ar en un futuro cercano.<\/p>\n<p>En un entorno cada vez m\u00e1s competitivo, el enorme incremento de los recursos econ\u00f3micos en los clubes profesionales de f\u00fatbol permite que el analista pueda implementar un trabajo organizado y exhaustivo que contribuya a mejorar el rendimiento de los equipos, posicionando a este perfil profesional en un mercado laboral creciente.<\/p>\n<p>Al finalizar el certificado, sabr\u00e1s c\u00f3mo implantar el departamento de an\u00e1lisis en un club de f\u00fatbol concreto, conocer\u00e1s las herramientas tecnol\u00f3gicas que puedes tener a tu disposici\u00f3n y ser\u00e1s capaz de afrontar el proceso de an\u00e1lisis desde una perspectiva hol\u00edstica (an\u00e1lisis propio, rival, entrenamiento, partido, competici\u00f3n, etc.).<\/p>\n","ocultar_video":false,"url_video":"https:\/\/www.youtube.com\/embed\/7a6Pv7V5RRc","avalado_por":false,"pdf_brochure":"https:\/\/static.capabiliaserver.com\/frontend\/clients\/barca\/wp_prod\/wp-content\/uploads\/2019\/10\/304bfd7f-certificado-en-analista-tactico-de-futbol.pdf","cursos_que_lo_componen":[{"nombre_del_curso":"Implantaci\u00f3n y procesos tecnol\u00f3gicos de an\u00e1lisis","descripcion_del_curso":"<p>M\u00d3DULO 1: Departamento de an\u00e1lisis<br \/>\nM\u00d3DULO 2: An\u00e1lisis m\u00e9trico de datos<br \/>\nM\u00d3DULO 3: Procesos audiovisuales<br \/>\nM\u00d3DULO 4: El tagging como medio para el an\u00e1lisis de partidos<\/p>\n"},{"nombre_del_curso":"An\u00e1lisis de equipo propio (autoan\u00e1lisis)","descripcion_del_curso":"<p>M\u00d3DULO 1: An\u00e1lisis Plano Micro<br \/>\nM\u00d3DULO 2: An\u00e1lisis Plano Meso<br \/>\nM\u00d3DULO 3: An\u00e1lisis Plano Macro<br \/>\nM\u00d3DULO 4: An\u00e1lisis del entrenamiento<\/p>\n"},{"nombre_del_curso":"An\u00e1lisis de equipo rival","descripcion_del_curso":"<p>M\u00d3DULO 1: An\u00e1lisis individual del rival<br \/>\nM\u00d3DULO 2: An\u00e1lisis colectivo del rival<br \/>\nM\u00d3DULO 3: Incidencia del an\u00e1lisis del rival en el entrenamiento<br \/>\nM\u00d3DULO 4: Transmisi\u00f3n del an\u00e1lisis del rival al jugador durante el micro ciclo<\/p>\n"},{"nombre_del_curso":"An\u00e1lisis de partido","descripcion_del_curso":"<p>M\u00d3DULO 1: Pre-partido<br \/>\nM\u00d3DULO 2: An\u00e1lisis durante el partido<br \/>\nM\u00d3DULO 3: An\u00e1lisis post-partido<br \/>\nM\u00d3DULO 4: Evaluaci\u00f3n final\u2003<\/p>\n"}],"aprende_a":[{"item_aprende_a":"Ayudar a la correcta implantaci\u00f3n del departamento de an\u00e1lisis en un club de f\u00fatbol y conocer las herramientas tecnol\u00f3gicas actuales en materia de an\u00e1lisis."},{"item_aprende_a":"Organizar y mejorar el conocimiento del propio equipo y su rendimiento a trav\u00e9s del an\u00e1lisis."},{"item_aprende_a":"Mejorar la recogida de informaci\u00f3n sobre el rival y su uso durante los entrenamientos."},{"item_aprende_a":"Adoptar un m\u00e9todo para el an\u00e1lisis durante la competici\u00f3n."}],"preguntas_frecuentes":false,"contenidistas":[{"contenidista":"Antonio \u00c1ngel Barea Villegas (Jefe de estudios del Certificado)","descripcion_contenidista":"Entrenador UEFA-PRO y analista t\u00e1ctico. Ha sido Analista de rivales de la Selecci\u00f3n Espa\u00f1ola (RFEF) y es Profesor del \u00e1rea de entrenamiento (CEDIFA-RFAF)."},{"contenidista":"Anselmo Ruiz de Alarc\u00f3n Quintero (Profesor)","descripcion_contenidista":"Asesor Externo en An\u00e1lisis de Datos de primer equipo de Athletic Club. Fue responsable de I+D en la cantera de Real Betis. Licenciado en Ciencias de la Actividad F\u00edsica y del Deporte."},{"contenidista":"Marco Tamarit de Toro (Profesor)","descripcion_contenidista":"Entrenador de f\u00fatbol y analista. Ha sido Analista del Real Betis Balompi\u00e9 y del Staff T\u00e9cnico de Bernd Schuster en Dalian Yifang."},{"contenidista":"Enric Soriano Domingo (Profesor)","descripcion_contenidista":"Entrenador de f\u00fatbol y analista t\u00e1ctico. Experiencia en canteras de Levante UD y Valencia CF como entrenador y en UD Ibiza como analista."},{"contenidista":"Matias Pera Lallana (Colaborador)","descripcion_contenidista":"Coordinador y entrenador de f\u00fatbol base."},{"contenidista":"Alex Couto Lago (Colaborador)","descripcion_contenidista":"Entrenador Nacional F\u00fatbol y T\u00e9cnico Deportivo Superior. M\u00e1ster Profesional en F\u00fatbol. Licenciado CC Econ\u00f3micas. Ex entrenador SD Compostela. Analista, consultor. Comentarista TVG."}],"docentes_expertos":[{"foto":"https:\/\/barcanew.capabiliaserver.com\/wp-content\/uploads\/2019\/10\/632bf600-antolin_gonzalo_martin.jpg","nombre_del_docente":"Antol\u00edn Gonzalo Mart\u00edn","descripcion_del_docente":"Entrenador UEFA-PRO y analista t\u00e1ctico. Ha sido Analista Jefe de la Selecci\u00f3n Espa\u00f1ola (RFEF) y del primer equipo de f\u00fatbol del Real Madrid CF.","enlace":""}],"producto_path":false,"slidebox":false,"titulo_seccion_testimonios":"","slider_testimonios":false,"imagen_de_fondo_testimonios":false,"color_de_fondo_testimonios":"","segunda_fecha_de_inicio":"25072021","zona_horaria":"Europe\/Madrid","activar_banner_1":false,"banner_1":false,"activar_banner_2":false,"banner_2":false,"activar_banner_3":false,"banner_3":false,"url_cursado_webinar":"","activar_nuevos_banners":false,"mostrar_banner_1":false,"crear_banner_1":{"utilizar_imagen_unica_para_banner":false,"asignar_imagen_unica_para_banner":false,"mostrar_titulo_banner":false,"titulo_para_banner":"","mostrar_subtitulo_banner":false,"subtitulo_del_banner":"","mostrar_cta_banner":false,"texto_cta_banner":"","url_cta_banner":"","fondo_de_color_banner":"","fondo_de_imagen_banner":false,"mostrar_imagen_izquierda_banner":false,"asignar_imagen_izquierda_banner":false},"mostrar_banner_2":false,"crear_banner_2":{"utilizar_imagen_unica_para_banner":false,"asignar_imagen_unica_para_banner":false,"mostrar_titulo_banner":false,"titulo_para_banner":"","mostrar_subtitulo_banner":false,"subtitulo_del_banner":"","mostrar_cta_banner":false,"texto_cta_banner":"","url_cta_banner":"","fondo_de_color_banner":"","fondo_de_imagen_banner":false,"mostrar_imagen_izquierda_banner":false,"asignar_imagen_izquierda_banner":false},"mostrar_banner_3":false,"crear_banner_3":{"utilizar_imagen_unica_para_banner":false,"asignar_imagen_unica_para_banner":false,"mostrar_titulo_banner":false,"titulo_para_banner":"","mostrar_subtitulo_banner":false,"subtitulo_del_banner":"","mostrar_cta_banner":false,"texto_cta_banner":"","url_cta_banner":"","fondo_de_color_banner":"","fondo_de_imagen_banner":false,"mostrar_imagen_izquierda_banner":false,"asignar_imagen_izquierda_banner":false},"activar_hero_video":false,"video_texto":"134247","video_header":false,"pdf_brochure_link_drive":"https:\/\/drive.google.com\/uc?id=1uL7RWXmQaOKEMtf3B6pmURu8CXo_7wA2&export=download"},"idiomas":{"en":38417,"es":38420,"ar":38420,"ca":38418,"ru":38420,"pt":38419},"_links":{"self":[{"href":"https:\/\/barcanew.capabiliaserver.com\/es\/wp-json\/wp\/v2\/products\/38420"}],"collection":[{"href":"https:\/\/barcanew.capabiliaserver.com\/es\/wp-json\/wp\/v2\/products"}],"about":[{"href":"https:\/\/barcanew.capabiliaserver.com\/es\/wp-json\/wp\/v2\/types\/product"}],"author":[{"embeddable":true,"href":"https:\/\/barcanew.capabiliaserver.com\/es\/wp-json\/wp\/v2\/users\/16"}],"replies":[{"embeddable":true,"href":"https:\/\/barcanew.capabiliaserver.com\/es\/wp-json\/wp\/v2\/comments?post=38420"}],"version-history":[{"count":5,"href":"https:\/\/barcanew.capabiliaserver.com\/es\/wp-json\/wp\/v2\/products\/38420\/revisions"}],"predecessor-version":[{"id":134253,"href":"https:\/\/barcanew.capabiliaserver.com\/es\/wp-json\/wp\/v2\/products\/38420\/revisions\/134253"}],"wp:attachment":[{"href":"https:\/\/barcanew.capabiliaserver.com\/es\/wp-json\/wp\/v2\/media?parent=38420"}],"wp:term":[{"taxonomy":"category","embeddable":true,"href":"https:\/\/barcanew.capabiliaserver.com\/es\/wp-json\/wp\/v2\/categories?post=38420"}],"curies":[{"name":"wp","href":"https:\/\/api.w.org\/{rel}","templated":true}]}}