{"id":15921,"date":"2019-04-08T10:07:14","date_gmt":"2019-04-08T13:07:14","guid":{"rendered":"https:\/\/barcanew.capabiliaserver.com\/?post_type=product&#038;p=15921"},"modified":"2022-10-18T12:03:08","modified_gmt":"2022-10-18T15:03:08","slug":"certificado-en-entrenamiento-de-fuerza","status":"publish","type":"product","link":"https:\/\/barcanew.capabiliaserver.com\/es\/product\/certificado-en-entrenamiento-de-fuerza\/","title":{"rendered":"Certificado en Entrenamiento de la Fuerza: de la Rehabilitaci\u00f3n al Rendimiento"},"content":{"rendered":"<p>contenido<\/p>\n","protected":false},"excerpt":{"rendered":"<p>excerpt<\/p>\n","protected":false},"author":16,"featured_media":0,"comment_status":"open","ping_status":"closed","template":"","meta":{"_acf_changed":false,"footnotes":""},"categories":[123,107],"acf":{"external_id":"1379","titulo_curso":"Certificado en Entrenamiento de la Fuerza: de la Rehabilitaci\u00f3n al Rendimiento","precio":"625","impartido_en":"Castellano","hubspot_product_id":"28656734","header_image":134227,"column_title":"","titulo_incentivo":"Certificado en Entrenamiento de la Fuerza: de la Rehabilitaci\u00f3n al Rendimiento","fecha_de_inicio":"10072021","precio_en_cuotas":"4 pagos mensuales de \u20ac 156,25","precio_de_lista":"","mostrar_form":false,"promocion_vigente":"","duracion_del_curso":"4 meses","nivel_del_curso":"Avanzado","modalidad_cursado":"Online","contenido":"<p><span data-sheets-value=\"{&quot;1&quot;:2,&quot;2&quot;:&quot;El presente certificado est\u00e1 dirigido a aquellos profesionales de las ciencias del deporte y la salud que quieran profundizar en el conocimiento del entrenamiento de la fuerza. Este conocimiento est\u00e1 basado en una doble fuente de recursos: la literatura cient\u00edfica y la experiencia profesional de los docentes. \\n\\nEn el curso \\&quot;Bases neuromusculares en el entrenamiento de la fuerza\\&quot; iniciamos con un tratamiento de la informaci\u00f3n referida a la fisiolog\u00eda neuromuscular y su relaci\u00f3n con el desarrollo de la fuerza y la potencia muscular en el deporte. Este conocimiento de base, relacionado continuamente con el entrenamiento de la fuerza, va a permitir hacer un an\u00e1lisis previo de calidad sobre las necesidades de una programaci\u00f3n y la elecci\u00f3n y dise\u00f1o de tareas. \\n\\nA lo largo del certificado, nos adentramos en la aplicaci\u00f3n profesional del entrenamiento de la fuerza en los dos grandes \u00e1mbitos de trabajo que se exponen: el preparador de fuerza (strength and conditioning coach) y el readaptador post lesi\u00f3n (return-to-play coach). En ambos casos, los dos cursos centrales del certificado desarrollan un \u00edndice de contenidos que dotan del conocimiento fundamental y actual sobre estos dos perfiles profesionales, teniendo la fuerza como contenido central a tratar. De manera sintetizada, se exponen los puntos fundamentales de desarrollo de ambos perfiles, y se incide en la metodolog\u00eda de trabajo en cada uno de ellos. \\n\\nFinalmente, en el curso \\&quot;Tecnolog\u00eda y entrenamiento de la fuerza y la potencia muscular\\&quot; de esta formaci\u00f3n, se plantean las \u00faltimas tendencias en el entrenamiento de la fuerza, algunas de ellas a\u00fan emergentes, y se hace un an\u00e1lisis del futuro inmediato en el desarrollo de esta cualidad tan importante del rendimiento deportivo y de la rehabilitaci\u00f3n de lesiones.&quot;}\" data-sheets-userformat=\"{&quot;2&quot;:4993,&quot;3&quot;:{&quot;1&quot;:0},&quot;10&quot;:2,&quot;11&quot;:4,&quot;12&quot;:0,&quot;15&quot;:&quot;Arial&quot;}\">El presente certificado est\u00e1 dirigido a aquellos profesionales de las ciencias del deporte y la salud que quieran profundizar en el conocimiento del entrenamiento de la fuerza. Este conocimiento est\u00e1 basado en una doble fuente de recursos: la literatura cient\u00edfica y la experiencia profesional de los docentes. <\/span><\/p>\n<p>En el curso \u00abBases neuromusculares en el entrenamiento de la fuerza\u00bb iniciamos con un tratamiento de la informaci\u00f3n referida a la fisiolog\u00eda neuromuscular y su relaci\u00f3n con el desarrollo de la fuerza y la potencia muscular en el deporte. Este conocimiento de base, relacionado continuamente con el entrenamiento de la fuerza, va a permitir hacer un an\u00e1lisis previo de calidad sobre las necesidades de una programaci\u00f3n y la elecci\u00f3n y dise\u00f1o de tareas.<\/p>\n<p>A lo largo del certificado, nos adentramos en la aplicaci\u00f3n profesional del entrenamiento de la fuerza en los dos grandes \u00e1mbitos de trabajo que se exponen: el preparador de fuerza (strength and conditioning coach) y el readaptador post lesi\u00f3n (return-to-play coach). En ambos casos, los dos cursos centrales del certificado desarrollan un \u00edndice de contenidos que dotan del conocimiento fundamental y actual sobre estos dos perfiles profesionales, teniendo la fuerza como contenido central a tratar. De manera sintetizada, se exponen los puntos fundamentales de desarrollo de ambos perfiles, y se incide en la metodolog\u00eda de trabajo en cada uno de ellos.<\/p>\n<p>Finalmente, en el curso \u00abTecnolog\u00eda y entrenamiento de la fuerza y la potencia muscular\u00bb de esta formaci\u00f3n, se plantean las \u00faltimas tendencias en el entrenamiento de la fuerza, algunas de ellas a\u00fan emergentes, y se hace un an\u00e1lisis del futuro inmediato en el desarrollo de esta cualidad tan importante del rendimiento deportivo y de la rehabilitaci\u00f3n de lesiones.<\/p>\n","ocultar_video":false,"url_video":"https:\/\/www.youtube.com\/embed\/mwGaT0LL4xY","avalado_por":false,"pdf_brochure":"https:\/\/static.capabiliaserver.com\/frontend\/clients\/barca\/wp_prod\/wp-content\/uploads\/2019\/04\/09f29bdd-certificado-en-entrenamiento-de-la-fuerza_de-la-rehabilitacion-al-rendimiento.pdf","cursos_que_lo_componen":[{"nombre_del_curso":"Bases neuromusculares en el entrenamiento de la fuerza","descripcion_del_curso":"<p>M\u00d3DULO 1: Caracter\u00edsticas del sistema m\u00fasculo esquel\u00e9tico.<br \/>\nUnidad 1: El movimiento desde el sistema nervioso central.<br \/>\nUnidad 2: Funcionalidad del m\u00fasculo esquel\u00e9tico.  <\/p>\n<p>M\u00d3DULO 2: Las acciones musculares y su relaci\u00f3n con el deporte.<br \/>\nUnidad 1: Tipos de acci\u00f3n muscular.<br \/>\nUnidad 2: Interrelaci\u00f3n de las acciones musculares en el movimiento y el mantenimiento de la posici\u00f3n.<\/p>\n<p>M\u00d3DULO 3: Cambios sist\u00e9micos en el desentrenamiento y la inmovilizaci\u00f3n.<br \/>\nUnidad 1: Desentrenamiento con relaci\u00f3n al m\u00fasculo esquel\u00e9tico.<br \/>\nUnidad 2: La hipertrofia muscular.<\/p>\n<p>M\u00d3DULO 4: La valoraci\u00f3n de las propiedades musculares con relaci\u00f3n al deporte.<br \/>\nUnidad 1: La electromiograf\u00eda de superficie.<br \/>\nUnidad 2: La tensiomiograf\u00eda.<\/p>\n"},{"nombre_del_curso":"Metodolog\u00eda del entrenamiento de la fuerza: aplicaci\u00f3n en la mejora del rendimiento deportivo y en la readaptaci\u00f3n post lesi\u00f3n a la competici\u00f3n","descripcion_del_curso":"<p>M\u00d3DULO 1: Contextualizaci\u00f3n: \u00bfc\u00f3mo adaptamos el entrenamiento de fuerza a los deportes de equipo?<br \/>\nUnidad 1: La cualidad de fuerza y su relaci\u00f3n con los requerimientos coordinativos y cognitivos de los deportes de equipo.<br \/>\nUnidad 2: La progresi\u00f3n en la dificultad del trabajo de fuerza con relaci\u00f3n a la especificidad del deporte.<\/p>\n<p>M\u00d3DULO 2: Metodolog\u00eda del trabajo de fuerza en el deporte de situaci\u00f3n.<br \/>\nUnidad 1: El entrenamiento de fuerza y la necesidad de trabajar con sobrecarga.<br \/>\nUnidad 2: Integraci\u00f3n del trabajo de fuerza con el resto de capacidades.<\/p>\n<p>M\u00d3DULO 3: Integraci\u00f3n del trabajo de fuerza en la planificaci\u00f3n y programaci\u00f3n de los deportes de situaci\u00f3n.<br \/>\nUnidad 1: La fuerza en el entrenamiento integrado de una programaci\u00f3n de tipo liga regular de larga duraci\u00f3n. Ejemplificaci\u00f3n basada en el f\u00fatbol.<br \/>\nUnidad 2: La fuerza en el entrenamiento integrado de una programaci\u00f3n de tipo bloques de preparaci\u00f3n \u2013 competici\u00f3n. Ejemplificaci\u00f3n basada en el tenis.<\/p>\n<p>M\u00d3DULO 4: La fuerza en el dise\u00f1o de tareas espec\u00edficas del deporte. Ejemplificaci\u00f3n en f\u00fatbol.<br \/>\nUnidad 1: Los small-sided games (SSG): caracter\u00edsticas para su dise\u00f1o y relaci\u00f3n con el desarrollo de las habilidades deportivas.<br \/>\nUnidad 2: Los SSG: relaci\u00f3n con el trabajo de fuerza.<\/p>\n"},{"nombre_del_curso":"La fuerza y potencia muscular como cualidad clave en la readaptaci\u00f3n de las lesiones deportivas","descripcion_del_curso":"<p>M\u00d3DULO 1: Estudio de la lesi\u00f3n en el deporte: los mecanismos lesivos y los factores de riesgo de lesi\u00f3n asociados.<br \/>\nUnidad 1: Biomec\u00e1nica lesiva e implicaci\u00f3n de la fuerza en la recuperaci\u00f3n de las habilidades deportivas.<br \/>\nUnidad 2: Factores de riesgo asociados a la falta de fuerza.<\/p>\n<p>M\u00d3DULO 2: Las lesiones deportivas y su relaci\u00f3n con la cualidad de fuerza.<br \/>\nUnidad 1: Las lesiones de las estructuras muscular y tendinosa.<br \/>\nUnidad 2: Las lesiones articulares. <\/p>\n<p>M\u00d3DULO 3: Manifestaciones de la fuerza y la potencia muscular en el proceso de readaptaci\u00f3n post lesi\u00f3n.<br \/>\nUnidad 1: La fuerza y sus diferentes manifestaciones seg\u00fan carga externa y velocidad de ejecuci\u00f3n.<br \/>\nUnidad 2: Programaci\u00f3n del trabajo de fuerza en las lesiones deportivas.<\/p>\n<p>M\u00d3DULO 4: Nuevos paradigmas en el entrenamiento de la fuerza: musculaci\u00f3n mediante oclusi\u00f3n vascular.<br \/>\nUnidad 1: Bases de la musculaci\u00f3n tradicional versus musculaci\u00f3n por medio de la oclusi\u00f3n vascular o Blood Flow Restriction (BFR).<br \/>\nUnidad 2: Programaci\u00f3n del entrenamiento mediante oclusi\u00f3n vascular: variables clave para la \u00f3ptima prescripci\u00f3n.<\/p>\n"},{"nombre_del_curso":"Tecnolog\u00eda y entrenamiento de la fuerza y la potencia muscular","descripcion_del_curso":"<p>M\u00d3DULO 1: Tecnolog\u00eda, equipamiento y entrenamiento de la fuerza de car\u00e1cter general.<br \/>\nUnidad 1: Equipamientos para el trabajo de orientaci\u00f3n general con relaci\u00f3n a la especificidad del deporte.<br \/>\nUnidad 2: Otros equipamientos relacionados con las cargas de orientaci\u00f3n general.<\/p>\n<p>M\u00d3DULO 2: Tecnolog\u00eda, equipamiento y entrenamiento de la fuerza de car\u00e1cter espec\u00edfico con relaci\u00f3n al deporte.<br \/>\nUnidad 1: Equipamientos para el trabajo de orientaci\u00f3n dirigida y espec\u00edfica con relaci\u00f3n a las habilidades espec\u00edficas del deporte.<br \/>\nUnidad 2: La tecnolog\u00eda GPS y su relaci\u00f3n con la valoraci\u00f3n y el control de la fuerza en el entrenamiento y la competici\u00f3n.<\/p>\n<p>M\u00d3DULO 3: Tecnolog\u00eda en la valoraci\u00f3n de la fuerza y la potencia muscular.<br \/>\nUnidad 1: Utilizaci\u00f3n de encoders lineales y rotatorios para la valoraci\u00f3n de la fuerza y la potencia muscular.<br \/>\nUnidad 2: Sistemas integrados en la valoraci\u00f3n muscular.<\/p>\n<p>M\u00d3DULO 4: Tecnolog\u00eda interactiva y entrenamiento de la fuerza.<br \/>\nUnidad 1: Gamificaci\u00f3n en el deporte.<br \/>\nUnidad 2: Metodolog\u00edas interactivas relacionadas con la gamificaci\u00f3n.<\/p>\n"}],"aprende_a":[{"item_aprende_a":"Mejorar el an\u00e1lisis cr\u00edtico al realizar un programa de entrenamiento en los diferentes roles profesionales relacionados con las ciencias del deporte y la salud."},{"item_aprende_a":"Mejorar el rendimiento deportivo y la prevenci\u00f3n de lesiones a partir de un conocimiento profundo sobre la metodolog\u00eda a aplicar en los programas de entrenamiento de la fuerza y la potencia muscular."},{"item_aprende_a":"Aplicar la metodolog\u00eda adecuada en el dise\u00f1o del proceso de readaptaci\u00f3n post lesi\u00f3n en aquellas afecciones donde el desarrollo de la fuerza tenga un marcado protagonismo."},{"item_aprende_a":"Conocer, de manera transversal, las metodolog\u00edas emergentes en el entrenamiento de la fuerza para poder profundizar desde una base contrastada desde la ciencia."}],"preguntas_frecuentes":false,"contenidistas":[{"contenidista":"Lic. Andr\u00e9s Darbyshire","descripcion_contenidista":"Preparador F\u00edsico de Baloncesto Profesional."}],"docentes_expertos":[{"foto":"https:\/\/static.capabiliaserver.com\/frontend\/clients\/barca\/wp_prod\/wp-content\/uploads\/2019\/03\/4b872d62-dani_romero-e1571930208556.png","nombre_del_docente":"Daniel Romero Rodriguez","descripcion_del_docente":"Preparador f\u00edsico del primer equipo de f\u00fatbol del FC Barcelona.","enlace":""},{"foto":"https:\/\/barcanew.capabiliaserver.com\/wp-content\/uploads\/2020\/02\/9c4adc5b-francesc-cos-2.jpg","nombre_del_docente":"Francesc Cos","descripcion_del_docente":"Ex preparador f\u00edsico de la fuerza del primer equipo de f\u00fatbol del FC Barcelona (2004-2016). Ex director del \u00e1rea de Rendimiento Deportivo del Bar\u00e7a Innovation Hub (2016-2018). Actualmente es Preparador F\u00edsico del Manchester City.","enlace":""}],"imagen_destacada":"https:\/\/static.capabiliaserver.com\/frontend\/clients\/barca\/wp_prod\/wp-content\/uploads\/2019\/04\/031f0c27-certificate-in-strength-training_-from-rehabilitation-to-performance_.jpg","id_magento":"273","producto_path":false,"slidebox":false,"titulo_seccion_testimonios":"","slider_testimonios":false,"imagen_de_fondo_testimonios":false,"color_de_fondo_testimonios":"","segunda_fecha_de_inicio":"25072021","zona_horaria":"Europe\/Madrid","activar_banner_1":false,"banner_1":false,"activar_banner_2":false,"banner_2":false,"activar_banner_3":false,"banner_3":false,"url_cursado_webinar":"","activar_nuevos_banners":false,"mostrar_banner_1":false,"crear_banner_1":{"utilizar_imagen_unica_para_banner":false,"asignar_imagen_unica_para_banner":false,"mostrar_titulo_banner":false,"titulo_para_banner":"","mostrar_subtitulo_banner":false,"subtitulo_del_banner":"","mostrar_cta_banner":false,"texto_cta_banner":"","url_cta_banner":"","fondo_de_color_banner":"","fondo_de_imagen_banner":false,"mostrar_imagen_izquierda_banner":false,"asignar_imagen_izquierda_banner":false},"mostrar_banner_2":false,"crear_banner_2":{"utilizar_imagen_unica_para_banner":false,"asignar_imagen_unica_para_banner":false,"mostrar_titulo_banner":false,"titulo_para_banner":"","mostrar_subtitulo_banner":false,"subtitulo_del_banner":"","mostrar_cta_banner":false,"texto_cta_banner":"","url_cta_banner":"","fondo_de_color_banner":"","fondo_de_imagen_banner":false,"mostrar_imagen_izquierda_banner":false,"asignar_imagen_izquierda_banner":false},"mostrar_banner_3":false,"crear_banner_3":{"utilizar_imagen_unica_para_banner":false,"asignar_imagen_unica_para_banner":false,"mostrar_titulo_banner":false,"titulo_para_banner":"","mostrar_subtitulo_banner":false,"subtitulo_del_banner":"","mostrar_cta_banner":false,"texto_cta_banner":"","url_cta_banner":"","fondo_de_color_banner":"","fondo_de_imagen_banner":false,"mostrar_imagen_izquierda_banner":false,"asignar_imagen_izquierda_banner":false},"activar_hero_video":false,"video_texto":"","video_header":false,"pdf_brochure_link_drive":"https:\/\/drive.google.com\/uc?id=14DrASl8n4A-RsARtJ9DDMlGjFO38kBrk&export=download"},"idiomas":{"en":15918,"es":15921,"ar":81764,"ca":15919,"ru":15921,"pt":15920},"_links":{"self":[{"href":"https:\/\/barcanew.capabiliaserver.com\/es\/wp-json\/wp\/v2\/products\/15921"}],"collection":[{"href":"https:\/\/barcanew.capabiliaserver.com\/es\/wp-json\/wp\/v2\/products"}],"about":[{"href":"https:\/\/barcanew.capabiliaserver.com\/es\/wp-json\/wp\/v2\/types\/product"}],"author":[{"embeddable":true,"href":"https:\/\/barcanew.capabiliaserver.com\/es\/wp-json\/wp\/v2\/users\/16"}],"replies":[{"embeddable":true,"href":"https:\/\/barcanew.capabiliaserver.com\/es\/wp-json\/wp\/v2\/comments?post=15921"}],"version-history":[{"count":5,"href":"https:\/\/barcanew.capabiliaserver.com\/es\/wp-json\/wp\/v2\/products\/15921\/revisions"}],"predecessor-version":[{"id":134233,"href":"https:\/\/barcanew.capabiliaserver.com\/es\/wp-json\/wp\/v2\/products\/15921\/revisions\/134233"}],"wp:attachment":[{"href":"https:\/\/barcanew.capabiliaserver.com\/es\/wp-json\/wp\/v2\/media?parent=15921"}],"wp:term":[{"taxonomy":"category","embeddable":true,"href":"https:\/\/barcanew.capabiliaserver.com\/es\/wp-json\/wp\/v2\/categories?post=15921"}],"curies":[{"name":"wp","href":"https:\/\/api.w.org\/{rel}","templated":true}]}}