{"id":132815,"date":"2022-10-20T12:50:11","date_gmt":"2022-10-20T15:50:11","guid":{"rendered":"https:\/\/barcanew.capabiliaserver.com\/?post_type=product&#038;p=132815"},"modified":"2023-04-21T18:12:15","modified_gmt":"2023-04-21T21:12:15","slug":"certificado-en-futbol-femenino-desde-una-perspectiva-de-negocio","status":"publish","type":"product","link":"https:\/\/barcanew.capabiliaserver.com\/es\/product\/certificado-en-futbol-femenino-desde-una-perspectiva-de-negocio\/","title":{"rendered":"Certificado en F\u00fatbol Femenino desde una Perspectiva de Negocio"},"content":{"rendered":"","protected":false},"excerpt":{"rendered":"<p>excerpt<\/p>\n","protected":false},"author":16,"featured_media":0,"comment_status":"open","ping_status":"closed","template":"","meta":{"_acf_changed":false,"footnotes":""},"categories":[239,114],"acf":{"titulo_curso":"Certificado en F\u00fatbol Femenino desde una Perspectiva de Negocio","impartido_en":"Ingles","crear_banner_3":{"utilizar_imagen_unica_para_banner":false,"asignar_imagen_unica_para_banner":false,"mostrar_titulo_banner":false,"titulo_para_banner":"","mostrar_subtitulo_banner":false,"subtitulo_del_banner":"","mostrar_cta_banner":false,"texto_cta_banner":"","url_cta_banner":"","fondo_de_color_banner":"","fondo_de_imagen_banner":false,"mostrar_imagen_izquierda_banner":false,"asignar_imagen_izquierda_banner":false},"producto_path":false,"id_magento":"588","column_title":"","precio_en_cuotas":"4 pagos mensuales de \u20ac 156,25","precio_de_lista":"","mostrar_form":false,"promocion_vigente":"","duracion_del_curso":"4 meses","nivel_del_curso":"Introductorio","modalidad_cursado":"Online","ocultar_video":true,"url_video":"","avalado_por":false,"slidebox":false,"titulo_seccion_testimonios":"","imagen_de_fondo_testimonios":false,"color_de_fondo_testimonios":"","activar_banner_1":false,"banner_1":false,"activar_banner_2":false,"banner_2":false,"activar_banner_3":false,"banner_3":false,"activar_nuevos_banners":false,"mostrar_banner_1":false,"crear_banner_1":{"utilizar_imagen_unica_para_banner":false,"asignar_imagen_unica_para_banner":false,"mostrar_titulo_banner":false,"titulo_para_banner":"","mostrar_subtitulo_banner":false,"subtitulo_del_banner":"","mostrar_cta_banner":false,"texto_cta_banner":"","url_cta_banner":"","fondo_de_color_banner":"","fondo_de_imagen_banner":false,"mostrar_imagen_izquierda_banner":false,"asignar_imagen_izquierda_banner":false},"mostrar_banner_2":false,"crear_banner_2":{"utilizar_imagen_unica_para_banner":false,"asignar_imagen_unica_para_banner":false,"mostrar_titulo_banner":false,"titulo_para_banner":"","mostrar_subtitulo_banner":false,"subtitulo_del_banner":"","mostrar_cta_banner":false,"texto_cta_banner":"","url_cta_banner":"","fondo_de_color_banner":"","fondo_de_imagen_banner":false,"mostrar_imagen_izquierda_banner":false,"asignar_imagen_izquierda_banner":false},"mostrar_banner_3":false,"external_id":"1830","titulo_incentivo":"","fecha_de_inicio":"10112022","segunda_fecha_de_inicio":"","zona_horaria":"Europe\/Madrid","precio":"625","contenido":"<p><span data-sheets-value=\"{&quot;1&quot;:2,&quot;2&quot;:&quot;Probablemente el f\u00fatbol es el deporte m\u00e1s popular y m\u00e1s desarrollado en el mundo. Es reconocido por su popularidad y por su gran crecimiento como sector empresarial. Dentro de este sector, el f\u00fatbol femenino ha mostrado un crecimiento muy importante nunca antes visto en todo el mundo. Es de gran atracci\u00f3n para los aficionados, los patrocinadores, las autoridades, la prensa y los inversores. En la actualidad, se valora al f\u00fatbol femenino por su alcance y potencial como negocio que, combinado con la enorme cantidad de oportunidades para continuar con su expansi\u00f3n, nos permite imaginar un creciente recorrido similar y sorprendente. \\n\\nEn esta certificaci\u00f3n, ofrecemos un an\u00e1lisis amplio y pormenorizado del desarrollo y el estado actual del negocio del f\u00fatbol femenino. Tambi\u00e9n analizamos su posible crecimiento en el futuro impulsado por su prol\u00edfico fandom, y por su potencial como negocio que se puede observar. \\n&quot;}\" data-sheets-userformat=\"{&quot;2&quot;:897,&quot;3&quot;:{&quot;1&quot;:0},&quot;10&quot;:0,&quot;11&quot;:4,&quot;12&quot;:0}\">Probablemente el f\u00fatbol es el deporte m\u00e1s popular y m\u00e1s desarrollado en el mundo. Es reconocido por su popularidad y por su gran crecimiento como sector empresarial. Dentro de este sector, el f\u00fatbol femenino ha mostrado un crecimiento muy importante nunca antes visto en todo el mundo. Es de gran atracci\u00f3n para los aficionados, los patrocinadores, las autoridades, la prensa y los inversores. En la actualidad, se valora al f\u00fatbol femenino por su alcance y potencial como negocio que, combinado con la enorme cantidad de oportunidades para continuar con su expansi\u00f3n, nos permite imaginar un creciente recorrido similar y sorprendente.<\/span><\/p>\n<p>En esta certificaci\u00f3n, ofrecemos un an\u00e1lisis amplio y pormenorizado del desarrollo y el estado actual del negocio del f\u00fatbol femenino. Tambi\u00e9n analizamos su posible crecimiento en el futuro impulsado por su prol\u00edfico fandom, y por su potencial como negocio que se puede observar.<\/p>\n","pdf_brochure":false,"cursos_que_lo_componen":[{"nombre_del_curso":" Desarrollo del f\u00fatbol femenino","descripcion_del_curso":"<p>M\u00f3dulo 1: Los desaf\u00edos del f\u00fatbol femenino - Barreras hist\u00f3ricas, institucionales y culturales<br \/>\nM\u00f3dulo 2: Las oportunidades en el f\u00fatbol femenino - Financiaci\u00f3n e inversi\u00f3n estrat\u00e9gica<br \/>\nM\u00f3dulo 3: Marketing con una causa - F\u00fatbol femenino y RSE<br \/>\nM\u00f3dulo 4: Igualdad de g\u00e9nero como marca global - El fututo del negocio del f\u00fatbol femenino<\/p>\n"},{"nombre_del_curso":"Entender las pol\u00edticas en el negocio del f\u00fatbol femenino","descripcion_del_curso":"<p>M\u00f3dulo 1: Actores clave, relaciones y din\u00e1micas de poder en el negocio del f\u00fatbol femenino<br \/>\nM\u00f3dulo 2: Entender, generar relaciones e influir en las autoridades<br \/>\nM\u00f3dulo 3: Recolectar informaci\u00f3n y crear m\u00e9tricas influyentes para explicar el valor creado por el negocio del f\u00fatbol femenino<br \/>\nM\u00f3dulo 4: Manejar pol\u00edticas y normas en el negocio del f\u00fatbol femenino<\/p>\n"},{"nombre_del_curso":"Fandom del f\u00fatbol femenino","descripcion_del_curso":"<p>M\u00f3dulo 1: Entender a los aficionados del f\u00fatbol femenino - Motivaciones detr\u00e1s del fandom<br \/>\nM\u00f3dulo 2: Comunidades de aficionados al f\u00fatbol femenino - Relaciones horizontales que impulsan el fandom<br \/>\nM\u00f3dulo 3: Lealtad del aficionado - Construcci\u00f3n de relaciones verticales<br \/>\nM\u00f3dulo 4: Beneficios financieros de los aficionados - C\u00f3mo el crecimiento del fandom hace crecer el negocio<\/p>\n"},{"nombre_del_curso":"Competencias internacionales en crecimiento: agregando valor a trav\u00e9s de eventos internacionales de f\u00fatbol femenino","descripcion_del_curso":"<p>M\u00f3dulo 1: El potencial de transmisi\u00f3n del f\u00fatbol femenino - Televisaci\u00f3n de deportes femeninos<br \/>\nM\u00f3dulo 2: Patrocinio del f\u00fatbol femenino - Asociaci\u00f3n de marca y alcance<br \/>\nM\u00f3dulo 3: Creaci\u00f3n de \u00edconos del f\u00fatbol femenino - Construir las estrellas de f\u00fatbol del ma\u00f1ana<br \/>\nM\u00f3dulo 4: Crecimiento de las competencias internacionales - Agregar valor a trav\u00e9s de precios ex\u00f3genos <\/p>\n"}],"aprende_a":[{"item_aprende_a":"Entender el desarrollo y potencial del negocio del f\u00fatbol femenino.   \r\n"},{"item_aprende_a":"Desarrollar la habilidad de evaluar con criterio c\u00f3mo se han impulsado las pol\u00edticas en el f\u00fatbol femenino y c\u00f3mo se pueden manejar. \r\n"},{"item_aprende_a":"Desarrollar la habilidad de evaluar en detalle el rol que tiene el fandom en el negocio del f\u00fatbol femenino. \r\n"},{"item_aprende_a":"Desarrollar habilidades de pensamiento estrat\u00e9gico para identificar y analizar el potencial avance del negocio del f\u00fatbol femenino. \r\n"}],"preguntas_frecuentes":false,"contenidistas":false,"docentes_expertos":[{"foto":"https:\/\/barcanew.capabiliaserver.com\/wp-content\/uploads\/2022\/06\/2276ebe4-dra-argyro-elisavet-manoli.png","nombre_del_docente":"Dr Argyro Elisavet Manoli","descripcion_del_docente":"Experta y acad\u00e9mica reconocida a nivel mundial en el \u00e1mbito del marketing deportivo y comercial.  Con a\u00f1os de experiencia en clubes de f\u00fatbol profesionales, organismos directivos de deporte, y en eventos deportivos internacionales. Ha llevado a cabo investigaciones profundas en el \u00e1rea, publicado varios libros, informes de pol\u00edticas y estudios en revistas de gran importancia, ha ense\u00f1ado sus informes en Universidades y dado conferencias en todo el mundo.","enlace":""}],"imagen_destacada":"https:\/\/static.capabiliaserver.com\/frontend\/clients\/barca\/wp_prod\/wp-content\/uploads\/2022\/10\/9fcb849b-cms-2.jpg","slider_testimonios":false,"url_cursado_webinar":"","activar_hero_video":false,"video_texto":"","video_header":false,"hubspot_product_id":"1620453220","pdf_brochure_link_drive":"https:\/\/drive.google.com\/uc?id=1BEuuo-GB0EAMtdVpJ3Pvmwi-r-q0MS4t&export=download","header_image":133518,"programas_relacionados":[{"ID":132821,"post_author":"16","post_date":"2022-10-12 10:07:39","post_date_gmt":"2022-10-12 13:07:39","post_content":"contenido","post_title":"NUEVO - Certificate in Sports Performance Assessment","post_excerpt":"excerpt","post_status":"draft","comment_status":"open","ping_status":"closed","post_password":"","post_name":"__trashed-56","to_ping":"","pinged":"","post_modified":"2023-08-16 11:26:49","post_modified_gmt":"2023-08-16 14:26:49","post_content_filtered":"","post_parent":0,"guid":"https:\/\/barcanew.capabiliaserver.com\/?post_type=product&#038;p=132821","menu_order":8,"post_type":"product","post_mime_type":"","comment_count":"0","filter":"raw"},{"ID":127975,"post_author":"16","post_date":"2022-08-04 15:25:06","post_date_gmt":"2022-08-04 18:25:06","post_content":"contenido","post_title":"Deporte & Sostenibilidad","post_excerpt":"excerpt","post_status":"publish","comment_status":"open","ping_status":"closed","post_password":"","post_name":"deporte-sustentabilidad","to_ping":"","pinged":"","post_modified":"2022-11-25 15:43:53","post_modified_gmt":"2022-11-25 18:43:53","post_content_filtered":"","post_parent":0,"guid":"https:\/\/barcanew.capabiliaserver.com\/?post_type=product&#038;p=127975","menu_order":141,"post_type":"product","post_mime_type":"","comment_count":"0","filter":"raw"},{"ID":127109,"post_author":"22","post_date":"2022-06-22 12:27:32","post_date_gmt":"2022-06-22 15:27:32","post_content":"","post_title":"Introducci\u00f3n a los Esports: \u00bfpor qu\u00e9 enamorarse de ellos?","post_excerpt":"","post_status":"publish","comment_status":"open","ping_status":"closed","post_password":"","post_name":"introduccion-a-los-esports-por-que-enamorarse-de-ellos","to_ping":"","pinged":"","post_modified":"2022-10-25 15:20:04","post_modified_gmt":"2022-10-25 18:20:04","post_content_filtered":"","post_parent":0,"guid":"https:\/\/barcanew.capabiliaserver.com\/?post_type=product&#038;p=127109","menu_order":159,"post_type":"product","post_mime_type":"","comment_count":"0","filter":"raw"},{"ID":127921,"post_author":"1","post_date":"2022-06-24 12:16:52","post_date_gmt":"2022-06-24 15:16:52","post_content":"","post_title":"Certificado en Estrategias de Monetizaci\u00f3n para el Deporte","post_excerpt":"","post_status":"publish","comment_status":"open","ping_status":"closed","post_password":"","post_name":"certificado-en-estrategias-de-monetizacion-para-el-deporte","to_ping":"","pinged":"","post_modified":"2022-10-24 12:30:03","post_modified_gmt":"2022-10-24 15:30:03","post_content_filtered":"","post_parent":0,"guid":"https:\/\/barcanew.capabiliaserver.com\/?post_type=product&#038;p=127921","menu_order":163,"post_type":"product","post_mime_type":"","comment_count":"0","filter":"raw"},{"ID":115568,"post_author":"1","post_date":"2022-01-04 02:41:59","post_date_gmt":"2022-01-04 05:41:59","post_content":"","post_title":"Diplomado en Lesiones en Deporte de Equipo","post_excerpt":"","post_status":"publish","comment_status":"closed","ping_status":"closed","post_password":"","post_name":"diplomado-lesiones-deportes-de-equipo","to_ping":"","pinged":"","post_modified":"2023-01-12 10:17:37","post_modified_gmt":"2023-01-12 13:17:37","post_content_filtered":"","post_parent":0,"guid":"https:\/\/barcanew.capabiliaserver.com\/?post_type=product&#038;p=115568","menu_order":199,"post_type":"product","post_mime_type":"","comment_count":"0","filter":"raw"},{"ID":120016,"post_author":"16","post_date":"2022-04-01 17:06:55","post_date_gmt":"2022-04-01 20:06:55","post_content":"contenido","post_title":"Negocios y Administraci\u00f3n de la Industria del F\u00fatbol","post_excerpt":"excerpt","post_status":"publish","comment_status":"open","ping_status":"closed","post_password":"","post_name":"negocios-y-administracion-de-la-industria-del-futbol","to_ping":"","pinged":"","post_modified":"2022-10-14 13:51:42","post_modified_gmt":"2022-10-14 16:51:42","post_content_filtered":"","post_parent":0,"guid":"https:\/\/barcanew.capabiliaserver.com\/?post_type=product&#038;p=120016","menu_order":184,"post_type":"product","post_mime_type":"","comment_count":"0","filter":"raw"},{"ID":114883,"post_author":"16","post_date":"2022-01-25 10:44:31","post_date_gmt":"2022-01-25 13:44:31","post_content":"contenido","post_title":"Certificado en Gesti\u00f3n de Redes Sociales en el Deporte","post_excerpt":"excerpt","post_status":"publish","comment_status":"open","ping_status":"closed","post_password":"","post_name":"certificado-en-gestion-de-redes-sociales-en-el-deporte","to_ping":"","pinged":"","post_modified":"2022-10-17 13:10:58","post_modified_gmt":"2022-10-17 16:10:58","post_content_filtered":"","post_parent":0,"guid":"https:\/\/barcanew.capabiliaserver.com\/?post_type=product&#038;p=114883","menu_order":223,"post_type":"product","post_mime_type":"","comment_count":"0","filter":"raw"}]},"idiomas":{"en":132810,"es":132815,"ar":132811,"ca":132812,"ru":132814,"pt":132813},"_links":{"self":[{"href":"https:\/\/barcanew.capabiliaserver.com\/es\/wp-json\/wp\/v2\/products\/132815"}],"collection":[{"href":"https:\/\/barcanew.capabiliaserver.com\/es\/wp-json\/wp\/v2\/products"}],"about":[{"href":"https:\/\/barcanew.capabiliaserver.com\/es\/wp-json\/wp\/v2\/types\/product"}],"author":[{"embeddable":true,"href":"https:\/\/barcanew.capabiliaserver.com\/es\/wp-json\/wp\/v2\/users\/16"}],"replies":[{"embeddable":true,"href":"https:\/\/barcanew.capabiliaserver.com\/es\/wp-json\/wp\/v2\/comments?post=132815"}],"version-history":[{"count":6,"href":"https:\/\/barcanew.capabiliaserver.com\/es\/wp-json\/wp\/v2\/products\/132815\/revisions"}],"predecessor-version":[{"id":137210,"href":"https:\/\/barcanew.capabiliaserver.com\/es\/wp-json\/wp\/v2\/products\/132815\/revisions\/137210"}],"wp:attachment":[{"href":"https:\/\/barcanew.capabiliaserver.com\/es\/wp-json\/wp\/v2\/media?parent=132815"}],"wp:term":[{"taxonomy":"category","embeddable":true,"href":"https:\/\/barcanew.capabiliaserver.com\/es\/wp-json\/wp\/v2\/categories?post=132815"}],"curies":[{"name":"wp","href":"https:\/\/api.w.org\/{rel}","templated":true}]}}