{"id":129794,"date":"2022-09-12T11:12:15","date_gmt":"2022-09-12T14:12:15","guid":{"rendered":"https:\/\/barcanew.capabiliaserver.com\/?post_type=product&#038;p=129794"},"modified":"2022-10-17T10:44:18","modified_gmt":"2022-10-17T13:44:18","slug":"gestion-de-patrimonios-e-inversiones-en-el-deporte","status":"publish","type":"product","link":"https:\/\/barcanew.capabiliaserver.com\/es\/product\/gestion-de-patrimonios-e-inversiones-en-el-deporte\/","title":{"rendered":"Gesti\u00f3n de Patrimonios e Inversiones en el Deporte"},"content":{"rendered":"<p>contenido<\/p>\n","protected":false},"excerpt":{"rendered":"<p>excerpt<\/p>\n","protected":false},"author":16,"featured_media":0,"comment_status":"open","ping_status":"closed","template":"","meta":{"_acf_changed":false,"footnotes":""},"categories":[123],"acf":{"titulo_curso":"Gesti\u00f3n de Patrimonios e Inversiones en el Deporte","activar_banner_1":false,"banner_1":false,"activar_banner_2":false,"banner_2":false,"activar_banner_3":false,"banner_3":false,"activar_nuevos_banners":false,"mostrar_banner_1":false,"crear_banner_1":{"utilizar_imagen_unica_para_banner":false,"asignar_imagen_unica_para_banner":false,"mostrar_titulo_banner":false,"titulo_para_banner":"","mostrar_subtitulo_banner":false,"subtitulo_del_banner":"","mostrar_cta_banner":false,"texto_cta_banner":"","url_cta_banner":"","fondo_de_color_banner":"","fondo_de_imagen_banner":false,"mostrar_imagen_izquierda_banner":false,"asignar_imagen_izquierda_banner":false},"mostrar_banner_2":false,"crear_banner_2":{"utilizar_imagen_unica_para_banner":false,"asignar_imagen_unica_para_banner":false,"mostrar_titulo_banner":false,"titulo_para_banner":"","mostrar_subtitulo_banner":false,"subtitulo_del_banner":"","mostrar_cta_banner":false,"texto_cta_banner":"","url_cta_banner":"","fondo_de_color_banner":"","fondo_de_imagen_banner":false,"mostrar_imagen_izquierda_banner":false,"asignar_imagen_izquierda_banner":false},"mostrar_banner_3":false,"crear_banner_3":{"utilizar_imagen_unica_para_banner":false,"asignar_imagen_unica_para_banner":false,"mostrar_titulo_banner":false,"titulo_para_banner":"","mostrar_subtitulo_banner":false,"subtitulo_del_banner":"","mostrar_cta_banner":false,"texto_cta_banner":"","url_cta_banner":"","fondo_de_color_banner":"","fondo_de_imagen_banner":false,"mostrar_imagen_izquierda_banner":false,"asignar_imagen_izquierda_banner":false},"producto_path":false,"hubspot_product_id":"1576673966","external_id":"1748","column_title":"","titulo_incentivo":"","fecha_de_inicio":"10102022","segunda_fecha_de_inicio":"","zona_horaria":"Europe\/Madrid","precio":"625","precio_en_cuotas":"4 pagos mensuales de 156,25 euros","precio_de_lista":"","mostrar_form":false,"promocion_vigente":"","duracion_del_curso":"4 Meses ","nivel_del_curso":"Introductorio","modalidad_cursado":"Online","contenido":"<p>Se reconoce a la industria del deporte internacional como una de las industrias de m\u00e1s r\u00e1pido crecimiento en el mundo que ha alcanzado una importante expansi\u00f3n financiera incluso en situaciones econ\u00f3micas complicadas. De hecho, en pa\u00edses en los cuales su desarrollo econ\u00f3mico general ha sido m\u00e1s lento debido a una agresiva din\u00e1mica de mercado, la industria del deporte ha podido alcanzar un crecimiento financiero invariable, estable y, en ocasiones, incre\u00edblemente r\u00e1pido. Como resultado, la industria del deporte global ha captado importantes capitales de inversores privados y p\u00fablicos quienes lo vieron como una oportunidad de desarrollo y de mejora patrimonial. Esto, a su vez, ha aumentado el capital existente en la industria como as\u00ed tambi\u00e9n los recursos ofrecidos a los deportistas profesionales haciendo hincapi\u00e9 en la necesidad y el potencial de una apropiada y organizada gesti\u00f3n patrimonial en el deporte. Este certificado ofrece una an\u00e1lisis amplio y exhaustivo de la gesti\u00f3n patrimonial en el deporte al concentrarse en todas las \u00e1reas de planificaci\u00f3n, conservaci\u00f3n y mejora de patrimonio en la industria. Tambi\u00e9n analizamos las oportunidades y riesgos del amplio poder blando asociado con la gesti\u00f3n patrimonial en el deporte para as\u00ed poder ofrecer una visi\u00f3n completa de esta \u00e1rea tan importante y en constante desarrollo. Al terminar la certificaci\u00f3n, el participante habr\u00e1 desarrollado un entendimiento amplio y detallado acerca de los principios de la gesti\u00f3n patrimonial, c\u00f3mo son y c\u00f3mo pueden implementarse en la industria del deporte. El participante tambi\u00e9n habr\u00e1 adquirido las habilidades de reflexi\u00f3n cr\u00edtica necesarias para identificar y evaluar posibles nuevas v\u00edas de gesti\u00f3n patrimonial centradas tanto en la conservaci\u00f3n como en la mejora del patrimonio dentro de la industria deportiva.<\/p>\n","ocultar_video":true,"url_video":"","avalado_por":false,"cursos_que_lo_componen":[{"nombre_del_curso":"Planificaci\u00f3n patrimonial en el deporte","descripcion_del_curso":"<p>M\u00f3dulo 1: Personalidad y comportamiento financiero - Diferentes estilos de dinero en el deporte<br \/>\nM\u00f3dulo 2: Planificaci\u00f3n patrimonial y de inversi\u00f3n - Estrategias de inversi\u00f3n en el deporte<br \/>\nM\u00f3dulo 3: Principios de inversi\u00f3n - Comprensi\u00f3n de riesgos y rentabilidad en el deporte<br \/>\nM\u00f3dulo 4: Elementos b\u00e1sicos de inversi\u00f3n - Componentes de la gesti\u00f3n patrimonial <\/p>\n"},{"nombre_del_curso":"Conservaci\u00f3n del patrimonio en el deporte ","descripcion_del_curso":"<p>M\u00f3dulo 1: Estilo de gesti\u00f3n de inversiones - Manejo activo o pasivo en el deporte<br \/>\nM\u00f3dulo 2: Inversi\u00f3n de impacto en el deporte - Inversi\u00f3n socialmente responsable en el deporte<br \/>\nM\u00f3dulo 3: Inversi\u00f3n en bienes personales y terrenos - Inversiones en terrenos en el deporte<br \/>\nM\u00f3dulo 4: Consideraciones relativas a la inversi\u00f3n - Decisiones con respecto a la conservaci\u00f3n del patrimonio en el deporte<\/p>\n"},{"nombre_del_curso":"Mejora del patrimonio en el deporte","descripcion_del_curso":"<p>M\u00f3dulo 1: Inversiones a medida en el deporte - Aprovechar la singularidad del deporte<br \/>\nM\u00f3dulo 2: Tributaci\u00f3n sobre el patrimonio - C\u00f3mo minimizar los costos impositivos en el deporte<br \/>\nM\u00f3dulo 3: Fideicomisos en el deporte - Agregar valor al deporte<br \/>\nM\u00f3dulo 4: Filantrop\u00eda en el deporte - Transferencia de patrimonio en y a trav\u00e9s del deporte<\/p>\n"},{"nombre_del_curso":"Gesti\u00f3n de oportunidades y riesgos del poder blando en el deporte","descripcion_del_curso":"<p>M\u00f3dulo 1: Gesti\u00f3n patrimonial en el deporte impulsada por el deporte y la pol\u00edtica<br \/>\nM\u00f3dulo 2: Identificar riesgos pol\u00edticos en la gesti\u00f3n patrimonial<br \/>\nM\u00f3dulo 3: Reducir riesgos pol\u00edticos en la gesti\u00f3n patrimonial<br \/>\nM\u00f3dulo 4: Aprovechar oportunidades pol\u00edticas en la gesti\u00f3n patrimonial<\/p>\n"}],"aprende_a":[{"item_aprende_a":"Comprensi\u00f3n del panorama de gesti\u00f3n patrimonial y el potencial del ecosistema deportivo.\r\n"},{"item_aprende_a":"Habilidad para evaluar con criterio c\u00f3mo la gesti\u00f3n patrimonial puede planearse y conservarse en el deporte.\r\n"},{"item_aprende_a":"Capacidad para identificar oportunidades creativas de mejora de patrimonio en el deporte.\r\n"},{"item_aprende_a":"Desarrollo de pensamiento estrat\u00e9gico en la gesti\u00f3n de poderes blandos y sus oportunidades y riesgos en el deporte.\r\n"}],"preguntas_frecuentes":false,"contenidistas":false,"docentes_expertos":[{"foto":"https:\/\/barcanew.capabiliaserver.com\/wp-content\/uploads\/2022\/06\/2276ebe4-dra-argyro-elisavet-manoli.png","nombre_del_docente":"Dr Argyro Elisavet Manoli","descripcion_del_docente":"Experta y acad\u00e9mica reconocida a nivel mundial en el \u00e1mbito del marketing deportivo y comercial.  Con a\u00f1os de experiencia en clubes de f\u00fatbol profesionales, organismos directivos de deporte, y en eventos deportivos internacionales. Ha llevado a cabo investigaciones profundas en el \u00e1rea, publicado varios libros, informes de pol\u00edticas y estudios en revistas de gran importancia, ha ense\u00f1ado sus informes en Universidades y dado conferencias en todo el mundo.","enlace":""}],"imagen_destacada":"https:\/\/static.capabiliaserver.com\/frontend\/clients\/barca\/wp_prod\/wp-content\/uploads\/2022\/08\/ecd1ba53-cms-wealth-management-in-sport.png","slidebox":false,"titulo_seccion_testimonios":"","slider_testimonios":false,"imagen_de_fondo_testimonios":false,"color_de_fondo_testimonios":"","url_cursado_webinar":"","activar_hero_video":false,"video_texto":"","video_header":false,"id_magento":"560","header_image":134028,"impartido_en":"Ingles","pdf_brochure":"https:\/\/static.capabiliaserver.com\/frontend\/clients\/barca\/wp_prod\/wp-content\/uploads\/2022\/09\/5999b5e5-gestion-de-patrimonios-e-inversiones-en-el-deporte.pdf","pdf_brochure_link_drive":"https:\/\/drive.google.com\/uc?id=199yV0-ddnwJkxCy4EucSCLY_5QJMRmAj&export=download"},"idiomas":{"en":129789,"es":129794,"ar":129790,"ca":129791,"ru":129793,"pt":129792},"_links":{"self":[{"href":"https:\/\/barcanew.capabiliaserver.com\/es\/wp-json\/wp\/v2\/products\/129794"}],"collection":[{"href":"https:\/\/barcanew.capabiliaserver.com\/es\/wp-json\/wp\/v2\/products"}],"about":[{"href":"https:\/\/barcanew.capabiliaserver.com\/es\/wp-json\/wp\/v2\/types\/product"}],"author":[{"embeddable":true,"href":"https:\/\/barcanew.capabiliaserver.com\/es\/wp-json\/wp\/v2\/users\/16"}],"replies":[{"embeddable":true,"href":"https:\/\/barcanew.capabiliaserver.com\/es\/wp-json\/wp\/v2\/comments?post=129794"}],"version-history":[{"count":5,"href":"https:\/\/barcanew.capabiliaserver.com\/es\/wp-json\/wp\/v2\/products\/129794\/revisions"}],"predecessor-version":[{"id":134034,"href":"https:\/\/barcanew.capabiliaserver.com\/es\/wp-json\/wp\/v2\/products\/129794\/revisions\/134034"}],"wp:attachment":[{"href":"https:\/\/barcanew.capabiliaserver.com\/es\/wp-json\/wp\/v2\/media?parent=129794"}],"wp:term":[{"taxonomy":"category","embeddable":true,"href":"https:\/\/barcanew.capabiliaserver.com\/es\/wp-json\/wp\/v2\/categories?post=129794"}],"curies":[{"name":"wp","href":"https:\/\/api.w.org\/{rel}","templated":true}]}}